{"id":1004,"date":"2019-07-17T12:37:48","date_gmt":"2019-07-17T12:37:48","guid":{"rendered":"http:\/\/robinfo.oma.be\/?page_id=1004"},"modified":"2023-12-20T00:19:29","modified_gmt":"2023-12-19T23:19:29","slug":"eclipses-2024","status":"publish","type":"page","link":"https:\/\/robinfo.oma.be\/fr\/astro-info\/eclipses\/eclipses-2024\/","title":{"rendered":"\u00c9clipses 2024"},"content":{"rendered":"\r\n<h3>Il y aura en 2024 quatre \u00e9clipses : deux de Soleil et deux de Lune<\/h3>\r\n\r\n\r\n\r\n\r\n\r\n\r\n\r\n<table class=\"wp-block-table\">\r\n<tbody>\r\n<tr>\r\n<td><strong>Date<\/strong><\/td>\r\n<td><strong>Type<\/strong><\/td>\r\n<td><strong>Visibilit\u00e9<\/strong><\/td>\r\n<\/tr>\r\n<tr>\r\n<td><a href=\"#eclipse-25-mars-2024\" data-type=\"internal\" data-id=\"#eclipse-25-mars-2024\">25 mars 2024<\/a><\/td>\r\n<td>\u00c9clipse de Lune par la p\u00e9nombre<\/td>\r\n<td>En partie visible en Belgique<\/td>\r\n<\/tr>\r\n<tr>\r\n<td><a href=\"#eclipse-8-avril-2024\" data-type=\"internal\" data-id=\"#eclipse-8-avril-2024\">8 avril 2024<\/a><\/td>\r\n<td>\u00c9clipse totale de Soleil<\/td>\r\n<td>Invisible en Belgique<\/td>\r\n<\/tr>\r\n<tr>\r\n<td><a href=\"#eclipse-18-septembre-2024\" data-type=\"internal\" data-id=\"#eclipse-18-septembre-2024\">18 septembre 2024<\/a><\/td>\r\n<td>\u00c9clipse partielle de Lune<\/td>\r\n<td>Visible en Belgique<\/td>\r\n<\/tr>\r\n<tr>\r\n<td><a href=\"#eclipse-2-octobre-2024\" data-type=\"internal\" data-id=\"#eclipse-2-octobre-2024\">2 octobre 2024<\/a><\/td>\r\n<td>\u00c9clipse annulaire de Soleil<\/td>\r\n<td>Invisible en Belgique<\/td>\r\n<\/tr>\r\n<\/tbody>\r\n<\/table>\r\n\r\n\r\n\r\n\r\n\r\n\r\n\r\n<h3 id=\"eclipse-25-mars-2024\">I &#8211; 25 mars 2024 &#8211; \u00c9clipse de Lune par la p\u00e9nombre, en partie visible en Belgique<\/h3>\r\n\r\n\r\n\r\n\r\n\r\n\r\n\r\n<table class=\"wp-block-table\">\r\n<tbody>\r\n<tr>\r\n<td><strong>Phase<\/strong><\/td>\r\n<td><strong>Temps universel<\/strong><\/td>\r\n<td><strong>Longitude<\/strong><\/td>\r\n<td><strong>Latitude<\/strong><\/td>\r\n<td><strong>Angle de position<\/strong><\/td>\r\n<td><strong>Hauteur \u00e0 Uccle<\/strong><\/td>\r\n<\/tr>\r\n<tr>\r\n<td>Entr\u00e9e de la Lune dans la p\u00e9nombre<\/td>\r\n<td>04h51,0<\/td>\r\n<td>071 45 W<\/td>\r\n<td>00 38 S<\/td>\r\n<td>161 E<\/td>\r\n<td>+07<\/td>\r\n<\/tr>\r\n<tr>\r\n<td>Coucher de la Lune \u00e0 Uccle<\/td>\r\n<td>05h38,0<\/td>\r\n<td>083 12 W<\/td>\r\n<td>00 50 S<\/td>\r\n<td>172 E<\/td>\r\n<td>0<\/td>\r\n<\/tr>\r\n<tr>\r\n<td>Maximum de l&rsquo;\u00e9clipse<\/td>\r\n<td>07h12,9<\/td>\r\n<td>106 17 W<\/td>\r\n<td>01 12 S<\/td>\r\n<td>209 E<\/td>\r\n<td>&#8211;<\/td>\r\n<\/tr>\r\n<tr>\r\n<td>Sortie de la Lune de la p\u00e9nombre<\/td>\r\n<td>09h34,7<\/td>\r\n<td>140 49 W<\/td>\r\n<td>01 46 S<\/td>\r\n<td>257 E<\/td>\r\n<td>&#8211;<\/td>\r\n<\/tr>\r\n<\/tbody>\r\n<\/table>\r\n\r\n\r\n\r\n\r\n\r\n\r\n\r\n<p>La longitude et la latitude se rapportent au point de la Terre o\u00f9 la Lune se trouve \u00e0 cet instant au z\u00e9nith. L&rsquo;angle de position est d\u00e9fini \u00e0 partir de la ligne imaginaire qui relie le centre du disque lunaire au centre de l&rsquo;ombre de la Terre. Il est mesur\u00e9 au centre du disque lunaire, \u00e0 partir du Nord, dans le sens inverse du mouvement des aiguilles d&rsquo;une montre. Au d\u00e9but et \u00e0 la fin des phases de p\u00e9nombre et d&rsquo;ombre, c&rsquo;est l&rsquo;angle de position du point de contact. La hauteur et les instants de lever et coucher de la Lune sont calcul\u00e9s pour son centre, sans tenir compte de la r\u00e9fraction.<\/p>\r\n\r\n\r\n\r\n<p>Grandeur de l&rsquo;\u00e9clipse: 0,982, le diam\u00e8tre du disque lunaire \u00e9tant pris pour unit\u00e9.<\/p>\r\n\r\n\r\n\r\n<p>La carte ci-jointe montre la r\u00e9gion o\u00f9 l&rsquo;\u00e9clipse est observable. L&rsquo;explication des codes utilis\u00e9s se trouve en bas de page.<\/p>\r\n\r\n\r\n\r\n<figure class=\"wp-block-image\"><img loading=\"lazy\" width=\"625\" height=\"454\" class=\"wp-image-1164 aligncenter\" src=\"https:\/\/robinfo.oma.be\/wp-content\/uploads\/2019\/07\/EC20240325-1.jpg\" alt=\"\" \/><\/figure>\r\n\r\n\r\n\r\n<h3 id=\"eclipse-8-avril-2024\">II &#8211; 8 avril 2024 &#8211; \u00c9clipse totale de Soleil, invisible en Belgique<\/h3>\r\n\r\n\r\n\r\n\r\n\r\n\r\n\r\n<table class=\"wp-block-table\">\r\n<tbody>\r\n<tr>\r\n<td><strong>Phase<\/strong><\/td>\r\n<td><strong>Temps universel<\/strong><\/td>\r\n<td><strong>Longitude<\/strong><\/td>\r\n<td><strong>Latitude<\/strong><\/td>\r\n<\/tr>\r\n<tr>\r\n<td>Commencement de l&rsquo;\u00e9clipse<\/td>\r\n<td>15h42,2<\/td>\r\n<td>143 23 W<\/td>\r\n<td>14 58 S<\/td>\r\n<\/tr>\r\n<tr>\r\n<td>Commencement de l&rsquo;\u00e9clipse totale<\/td>\r\n<td>16h38,8<\/td>\r\n<td>157 57 W<\/td>\r\n<td>08 01 S<\/td>\r\n<\/tr>\r\n<tr>\r\n<td>Commencement de l&rsquo;\u00e9clipse centrale<\/td>\r\n<td>16h40,0<\/td>\r\n<td>158 32 W<\/td>\r\n<td>07 50 S<\/td>\r\n<\/tr>\r\n<tr>\r\n<td>Maximum de l&rsquo;\u00e9clipse<\/td>\r\n<td>18h15,3<\/td>\r\n<td>104 42 W<\/td>\r\n<td>24 42 N<\/td>\r\n<\/tr>\r\n<tr>\r\n<td>Eclipse centrale \u00e0 midi apparent local<\/td>\r\n<td>18h36,1<\/td>\r\n<td>098 38 W<\/td>\r\n<td>30 37 N<\/td>\r\n<\/tr>\r\n<tr>\r\n<td>Fin de l&rsquo;\u00e9clipse centrale<\/td>\r\n<td>19h54,5<\/td>\r\n<td>019 48 W<\/td>\r\n<td>47 37 N<\/td>\r\n<\/tr>\r\n<tr>\r\n<td>Fin de l&rsquo;\u00e9clipse totale<\/td>\r\n<td>19h55,6<\/td>\r\n<td>020 32 W<\/td>\r\n<td>47 27 N<\/td>\r\n<\/tr>\r\n<tr>\r\n<td>Fin de l&rsquo;\u00e9clipse<\/td>\r\n<td>20h52,3<\/td>\r\n<td>035 47 W<\/td>\r\n<td>40 26 N<\/td>\r\n<\/tr>\r\n<\/tbody>\r\n<\/table>\r\n\r\n\r\n\r\n\r\n\r\n\r\n\r\n<p>La carte ci-jointe montre la r\u00e9gion o\u00f9 l&rsquo;\u00e9clipse est observable. L&rsquo;explication des codes utilis\u00e9s se trouve en bas de page.<\/p>\r\n\r\n\r\n\r\n<figure class=\"wp-block-image\"><img loading=\"lazy\" width=\"625\" height=\"454\" class=\"wp-image-1167 aligncenter\" src=\"https:\/\/robinfo.oma.be\/wp-content\/uploads\/2019\/07\/EC20240408-1.jpg\" alt=\"\" \/><\/figure>\r\n\r\n\r\n\r\n<p>La dur\u00e9e de la phase de totalit\u00e9 le long de la ligne de centralit\u00e9 atteindra un maximum de 4m 32s en un point situ\u00e9 par 103\u00b0 de longitude ouest et 26\u00b0 de latitude nord.<\/p>\r\n\r\n\r\n\r\n<h3 id=\"eclipse-18-septembre-2024\">III &#8211; 18 septembre 2024 &#8211; \u00c9clipse partielle de Lune, visible en Belgique<\/h3>\r\n\r\n\r\n\r\n\r\n\r\n\r\n\r\n<table class=\"wp-block-table\">\r\n<tbody>\r\n<tr>\r\n<td><strong>Phase<\/strong><\/td>\r\n<td><strong>Temps universel<\/strong><\/td>\r\n<td><strong>Longitude<\/strong><\/td>\r\n<td><strong>Latitude<\/strong><\/td>\r\n<td><strong>Angle de position<\/strong><\/td>\r\n<td><strong>Hauteur \u00e0 Uccle<\/strong><\/td>\r\n<\/tr>\r\n<tr>\r\n<td>Entr\u00e9e de la Lune dans la p\u00e9nombre<\/td>\r\n<td>00h39,3<\/td>\r\n<td>011 54 W<\/td>\r\n<td>03 13 S<\/td>\r\n<td>022 E<\/td>\r\n<td>+33<\/td>\r\n<\/tr>\r\n<tr>\r\n<td>Entr\u00e9e de la Lune dans l&rsquo;ombre<\/td>\r\n<td>02h11,8<\/td>\r\n<td>034 14 W<\/td>\r\n<td>02 45 S<\/td>\r\n<td>349 E<\/td>\r\n<td>+26<\/td>\r\n<\/tr>\r\n<tr>\r\n<td>Maximum de l&rsquo;\u00e9clipse<\/td>\r\n<td>02h44,3<\/td>\r\n<td>042 04 W<\/td>\r\n<td>02 35 S<\/td>\r\n<td>331 E<\/td>\r\n<td>+23<\/td>\r\n<\/tr>\r\n<tr>\r\n<td>Sortie de la Lune de l&rsquo;ombre<\/td>\r\n<td>03h16,8<\/td>\r\n<td>049 54 W<\/td>\r\n<td>02 26 S<\/td>\r\n<td>313 E<\/td>\r\n<td>+19<\/td>\r\n<\/tr>\r\n<tr>\r\n<td>Sortie de la Lune de la p\u00e9nombre<\/td>\r\n<td>04h49,2<\/td>\r\n<td>072 13 W<\/td>\r\n<td>01 57 S<\/td>\r\n<td>280 E<\/td>\r\n<td>+06<\/td>\r\n<\/tr>\r\n<\/tbody>\r\n<\/table>\r\n\r\n\r\n\r\n\r\n\r\n\r\n\r\n<p>La longitude et la latitude se rapportent au point de la Terre o\u00f9 la Lune se trouve \u00e0 cet instant au z\u00e9nith. L&rsquo;angle de position est d\u00e9fini \u00e0 partir de la ligne imaginaire qui relie le centre du disque lunaire au centre de l&rsquo;ombre de la Terre. Il est mesur\u00e9 au centre du disque lunaire, \u00e0 partir du Nord, dans le sens inverse du mouvement des aiguilles d&rsquo;une montre. Au d\u00e9but et \u00e0 la fin des phases de p\u00e9nombre et d&rsquo;ombre, c&rsquo;est l&rsquo;angle de position du point de contact. La hauteur et les instants de lever et coucher de la Lune sont calcul\u00e9s pour son centre, sans tenir compte de la r\u00e9fraction.<\/p>\r\n\r\n\r\n\r\n<p>Grandeur de l&rsquo;\u00e9clipse: 0,091, le diam\u00e8tre du disque lunaire \u00e9tant pris pour unit\u00e9.<\/p>\r\n\r\n\r\n\r\n<p>La carte ci-jointe montre la r\u00e9gion o\u00f9 l&rsquo;\u00e9clipse est observable. L&rsquo;explication des codes utilis\u00e9s se trouve en bas de page.<\/p>\r\n\r\n\r\n\r\n<figure class=\"wp-block-image\"><img loading=\"lazy\" width=\"625\" height=\"454\" class=\"wp-image-1170 aligncenter\" src=\"https:\/\/robinfo.oma.be\/wp-content\/uploads\/2019\/07\/EC20240918-1.jpg\" alt=\"\" \/><\/figure>\r\n\r\n\r\n\r\n<h3 id=\"eclipse-2-octobre-2024\">IV &#8211; 2 octobre 2024 &#8211; \u00c9clipse annulaire de Soleil, invisible en Belgique<\/h3>\r\n\r\n\r\n\r\n\r\n\r\n\r\n\r\n<table class=\"wp-block-table\">\r\n<tbody>\r\n<tr>\r\n<td><strong>Phase<\/strong><\/td>\r\n<td><strong>Temps universel<\/strong><\/td>\r\n<td><strong>Longitude<\/strong><\/td>\r\n<td><strong>Latitude<\/strong><\/td>\r\n<\/tr>\r\n<tr>\r\n<td>Commencement de l&rsquo;\u00e9clipse<\/td>\r\n<td>15h43,0<\/td>\r\n<td>147 36 W<\/td>\r\n<td>16 01 N<\/td>\r\n<\/tr>\r\n<tr>\r\n<td>Commencement de l&rsquo;\u00e9clipse annulaire<\/td>\r\n<td>16h50,6<\/td>\r\n<td>165 02 W<\/td>\r\n<td>8 54 N<\/td>\r\n<\/tr>\r\n<tr>\r\n<td>Commencement de l&rsquo;\u00e9clipse centrale<\/td>\r\n<td>16h53,6<\/td>\r\n<td>165 33 W<\/td>\r\n<td>08 23 N<\/td>\r\n<\/tr>\r\n<tr>\r\n<td>Maximum de l&rsquo;\u00e9clipse<\/td>\r\n<td>18h44,8<\/td>\r\n<td>114 33 W<\/td>\r\n<td>21 54 S<\/td>\r\n<\/tr>\r\n<tr>\r\n<td>Eclipse centrale au midi apparent local<\/td>\r\n<td>19h08,1<\/td>\r\n<td>109 45 W<\/td>\r\n<td>27 48 S<\/td>\r\n<\/tr>\r\n<tr>\r\n<td>Fin de l&rsquo;\u00e9clipse centrale<\/td>\r\n<td>20h36,2<\/td>\r\n<td>037 05 W<\/td>\r\n<td>49 29 S<\/td>\r\n<\/tr>\r\n<tr>\r\n<td>Fin de l&rsquo;\u00e9clipse annulaire<\/td>\r\n<td>20h39,2<\/td>\r\n<td>037 31 W<\/td>\r\n<td>48 57 S<\/td>\r\n<\/tr>\r\n<tr>\r\n<td>Fin de l&rsquo;\u00e9clipse<\/td>\r\n<td>21h47,0<\/td>\r\n<td>055 31 W<\/td>\r\n<td>41 46 S<\/td>\r\n<\/tr>\r\n<\/tbody>\r\n<\/table>\r\n\r\n\r\n\r\n\r\n\r\n\r\n\r\n<p>Grandeur maximale de l&rsquo;\u00e9clipse : 0,933, le diam\u00e8tre du disque solaire \u00e9tant pris pour l&rsquo;unit\u00e9.<\/p>\r\n<p>La carte ci-jointe montre la r\u00e9gion o\u00f9 l&rsquo;\u00e9clipse est observable. L&rsquo;explication des codes utilis\u00e9s se trouve en bas de page.<\/p>\r\n\r\n\r\n\r\n<figure class=\"wp-block-image\"><img loading=\"lazy\" width=\"625\" height=\"454\" class=\"wp-image-1173 aligncenter\" src=\"https:\/\/robinfo.oma.be\/wp-content\/uploads\/2019\/07\/EC20241002-1.jpg\" alt=\"\" \/><\/figure>\r\n\r\n\r\n\r\n<p>La dur\u00e9e de la phase annulaire le long de la ligne de centralit\u00e9 atteindra un maximum de 7m 20s en un point situ\u00e9 par 113\u00b0 de longitude ouest et 24\u00b0 de latitude sud.<\/p>\r\n\r\n\r\n\r\n<h3>Explications :<\/h3>\r\n\r\n\r\n\r\n<p>Les codes utilis\u00e9s sur les cartes pour indiquer la visibilit\u00e9 des \u00e9clipses de Lune sont: l&rsquo;entr\u00e9e dans la p\u00e9nombre est visible dans les r\u00e9gions 1 \u00e0 6, l&rsquo;entr\u00e9e dans l&rsquo;ombre dans les r\u00e9gions 2 \u00e0 7, le d\u00e9but de la totalit\u00e9 dans les r\u00e9gions 3 \u00e0 8. Les sorties de la totalit\u00e9, de l&rsquo;ombre et de la p\u00e9nombre sont respectivement observables dans les r\u00e9gions 4 \u00e0 9, 5 \u00e0 10, et 6 \u00e0 11. Dans la r\u00e9gion 6, on peut observer l&rsquo;\u00e9clipse enti\u00e8re, dans les r\u00e9gions 5 \u00e0 7 les phases ombrales sont observables; dans les r\u00e9gions 4 \u00e0 8 la totalit\u00e9 est enti\u00e8rement visible.<\/p>\r\n\r\n\r\n\r\n<p>Sur les cartes de visibilit\u00e9 d&rsquo;\u00e9clipses de Soleil, les codes suivants sont utilis\u00e9s:<\/p>\r\n\r\n\r\n\r\n<p>\u00ab\u00a0P\u00a0\u00bb: Eclipse partielle de Soleil, visible.<br \/>\u00ab\u00a0p\u00a0\u00bb: Eclipse partielle de Soleil, en partie visible.<br \/>\u00ab\u00a0R\u00a0\u00bb: Eclipse annulaire, dont la phase annulaire est enti\u00e8rement observable.<br \/>\u00ab\u00a0r\u00a0\u00bb: Eclipse annulaire, dont la phase annulaire est partiellement observable.<br \/>\u00ab\u00a0T\u00a0\u00bb: Eclipse totale, dont la phase de totalit\u00e9 est enti\u00e8rement observable.<br \/>\u00ab\u00a0t\u00a0\u00bb: Eclipse totale, dont la phase de totalit\u00e9 est partiellement observable.<\/p>\r\n\r\n\r\n\r\n<p>Les donn\u00e9es de base ayant servi \u00e0 la r\u00e9daction du chapitre des \u00e9clipses ont \u00e9t\u00e9 emprunt\u00e9es \u00e0 l&rsquo;int\u00e9gration num\u00e9rique DE405, aimablement mise \u00e0 notre disposition par le Jet Propulsion Laboratory. Pour passer du Temps Terrestre (TT) au Temps universel (UT), la relation provisoire suivante a \u00e9t\u00e9 utilis\u00e9e:<\/p>\r\n\r\n\r\n\r\n<p>UT = TT &#8211; 69,0 s<\/p>\r\n","protected":false},"excerpt":{"rendered":"<p>Il y aura en 2024 quatre \u00e9clipses : deux de Soleil et deux de Lune Date Type Visibilit\u00e9 25 mars 2024 \u00c9clipse de Lune par la p\u00e9nombre En partie visible en Belgique 8 avril 2024 \u00c9clipse totale de Soleil Invisible en Belgique 18 septembre 2024 \u00c9clipse partielle de Lune Visible en Belgique 2 octobre 2024 [&hellip;]<\/p>\n","protected":false},"author":2,"featured_media":0,"parent":52,"menu_order":0,"comment_status":"closed","ping_status":"closed","template":"","meta":[],"_links":{"self":[{"href":"https:\/\/robinfo.oma.be\/fr\/wp-json\/wp\/v2\/pages\/1004"}],"collection":[{"href":"https:\/\/robinfo.oma.be\/fr\/wp-json\/wp\/v2\/pages"}],"about":[{"href":"https:\/\/robinfo.oma.be\/fr\/wp-json\/wp\/v2\/types\/page"}],"author":[{"embeddable":true,"href":"https:\/\/robinfo.oma.be\/fr\/wp-json\/wp\/v2\/users\/2"}],"replies":[{"embeddable":true,"href":"https:\/\/robinfo.oma.be\/fr\/wp-json\/wp\/v2\/comments?post=1004"}],"version-history":[{"count":33,"href":"https:\/\/robinfo.oma.be\/fr\/wp-json\/wp\/v2\/pages\/1004\/revisions"}],"predecessor-version":[{"id":4387,"href":"https:\/\/robinfo.oma.be\/fr\/wp-json\/wp\/v2\/pages\/1004\/revisions\/4387"}],"up":[{"embeddable":true,"href":"https:\/\/robinfo.oma.be\/fr\/wp-json\/wp\/v2\/pages\/52"}],"wp:attachment":[{"href":"https:\/\/robinfo.oma.be\/fr\/wp-json\/wp\/v2\/media?parent=1004"}],"curies":[{"name":"wp","href":"https:\/\/api.w.org\/{rel}","templated":true}]}}