{"id":1032,"date":"2019-07-17T12:38:56","date_gmt":"2019-07-17T12:38:56","guid":{"rendered":"http:\/\/robinfo.oma.be\/?page_id=1032"},"modified":"2026-01-16T12:42:27","modified_gmt":"2026-01-16T11:42:27","slug":"eclipses-2026","status":"publish","type":"page","link":"https:\/\/robinfo.oma.be\/fr\/astro-info\/eclipses\/eclipses-2026\/","title":{"rendered":"\u00c9clipses 2026"},"content":{"rendered":"\r\n<h3 id=\"il-y-aura-en-2026-quatre-eclipses-deux-de-soleil-et-deux-de-lune\">Il y aura en 2026 quatre \u00e9clipses : deux de Soleil et deux de Lune<\/h3>\r\n\r\n\r\n\r\n<figure class=\"wp-block-table\">\r\n<table>\r\n<tbody>\r\n<tr>\r\n<td><strong>Date<\/strong><\/td>\r\n<td><strong>Type<\/strong><\/td>\r\n<td><strong>Visibilit\u00e9<\/strong><\/td>\r\n<\/tr>\r\n<tr>\r\n<td>17 f\u00e9vrier 2026<\/td>\r\n<td>\u00c9clipse annulaire de Soleil<\/td>\r\n<td>Invisible en Belgique<\/td>\r\n<\/tr>\r\n<tr>\r\n<td>3 mars 2026<\/td>\r\n<td>\u00c9clipse totale de Lune<\/td>\r\n<td>Invisible en Belgique<\/td>\r\n<\/tr>\r\n<tr>\r\n<td>12 ao\u00fbt 2026<\/td>\r\n<td>\u00c9clipse totale de Soleil<\/td>\r\n<td>Dans une partie de la Belgique visible comme \u00e9clipse partielle<br \/>Dans une partie de la Belgique en partie visible comme \u00e9clipse partielle<\/td>\r\n<\/tr>\r\n<tr>\r\n<td>28 ao\u00fbt 2026<\/td>\r\n<td>\u00c9clipse partielle de Lune<\/td>\r\n<td>En partie visible en Belgique<\/td>\r\n<\/tr>\r\n<\/tbody>\r\n<\/table>\r\n<\/figure>\r\n\r\n\r\n\r\n<h3 id=\"i-17-fevrier-2026-eclipse-annulaire-de-soleil-invisible-en-belgique\">I &#8211; 17 f\u00e9vrier 2026 &#8211; \u00c9clipse annulaire de Soleil, invisible en Belgique<\/h3>\r\n\r\n\r\n\r\n<figure class=\"wp-block-table\">\r\n<table>\r\n<tbody>\r\n<tr>\r\n<td><strong>Phase<\/strong><\/td>\r\n<td><strong>Temps universel<\/strong><\/td>\r\n<td><strong>Longitude<\/strong><\/td>\r\n<td><strong>Latitude<\/strong><\/td>\r\n<\/tr>\r\n<tr>\r\n<td>Commencement de l&rsquo;\u00e9clipse<\/td>\r\n<td>09h56,4<\/td>\r\n<td>079 53 W<\/td>\r\n<td>62 14 S<\/td>\r\n<\/tr>\r\n<tr>\r\n<td>Commencement de l&rsquo;\u00e9clipse annulaire<\/td>\r\n<td>11h43,0<\/td>\r\n<td>144 56 E<\/td>\r\n<td>73 38 S<\/td>\r\n<\/tr>\r\n<tr>\r\n<td>Commencement de l&rsquo;\u00e9clipse centrale<\/td>\r\n<td>11h48,3<\/td>\r\n<td>136 35 E<\/td>\r\n<td>71 56 S<\/td>\r\n<\/tr>\r\n<tr>\r\n<td>Maximum de l&rsquo;\u00e9clipse<\/td>\r\n<td>12h13,5<\/td>\r\n<td>086 23 E<\/td>\r\n<td>63 56 S<\/td>\r\n<\/tr>\r\n<tr>\r\n<td>Fin de l&rsquo;\u00e9clipse centrale<\/td>\r\n<td>12h36,1<\/td>\r\n<td>099 03 E<\/td>\r\n<td>50 08 S<\/td>\r\n<\/tr>\r\n<tr>\r\n<td>Fin de l&rsquo;\u00e9clipse annulaire<\/td>\r\n<td>12h41,4<\/td>\r\n<td>096 50 E<\/td>\r\n<td>47 33 S<\/td>\r\n<\/tr>\r\n<tr>\r\n<td>Fin de l&rsquo;\u00e9clipse<\/td>\r\n<td>14h27,7<\/td>\r\n<td>059 29 E<\/td>\r\n<td>12 24 S<\/td>\r\n<\/tr>\r\n<\/tbody>\r\n<\/table>\r\n<\/figure>\r\n\r\n\r\n\r\n<p>La carte ci-jointe montre la r\u00e9gion o\u00f9 l&rsquo;\u00e9clipse est observable. L&rsquo;explication des codes utilis\u00e9s se trouve en bas de page.<\/p>\r\n\r\n\r\n\r\n<figure class=\"wp-block-image\"><img loading=\"lazy\" width=\"625\" height=\"454\" class=\"wp-image-1190 aligncenter\" src=\"https:\/\/robinfo.oma.be\/wp-content\/uploads\/2019\/07\/EC20260217-1.jpg\" alt=\"\" \/><\/figure>\r\n\r\n\r\n\r\n<p>Grandeur maximale de l&rsquo;\u00e9clipse: 0,964, le diam\u00e8tre dus disque solaire \u00e9tant pris pour unit\u00e9.<\/p>\r\n\r\n\r\n\r\n<h3 id=\"ii-3-mars-2026-eclipse-totale-de-lune-invisible-en-belgique\">II &#8211; 3 mars 2026 &#8211; \u00c9clipse totale de Lune, invisible en Belgique<\/h3>\r\n\r\n\r\n\r\n<figure class=\"wp-block-table\">\r\n<table>\r\n<tbody>\r\n<tr>\r\n<td><strong>Phase<\/strong><\/td>\r\n<td><strong>Temps universel<\/strong><\/td>\r\n<td><strong>Longitude<\/strong><\/td>\r\n<td><strong>Latitude<\/strong><\/td>\r\n<td><strong>Angle de position<\/strong><\/td>\r\n<td><strong>Hauteur \u00e0 Uccle<\/strong><\/td>\r\n<\/tr>\r\n<tr>\r\n<td>Entr\u00e9e de la Lune dans la p\u00e9nombre<\/td>\r\n<td>08h42,8<\/td>\r\n<td>129 12 W<\/td>\r\n<td>07 08 N<\/td>\r\n<td>104 E<\/td>\r\n<td>&#8211;<\/td>\r\n<\/tr>\r\n<tr>\r\n<td>Entr\u00e9e de la Lune dans l&rsquo;ombre<\/td>\r\n<td>09h49,7<\/td>\r\n<td>145 25 W<\/td>\r\n<td>06 51 N<\/td>\r\n<td>096 E<\/td>\r\n<td>&#8211;<\/td>\r\n<\/tr>\r\n<tr>\r\n<td>Commencement de l&rsquo;\u00e9clipse totale<\/td>\r\n<td>11h04,0<\/td>\r\n<td>163 26 W<\/td>\r\n<td>06 32 N<\/td>\r\n<td>064 E<\/td>\r\n<td>&#8211;<\/td>\r\n<\/tr>\r\n<tr>\r\n<td>Maximum de l&rsquo;\u00e9clipse<\/td>\r\n<td>11h33,7<\/td>\r\n<td>170 37 W<\/td>\r\n<td>06 24 N<\/td>\r\n<td>028 E<\/td>\r\n<td>&#8211;<\/td>\r\n<\/tr>\r\n<tr>\r\n<td>Fin de l&rsquo;\u00e9clipse totale<\/td>\r\n<td>12h03,3<\/td>\r\n<td>177 49 W<\/td>\r\n<td>06 16 N<\/td>\r\n<td>353 E<\/td>\r\n<td>&#8211;<\/td>\r\n<\/tr>\r\n<tr>\r\n<td>Sortie de la Lune de l&rsquo;ombre<\/td>\r\n<td>13h17,6<\/td>\r\n<td>164 11 E<\/td>\r\n<td>05 57 N<\/td>\r\n<td>320 E<\/td>\r\n<td>&#8211;<\/td>\r\n<\/tr>\r\n<tr>\r\n<td>Sortie de la Lune de la p\u00e9nombre<\/td>\r\n<td>14h24,7<\/td>\r\n<td>147 55 E<\/td>\r\n<td>05 40 N<\/td>\r\n<td>312 E<\/td>\r\n<td>&#8211;<\/td>\r\n<\/tr>\r\n<\/tbody>\r\n<\/table>\r\n<\/figure>\r\n\r\n\r\n\r\n<p>La longitude et la latitude se rapportent au point de la Terre o\u00f9 la Lune se trouve \u00e0 cet instant au z\u00e9nith. L&rsquo;angle de position est d\u00e9fini \u00e0 partir de la ligne imaginaire qui relie le centre du disque lunaire au centre de l&rsquo;ombre de la Terre. Il est mesur\u00e9 au centre du disque lunaire, \u00e0 partir du Nord, dans le sens inverse du mouvement des aiguilles d&rsquo;une montre. Au d\u00e9but et \u00e0 la fin des phases de p\u00e9nombre et d&rsquo;ombre, c&rsquo;est l&rsquo;angle de position du point de contact. La hauteur et les instants de lever et coucher de la Lune sont calcul\u00e9s pour son centre, sans tenir compte de la r\u00e9fraction.<\/p>\r\n\r\n\r\n\r\n<p>Grandeur de l&rsquo;\u00e9clipse: 1,155, le diam\u00e8tre du disque lunaire \u00e9tant pris pour unit\u00e9.<\/p>\r\n\r\n\r\n\r\n<p>La carte ci-jointe montre la r\u00e9gion o\u00f9 l&rsquo;\u00e9clipse est observable. L&rsquo;explication des codes utilis\u00e9s se trouve en bas de page.<\/p>\r\n\r\n\r\n\r\n<figure class=\"wp-block-image\"><img loading=\"lazy\" width=\"625\" height=\"454\" class=\"wp-image-1193 aligncenter\" src=\"https:\/\/robinfo.oma.be\/wp-content\/uploads\/2019\/07\/EC20260303-1.jpg\" alt=\"\" \/><\/figure>\r\n\r\n\r\n\r\n<h3 id=\"iii-12-aout-2026-eclipse-totale-de-soleil-visible-comme-eclipse-partielle-dans-une-partie-de-la-belgique-en-partie-visible-comme-eclipse-partielle-dans-une-autre-partie-de-la-belgique\">III &#8211; 12 ao\u00fbt 2026 &#8211; \u00c9clipse totale de Soleil, visible comme \u00e9clipse partielle dans une partie de la Belgique, en partie visible comme \u00e9clipse partielle dans une autre partie de la Belgique<\/h3>\r\n\r\n\r\n\r\n<figure class=\"wp-block-table\">\r\n<table>\r\n<tbody>\r\n<tr>\r\n<td><strong>Phase<\/strong><\/td>\r\n<td><strong>Temps universel<\/strong><\/td>\r\n<td><strong>Longitude<\/strong><\/td>\r\n<td><strong>Latitude<\/strong><\/td>\r\n<\/tr>\r\n<tr>\r\n<td>Commencement de l&rsquo;\u00e9clipse<\/td>\r\n<td>15h34,2<\/td>\r\n<td>166 25 W<\/td>\r\n<td>56 31 N<\/td>\r\n<\/tr>\r\n<tr>\r\n<td>Commencement de l&rsquo;\u00e9clipse totale<\/td>\r\n<td>16h58,1<\/td>\r\n<td>117 54 E<\/td>\r\n<td>75 11 N<\/td>\r\n<\/tr>\r\n<tr>\r\n<td>Commencement de l&rsquo;\u00e9clipse centrale<\/td>\r\n<td>17h00,1<\/td>\r\n<td>113 29 E<\/td>\r\n<td>75 05 N<\/td>\r\n<\/tr>\r\n<tr>\r\n<td>Eclipse centrale \u00e0 minuit apparent local<\/td>\r\n<td>17h03,9<\/td>\r\n<td>105 17 E<\/td>\r\n<td>85 06 N<\/td>\r\n<\/tr>\r\n<tr>\r\n<td>Maximum de l&rsquo;\u00e9clipse<\/td>\r\n<td>17h44,4<\/td>\r\n<td>025 35 W<\/td>\r\n<td>65 59 N<\/td>\r\n<\/tr>\r\n<tr>\r\n<td>Fin de l&rsquo;\u00e9clipse centrale<\/td>\r\n<td>18h32,2<\/td>\r\n<td>005 24 E<\/td>\r\n<td>38 40 N<\/td>\r\n<\/tr>\r\n<tr>\r\n<td>Fin de l&rsquo;\u00e9clipse totale<\/td>\r\n<td>18h34,2<\/td>\r\n<td>004 11 E<\/td>\r\n<td>37 51 N<\/td>\r\n<\/tr>\r\n<tr>\r\n<td>Fin de l&rsquo;\u00e9clipse<\/td>\r\n<td>19h58,0<\/td>\r\n<td>024 56 W<\/td>\r\n<td>11 21 N<\/td>\r\n<\/tr>\r\n<\/tbody>\r\n<\/table>\r\n<\/figure>\r\n\r\n\r\n\r\n<p>La carte ci-jointe montre la r\u00e9gion o\u00f9 l&rsquo;\u00e9clipse est observable. L&rsquo;explication des codes utilis\u00e9s se trouve en bas de page.<\/p>\r\n\r\n\r\n\r\n<figure class=\"wp-block-image\"><img loading=\"lazy\" width=\"625\" height=\"454\" class=\"wp-image-1196 aligncenter\" src=\"https:\/\/robinfo.oma.be\/wp-content\/uploads\/2019\/07\/EC20260812-1.jpg\" alt=\"\" \/><\/figure>\r\n\r\n\r\n\r\n<p>La dur\u00e9e de la phase de totalit\u00e9 le long de la ligne de centralit\u00e9 atteindra un maximum de 2m 21s en un point situ\u00e9 par 26\u00b0 de longitude ouest et 66\u00b0 de latitude nord.<\/p>\r\n\r\n\r\n\r\n<p>Phases \u00e0 Uccle &#8211; Bruxelles (Observatoire)<\/p>\r\n\r\n\r\n\r\n<figure class=\"wp-block-table\">\r\n<table>\r\n<tbody>\r\n<tr>\r\n<td><strong>Phase<\/strong><\/td>\r\n<td><strong>Temps universel<\/strong><\/td>\r\n<td><strong>Angle de position par rapport au p\u00f4le<\/strong><\/td>\r\n<td><strong>Angle de position par rapport au z\u00e9nith<\/strong><\/td>\r\n<td><strong>Hauteur \u00e0 Uccle<\/strong><\/td>\r\n<\/tr>\r\n<tr>\r\n<td>Premier contact<\/td>\r\n<td>17h18min53s<\/td>\r\n<td>292<\/td>\r\n<td>251<\/td>\r\n<td>+16<\/td>\r\n<\/tr>\r\n<tr>\r\n<td>Maximum de l&rsquo;\u00e9clipse<\/td>\r\n<td>18h13min41s<\/td>\r\n<td>207<\/td>\r\n<td>168<\/td>\r\n<td>+7<\/td>\r\n<\/tr>\r\n<tr>\r\n<td>Coucher du Soleil<\/td>\r\n<td>19h03min13s<\/td>\r\n<td>122<\/td>\r\n<td>086<\/td>\r\n<td>0<\/td>\r\n<\/tr>\r\n<\/tbody>\r\n<\/table>\r\n<\/figure>\r\n\r\n\r\n\r\n<p>Grandeur de l&rsquo;\u00e9clipse: 0,911, le diam\u00e8tre du disque solaire \u00e9tant pris pour unit\u00e9.<\/p>\r\n\r\n\r\n\r\n<p>L&rsquo;angle de position par rapport au p\u00f4le, resp. au z\u00e9nith, est l&rsquo;angle form\u00e9 par la direction du centre du disque lunaire avec la direction du p\u00f4le, resp. du z\u00e9nith. Ces deux angles sont mesur\u00e9s au centre du disque solaire dans le sens inverse du mouvement des aiguilles d&rsquo;une montre. Au commencement et \u00e0 la fin de l&rsquo;\u00e9clipse, ils correspondent aux angles de position des points de contact.<\/p>\r\n\r\n\r\n\r\n<p>La hauteur du Soleil est celle d&rsquo;un point de r\u00e9f\u00e9rence, qui se situe pendant l&rsquo;\u00e9clipse dans la partie \u00e9clips\u00e9e du Soleil, et qui co\u00efncide aux instants de contact avec le point de contact du Soleil et de la Lune. On ne tient pas compte de la r\u00e9fraction.<\/p>\r\n\r\n\r\n\r\n<p>La table ci-apr\u00e8s donne les phases pour quelques sites belges repr\u00e9sentatifs.<\/p>\r\n\r\n\r\n\r\n<p>\u00c0 Bruxelles et en Wallonie<\/p>\r\n\r\n\r\n\r\n\r\n\r\n<p>En Flandre:<\/p>\r\n\r\n\r\n\r\n<figure class=\"wp-block-table\">\r\n<table class=\"has-fixed-layout\">\r\n<tbody>\r\n<tr>\r\n<td><strong>Lieu<\/strong><\/td>\r\n<td><strong>D\u00e9but Temps universel<\/strong><\/td>\r\n<td><strong>Maximum<\/strong> <strong>Temps universel<\/strong><\/td>\r\n<td><strong>Fin Temps universel<\/strong><\/td>\r\n<td><strong>Grandeur<\/strong><\/td>\r\n<td><strong>Circonstance Locale<\/strong><\/td>\r\n<\/tr>\r\n<tr>\r\n<td>Veurne<\/td>\r\n<td>17h18min20s<\/td>\r\n<td>18h13min35s<\/td>\r\n<td>19h05min56s<\/td>\r\n<td>0,916<\/td>\r\n<td>1<\/td>\r\n<\/tr>\r\n<tr>\r\n<td>Ostende<\/td>\r\n<td>17h18min05s<\/td>\r\n<td>18h13min17s<\/td>\r\n<td>19h05min37s<\/td>\r\n<td>0,914<\/td>\r\n<td>1<\/td>\r\n<\/tr>\r\n<tr>\r\n<td>Bruges<\/td>\r\n<td>17h18min07s<\/td>\r\n<td>18h13min14s<\/td>\r\n<td>19h05min30s<\/td>\r\n<td>0,913<\/td>\r\n<td>1<\/td>\r\n<\/tr>\r\n<tr>\r\n<td>Poperinge<\/td>\r\n<td>17h18min43s<\/td>\r\n<td>18h13min56s<\/td>\r\n<td>19h06min15s<\/td>\r\n<td>0,917<\/td>\r\n<td>1<\/td>\r\n<\/tr>\r\n<tr>\r\n<td>Courtrai<\/td>\r\n<td>17h18min48s<\/td>\r\n<td>18h13min52s<\/td>\r\n<td>19h06min04s<\/td>\r\n<td>0,915<\/td>\r\n<td>1<\/td>\r\n<\/tr>\r\n<tr>\r\n<td>Gand<\/td>\r\n<td>17h18min25s<\/td>\r\n<td>18h13min24s<\/td>\r\n<td>19h05min32s<\/td>\r\n<td>0,912<\/td>\r\n<td>1<\/td>\r\n<\/tr>\r\n<tr>\r\n<td>Audenarde<\/td>\r\n<td>17h18min47s<\/td>\r\n<td>18h13min46s<\/td>\r\n<td>19h05min54s<\/td>\r\n<td>0,914<\/td>\r\n<td>1<\/td>\r\n<\/tr>\r\n<tr>\r\n<td>Grammont<\/td>\r\n<td>17h18min55s<\/td>\r\n<td>18h13min49s<\/td>\r\n<td>19h05min01s (*)<\/td>\r\n<td>0,913<\/td>\r\n<td>2<\/td>\r\n<\/tr>\r\n<tr>\r\n<td>Alost<\/td>\r\n<td>17h18min38s<\/td>\r\n<td>18h13min31s<\/td>\r\n<td>19h04min53s (*)<\/td>\r\n<td>0,911<\/td>\r\n<td>2<\/td>\r\n<\/tr>\r\n<tr>\r\n<td>Saint-Nicolas<\/td>\r\n<td>17h18min14s<\/td>\r\n<td>18h13min07s<\/td>\r\n<td>19h05min08s (*)<\/td>\r\n<td>0,910<\/td>\r\n<td>2<\/td>\r\n<\/tr>\r\n<tr>\r\n<td>Malines<\/td>\r\n<td>17h18min29s<\/td>\r\n<td>18h13min16s<\/td>\r\n<td>19h03min22s (*)<\/td>\r\n<td>0,909<\/td>\r\n<td>2<\/td>\r\n<\/tr>\r\n<tr>\r\n<td>Anvers<\/td>\r\n<td>17h18min08s<\/td>\r\n<td>18h12min58s<\/td>\r\n<td>19h04min13s (*)<\/td>\r\n<td>0,908<\/td>\r\n<td>2<\/td>\r\n<\/tr>\r\n<tr>\r\n<td>Essen<\/td>\r\n<td>17h17min42s<\/td>\r\n<td>18h12min33s<\/td>\r\n<td>19h04min36s<\/td>\r\n<td>0,907<\/td>\r\n<td>1<\/td>\r\n<\/tr>\r\n<tr>\r\n<td>Turnhout<\/td>\r\n<td>17h17min58s<\/td>\r\n<td>18h12min41s<\/td>\r\n<td>19h02min19s (*)<\/td>\r\n<td>0,906<\/td>\r\n<td>2<\/td>\r\n<\/tr>\r\n<tr>\r\n<td>Geel<\/td>\r\n<td>17h18min15s<\/td>\r\n<td>18h12min56s<\/td>\r\n<td>19h01min41s (*)<\/td>\r\n<td>0,907<\/td>\r\n<td>2<\/td>\r\n<\/tr>\r\n<tr>\r\n<td>Neerpelt<\/td>\r\n<td>17h18min08s<\/td>\r\n<td>18h12min43s<\/td>\r\n<td>19h00min06s (*)<\/td>\r\n<td>0,905<\/td>\r\n<td>2<\/td>\r\n<\/tr>\r\n<tr>\r\n<td>Hasselt<\/td>\r\n<td>17h18min40s<\/td>\r\n<td>18h13min14s<\/td>\r\n<td>18h59min38s (*)<\/td>\r\n<td>0,907<\/td>\r\n<td>2<\/td>\r\n<\/tr>\r\n<tr>\r\n<td>Tongres<\/td>\r\n<td>17h18min55s<\/td>\r\n<td>18h13min27s<\/td>\r\n<td>18h58min43s (*)<\/td>\r\n<td>0,907<\/td>\r\n<td>2<\/td>\r\n<\/tr>\r\n<tr>\r\n<td>Maaseik<\/td>\r\n<td>17h18min22s<\/td>\r\n<td>18h12min51s<\/td>\r\n<td>18h58min16s (*)<\/td>\r\n<td>0,904<\/td>\r\n<td>2<\/td>\r\n<\/tr>\r\n<tr>\r\n<td>Louvain<\/td>\r\n<td>17h18min45s<\/td>\r\n<td>18h13min28s<\/td>\r\n<td>19h02min03s (*)<\/td>\r\n<td>0,909<\/td>\r\n<td>2<\/td>\r\n<\/tr>\r\n<tr>\r\n<td>Diest<\/td>\r\n<td>17h18min34s<\/td>\r\n<td>18h13min13s<\/td>\r\n<td>19h00min57s (*)<\/td>\r\n<td>0,907<\/td>\r\n<td>2<\/td>\r\n<\/tr>\r\n<\/tbody>\r\n<\/table>\r\n<\/figure>\r\n\r\n\r\n\r\n<p>Les circonstances locales sont indiqu\u00e9es par les codes suivants:<\/p>\r\n\r\n\r\n\r\n<p>1 L&rsquo;\u00e9clipse est visible comme \u00e9clipse partielle.<br \/>2 L&rsquo;\u00e9clipse est en partie visible comme \u00e9clipse partielle.<\/p>\r\n\r\n\r\n\r\n<p>Les donn\u00e9es marqu\u00e9es de \u00ab\u00a0(*)\u00a0\u00bb concernent le coucher du Soleil.<\/p>\r\n\r\n\r\n\r\n<h3 id=\"iv-28-aout-2026-eclipse-partielle-de-lune-en-partie-visible-en-belgique\">IV &#8211; 28 ao\u00fbt 2026 &#8211; \u00c9clipse partielle de Lune, en partie visible en Belgique<\/h3>\r\n\r\n\r\n\r\n<figure class=\"wp-block-table\">\r\n<table>\r\n<tbody>\r\n<tr>\r\n<td><strong>Phase<\/strong><\/td>\r\n<td><strong>Temps universel<\/strong><\/td>\r\n<td><strong>Longitude<\/strong><\/td>\r\n<td><strong>Latitude<\/strong><\/td>\r\n<td><strong>Angle de position<\/strong><\/td>\r\n<td><strong>Hauteur \u00e0 Uccle<\/strong><\/td>\r\n<\/tr>\r\n<tr>\r\n<td>Entr\u00e9e de la Lune dans la p\u00e9nombre<\/td>\r\n<td>01h22,2<\/td>\r\n<td>021 42 W<\/td>\r\n<td>09 59 S<\/td>\r\n<td>081 E<\/td>\r\n<td>+24<\/td>\r\n<\/tr>\r\n<tr>\r\n<td>Entr\u00e9e de la Lune dans l&rsquo;ombre<\/td>\r\n<td>02h33,5<\/td>\r\n<td>038 59 W<\/td>\r\n<td>09 42 S<\/td>\r\n<td>092 E<\/td>\r\n<td>+18<\/td>\r\n<\/tr>\r\n<tr>\r\n<td>Maximum de l&rsquo;\u00e9clipse<\/td>\r\n<td>04h12,9<\/td>\r\n<td>063 06 W<\/td>\r\n<td>09 18 S<\/td>\r\n<td>153 E<\/td>\r\n<td>+06<\/td>\r\n<\/tr>\r\n<tr>\r\n<td>Coucher de la Lune \u00e0 Uccle<\/td>\r\n<td>04h52,6<\/td>\r\n<td>072 44 W<\/td>\r\n<td>09 09 S<\/td>\r\n<td>188 E<\/td>\r\n<td>0<\/td>\r\n<\/tr>\r\n<tr>\r\n<td>Sortie de la Lune de l&rsquo;ombre<\/td>\r\n<td>05h52,3<\/td>\r\n<td>087 14 W<\/td>\r\n<td>08 54 S<\/td>\r\n<td>213 E<\/td>\r\n<td>&#8211;<\/td>\r\n<\/tr>\r\n<tr>\r\n<td>Sortie de la Lune de la p\u00e9nombre<\/td>\r\n<td>07h03,4<\/td>\r\n<td>104 29 W<\/td>\r\n<td>08 37 S<\/td>\r\n<td>225 E<\/td>\r\n<td>&#8211;<\/td>\r\n<\/tr>\r\n<\/tbody>\r\n<\/table>\r\n<\/figure>\r\n\r\n\r\n\r\n<p>La longitude et la latitude se rapportent au point de la Terre o\u00f9 la Lune se trouve \u00e0 cet instant au z\u00e9nith. L&rsquo;angle de position est d\u00e9fini \u00e0 partir de la ligne imaginaire qui relie le centre du disque lunaire au centre de l&rsquo;ombre de la Terre. Il est mesur\u00e9 au centre du disque lunaire, \u00e0 partir du Nord, dans le sens inverse du mouvement des aiguilles d&rsquo;une montre. Au d\u00e9but et \u00e0 la fin des phases de p\u00e9nombre et d&rsquo;ombre, c&rsquo;est l&rsquo;angle de position du point de contact. La hauteur et les instants de lever et coucher de la Lune sont calcul\u00e9s pour son centre, sans tenir compte de la r\u00e9fraction.<\/p>\r\n\r\n\r\n\r\n<p>Grandeur de l&rsquo;\u00e9clipse: 0,935, le diam\u00e8tre du disque lunaire \u00e9tant pris pour unit\u00e9.<\/p>\r\n\r\n\r\n\r\n<p>La carte ci-jointe montre la r\u00e9gion o\u00f9 l&rsquo;\u00e9clipse est observable. L&rsquo;explication des codes utilis\u00e9s se trouve en bas de page.<\/p>\r\n\r\n\r\n\r\n<figure class=\"wp-block-image\"><img loading=\"lazy\" width=\"625\" height=\"454\" class=\"wp-image-1199 aligncenter\" src=\"https:\/\/robinfo.oma.be\/wp-content\/uploads\/2019\/07\/EC20260828-1.jpg\" alt=\"\" \/><\/figure>\r\n\r\n\r\n\r\n<h3 id=\"explications\">Explications :<\/h3>\r\n\r\n\r\n\r\n<p>Les codes utilis\u00e9s sur les cartes pour indiquer la visibilit\u00e9 des \u00e9clipses de Lune sont: l&rsquo;entr\u00e9e dans la p\u00e9nombre est visible dans les r\u00e9gions 1 \u00e0 6, l&rsquo;entr\u00e9e dans l&rsquo;ombre dans les r\u00e9gions 2 \u00e0 7, le d\u00e9but de la totalit\u00e9 dans les r\u00e9gions 3 \u00e0 8. Les sorties de la totalit\u00e9, de l&rsquo;ombre et de la p\u00e9nombre sont respectivement observables dans les r\u00e9gions 4 \u00e0 9, 5 \u00e0 10, et 6 \u00e0 11. Dans la r\u00e9gion 6, on peut observer l&rsquo;\u00e9clipse enti\u00e8re, dans les r\u00e9gions 5 \u00e0 7 les phases ombrales sont observables; dans les r\u00e9gions 4 \u00e0 8 la totalit\u00e9 est enti\u00e8rement visible.<\/p>\r\n\r\n\r\n\r\n<p>Sur les cartes de visibilit\u00e9 d&rsquo;\u00e9clipses de Soleil, les codes suivants sont utilis\u00e9s:<\/p>\r\n\r\n\r\n\r\n<p>\u00ab\u00a0P\u00a0\u00bb: Eclipse partielle de Soleil, visible.<br \/>\u00ab\u00a0p\u00a0\u00bb: Eclipse partielle de Soleil, en partie visible.<br \/>\u00ab\u00a0R\u00a0\u00bb: Eclipse annulaire, dont la phase annulaire est enti\u00e8rement observable.<br \/>\u00ab\u00a0r\u00a0\u00bb: Eclipse annulaire, dont la phase annulaire est partiellement observable.<br \/>\u00ab\u00a0T\u00a0\u00bb: Eclipse totale, dont la phase de totalit\u00e9 est enti\u00e8rement observable.<br \/>\u00ab\u00a0t\u00a0\u00bb: Eclipse totale, dont la phase de totalit\u00e9 est partiellement observable.<\/p>\r\n\r\n\r\n\r\n<p>Les donn\u00e9es de base ayant servi \u00e0 la r\u00e9daction du chapitre des \u00e9clipses ont \u00e9t\u00e9 emprunt\u00e9es \u00e0 l&rsquo;int\u00e9gration num\u00e9rique DE440, aimablement mise \u00e0 notre disposition par le Jet Propulsion Laboratory. Pour passer du Temps Terrestre (TT) au Temps universel (UT), la relation provisoire suivante a \u00e9t\u00e9 utilis\u00e9e:<\/p>\r\n\r\n\r\n\r\n<p>UT = TT &#8211; 69,0 s<\/p>\r\n","protected":false},"excerpt":{"rendered":"<p>Il y aura en 2026 quatre \u00e9clipses : deux de Soleil et deux de Lune Date Type Visibilit\u00e9 17 f\u00e9vrier 2026 \u00c9clipse annulaire de Soleil Invisible en Belgique 3 mars 2026 \u00c9clipse totale de Lune Invisible en Belgique 12 ao\u00fbt 2026 \u00c9clipse totale de Soleil Dans une partie de la Belgique visible comme \u00e9clipse partielleDans [&hellip;]<\/p>\n","protected":false},"author":2,"featured_media":0,"parent":52,"menu_order":0,"comment_status":"closed","ping_status":"closed","template":"","meta":[],"_links":{"self":[{"href":"https:\/\/robinfo.oma.be\/fr\/wp-json\/wp\/v2\/pages\/1032"}],"collection":[{"href":"https:\/\/robinfo.oma.be\/fr\/wp-json\/wp\/v2\/pages"}],"about":[{"href":"https:\/\/robinfo.oma.be\/fr\/wp-json\/wp\/v2\/types\/page"}],"author":[{"embeddable":true,"href":"https:\/\/robinfo.oma.be\/fr\/wp-json\/wp\/v2\/users\/2"}],"replies":[{"embeddable":true,"href":"https:\/\/robinfo.oma.be\/fr\/wp-json\/wp\/v2\/comments?post=1032"}],"version-history":[{"count":52,"href":"https:\/\/robinfo.oma.be\/fr\/wp-json\/wp\/v2\/pages\/1032\/revisions"}],"predecessor-version":[{"id":4643,"href":"https:\/\/robinfo.oma.be\/fr\/wp-json\/wp\/v2\/pages\/1032\/revisions\/4643"}],"up":[{"embeddable":true,"href":"https:\/\/robinfo.oma.be\/fr\/wp-json\/wp\/v2\/pages\/52"}],"wp:attachment":[{"href":"https:\/\/robinfo.oma.be\/fr\/wp-json\/wp\/v2\/media?parent=1032"}],"curies":[{"name":"wp","href":"https:\/\/api.w.org\/{rel}","templated":true}]}}