{"id":1047,"date":"2019-07-17T12:37:45","date_gmt":"2019-07-17T12:37:45","guid":{"rendered":"http:\/\/robinfo.oma.be\/?page_id=1047"},"modified":"2023-12-07T18:39:43","modified_gmt":"2023-12-07T17:39:43","slug":"eclipses-2023","status":"publish","type":"page","link":"https:\/\/robinfo.oma.be\/fr\/astro-info\/eclipses\/eclipses-2023\/","title":{"rendered":"\u00c9clipses 2023"},"content":{"rendered":"\r\n<h3>Il y aura en 2023 quatre \u00e9clipses : deux de Soleil et deux de Lune<\/h3>\r\n\r\n\r\n\r\n\r\n\r\n<p>&nbsp;<\/p>\r\n\r\n<table class=\"wp-block-table\">\r\n<tbody>\r\n<tr>\r\n<td><strong>Date<\/strong><\/td>\r\n<td><strong>Type<\/strong><\/td>\r\n<td><strong>Visibilit\u00e9<\/strong><\/td>\r\n<\/tr>\r\n<tr>\r\n<td><a href=\"#eclipse-20-avril-2023\" data-type=\"internal\" data-id=\"#eclipse-20-avril-2023\">20 avril 2023<\/a><\/td>\r\n<td>\u00c9clipse de Soleil, successivement annulaire, totale et annulaire<\/td>\r\n<td>Invisible en Belgique<\/td>\r\n<\/tr>\r\n<tr>\r\n<td><a href=\"#eclipse-5-mai-2023\" data-type=\"internal\" data-id=\"#eclipse-5-mai-2023\">5 mai 2023<\/a><\/td>\r\n<td>\u00c9clipse de Lune par la p\u00e9nombre<\/td>\r\n<td>En partie visible en Belgique<\/td>\r\n<\/tr>\r\n<tr>\r\n<td><a href=\"#eclipse-14-octobre-2023\" data-type=\"internal\" data-id=\"#eclipse-14-octobre-2023\">14 octobre 2023<\/a><\/td>\r\n<td>\u00c9clipse annulaire de Soleil<\/td>\r\n<td>Invisible en Belgique<\/td>\r\n<\/tr>\r\n<tr>\r\n<td><a href=\"#eclipse-28-octobre-2023\" data-type=\"internal\" data-id=\"#eclipse-28-octobre-2023\">28 octobre 2023<\/a><\/td>\r\n<td>\u00c9clipse partielle de Lune<\/td>\r\n<td>Visible en Belgique<\/td>\r\n<\/tr>\r\n<\/tbody>\r\n<\/table>\r\n\r\n<p>&nbsp;<\/p>\r\n\r\n\r\n\r\n\r\n\r\n<h3 id=\"eclipse-20-avril-2023\">I &#8211; 20 avril 2023 &#8211; \u00c9clipse de Soleil, successivement annulaire, totale et annulaire, invisible en Belgique<\/h3>\r\n\r\n\r\n\r\n\r\n\r\n<p>&nbsp;<\/p>\r\n\r\n<table class=\"wp-block-table\">\r\n<tbody>\r\n<tr>\r\n<td><strong>Phase<\/strong><\/td>\r\n<td><strong>Temps universel<\/strong><\/td>\r\n<td><strong>Longitude<\/strong><\/td>\r\n<td><strong>Latitude<\/strong><\/td>\r\n<\/tr>\r\n<tr>\r\n<td>Commencement de l&rsquo;\u00e9clipse<\/td>\r\n<td>01h34,4<\/td>\r\n<td>075 38 E<\/td>\r\n<td>40 18 S<\/td>\r\n<\/tr>\r\n<tr>\r\n<td>Commencement de l&rsquo;\u00e9clipse annulaire<\/td>\r\n<td>02h37,1<\/td>\r\n<td>063 15 E<\/td>\r\n<td>48 32 S<\/td>\r\n<\/tr>\r\n<tr>\r\n<td>Commencement de l&rsquo;\u00e9clipse centrale<\/td>\r\n<td>02h37,1<\/td>\r\n<td>063 37 E<\/td>\r\n<td>48 27 S<\/td>\r\n<\/tr>\r\n<tr>\r\n<td>Commencement de l&rsquo;\u00e9clipse totale<\/td>\r\n<td>02h37,3<\/td>\r\n<td>067 57 E<\/td>\r\n<td>47 29 S<\/td>\r\n<\/tr>\r\n<tr>\r\n<td>Eclipse centrale au midi apparent local<\/td>\r\n<td>03h55,6<\/td>\r\n<td>120 52 E<\/td>\r\n<td>14 50 S<\/td>\r\n<\/tr>\r\n<tr>\r\n<td>Maximum de l&rsquo;\u00e9clipse<\/td>\r\n<td>04h12,6<\/td>\r\n<td>124 49 E<\/td>\r\n<td>10 36 S<\/td>\r\n<\/tr>\r\n<tr>\r\n<td>Fin de l&rsquo;\u00e9clipse totale<\/td>\r\n<td>05h55,5<\/td>\r\n<td>173 43 E<\/td>\r\n<td>04 14 N<\/td>\r\n<\/tr>\r\n<tr>\r\n<td>Fin de l&rsquo;\u00e9clipse centrale<\/td>\r\n<td>05h56,6<\/td>\r\n<td>178 49 W<\/td>\r\n<td>02 55 N<\/td>\r\n<\/tr>\r\n<tr>\r\n<td>Fin de l&rsquo;\u00e9clipse annulaire<\/td>\r\n<td>05h56,7<\/td>\r\n<td>178 34 W<\/td>\r\n<td>02 53 N<\/td>\r\n<\/tr>\r\n<tr>\r\n<td>Fin de l&rsquo;\u00e9clipse<\/td>\r\n<td>06h59,4<\/td>\r\n<td>167 29 E<\/td>\r\n<td>11 12 N<\/td>\r\n<\/tr>\r\n<\/tbody>\r\n<\/table>\r\n\r\n<p>&nbsp;<\/p>\r\n\r\n\r\n\r\n\r\n\r\n<p>La carte ci-jointe montre la r\u00e9gion o\u00f9 l&rsquo;\u00e9clipse est observable. L&rsquo;explication des codes utilis\u00e9s se trouve en bas de page.<\/p>\r\n\r\n\r\n\r\n<figure class=\"wp-block-image\"><img loading=\"lazy\" width=\"625\" height=\"454\" class=\"wp-image-1152 aligncenter\" src=\"https:\/\/robinfo.oma.be\/wp-content\/uploads\/2019\/07\/EC20230420-2.jpg\" alt=\"\" \/><\/figure>\r\n\r\n\r\n\r\n<p>La dur\u00e9e de la phase de totalit\u00e9 le long de la ligne de centralit\u00e9 atteindra un maximum de 1m 21s en un point situ\u00e9 par 126\u00b0 de longitude est et 10\u00b0 de latitude sud. La dur\u00e9e de la phase annulaire le long de la ligne de centralit\u00e9 sera maximale \u00e0 la fin de l&rsquo;\u00e9clipse (9s).<\/p>\r\n\r\n\r\n\r\n<h3 id=\"eclipse-5-mai-2023\">II &#8211; 5 mai 2023 &#8211; \u00c9clipse de Lune par la p\u00e9nombre, en partie visible en Belgique<\/h3>\r\n\r\n\r\n\r\n\r\n\r\n\r\n\r\n<table class=\"wp-block-table\">\r\n<tbody>\r\n<tr>\r\n<td><strong>Phase<\/strong><\/td>\r\n<td><strong>Temps universel<\/strong><\/td>\r\n<td><strong>Longitude<\/strong><\/td>\r\n<td><strong>Latitude<\/strong><\/td>\r\n<td><strong>Angle de position<\/strong><\/td>\r\n<td><strong>Hauteur \u00e0 Uccle<\/strong><\/td>\r\n<\/tr>\r\n<tr>\r\n<td>Entr\u00e9e de la Lune dans la p\u00e9nombre<\/td>\r\n<td>15h12,1<\/td>\r\n<td>129 39 E<\/td>\r\n<td>16 46 S<\/td>\r\n<td>072 E<\/td>\r\n<td>&#8211;<\/td>\r\n<\/tr>\r\n<tr>\r\n<td>Maximum de l&rsquo;\u00e9clipse<\/td>\r\n<td>17h23,0<\/td>\r\n<td>098 01 E<\/td>\r\n<td>17 15 S<\/td>\r\n<td>023 E<\/td>\r\n<td>&#8211;<\/td>\r\n<\/tr>\r\n<tr>\r\n<td>Lever de la Lune \u00e0 Uccle<\/td>\r\n<td>19h20,5<\/td>\r\n<td>069 38 E<\/td>\r\n<td>17 40 S<\/td>\r\n<td>337 E<\/td>\r\n<td>0<\/td>\r\n<\/tr>\r\n<tr>\r\n<td>Sortie de la Lune de la p\u00e9nombre<\/td>\r\n<td>19h33,8<\/td>\r\n<td>066 26 E<\/td>\r\n<td>17 42 S<\/td>\r\n<td>334 E<\/td>\r\n<td>+02<\/td>\r\n<\/tr>\r\n<\/tbody>\r\n<\/table>\r\n\r\n\r\n\r\n\r\n\r\n\r\n\r\n<p>La longitude et la latitude se rapportent au point de la Terre o\u00f9 la Lune se trouve \u00e0 cet instant au z\u00e9nith. L&rsquo;angle de position est d\u00e9fini \u00e0 partir de la ligne imaginaire qui relie le centre du disque lunaire au centre de l&rsquo;ombre de la Terre. Il est mesur\u00e9 au centre du disque lunaire, \u00e0 partir du Nord, dans le sens inverse du mouvement des aiguilles d&rsquo;une montre. Au d\u00e9but et \u00e0 la fin des phases de p\u00e9nombre et d&rsquo;ombre, c&rsquo;est l&rsquo;angle de position du point de contact. La hauteur et les instants de lever et coucher de la Lune sont calcul\u00e9s pour son centre, sans tenir compte de la r\u00e9fraction.<\/p>\r\n\r\n\r\n\r\n<p>Grandeur de l&rsquo;\u00e9clipse: 0,989, le diam\u00e8tre du disque lunaire \u00e9tant pris pour unit\u00e9.<\/p>\r\n\r\n\r\n\r\n<p>La carte ci-jointe montre la r\u00e9gion o\u00f9 l&rsquo;\u00e9clipse est observable. L&rsquo;explication des codes utilis\u00e9s se trouve en bas de page.<\/p>\r\n\r\n\r\n\r\n<figure class=\"wp-block-image\"><img loading=\"lazy\" width=\"625\" height=\"454\" class=\"wp-image-1155 aligncenter\" src=\"https:\/\/robinfo.oma.be\/wp-content\/uploads\/2019\/07\/EC20230505-2.jpg\" alt=\"\" \/><\/figure>\r\n\r\n\r\n\r\n<h3 id=\"eclipse-14-octobre-2023\">III &#8211; 14 octobre 2023 &#8211; \u00c9clipse annulaire de Soleil, invisible en Belgique<\/h3>\r\n\r\n\r\n\r\n\r\n\r\n\r\n\r\n<table class=\"wp-block-table\">\r\n<tbody>\r\n<tr>\r\n<td><strong>Phase<\/strong><\/td>\r\n<td><strong>Temps universel<\/strong><\/td>\r\n<td><strong>Longitude<\/strong><\/td>\r\n<td><strong>Latitude<\/strong><\/td>\r\n<\/tr>\r\n<tr>\r\n<td>Commencement de l&rsquo;\u00e9clipse<\/td>\r\n<td>15h03,8<\/td>\r\n<td>132 32 W<\/td>\r\n<td>41 19 N<\/td>\r\n<\/tr>\r\n<tr>\r\n<td>Commencement de l&rsquo;\u00e9clipse annulaire<\/td>\r\n<td>16h10,2<\/td>\r\n<td>146 54 W<\/td>\r\n<td>49 00 N<\/td>\r\n<\/tr>\r\n<tr>\r\n<td>Commencement de l&rsquo;\u00e9clipse centrale<\/td>\r\n<td>16h12,4<\/td>\r\n<td>146 55 W<\/td>\r\n<td>49 21 N<\/td>\r\n<\/tr>\r\n<tr>\r\n<td><br \/>Eclipse centrale au midi apparent local<\/td>\r\n<td>17h36,6<\/td>\r\n<td>087 40 W<\/td>\r\n<td>16 58 N<\/td>\r\n<\/tr>\r\n<tr>\r\n<td>Maximum de l&rsquo;\u00e9clipse<\/td>\r\n<td>18h03,4<\/td>\r\n<td>082 20 W<\/td>\r\n<td>10 27 N<\/td>\r\n<\/tr>\r\n<tr>\r\n<td>Fin de l&rsquo;\u00e9clipse centrale<\/td>\r\n<td>19h46,8<\/td>\r\n<td>029 23 W<\/td>\r\n<td>05 41 S<\/td>\r\n<\/tr>\r\n<tr>\r\n<td>Fin de l&rsquo;\u00e9clipse annulaire<\/td>\r\n<td>19h49,0<\/td>\r\n<td>029 37 W<\/td>\r\n<td>06 03 S<\/td>\r\n<\/tr>\r\n<tr>\r\n<td>Fin de l&rsquo;\u00e9clipse<\/td>\r\n<td>20h55,3<\/td>\r\n<td>045 01 W<\/td>\r\n<td>13 44 S<\/td>\r\n<\/tr>\r\n<\/tbody>\r\n<\/table>\r\n\r\n\r\n\r\n\r\n\r\n\r\n\r\n<p>La carte ci-jointe montre la r\u00e9gion o\u00f9 l&rsquo;\u00e9clipse est observable. L&rsquo;explication des codes utilis\u00e9s se trouve en bas de page.<\/p>\r\n\r\n\r\n\r\n<figure class=\"wp-block-image\"><img loading=\"lazy\" width=\"625\" height=\"454\" class=\"wp-image-1158 aligncenter\" src=\"https:\/\/robinfo.oma.be\/wp-content\/uploads\/2019\/07\/EC20231014-2.jpg\" alt=\"\" \/><\/figure>\r\n\r\n\r\n\r\n<p>La dur\u00e9e de la phase annulaire le long de la ligne de centralit\u00e9 atteindra un maximum de 5m 13s en un point situ\u00e9 par 80\u00b0 de longitude ouest et 8\u00b0 de latitude nord.<\/p>\r\n\r\n\r\n\r\n<h3 id=\"eclipse-28-octobre-2023\">IV &#8211; 28 octobre 2023 &#8211; \u00c9clipse partielle de Lune, visible en Belgique<\/h3>\r\n\r\n\r\n\r\n\r\n\r\n\r\n\r\n<table class=\"wp-block-table\">\r\n<tbody>\r\n<tr>\r\n<td><strong>Phase<\/strong><\/td>\r\n<td><strong>Temps universel<\/strong><\/td>\r\n<td><strong>Longitude<\/strong><\/td>\r\n<td><strong>Latitude<\/strong><\/td>\r\n<td><strong>Angle de position<\/strong><\/td>\r\n<td><strong>Hauteur \u00e0 Uccle<\/strong><\/td>\r\n<\/tr>\r\n<tr>\r\n<td>Entr\u00e9e de la Lune dans la p\u00e9nombre<\/td>\r\n<td>17h59,9<\/td>\r\n<td>084 25 E<\/td>\r\n<td>13 31 N<\/td>\r\n<td>102 E<\/td>\r\n<td>+16<\/td>\r\n<\/tr>\r\n<tr>\r\n<td>Entr\u00e9e de la Lune dans l&rsquo;ombre<\/td>\r\n<td>19h34,4<\/td>\r\n<td>061 35 E<\/td>\r\n<td>13 55 N<\/td>\r\n<td>134 E<\/td>\r\n<td>+30<\/td>\r\n<\/tr>\r\n<tr>\r\n<td>Maximum de l&rsquo;\u00e9clipse<\/td>\r\n<td>20h14,0<\/td>\r\n<td>052 02 E<\/td>\r\n<td>14 05 N<\/td>\r\n<td>155 E<\/td>\r\n<td>+36<\/td>\r\n<\/tr>\r\n<tr>\r\n<td>Sortie de la Lune de l&rsquo;ombre<\/td>\r\n<td>20h53,6<\/td>\r\n<td>042 28 E<\/td>\r\n<td>14 15 N<\/td>\r\n<td>176 E<\/td>\r\n<td>+42<\/td>\r\n<\/tr>\r\n<tr>\r\n<td>Sortie de la Lune de la p\u00e9nombre<\/td>\r\n<td>22h28,3<\/td>\r\n<td>019 37 E<\/td>\r\n<td>14 38 N<\/td>\r\n<td>208 E<\/td>\r\n<td>+51<\/td>\r\n<\/tr>\r\n<\/tbody>\r\n<\/table>\r\n\r\n\r\n\r\n\r\n\r\n\r\n\r\n<p>La longitude et la latitude se rapportent au point de la Terre o\u00f9 la Lune se trouve \u00e0 cet instant au z\u00e9nith. L&rsquo;angle de position est d\u00e9fini \u00e0 partir de la ligne imaginaire qui relie le centre du disque lunaire au centre de l&rsquo;ombre de la Terre. Il est mesur\u00e9 au centre du disque lunaire, \u00e0 partir du Nord, dans le sens inverse du mouvement des aiguilles d&rsquo;une montre. Au d\u00e9but et \u00e0 la fin des phases de p\u00e9nombre et d&rsquo;ombre, c&rsquo;est l&rsquo;angle de position du point de contact. La hauteur et les instants de lever et coucher de la Lune sont calcul\u00e9s pour son centre, sans tenir compte de la r\u00e9fraction.<\/p>\r\n\r\n\r\n\r\n<p>Grandeur de l&rsquo;\u00e9clipse: 0,128, le diam\u00e8tre du disque lunaire \u00e9tant pris pour unit\u00e9.<\/p>\r\n\r\n\r\n\r\n<p>La carte ci-jointe montre la r\u00e9gion o\u00f9 l&rsquo;\u00e9clipse est observable. L&rsquo;explication des codes utilis\u00e9s se trouve en bas de page.<\/p>\r\n\r\n\r\n\r\n<figure class=\"wp-block-image\"><img loading=\"lazy\" width=\"625\" height=\"454\" class=\"wp-image-1161 aligncenter\" src=\"https:\/\/robinfo.oma.be\/wp-content\/uploads\/2019\/07\/EC20231028-2.jpg\" alt=\"\" \/><\/figure>\r\n\r\n\r\n\r\n<h3>Explications :<\/h3>\r\n\r\n\r\n\r\n<p>Les codes utilis\u00e9s sur les cartes pour indiquer la visibilit\u00e9 des \u00e9clipses de Lune sont: l&rsquo;entr\u00e9e dans la p\u00e9nombre est visible dans les r\u00e9gions 1 \u00e0 6, l&rsquo;entr\u00e9e dans l&rsquo;ombre dans les r\u00e9gions 2 \u00e0 7, le d\u00e9but de la totalit\u00e9 dans les r\u00e9gions 3 \u00e0 8. Les sorties de la totalit\u00e9, de l&rsquo;ombre et de la p\u00e9nombre sont respectivement observables dans les r\u00e9gions 4 \u00e0 9, 5 \u00e0 10, et 6 \u00e0 11. Dans la r\u00e9gion 6, on peut observer l&rsquo;\u00e9clipse enti\u00e8re, dans les r\u00e9gions 5 \u00e0 7 les phases ombrales sont observables; dans les r\u00e9gions 4 \u00e0 8 la totalit\u00e9 est enti\u00e8rement visible.<\/p>\r\n\r\n\r\n\r\n<p>Sur les cartes de visibilit\u00e9 d&rsquo;\u00e9clipses de Soleil, les codes suivants sont utilis\u00e9s:<\/p>\r\n\r\n\r\n\r\n<p>\u00ab\u00a0P\u00a0\u00bb: Eclipse partielle de Soleil, visible.<br \/>\u00ab\u00a0p\u00a0\u00bb: Eclipse partielle de Soleil, en partie visible.<br \/>\u00ab\u00a0R\u00a0\u00bb: Eclipse annulaire, dont la phase annulaire est enti\u00e8rement observable.<br \/>\u00ab\u00a0r\u00a0\u00bb: Eclipse annulaire, dont la phase annulaire est partiellement observable.<br \/>\u00ab\u00a0T\u00a0\u00bb: Eclipse totale, dont la phase de totalit\u00e9 est enti\u00e8rement observable.<br \/>\u00ab\u00a0t\u00a0\u00bb: Eclipse totale, dont la phase de totalit\u00e9 est partiellement observable.<\/p>\r\n\r\n\r\n\r\n<p>Les donn\u00e9es de base ayant servi \u00e0 la r\u00e9daction du chapitre des \u00e9clipses ont \u00e9t\u00e9 emprunt\u00e9es \u00e0 l&rsquo;int\u00e9gration num\u00e9rique DE405, aimablement mise \u00e0 notre disposition par le Jet Propulsion Laboratory. Pour passer du Temps Terrestre (TT) au Temps universel (UT), la relation provisoire suivante a \u00e9t\u00e9 utilis\u00e9e:<\/p>\r\n\r\n\r\n\r\n<p>UT = TT &#8211; 69,0 s<\/p>\r\n","protected":false},"excerpt":{"rendered":"<p>Il y aura en 2023 quatre \u00e9clipses : deux de Soleil et deux de Lune &nbsp; Date Type Visibilit\u00e9 20 avril 2023 \u00c9clipse de Soleil, successivement annulaire, totale et annulaire Invisible en Belgique 5 mai 2023 \u00c9clipse de Lune par la p\u00e9nombre En partie visible en Belgique 14 octobre 2023 \u00c9clipse annulaire de Soleil Invisible [&hellip;]<\/p>\n","protected":false},"author":2,"featured_media":0,"parent":52,"menu_order":0,"comment_status":"closed","ping_status":"closed","template":"","meta":[],"_links":{"self":[{"href":"https:\/\/robinfo.oma.be\/fr\/wp-json\/wp\/v2\/pages\/1047"}],"collection":[{"href":"https:\/\/robinfo.oma.be\/fr\/wp-json\/wp\/v2\/pages"}],"about":[{"href":"https:\/\/robinfo.oma.be\/fr\/wp-json\/wp\/v2\/types\/page"}],"author":[{"embeddable":true,"href":"https:\/\/robinfo.oma.be\/fr\/wp-json\/wp\/v2\/users\/2"}],"replies":[{"embeddable":true,"href":"https:\/\/robinfo.oma.be\/fr\/wp-json\/wp\/v2\/comments?post=1047"}],"version-history":[{"count":38,"href":"https:\/\/robinfo.oma.be\/fr\/wp-json\/wp\/v2\/pages\/1047\/revisions"}],"predecessor-version":[{"id":4154,"href":"https:\/\/robinfo.oma.be\/fr\/wp-json\/wp\/v2\/pages\/1047\/revisions\/4154"}],"up":[{"embeddable":true,"href":"https:\/\/robinfo.oma.be\/fr\/wp-json\/wp\/v2\/pages\/52"}],"wp:attachment":[{"href":"https:\/\/robinfo.oma.be\/fr\/wp-json\/wp\/v2\/media?parent=1047"}],"curies":[{"name":"wp","href":"https:\/\/api.w.org\/{rel}","templated":true}]}}