{"id":1379,"date":"2019-07-22T10:12:24","date_gmt":"2019-07-22T10:12:24","guid":{"rendered":"http:\/\/robinfo.oma.be\/?page_id=1379"},"modified":"2023-05-24T10:43:37","modified_gmt":"2023-05-24T08:43:37","slug":"phases-de-la-lune-2019","status":"publish","type":"page","link":"https:\/\/robinfo.oma.be\/fr\/astro-info\/lune\/phases-de-la-lune-2019\/","title":{"rendered":"Phases de la Lune 2019"},"content":{"rendered":"\n<p>Toutes les heures ont \u00e9t\u00e9 adapt\u00e9es en heure locale belge (UTC + 1 h en heure d\u2019hiver et UTC + 2 h en heure d\u2019\u00e9t\u00e9). <\/p>\n\n\n<p><strong><span style=\"text-decoration: underline;\"><span style=\"font-size: 22px;\">Pour l&rsquo;ann\u00e9e 2019 :<\/span><\/span><\/strong><\/p>\n\n\n<table><tr><th><a href=\"https:\/\/robinfo.oma.be\/fr\/lunaison\/\" target=\"_blank\"> Num\u00e9ro de lunaison <\/a><\/th><th>Nouvelle lune<\/th><th>Premier quartier<\/th><th>Pleine lune<\/th><th>Dernier quartier<\/th><\/tr><tr><th>1188<\/th><th>06 janvier &agrave; 02h28<\/th><th>14 janvier &agrave; 07h45<\/th><th>21 janvier &agrave; 06h16<\/th><th>27 janvier &agrave; 22h10<\/th><\/tr><tr><th>1189<\/th><th>04 f&eacute;vrier &agrave; 22h03<\/th><th>12 f&eacute;vrier &agrave; 23h26<\/th><th>19 f&eacute;vrier &agrave; 16h53<\/th><th>26 f&eacute;vrier &agrave; 12h27<\/th><\/tr><tr><th>1190<\/th><th>06 mars &agrave; 17h03<\/th><th>14 mars &agrave; 11h27<\/th><th>21 mars &agrave; 02h42<\/th><th>28 mars &agrave; 05h09<\/th><\/tr><tr><th>1191<\/th><th>05 avril &agrave; 10h50<\/th><th>12 avril &agrave; 21h05<\/th><th>19 avril &agrave; 13h12<\/th><th>27 avril &agrave; 00h18<\/th><\/tr><tr><th>1192<\/th><th>05 mai &agrave; 00h45<\/th><th>12 mai &agrave; 03h12<\/th><th>18 mai &agrave; 23h11<\/th><th>26 mai &agrave; 18h33<\/th><\/tr><tr><th>1193<\/th><th>03 juin &agrave; 12h01<\/th><th>10 juin &agrave; 07h59<\/th><th>17 juin &agrave; 10h30<\/th><th>25 juin &agrave; 11h46<\/th><\/tr><tr><th>1194<\/th><th>02 juillet &agrave; 21h16<\/th><th>09 juillet &agrave; 12h54<\/th><th>16 juillet &agrave; 23h38<\/th><th>25 juillet &agrave; 03h18<\/th><\/tr><tr><th>1195<\/th><th>01 ao&ucirc;t &agrave; 05h11<\/th><th>07 ao&ucirc;t &agrave; 19h30<\/th><th>15 ao&ucirc;t &agrave; 14h29<\/th><th>23 ao&ucirc;t &agrave; 16h56<\/th><\/tr><tr><th>1196<\/th><th>30 ao&ucirc;t &agrave; 12h37<\/th><th>06 septembre &agrave; 05h10<\/th><th>14 septembre &agrave; 06h32<\/th><th>22 septembre &agrave; 04h40<\/th><\/tr><tr><th>1197<\/th><th>28 septembre &agrave; 20h26<\/th><th>05 octobre &agrave; 18h47<\/th><th>13 octobre &agrave; 23h07<\/th><th>21 octobre &agrave; 14h39<\/th><\/tr><tr><th>1198<\/th><th>28 octobre &agrave; 04h38<\/th><th>04 novembre &agrave; 11h23<\/th><th>12 novembre &agrave; 14h34<\/th><th>19 novembre &agrave; 22h10<\/th><\/tr><tr><th>1199<\/th><th>26 novembre &agrave; 16h05<\/th><th>04 d&eacute;cembre &agrave; 07h58<\/th><th>12 d&eacute;cembre &agrave; 06h12<\/th><th>19 d&eacute;cembre &agrave; 05h57<\/th><\/tr><tr><th>1200<\/th><th>26 d&eacute;cembre &agrave; 06h13<\/th><th>03 janvier &agrave; 05h45<\/th><th>10 janvier 2020 &agrave; 20h21<\/th><th>17 janvier 2020 &agrave; 13h58<\/th><\/tr><\/table>","protected":false},"excerpt":{"rendered":"<p>Toutes les heures ont \u00e9t\u00e9 adapt\u00e9es en heure locale belge (UTC + 1 h en heure d\u2019hiver et UTC + 2 h en heure d\u2019\u00e9t\u00e9). Pour l&rsquo;ann\u00e9e 2019 :<\/p>\n","protected":false},"author":2,"featured_media":0,"parent":45,"menu_order":0,"comment_status":"closed","ping_status":"closed","template":"","meta":[],"_links":{"self":[{"href":"https:\/\/robinfo.oma.be\/fr\/wp-json\/wp\/v2\/pages\/1379"}],"collection":[{"href":"https:\/\/robinfo.oma.be\/fr\/wp-json\/wp\/v2\/pages"}],"about":[{"href":"https:\/\/robinfo.oma.be\/fr\/wp-json\/wp\/v2\/types\/page"}],"author":[{"embeddable":true,"href":"https:\/\/robinfo.oma.be\/fr\/wp-json\/wp\/v2\/users\/2"}],"replies":[{"embeddable":true,"href":"https:\/\/robinfo.oma.be\/fr\/wp-json\/wp\/v2\/comments?post=1379"}],"version-history":[{"count":6,"href":"https:\/\/robinfo.oma.be\/fr\/wp-json\/wp\/v2\/pages\/1379\/revisions"}],"predecessor-version":[{"id":4079,"href":"https:\/\/robinfo.oma.be\/fr\/wp-json\/wp\/v2\/pages\/1379\/revisions\/4079"}],"up":[{"embeddable":true,"href":"https:\/\/robinfo.oma.be\/fr\/wp-json\/wp\/v2\/pages\/45"}],"wp:attachment":[{"href":"https:\/\/robinfo.oma.be\/fr\/wp-json\/wp\/v2\/media?parent=1379"}],"curies":[{"name":"wp","href":"https:\/\/api.w.org\/{rel}","templated":true}]}}