{"id":14,"date":"2018-04-16T10:51:27","date_gmt":"2018-04-16T10:51:27","guid":{"rendered":"http:\/\/robinfo.oma.be\/a-propos\/"},"modified":"2025-02-26T15:57:44","modified_gmt":"2025-02-26T14:57:44","slug":"a-propos","status":"publish","type":"page","link":"https:\/\/robinfo.oma.be\/fr\/a-propos\/","title":{"rendered":"Le service"},"content":{"rendered":"<p>En tant qu&rsquo;interm\u00e9diaire entre l&rsquo;Observatoire et le public, le Service Communication et Renseignements a pour mission de communiquer et de promouvoir le patrimoine ainsi que les activit\u00e9s de recherche au sein de l&rsquo;Observatoire, ainsi que de fournir et de relayer des informations scientifiques au public.<\/p>\n<p>Les activit\u00e9s du Service de communication et d&rsquo;information comportent plusieurs volets :<\/p>\n<ul>\n<li>Informer le public sur l&rsquo;astronomie et autres sujets li\u00e9s \u00e0 l&rsquo;astronomie<\/li>\n<li>R\u00e9pondre aux questions et demandes de renseignements du public et de la presse<\/li>\n<li>Assister dans toutes sortes d&rsquo;activit\u00e9s de vulgarisation (expositions, \u00e9v\u00e9nements tels que les portes ouvertes) et de relations publiques (communications avec la presse, conf\u00e9rences de presse, etc.)<\/li>\n<li>Collaborer avec le Plan\u00e9tarium, notamment pour les expositions permanentes sur le site du Heysel<\/li>\n<li>Publication et \u00e9dition du <a href=\"https:\/\/www.astro.oma.be\/fr\/informations\/publications\/rapports-annuels\/\" target=\"_blank\" rel=\"noopener noreferrer\">rapport annuel<\/a> et de <a href=\"https:\/\/www.astro.oma.be\/fr\/informations\/publications\/\" target=\"_blank\" rel=\"noopener noreferrer\">l&rsquo;Annuaire de l&rsquo;Observatoire royal de Belgique<\/a><\/li>\n<li>Pr\u00e9paration de textes pour l&rsquo;impression ou de <a href=\"https:\/\/www.astro.oma.be\/fr\/nouvelles\/\" target=\"_blank\" rel=\"noopener noreferrer\">nouvelles pour le site Web<\/a><\/li>\n<li>Gestion des archives, du mus\u00e9e et de la biblioth\u00e8que<\/li>\n<\/ul>\n<p>Le Service Communication et Renseignements est actuellement compos\u00e9 de trois membres :<\/p>\n<ul>\n<li>Ren\u00e9 Oudmaijer, chef de service<\/li>\n<li>Hilde Langenaken (NL\/EN), Communication, Information, Archives, Mus\u00e9e et Biblioth\u00e8que<\/li>\n<li>L\u00ea Binh San Pham (FR\/EN), Communication, Information, Communiqu\u00e9s de presse, M\u00e9dias sociaux<\/li>\n<li>Flore Van Maldeghem (NL\/EN), Communication, Information, Communiqu\u00e9s de presse, M\u00e9dias sociaux<\/li>\n<\/ul>\n","protected":false},"excerpt":{"rendered":"<p>En tant qu&rsquo;interm\u00e9diaire entre l&rsquo;Observatoire et le public, le Service Communication et Renseignements a pour mission de communiquer et de promouvoir le patrimoine ainsi que les activit\u00e9s de recherche au sein de l&rsquo;Observatoire, ainsi que de fournir et de relayer des informations scientifiques au public. Les activit\u00e9s du Service de communication et d&rsquo;information comportent plusieurs [&hellip;]<\/p>\n","protected":false},"author":1,"featured_media":0,"parent":0,"menu_order":0,"comment_status":"closed","ping_status":"closed","template":"","meta":[],"_links":{"self":[{"href":"https:\/\/robinfo.oma.be\/fr\/wp-json\/wp\/v2\/pages\/14"}],"collection":[{"href":"https:\/\/robinfo.oma.be\/fr\/wp-json\/wp\/v2\/pages"}],"about":[{"href":"https:\/\/robinfo.oma.be\/fr\/wp-json\/wp\/v2\/types\/page"}],"author":[{"embeddable":true,"href":"https:\/\/robinfo.oma.be\/fr\/wp-json\/wp\/v2\/users\/1"}],"replies":[{"embeddable":true,"href":"https:\/\/robinfo.oma.be\/fr\/wp-json\/wp\/v2\/comments?post=14"}],"version-history":[{"count":9,"href":"https:\/\/robinfo.oma.be\/fr\/wp-json\/wp\/v2\/pages\/14\/revisions"}],"predecessor-version":[{"id":4444,"href":"https:\/\/robinfo.oma.be\/fr\/wp-json\/wp\/v2\/pages\/14\/revisions\/4444"}],"wp:attachment":[{"href":"https:\/\/robinfo.oma.be\/fr\/wp-json\/wp\/v2\/media?parent=14"}],"curies":[{"name":"wp","href":"https:\/\/api.w.org\/{rel}","templated":true}]}}