{"id":163,"date":"2019-02-27T18:02:22","date_gmt":"2019-02-27T18:02:22","guid":{"rendered":"http:\/\/robinfo.oma.be\/?page_id=163"},"modified":"2019-02-27T18:24:30","modified_gmt":"2019-02-27T18:24:30","slug":"politique-de-donnees","status":"publish","type":"page","link":"https:\/\/robinfo.oma.be\/fr\/mentions-legales\/politique-de-donnees\/","title":{"rendered":"Politique de donn\u00e9es"},"content":{"rendered":"<p>L\u2019utilisateur reconna\u00eet que les donn\u00e9es pr\u00e9sent\u00e9es telles que des textes, des photos, des dessins, des cartes, des images video, des illustrations, des logos, des slogans et des r\u00e9sultats de recherche sont prot\u00e9g\u00e9es par les droits de propri\u00e9t\u00e9 intellectuelle et appartiennent \u00e0 l\u2019Observatoire royal de Belgique (ci-apr\u00e8s \u00abORB\u00bb). L\u2019utilisateur reconna\u00eet que le droit d\u2019acc\u00e8s au site Internet ne constitue en aucune fa\u00e7on un transfert, en partie ou en totalit\u00e9, des droits de propri\u00e9t\u00e9 intellectuelle.<\/p>\n<p>Sauf disposition contraire, express\u00e9ment mentionn\u00e9e, les donn\u00e9es pr\u00e9sent\u00e9es par l\u2019ORB ne peuvent \u00eatre utilis\u00e9es que dans les conditions suivantes.<\/p>\n<p>Les donn\u00e9es pr\u00e9sent\u00e9es par l\u2019ORB ne peuvent \u00eatre exclusivement utilis\u00e9es qu\u2019\u00e0 des fins priv\u00e9es, \u00e9ducatives ou scientifiques. Sur chaque copie et chaque publication doivent appara\u00eetre l\u2019origine (url de la page web) et le nom.<\/p>\n<p>L\u2019usage commercial des donn\u00e9es pr\u00e9sent\u00e9es sous quelque forme et par quelque moyen que ce n\u2019est possible qu\u2019apr\u00e8s le consentement \u00e9crit explicite pr\u00e9alable de la chef de la direction de l\u2019ORB. La demande devrait se faire par e-mail \u00e0\u00a0<a href=\"mailto:info@observatoire.be\">info@observatoire.be<\/a> ou par la poste \u00e0 Observatoire royal de Belgique, Dr. Ronald van der Linden, Directeur g\u00e9n\u00e9ral, Avenue Circulaire 3, 1180 Bruxelles.<\/p>\n<p>Quant aux donn\u00e9es qui sont mises \u00e0 disposition dans le cadre d\u2019un projet scientifique sp\u00e9cifique, des conditions d\u00e9rogatoires et \/ou plus s\u00e9v\u00e8res peuvent \u00eatre appliqu\u00e9es.<\/p>\n","protected":false},"excerpt":{"rendered":"<p>L\u2019utilisateur reconna\u00eet que les donn\u00e9es pr\u00e9sent\u00e9es telles que des textes, des photos, des dessins, des cartes, des images video, des illustrations, des logos, des slogans et des r\u00e9sultats de recherche sont prot\u00e9g\u00e9es par les droits de propri\u00e9t\u00e9 intellectuelle et appartiennent \u00e0 l\u2019Observatoire royal de Belgique (ci-apr\u00e8s \u00abORB\u00bb). L\u2019utilisateur reconna\u00eet que le droit d\u2019acc\u00e8s au site [&hellip;]<\/p>\n","protected":false},"author":2,"featured_media":0,"parent":190,"menu_order":0,"comment_status":"closed","ping_status":"closed","template":"","meta":[],"_links":{"self":[{"href":"https:\/\/robinfo.oma.be\/fr\/wp-json\/wp\/v2\/pages\/163"}],"collection":[{"href":"https:\/\/robinfo.oma.be\/fr\/wp-json\/wp\/v2\/pages"}],"about":[{"href":"https:\/\/robinfo.oma.be\/fr\/wp-json\/wp\/v2\/types\/page"}],"author":[{"embeddable":true,"href":"https:\/\/robinfo.oma.be\/fr\/wp-json\/wp\/v2\/users\/2"}],"replies":[{"embeddable":true,"href":"https:\/\/robinfo.oma.be\/fr\/wp-json\/wp\/v2\/comments?post=163"}],"version-history":[{"count":1,"href":"https:\/\/robinfo.oma.be\/fr\/wp-json\/wp\/v2\/pages\/163\/revisions"}],"predecessor-version":[{"id":164,"href":"https:\/\/robinfo.oma.be\/fr\/wp-json\/wp\/v2\/pages\/163\/revisions\/164"}],"up":[{"embeddable":true,"href":"https:\/\/robinfo.oma.be\/fr\/wp-json\/wp\/v2\/pages\/190"}],"wp:attachment":[{"href":"https:\/\/robinfo.oma.be\/fr\/wp-json\/wp\/v2\/media?parent=163"}],"curies":[{"name":"wp","href":"https:\/\/api.w.org\/{rel}","templated":true}]}}