{"id":1686,"date":"2019-07-25T09:41:40","date_gmt":"2019-07-25T09:41:40","guid":{"rendered":"http:\/\/robinfo.oma.be\/?page_id=1686"},"modified":"2024-02-13T19:25:26","modified_gmt":"2024-02-13T18:25:26","slug":"zodiaque-2025","status":"publish","type":"page","link":"https:\/\/robinfo.oma.be\/fr\/astro-info\/soleil\/zodiaque-2025\/","title":{"rendered":"Passage du Soleil dans les signes du zodiaque en 2025"},"content":{"rendered":"\n<p>Cette page est principalement destin\u00e9e aux imprimeries de calendriers. Le zodiaque utilis\u00e9 pour les calculs ne correspond pas au zodiaque astronomique, mais \u00e0 12 zones de 30 degr\u00e9s situ\u00e9es le long de l\u2019\u00e9cliptique et mesur\u00e9es \u00e0 partir de la position du Soleil lors de l\u2019\u00e9quinoxe du printemps. L\u2019\u00e9cliptique est le plan de l\u2019orbite de la Terre autour du Soleil.<\/p>\n\n\n\n<p>En r\u00e9alit\u00e9, treize constellations traversent actuellement l\u2019\u00e9cliptique : le B\u00e9lier, le Taureau, les G\u00e9meaux, le Cancer, le Lion, la Vierge, la Balance, le Scorpion, le Serpentaire (Opiuchus), le Sagittaire, le Capricorne, le Verseau et les Poissons.<\/p>\n\n\n\n<p>\u00c0 cause du d\u00e9calage caus\u00e9 par la <a rel=\"noopener\" href=\"https:\/\/fr.wikipedia.org\/wiki\/Pr%C3%A9cession_des_%C3%A9quinoxes\" target=\"_blank\">pr\u00e9cession des \u00e9quinoxes<\/a>, il existe environ un mois de d\u00e9calage entre le passage r\u00e9el du Soleil devant ces constellations et les dates mentionn\u00e9es ci-dessous.<\/p>\n\n\n\n<p>Toutes les heures ont \u00e9t\u00e9 adapt\u00e9es en heure locale belge (UTC + 1 h en heure d\u2019hiver et UTC + 2 h en heure d\u2019\u00e9t\u00e9).<\/p>\n\n\n<p><span style=\"text-decoration: underline;\"><strong><span style=\"font-size: 22px;\">Pour l&rsquo;ann\u00e9e 2025:<\/span><\/strong><\/span><\/p>\n\n\n<table><tr>    <th>        Verseau        <\/th>    <th>    19 Janvier    <\/th>    <th>    21h00    <\/th><\/tr><tr>    <th>        Poissons        <\/th>    <th>    18 F&eacute;vrier    <\/th>    <th>    11h06    <\/th><\/tr><tr>    <th>        B&eacute;lier        <\/th>    <th>    20 Mars    <\/th>    <th>    10h01    <\/th><\/tr><tr>    <th>        Taureau        <\/th>    <th>    19 Avril    <\/th>    <th>    21h56    <\/th><\/tr><tr>    <th>        G&eacute;meaux        <\/th>    <th>    20 Mai    <\/th>    <th>    20h55    <\/th><\/tr><tr>    <th>        Cancer        <\/th>    <th>    21 Juin    <\/th>    <th>    04h42    <\/th><\/tr><tr>    <th>        Lion        <\/th>    <th>    22 Juillet    <\/th>    <th>    15h29    <\/th><\/tr><tr>    <th>        Vierge        <\/th>    <th>    22 Ao&ucirc;t    <\/th>    <th>    22h34    <\/th><\/tr><tr>    <th>        Balance        <\/th>    <th>    22 Septembre    <\/th>    <th>    20h19    <\/th><\/tr><tr>    <th>        Scorpion        <\/th>    <th>    23 Octobre    <\/th>    <th>    05h51    <\/th><\/tr><tr>    <th>        Sagittaire        <\/th>    <th>    22 Novembre    <\/th>    <th>    02h36    <\/th><\/tr><tr>    <th>        Capricorne        <\/th>    <th>    21 D&eacute;cembre    <\/th>    <th>    16h03    <\/th><\/tr><\/table>","protected":false},"excerpt":{"rendered":"<p>Cette page est principalement destin\u00e9e aux imprimeries de calendriers. Le zodiaque utilis\u00e9 pour les calculs ne correspond pas au zodiaque astronomique, mais \u00e0 12 zones de 30 degr\u00e9s situ\u00e9es le long de l\u2019\u00e9cliptique et mesur\u00e9es \u00e0 partir de la position du Soleil lors de l\u2019\u00e9quinoxe du printemps. L\u2019\u00e9cliptique est le plan de l\u2019orbite de la [&hellip;]<\/p>\n","protected":false},"author":2,"featured_media":0,"parent":37,"menu_order":0,"comment_status":"closed","ping_status":"closed","template":"","meta":[],"_links":{"self":[{"href":"https:\/\/robinfo.oma.be\/fr\/wp-json\/wp\/v2\/pages\/1686"}],"collection":[{"href":"https:\/\/robinfo.oma.be\/fr\/wp-json\/wp\/v2\/pages"}],"about":[{"href":"https:\/\/robinfo.oma.be\/fr\/wp-json\/wp\/v2\/types\/page"}],"author":[{"embeddable":true,"href":"https:\/\/robinfo.oma.be\/fr\/wp-json\/wp\/v2\/users\/2"}],"replies":[{"embeddable":true,"href":"https:\/\/robinfo.oma.be\/fr\/wp-json\/wp\/v2\/comments?post=1686"}],"version-history":[{"count":9,"href":"https:\/\/robinfo.oma.be\/fr\/wp-json\/wp\/v2\/pages\/1686\/revisions"}],"predecessor-version":[{"id":4247,"href":"https:\/\/robinfo.oma.be\/fr\/wp-json\/wp\/v2\/pages\/1686\/revisions\/4247"}],"up":[{"embeddable":true,"href":"https:\/\/robinfo.oma.be\/fr\/wp-json\/wp\/v2\/pages\/37"}],"wp:attachment":[{"href":"https:\/\/robinfo.oma.be\/fr\/wp-json\/wp\/v2\/media?parent=1686"}],"curies":[{"name":"wp","href":"https:\/\/api.w.org\/{rel}","templated":true}]}}