{"id":170,"date":"2019-02-27T18:05:48","date_gmt":"2019-02-27T18:05:48","guid":{"rendered":"http:\/\/robinfo.oma.be\/?page_id=170"},"modified":"2019-02-27T18:05:48","modified_gmt":"2019-02-27T18:05:48","slug":"utilisation-des-cookies","status":"publish","type":"page","link":"https:\/\/robinfo.oma.be\/fr\/mentions-legales\/utilisation-des-cookies\/","title":{"rendered":"Utilisation des cookies"},"content":{"rendered":"<p>Utilisation de cookies<\/p>\n<p> Les cookies sont de petits fichiers d\u2019informations enregistr\u00e9s automatiquement sur le disque dur de votre ordinateur quand vous visitez un site et qui comprennent un num\u00e9ro d\u2019identification unique.Ces cookies permettent de simplifier l\u2019acc\u00e8s au site ainsi que la navigation et accroissent la vitesse et l\u2019efficacit\u00e9 d\u2019utilisation de ces derniers. Ils peuvent aussi \u00eatre utilis\u00e9s pour individualiser le site selon vos pr\u00e9f\u00e9rences personnelles. Les cookies permettent \u00e9galement d\u2019analyser l\u2019utilisation d\u2019un site pour identifier et supprimer d\u2019\u00e9ventuels embarras.<\/p>\n<p>La configuration de la plupart des navigateurs vous permet d\u2019accepter ou de refuser les cookies et de vous signaler \u00e0 chaque fois quand un cookie est utilis\u00e9. Libre \u00e0 vous de refuser ces cookies, bien que cela puisse nuire \u00e0 la navigation optimale et \u00e0 la fonctionnalit\u00e9 des services sur le site. Vous pouvez consulter la fonction d\u2019aide de votre navigateur pour plus d\u2019informations. Tous les cookies attribu\u00e9s sont automatiquement effac\u00e9s \u00e0 la fin d\u2019une session d\u2019utilisation.<\/p>\n","protected":false},"excerpt":{"rendered":"<p>Utilisation de cookies Les cookies sont de petits fichiers d\u2019informations enregistr\u00e9s automatiquement sur le disque dur de votre ordinateur quand vous visitez un site et qui comprennent un num\u00e9ro d\u2019identification unique.Ces cookies permettent de simplifier l\u2019acc\u00e8s au site ainsi que la navigation et accroissent la vitesse et l\u2019efficacit\u00e9 d\u2019utilisation de ces derniers. Ils peuvent aussi [&hellip;]<\/p>\n","protected":false},"author":2,"featured_media":0,"parent":190,"menu_order":0,"comment_status":"closed","ping_status":"closed","template":"","meta":[],"_links":{"self":[{"href":"https:\/\/robinfo.oma.be\/fr\/wp-json\/wp\/v2\/pages\/170"}],"collection":[{"href":"https:\/\/robinfo.oma.be\/fr\/wp-json\/wp\/v2\/pages"}],"about":[{"href":"https:\/\/robinfo.oma.be\/fr\/wp-json\/wp\/v2\/types\/page"}],"author":[{"embeddable":true,"href":"https:\/\/robinfo.oma.be\/fr\/wp-json\/wp\/v2\/users\/2"}],"replies":[{"embeddable":true,"href":"https:\/\/robinfo.oma.be\/fr\/wp-json\/wp\/v2\/comments?post=170"}],"version-history":[{"count":1,"href":"https:\/\/robinfo.oma.be\/fr\/wp-json\/wp\/v2\/pages\/170\/revisions"}],"predecessor-version":[{"id":171,"href":"https:\/\/robinfo.oma.be\/fr\/wp-json\/wp\/v2\/pages\/170\/revisions\/171"}],"up":[{"embeddable":true,"href":"https:\/\/robinfo.oma.be\/fr\/wp-json\/wp\/v2\/pages\/190"}],"wp:attachment":[{"href":"https:\/\/robinfo.oma.be\/fr\/wp-json\/wp\/v2\/media?parent=170"}],"curies":[{"name":"wp","href":"https:\/\/api.w.org\/{rel}","templated":true}]}}