{"id":176,"date":"2019-02-27T18:07:45","date_gmt":"2019-02-27T18:07:45","guid":{"rendered":"http:\/\/robinfo.oma.be\/?page_id=176"},"modified":"2019-02-27T18:23:58","modified_gmt":"2019-02-27T18:23:58","slug":"conditions-dutilisation","status":"publish","type":"page","link":"https:\/\/robinfo.oma.be\/fr\/mentions-legales\/conditions-dutilisation\/","title":{"rendered":"Conditions d&rsquo;utilisation"},"content":{"rendered":"<h5>Champ d\u2019application<\/h5>\n<p>Ces conditions d\u2019utilisation s\u2019appliquent au Site internet de l\u2019Observatoire royal de\u00a0Belgique (ci-apr\u00e8s \u00abORB\u00bb) et les sites des projets scientifiques auquels\u00a0l\u2019ORB collabore et qui sont log\u00e9s sur le serveur de l\u2019ORB. Ces sites sont d\u00e9nomm\u00e9s\u00a0ci-apr\u00e8s \u00able Site\u00bb.<\/p>\n<h5>Fins utiles du site internet<\/h5>\n<p>Le site internet de l\u2019Observatoire royal de Belgique rassemble l\u2019information relative \u00e0\u00a0l\u2019histoire, \u00e0 l\u2019organisation et au fonctionnement de l\u2019Observatoire. Il fournit\u00a0\u00e9galement des informations sur les projets scientifiques auxquels l\u2019Observatoire\u00a0collabore.<\/p>\n<h5>Acc\u00e8s au site internet<\/h5>\n<p>L\u2019utilisation du site internet sous-entend automatiquement l\u2019acceptation des\u00a0conditions reprises sous la rubrique \u201cConditions d\u2019utilisation\u201d dans sa version publi\u00e9e\u00a0par l\u2019ORB au moment o\u00f9 l\u2019utilisateur fait usage du site internet.\u00a0Par cons\u00e9quent, l\u2019utilisateur est dans l\u2019obligation de lire attentivement les \u201cConditions\u00a0d\u2019utilisation\u201d et ce, chaque fois qu\u2019il aura recours au site internet puisque les\u00a0conditions d\u2019utilisation sont susceptibles d\u2019avoir \u00e9t\u00e9 modifi\u00e9es depuis sa derni\u00e8re\u00a0visite sur le site.<br \/>\nL\u2019utilisation de certains services propos\u00e9s sur le site internet est soumise \u00e0 des\u00a0conditions sp\u00e9cifiques qui, selon les cas, remplacent, compl\u00e8tent ou modifient les\u00a0\u201cConditions d\u2019utilisation\u201d. Aussi, l\u2019utilisateur doit-il lire avec attention les conditions\u00a0particuli\u00e8res correspondantes avant de faire usage des services pr\u00e9cit\u00e9s.<\/p>\n<h5>Protection de la vie priv\u00e9e<\/h5>\n<p>La politique relative au respect des donn\u00e9es personnelles est abord\u00e9e dans la \u201cprivacy\u00a0policy\u201d.<\/p>\n<h5>Protection de la propri\u00e9t\u00e9 intellectuelle du site internet<\/h5>\n<p>Le site internet est une cr\u00e9ation originale dont tant le contenu que la structure sont\u00a0prot\u00e9g\u00e9s par les lois relatives \u00e0 la propri\u00e9t\u00e9 intellectuelle.<\/p>\n<h5>Protection de la propri\u00e9t\u00e9 intellectuelle des donn\u00e9es mises \u00e0 disposition<\/h5>\n<p>Les conditions sous lesquelles les donn\u00e9es peuvent \u00eatre mises \u00e0 disposition sont\u00a0d\u00e9taill\u00e9es dans la \u201cdata policy\u201d.<\/p>\n<h5>Responsabilit\u00e9 civile<\/h5>\n<p>La politique men\u00e9e en mati\u00e8re de responsabilit\u00e9 civile de l\u2019ORB est d\u00e9finie dans le\u00a0\u201cDisclaimer\u201d.\u00a0Plus particuli\u00e8rement, en ce qui concerne l\u2019usage du site internet, l\u2019ORB pr\u00e9cise qu\u2019il\u00a0n\u2019offre aucune garantie quant \u00e0 la disponibilit\u00e9 du site internet, \u00e0 son fonctionnement\u00a0ni aux services qu\u2019il offre.<br \/>\nL\u2019ORB se r\u00e9serve le droit de modifier \u00e0 tout moment le site internet, de le suspendre\u00a0temporairement ou de fa\u00e7on permanente sans communication pr\u00e9alable ni aucune\u00a0forme de d\u00e9dommagement.<br \/>\nL\u2019ORB ne peut \u00eatre tenu pour civilement responsable d\u2019un quelconque dommage,\u00a0direct ou indirect, cons\u00e9quent \u00e0 l\u2019usage, \u00e0 la non disponibilit\u00e9 du site internet, aux\u00a0services offerts par le site internet ni, en g\u00e9n\u00e9ral, pour tout \u00e9v\u00e9nement en lien avec le\u00a0site internet et\/ou le site de tiers.<br \/>\nMalgr\u00e9 les efforts fournis par l\u2019ORB, il ne peut \u00eatre garanti qu\u2019aucun virus ni aucun\u00a0autre \u00e9l\u00e9ment dans le contenu du site internet ne pourrait entra\u00eener des modifications\u00a0susceptibles de modifier votre ordinateur ou les fichiers qui y sont sauvegard\u00e9s<\/p>\n<h5>Liens vers le site internet<\/h5>\n<p>D\u2019autres sites peuvent librement \u00e9tablir un lien avec le site internet de l\u2019ORB. Le lien\u00a0doit donner acc\u00e8s \u00e0 la page d\u2019accueil du site internet de l\u2019ORB via l\u2019URL suivante\u00a0www.astro.oma.be<br \/>\nLe lien doit \u00eatre configur\u00e9 de telle fa\u00e7on que l\u2019utilisateur doit \u00eatre directement\u00a0connect\u00e9 au site internet et que le site soit ouvert dans une nouvelle fen\u00eatre du\u00a0navigateur internet.<br \/>\nL\u2019usage d\u2019un lien profond est donc interdit.<br \/>\nLa cr\u00e9ation d\u2019un lien vers le site internet de l\u2019ORB doit \u00eatre communiqu\u00e9e au\u00a0gestionnaire du site internet.<\/p>\n<h5>Liens vers des sites internet de tiers<\/h5>\n<p>Le site internet de l\u2019ORB peut contenir des liens qui renvoient vers des sites internet\u00a0de tiers. Ces liens ont pour seul but de faciliter l\u2019 acc\u00e8s de l\u2019utilisateur \u00e0 l\u2019information.<br \/>\nL\u2019ORB n\u2019exerce aucun contr\u00f4le sur ces sites et d\u00e9cline toute responsabilit\u00e9 pour le\u00a0contenu, le fonctionnement, la disponibilit\u00e9, la qualit\u00e9, la l\u00e9galit\u00e9 et la confidentialit\u00e9\u00a0de ces sites ainsi que pour les liens auxquels ces m\u00eames sites feraient r\u00e9f\u00e9rence.<\/p>\n<h5>Pr\u00e9servation des droits de l\u2019ORB<\/h5>\n<p>Certaines parties d\u00e9finies du site Internet peuvent \u00eatre r\u00e9serv\u00e9es et leur acc\u00e8s, soumis\u00a0\u00e0 conditions. En cas de tentative illicite d\u2019acc\u00e9der \u00e0 ces parties du site internet, l\u2019ORB\u00a0peut utiliser tous les moyens l\u00e9gaux dont il dispose pour pr\u00e9server l\u2019int\u00e9grit\u00e9 du site\u00a0internet et ce, en collaboration avec les instances judiciaires et les services de police.<br \/>\nTous les utilisateurs du site internet sont dans l\u2019obligation d\u2019utiliser le site\u00a0conform\u00e9ment au droit et aux pr\u00e9sentes conditions d\u2019utilisation.<br \/>\nL\u2019ORB se r\u00e9serve le droit de prendre toutes les mesures qui s\u2019imposent pour \u00e9viter\u00a0toute atteinte \u00e0 ses droits sans que sa propre responsabilit\u00e9 puisse \u00eatre mise en cause.<br \/>\nToute infraction entra\u00eenera des poursuites civiles et\/ou p\u00e9nales.<\/p>\n<h5>Dur\u00e9e et fin<\/h5>\n<p>L\u2019acc\u00e8s au site internet est, en principe, fournit \u00e0 dur\u00e9e ind\u00e9termin\u00e9e.<br \/>\nToutefois, l\u2019Observatoire peut, \u00e0 tout moment, stopper ou suspendre l\u2019accessibilit\u00e9 du\u00a0site internet et\/ou des services offerts et ce, sans avertissement ni communication.<\/p>\n<h5>Droit applicable et juridiction comp\u00e9tente (ou tribunal comp\u00e9tent)<\/h5>\n<p>L\u2019acc\u00e8s et l\u2019usage du site internet sont r\u00e9gis par le droit belge. Toute contestation ou\u00a0tout r\u00e8glement relatif \u00e0 l\u2019acc\u00e8s ou \u00e0 l\u2019usage du site internet rel\u00e8ve de la comp\u00e9tence\u00a0exclusive des Cours et Tribunaux de l\u2019arrondissement judiciaire de Bruxelles-Hal-Vilvorde.<\/p>\n<h5>Responsable du site internet (Webmaster)<\/h5>\n<p>Vous pouvez prendre contact avec le responsable du site par e-mail (webmasteras@oma.be) ou par courrier \u00e0 l\u2019attention du Webmaster \u00e0 l\u2019adresse Observatoire royal\u00a0de Belgique, 3 Avenue Circulaire \u00e0 1180 Bruxelles.<\/p>\n<h5>Droits d\u2019auteur<\/h5>\n<p>\u00a9 Droits d\u2019auteur \u2013 Observatoire royal de Belgique (ORB), 2013.\u00a0Tous droits r\u00e9serv\u00e9s.<\/p>\n","protected":false},"excerpt":{"rendered":"<p>Champ d\u2019application Ces conditions d\u2019utilisation s\u2019appliquent au Site internet de l\u2019Observatoire royal de\u00a0Belgique (ci-apr\u00e8s \u00abORB\u00bb) et les sites des projets scientifiques auquels\u00a0l\u2019ORB collabore et qui sont log\u00e9s sur le serveur de l\u2019ORB. Ces sites sont d\u00e9nomm\u00e9s\u00a0ci-apr\u00e8s \u00able Site\u00bb. Fins utiles du site internet Le site internet de l\u2019Observatoire royal de Belgique rassemble l\u2019information relative \u00e0\u00a0l\u2019histoire, [&hellip;]<\/p>\n","protected":false},"author":2,"featured_media":0,"parent":190,"menu_order":0,"comment_status":"closed","ping_status":"closed","template":"","meta":[],"_links":{"self":[{"href":"https:\/\/robinfo.oma.be\/fr\/wp-json\/wp\/v2\/pages\/176"}],"collection":[{"href":"https:\/\/robinfo.oma.be\/fr\/wp-json\/wp\/v2\/pages"}],"about":[{"href":"https:\/\/robinfo.oma.be\/fr\/wp-json\/wp\/v2\/types\/page"}],"author":[{"embeddable":true,"href":"https:\/\/robinfo.oma.be\/fr\/wp-json\/wp\/v2\/users\/2"}],"replies":[{"embeddable":true,"href":"https:\/\/robinfo.oma.be\/fr\/wp-json\/wp\/v2\/comments?post=176"}],"version-history":[{"count":1,"href":"https:\/\/robinfo.oma.be\/fr\/wp-json\/wp\/v2\/pages\/176\/revisions"}],"predecessor-version":[{"id":177,"href":"https:\/\/robinfo.oma.be\/fr\/wp-json\/wp\/v2\/pages\/176\/revisions\/177"}],"up":[{"embeddable":true,"href":"https:\/\/robinfo.oma.be\/fr\/wp-json\/wp\/v2\/pages\/190"}],"wp:attachment":[{"href":"https:\/\/robinfo.oma.be\/fr\/wp-json\/wp\/v2\/media?parent=176"}],"curies":[{"name":"wp","href":"https:\/\/api.w.org\/{rel}","templated":true}]}}