{"id":1769,"date":"2020-01-09T16:26:36","date_gmt":"2020-01-09T16:26:36","guid":{"rendered":"http:\/\/robinfo.oma.be\/?page_id=1769"},"modified":"2023-05-24T10:43:15","modified_gmt":"2023-05-24T08:43:15","slug":"phases-de-la-lune-2020","status":"publish","type":"page","link":"https:\/\/robinfo.oma.be\/fr\/astro-info\/lune\/phases-de-la-lune-2020\/","title":{"rendered":"Phases de la lune 2020"},"content":{"rendered":"\n<p>Toutes les heures ont \u00e9t\u00e9 adapt\u00e9es en heure locale belge (UTC + 1 h en heure d\u2019hiver et UTC + 2 h en heure d\u2019\u00e9t\u00e9). <\/p>\n\n\n<p><span style=\"text-decoration: underline;\"><span style=\"font-size: 22px;\"><strong>Pour l&rsquo;ann\u00e9e 2020:<\/strong><\/span><\/span><\/p>\n\n\n<table><tr><th><a href=\"https:\/\/robinfo.oma.be\/fr\/lunaison\/\" target=\"_blank\"> Num\u00e9ro de lunaison <\/a><\/th><th>Nouvelle lune<\/th><th>Premier quartier<\/th><th>Pleine lune<\/th><th>Dernier quartier<\/th><\/tr><tr><th>1200<\/th><th>26 d&eacute;cembre 2019 &agrave; 06h13<\/th><th>03 janvier &agrave; 05h45<\/th><th>10 janvier &agrave; 20h21<\/th><th>17 janvier &agrave; 13h58<\/th><\/tr><tr><th>1201<\/th><th>24 janvier &agrave; 22h41<\/th><th>02 f&eacute;vrier &agrave; 02h41<\/th><th>09 f&eacute;vrier &agrave; 08h33<\/th><th>15 f&eacute;vrier &agrave; 23h17<\/th><\/tr><tr><th>1202<\/th><th>23 f&eacute;vrier &agrave; 16h31<\/th><th>02 mars &agrave; 20h57<\/th><th>09 mars &agrave; 18h47<\/th><th>16 mars &agrave; 10h34<\/th><\/tr><tr><th>1203<\/th><th>24 mars &agrave; 10h28<\/th><th>01 avril &agrave; 12h21<\/th><th>08 avril &agrave; 04h35<\/th><th>15 avril &agrave; 00h56<\/th><\/tr><tr><th>1204<\/th><th>23 avril &agrave; 04h25<\/th><th>30 avril &agrave; 22h38<\/th><th>07 mai &agrave; 12h45<\/th><th>14 mai &agrave; 16h02<\/th><\/tr><tr><th>1205<\/th><th>22 mai &agrave; 19h38<\/th><th>30 mai &agrave; 05h29<\/th><th>05 juin &agrave; 21h12<\/th><th>13 juin &agrave; 08h23<\/th><\/tr><tr><th>1206<\/th><th>21 juin &agrave; 08h41<\/th><th>28 juin &agrave; 10h15<\/th><th>05 juillet &agrave; 06h44<\/th><th>13 juillet &agrave; 01h28<\/th><\/tr><tr><th>1207<\/th><th>20 juillet &agrave; 19h32<\/th><th>27 juillet &agrave; 14h32<\/th><th>03 ao&ucirc;t &agrave; 17h58<\/th><th>11 ao&ucirc;t &agrave; 18h44<\/th><\/tr><tr><th>1208<\/th><th>19 ao&ucirc;t &agrave; 04h41<\/th><th>25 ao&ucirc;t &agrave; 19h57<\/th><th>02 septembre &agrave; 07h22<\/th><th>10 septembre &agrave; 11h25<\/th><\/tr><tr><th>1209<\/th><th>17 septembre &agrave; 13h00<\/th><th>24 septembre &agrave; 03h54<\/th><th>01 octobre &agrave; 23h05<\/th><th>10 octobre &agrave; 02h39<\/th><\/tr><tr><th>1210<\/th><th>16 octobre &agrave; 21h31<\/th><th>23 octobre &agrave; 15h22<\/th><th>31 octobre &agrave; 15h49<\/th><th>08 novembre &agrave; 14h46<\/th><\/tr><tr><th>1211<\/th><th>15 novembre &agrave; 06h07<\/th><th>22 novembre &agrave; 05h44<\/th><th>30 novembre &agrave; 10h29<\/th><th>08 d&eacute;cembre &agrave; 01h36<\/th><\/tr><tr><th>1212<\/th><th>14 d&eacute;cembre &agrave; 17h16<\/th><th>22 d&eacute;cembre &agrave; 00h41<\/th><th>30 d&eacute;cembre &agrave; 04h28<\/th><th>06 janvier 2021 &agrave; 10h37<\/th><\/tr><\/table>","protected":false},"excerpt":{"rendered":"<p>Toutes les heures ont \u00e9t\u00e9 adapt\u00e9es en heure locale belge (UTC + 1 h en heure d\u2019hiver et UTC + 2 h en heure d\u2019\u00e9t\u00e9). Pour l&rsquo;ann\u00e9e 2020:<\/p>\n","protected":false},"author":2,"featured_media":0,"parent":45,"menu_order":0,"comment_status":"closed","ping_status":"closed","template":"","meta":[],"_links":{"self":[{"href":"https:\/\/robinfo.oma.be\/fr\/wp-json\/wp\/v2\/pages\/1769"}],"collection":[{"href":"https:\/\/robinfo.oma.be\/fr\/wp-json\/wp\/v2\/pages"}],"about":[{"href":"https:\/\/robinfo.oma.be\/fr\/wp-json\/wp\/v2\/types\/page"}],"author":[{"embeddable":true,"href":"https:\/\/robinfo.oma.be\/fr\/wp-json\/wp\/v2\/users\/2"}],"replies":[{"embeddable":true,"href":"https:\/\/robinfo.oma.be\/fr\/wp-json\/wp\/v2\/comments?post=1769"}],"version-history":[{"count":6,"href":"https:\/\/robinfo.oma.be\/fr\/wp-json\/wp\/v2\/pages\/1769\/revisions"}],"predecessor-version":[{"id":4078,"href":"https:\/\/robinfo.oma.be\/fr\/wp-json\/wp\/v2\/pages\/1769\/revisions\/4078"}],"up":[{"embeddable":true,"href":"https:\/\/robinfo.oma.be\/fr\/wp-json\/wp\/v2\/pages\/45"}],"wp:attachment":[{"href":"https:\/\/robinfo.oma.be\/fr\/wp-json\/wp\/v2\/media?parent=1769"}],"curies":[{"name":"wp","href":"https:\/\/api.w.org\/{rel}","templated":true}]}}