{"id":185,"date":"2019-02-27T18:11:59","date_gmt":"2019-02-27T18:11:59","guid":{"rendered":"http:\/\/robinfo.oma.be\/?page_id=185"},"modified":"2025-01-08T15:41:36","modified_gmt":"2025-01-08T14:41:36","slug":"degagement-de-responsabilites","status":"publish","type":"page","link":"https:\/\/robinfo.oma.be\/fr\/mentions-legales\/degagement-de-responsabilites\/","title":{"rendered":"D\u00e9gagement de responsabilit\u00e9s"},"content":{"rendered":"<h5>G\u00e9n\u00e9ralit\u00e9s<\/h5>\n<p>L\u2019Observatoire royal de Belgique (ci-nomm\u00e9 \u201cORB\u201d) utilise les meilleurs standards techniques et veille \u00e0 fournir, dans la mesure du possible, une information compl\u00e8te, pr\u00e9cise, et actualis\u00e9e.<br \/>\nSi, toutefois, l\u2019information ainsi mise \u00e0 disposition devait se r\u00e9v\u00e9ler incompl\u00e8te ou comporter des erreurs, les utilisateurs sont invit\u00e9s \u00e0 en informer la personne responsable par e-mail \u00e0 l\u2019adresse <a href=\"mailto:info@observatoire.be\">info@observatoire.be<\/a> ou par courrier \u00e0 l\u2019adresse Services des renseignements, Observatoire royal de Belgique, 3 Avenue Circulaire \u00e0 1180 Bruxelles.<\/p>\n<p>L\u2019ORB d\u00e9cline toute responsabilit\u00e9 pour toute impr\u00e9cision ou toute erreur retrouv\u00e9e dans l\u2019information mise \u00e0 disposition. Ni l\u2019ORB ni aucune autre partie impliqu\u00e9e dans le d\u00e9veloppement, la production ou la mise \u00e0 disposition des donn\u00e9es ne pourront \u00eatre tenus responsables pour un dommage fortuit, un dommage indirect ou p\u00e9nalisant qui r\u00e9sulterait de l\u2019acc\u00e8s de l\u2019utilisateur ou de l\u2019utilisation de l\u2019information mise \u00e0 disposition ou l\u2019impossibilit\u00e9 d\u2019acc\u00e8der \u00e0 ou d\u2019utiliser l\u2019information mise \u00e0 disposition.<\/p>\n<h5>Communication des heures de lever et de coucher du soleil<\/h5>\n<p>Le lever et le coucher du soleil sont le moment o\u00f9 le sommet du soleil touche l\u2019horizon, en tenant compte de l\u2019effet de r\u00e9fraction.<br \/>\nLe cr\u00e9puscule commence\/se termine quand le centre du Soleil se situe 6\u00b0 en dessous de l\u2019horizon. D\u00e8s ce moment, il est possible\/impossible pour quelqu\u2019un, plac\u00e9 le dos tourn\u00e9 vers le point du lever ou du coucher de soleil, avant le lever de soleil\/apr\u00e8s le coucher de soleil, par temps clair et en plein air, de lire un texte imprim\u00e9.<br \/>\nLa visibilit\u00e9 est influenc\u00e9e par les conditions climatiques et topographiques locales et par l\u2019\u00e9ventuelle pr\u00e9sence de la lumi\u00e8re de la lune.<\/p>\n<h5>En mati\u00e8re d\u2019explication des observations<\/h5>\n<p>Une explication ne peut jamais \u00eatre consid\u00e9r\u00e9e comme certaine mais bien comme l\u2019explication la plus vraisemblable.<br \/>\nChaque explication est bas\u00e9e sur les donn\u00e9es communiqu\u00e9es par celui ou celle qui pose la question, telles que le moment d\u2019une observation, le lieu d\u2019observation, l\u2019emplacement de l\u2019observateur, la clart\u00e9, \u2026 Ces \u00e9l\u00e9ments sont si essentiels pour la recherche de l\u2019explication que la moindre impr\u00e9cision dans les donn\u00e9es communiqu\u00e9es peut conduire \u00e0 une toute autre explication.<br \/>\nPour la recherche d\u2019une explication, l\u2019ORB tiendra aussi compte d\u2019observations pr\u00e9c\u00e9dentes comparables. L\u2019ORB s\u2019efforce de trouver une explication mais est d\u00e9pendant de l\u2019exactitude avec laquelle la question est pos\u00e9e. Si celui ou celle qui pose la question n\u2019est pas suffisamment pr\u00e9cis quant \u00e0 son observation, il sera impossible pour l\u2019ORB de chercher une explication.<\/p>\n<h5>Questions religieuses<\/h5>\n<p>L\u2019ORB se limite \u00e0 communiquer la position des corps c\u00e9lestes. L\u2019ORB s\u2019abstient de toute interpr\u00e9tation religieuse ou philosophique.<\/p>\n<h5>En mati\u00e8re de Physique solaire et de m\u00e9t\u00e9o spatiale<\/h5>\n<p>Le service de Physique solaire et de M\u00e9t\u00e9o spatiale assure une surveillance de l\u2019activit\u00e9 solaire; activit\u00e9 qui peut avoir une incidence sur la Terre. Le service ne peut, en aucune mani\u00e8re, \u00eatre tenu responsable des \u00e9ventuels dommages occasionn\u00e9s par la m\u00e9t\u00e9o spatiale, qu\u2019elle ait \u00e9t\u00e9 pr\u00e9vue ou non.<\/p>\n<h5>En mati\u00e8re de S\u00e9ismologie<\/h5>\n<p>Le service de S\u00e9ismologie \u00e9tudie, entre autres, les tremblements de terre. Il est encore impossible, \u00e0 l\u2019heure actuelle, de pr\u00e9voir les tremblements de terre.<\/p>\n","protected":false},"excerpt":{"rendered":"<p>G\u00e9n\u00e9ralit\u00e9s L\u2019Observatoire royal de Belgique (ci-nomm\u00e9 \u201cORB\u201d) utilise les meilleurs standards techniques et veille \u00e0 fournir, dans la mesure du possible, une information compl\u00e8te, pr\u00e9cise, et actualis\u00e9e. Si, toutefois, l\u2019information ainsi mise \u00e0 disposition devait se r\u00e9v\u00e9ler incompl\u00e8te ou comporter des erreurs, les utilisateurs sont invit\u00e9s \u00e0 en informer la personne responsable par e-mail \u00e0 [&hellip;]<\/p>\n","protected":false},"author":2,"featured_media":0,"parent":190,"menu_order":0,"comment_status":"closed","ping_status":"closed","template":"","meta":[],"_links":{"self":[{"href":"https:\/\/robinfo.oma.be\/fr\/wp-json\/wp\/v2\/pages\/185"}],"collection":[{"href":"https:\/\/robinfo.oma.be\/fr\/wp-json\/wp\/v2\/pages"}],"about":[{"href":"https:\/\/robinfo.oma.be\/fr\/wp-json\/wp\/v2\/types\/page"}],"author":[{"embeddable":true,"href":"https:\/\/robinfo.oma.be\/fr\/wp-json\/wp\/v2\/users\/2"}],"replies":[{"embeddable":true,"href":"https:\/\/robinfo.oma.be\/fr\/wp-json\/wp\/v2\/comments?post=185"}],"version-history":[{"count":3,"href":"https:\/\/robinfo.oma.be\/fr\/wp-json\/wp\/v2\/pages\/185\/revisions"}],"predecessor-version":[{"id":4405,"href":"https:\/\/robinfo.oma.be\/fr\/wp-json\/wp\/v2\/pages\/185\/revisions\/4405"}],"up":[{"embeddable":true,"href":"https:\/\/robinfo.oma.be\/fr\/wp-json\/wp\/v2\/pages\/190"}],"wp:attachment":[{"href":"https:\/\/robinfo.oma.be\/fr\/wp-json\/wp\/v2\/media?parent=185"}],"curies":[{"name":"wp","href":"https:\/\/api.w.org\/{rel}","templated":true}]}}