{"id":1869,"date":"2019-11-19T15:57:39","date_gmt":"2019-11-19T15:57:39","guid":{"rendered":"http:\/\/robinfo.oma.be\/?page_id=1869"},"modified":"2021-05-07T19:08:24","modified_gmt":"2021-05-07T17:08:24","slug":"le-temps-universel-et-lheure-legale-en-belgique","status":"publish","type":"page","link":"https:\/\/robinfo.oma.be\/fr\/astro-info\/heure\/le-temps-universel-et-lheure-legale-en-belgique\/","title":{"rendered":"Le temps universel et l&rsquo;heure l\u00e9gale en Belgique"},"content":{"rendered":"<p>La Terre tourne en 24\u00a0h. L\u2019heure solaire est donc en permanence diff\u00e9rente d\u2019un lieu \u00e0 l\u2019autre. Jusqu\u2019au 1er\u00a0mai 1892, on utilisait en Belgique l\u2019heure locale (moyenne) qui, le plus souvent, \u00e9tait celle d\u2019une grande ville des environs. Vers la fin du 19e\u00a0si\u00e8cle, on a divis\u00e9 la Terre en <strong>24\u00a0fuseaux<\/strong> horaires, et la loi du 28\u00a0avril 1892 (entr\u00e9e en vigueur le 1er\u00a0mai 1892) a unifi\u00e9 l\u2019heure pour tout le pays. Selon cette loi, l\u2019heure de r\u00e9f\u00e9rence \u00e9tait l\u2019heure solaire moyenne du m\u00e9ridien de Greenwich, appel\u00e9e GMT (Greenwich Mean Time).<\/p>\n<p>En 1971, l\u2019heure de r\u00e9f\u00e9rence officielle mondiale devient le <strong>Temps universel coordonn\u00e9<\/strong> (UTC). Cette heure est bas\u00e9e sur la seconde atomique, d\u00e9finie en 1967 \u00e0 partir d\u2019une propri\u00e9t\u00e9 quantique de l\u2019atome de c\u00e9sium. Dans ce syst\u00e8me, le fuseau horaire UTC + 0\u00a0h correspond \u00e0 celui du m\u00e9ridien de Greenwich. Depuis le 10\u00a0septembre 2018, l\u2019heure l\u00e9gale en Belgique est align\u00e9e sur l\u2019UTC.<\/p>\n<p>L\u2019ancienne d\u00e9nomination GMT est encore parfois utilis\u00e9e \u00e0 la place d\u2019UTC. Cependant, les deux termes ne sont pas \u00e9quivalents. En effet, jusqu\u2019en 1925, selon le temps GMT, le jour commen\u00e7ait \u00e0 midi et non \u00e0 minuit. De plus, l\u2019heure GMT est bas\u00e9e sur des crit\u00e8res astronomiques (la rotation de la Terre), alors que l\u2019UTC est bas\u00e9 sur le temps atomique. En effet, la Terre ne tourne pas toujours exactement sur elle-m\u00eame en 24\u00a0heures, car sa rotation est perturb\u00e9e par divers processus physiques. Le temps atomique est par contre bien plus stable. Afin de maintenir l\u2019UTC le plus proche possible de la rotation de la Terre, on ajoute \u00e0 certaines p\u00e9riodes des secondes intercalaires.<\/p>\n<p>L\u2019Observatoire royal de Belgique r\u00e9alise l\u2019UTC pour tout le pays. Pour plus d\u2019information sur l\u2019UTC, la d\u00e9finition de la seconde, les secondes intercalaires et le travail de l\u2019Observatoire royal de Belgique sur l\u2019heure, visitez le <a href=\"https:\/\/betime.be\/fr\/index.php\" target=\"_blank\" rel=\"noopener noreferrer\">site du Bureau de l\u2019heure<\/a>.<\/p>\n","protected":false},"excerpt":{"rendered":"<p>La Terre tourne en 24\u00a0h. L\u2019heure solaire est donc en permanence diff\u00e9rente d\u2019un lieu \u00e0 l\u2019autre. Jusqu\u2019au 1er\u00a0mai 1892, on utilisait en Belgique l\u2019heure locale (moyenne) qui, le plus souvent, \u00e9tait celle d\u2019une grande ville des environs. Vers la fin du 19e\u00a0si\u00e8cle, on a divis\u00e9 la Terre en 24\u00a0fuseaux horaires, et la loi du 28\u00a0avril [&hellip;]<\/p>\n","protected":false},"author":2,"featured_media":0,"parent":59,"menu_order":0,"comment_status":"closed","ping_status":"closed","template":"","meta":[],"_links":{"self":[{"href":"https:\/\/robinfo.oma.be\/fr\/wp-json\/wp\/v2\/pages\/1869"}],"collection":[{"href":"https:\/\/robinfo.oma.be\/fr\/wp-json\/wp\/v2\/pages"}],"about":[{"href":"https:\/\/robinfo.oma.be\/fr\/wp-json\/wp\/v2\/types\/page"}],"author":[{"embeddable":true,"href":"https:\/\/robinfo.oma.be\/fr\/wp-json\/wp\/v2\/users\/2"}],"replies":[{"embeddable":true,"href":"https:\/\/robinfo.oma.be\/fr\/wp-json\/wp\/v2\/comments?post=1869"}],"version-history":[{"count":9,"href":"https:\/\/robinfo.oma.be\/fr\/wp-json\/wp\/v2\/pages\/1869\/revisions"}],"predecessor-version":[{"id":3560,"href":"https:\/\/robinfo.oma.be\/fr\/wp-json\/wp\/v2\/pages\/1869\/revisions\/3560"}],"up":[{"embeddable":true,"href":"https:\/\/robinfo.oma.be\/fr\/wp-json\/wp\/v2\/pages\/59"}],"wp:attachment":[{"href":"https:\/\/robinfo.oma.be\/fr\/wp-json\/wp\/v2\/media?parent=1869"}],"curies":[{"name":"wp","href":"https:\/\/api.w.org\/{rel}","templated":true}]}}