{"id":1878,"date":"2019-11-20T17:08:33","date_gmt":"2019-11-20T17:08:33","guid":{"rendered":"http:\/\/robinfo.oma.be\/?page_id=1878"},"modified":"2026-03-19T14:10:15","modified_gmt":"2026-03-19T13:10:15","slug":"le-fuseau-horaire-belge-et-le-systeme-du-changement-dheure","status":"publish","type":"page","link":"https:\/\/robinfo.oma.be\/fr\/astro-info\/heure\/le-fuseau-horaire-belge-et-le-systeme-du-changement-dheure\/","title":{"rendered":"Le fuseau horaire de la Belgique et le syst\u00e8me du changement d&rsquo;heure"},"content":{"rendered":"<p>G\u00e9ographiquement, la Belgique s\u2019\u00e9tend en longitude de 2,6 \u00e0 6,4 degr\u00e9s est. Selon la division en 24 fuseaux horaires, la Belgique se situe dans le fuseau de Greenwich.<\/p>\n<p><img loading=\"lazy\" class=\"aligncenter size-full wp-image-3273\" src=\"https:\/\/robinfo.oma.be\/wp-content\/uploads\/2021\/03\/carte-heure-FR-1024x805-1.png\" alt=\"\" width=\"1024\" height=\"805\" srcset=\"https:\/\/robinfo.oma.be\/wp-content\/uploads\/2021\/03\/carte-heure-FR-1024x805-1.png 1024w, https:\/\/robinfo.oma.be\/wp-content\/uploads\/2021\/03\/carte-heure-FR-1024x805-1-768x604.png 768w\" sizes=\"(max-width: 1024px) 100vw, 1024px\" \/>Notre temps correspond donc au temps de Greenwich, le temps universel (TU ou UT), maintenant <a href=\"https:\/\/robinfo.oma.be\/fr\/astro-info\/heure\/le-temps-universel-heure-dete-et-heure-dhiver\/\" target=\"_blank\" rel=\"noopener\">Temps universel coordonn\u00e9<\/a> (UTC). L&rsquo;ancienne d\u00e9nomination GMT (Greenwich Mean Time) est encore parfois utilis\u00e9e, mais elle n&rsquo;est pas tout \u00e0 fait correcte, puisque, jusqu&rsquo;en 1925, selon le temps GMT, le jour commen\u00e7ait \u00e0 midi. Le 1er mai 1892, l&rsquo;\u00c9tat belge a adopt\u00e9 l&rsquo;heure GMT (plus tard UTC) comme heure l\u00e9gale.<\/p>\n<p>Le syst\u00e8me du changement d&rsquo;heure a \u00e9t\u00e9 introduit pour la premi\u00e8re fois durant la Premi\u00e8re Guerre mondiale dans certains pays d&rsquo;Europe. Dans ces pays-l\u00e0, l&rsquo;heure l\u00e9gale est avanc\u00e9e d&rsquo;une heure \u00e0 certaines p\u00e9riodes d&rsquo;\u00e9t\u00e9 (UTC + 0 h en hiver et UTC+ 1 h en \u00e9t\u00e9 pour le fuseau horaire belge de l&rsquo;\u00e9poque). En Belgique, les territoires occup\u00e9es ont suivi l&rsquo;heure (et les changements d&rsquo;heure) de l&rsquo;Allemagne tandis que le reste du territoire suivaient l&rsquo;heure de Greenwich (UTC + 0 h).<\/p>\n<p>Lors de la Seconde Guerre mondiale, tous les territoires occup\u00e9s, dont la Belgique, ont \u00e9t\u00e9 amen\u00e9s \u00e0 adopter l\u2019heure de l\u2019Allemagne, soit (UTC + 1 h, heure d&rsquo;hiver et UTC + 2 h, heure \u00e9t\u00e9). En 1946, l&rsquo;heure d&rsquo;\u00e9t\u00e9 a \u00e9t\u00e9 supprim\u00e9, mais la Belgique d\u00e9cide de rester \u00e0 l&rsquo;heure de l&rsquo;Allemagne et une heure a \u00e9t\u00e9 ajout\u00e9e. Dans les arr\u00eat\u00e9s royaux, on parle d&rsquo;une \u00ab\u00a0avanc\u00e9e\u00a0\u00bb de l&rsquo;heure l\u00e9gale (UTC) de 60 minutes (UTC + 1 h). Depuis lors, notre pays a maintenu ce d\u00e9calage pour l&rsquo;heure d&rsquo;hiver.<\/p>\n<p>Le changement d&rsquo;heure a \u00e9t\u00e9 r\u00e9introduit en 1977. Depuis, on ajoute une heure de plus en \u00e9t\u00e9.\u00a0L\u2019heure l\u00e9gale en Belgique devient dor\u00e9navant UTC + 1 h en hiver et UTC + 2 h en \u00e9t\u00e9. Quand il est 13h UTC, il est en fait 14h en hiver et 15h en \u00e9t\u00e9.<\/p>\n<p><strong>Depuis 1996<\/strong>, le passage de l&rsquo;heure d&rsquo;hiver \u00e0 l&rsquo;heure d&rsquo;\u00e9t\u00e9 se fait dans la nuit de samedi \u00e0 dimanche<strong> le dernier weekend de mars<\/strong>, et le passage de l&rsquo;heure d&rsquo;\u00e9t\u00e9 \u00e0 l&rsquo;heure d&rsquo;hiver la nuit du samedi au dimanche <strong>du dernier weekend d&rsquo;octobre<\/strong>.<\/p>\n<p>Le tableau ci-dessous pr\u00e9sente les derni\u00e8res dates de passages des heures d&rsquo;hiver aux heures d&rsquo;\u00e9t\u00e9 et inversement.<\/p>\n<p><a href=\"https:\/\/robinfo.oma.be\/fr\/astro-info\/heure\/le-fuseau-horaire-belge-et-le-systeme-du-changement-dheure\/les-dates-de-changements-dheures-en-belgique\/\" target=\"_blank\" rel=\"noopener noreferrer\">Liste compl\u00e8te des dates de changement d&rsquo;heure pour la Belgique<\/a><\/p>\n<table>\n<tbody>\n<tr>\n<td><center>\u00e0 l&rsquo;heure d&rsquo;hiver (UTC+ 1 heure)<\/center><\/td>\n<td><center>29.10.2028<\/center><\/td>\n<\/tr>\n<tr>\n<td><center>\u00e0 l&rsquo;heure d&rsquo;\u00e9t\u00e9 (UTC+ 2 heures)<\/center><\/td>\n<td><center>26.03.2028<\/center><\/td>\n<\/tr>\n<tr>\n<td><center>\u00e0 l&rsquo;heure d&rsquo;hiver (UTC+ 1 heure)<\/center><\/td>\n<td><center>31.10.2027<\/center><\/td>\n<\/tr>\n<tr>\n<td><center>\u00e0 l&rsquo;heure d&rsquo;\u00e9t\u00e9 (UTC+ 2 heures)<\/center><\/td>\n<td><center>28.03.2027<\/center><\/td>\n<\/tr>\n<tr>\n<td><center>\u00e0 l&rsquo;heure d&rsquo;hiver (UTC+ 1 heure)<\/center><\/td>\n<td><center>25.10.2026<\/center><\/td>\n<\/tr>\n<tr>\n<td><center><strong>\u00e0 l&rsquo;heure d&rsquo;\u00e9t\u00e9 (UTC+ 2 heures)<\/strong><\/center><\/td>\n<td><center><strong>29.03.2026<\/strong><\/center><\/td>\n<\/tr>\n<tr>\n<td><center>\u00e0 l&rsquo;heure d&rsquo;hiver (UTC+ 1 heure)<\/center><\/td>\n<td><center>26.10.2025<\/center><\/td>\n<\/tr>\n<tr>\n<td><center>\u00e0 l&rsquo;heure d&rsquo;\u00e9t\u00e9 (UTC+ 2 heures)<\/center><\/td>\n<td><center>30.03.2025<\/center><\/td>\n<\/tr>\n<tr>\n<td><center>\u00e0 l&rsquo;heure d&rsquo;hiver (UTC+ 1 heure)<\/center><\/td>\n<td><center>27.10.2024<\/center><\/td>\n<\/tr>\n<tr>\n<td><center>\u00e0 l&rsquo;heure d&rsquo;\u00e9t\u00e9 (UTC+ 2 heures)<\/center><\/td>\n<td><center>31.03.2024<\/center><\/td>\n<\/tr>\n<tr>\n<td><center>\u00e0 l&rsquo;heure d&rsquo;hiver (UTC+ 1 heure)<\/center><\/td>\n<td><center>29.10.2023<\/center><\/td>\n<\/tr>\n<tr>\n<td><center>\u00e0 l&rsquo;heure d&rsquo;\u00e9t\u00e9 (UTC+ 2 heures)<\/center><\/td>\n<td><center>26.03.2023<\/center><\/td>\n<\/tr>\n<tr>\n<td><center>\u00e0 l&rsquo;heure d&rsquo;hiver (UTC+ 1 heure)<\/center><\/td>\n<td><center>30.10.2022<\/center><\/td>\n<\/tr>\n<tr>\n<td><center>\u00e0 l&rsquo;heure d&rsquo;\u00e9t\u00e9 (UTC+ 2 heures)<\/center><\/td>\n<td><center>27.03.2022<\/center><\/td>\n<\/tr>\n<tr>\n<td><center>\u00e0 l&rsquo;heure d&rsquo;hiver (UTC+ 1 heure)<\/center><\/td>\n<td><center>31.10.2021<\/center><\/td>\n<\/tr>\n<tr>\n<td><center>\u00e0 l&rsquo;heure d&rsquo;\u00e9t\u00e9 (UTC+ 2 heures)<\/center><\/td>\n<td><center>28.03.2021<\/center><\/td>\n<\/tr>\n<tr>\n<td><center>\u00e0 l&rsquo;heure d&rsquo;hiver (UTC+ 1 heure)<\/center><\/td>\n<td><center>25.10.2020<\/center><\/td>\n<\/tr>\n<tr>\n<td><center>\u00e0 l&rsquo;heure d&rsquo;\u00e9t\u00e9 (UTC+ 2 heures)<\/center><\/td>\n<td><center>29.03.2020<\/center><\/td>\n<\/tr>\n<tr>\n<td><center>\u00e0 l&rsquo;heure d&rsquo;hiver (UTC+ 1 heure)<\/center><\/td>\n<td><center>27.10.2019<\/center><\/td>\n<\/tr>\n<tr>\n<td><center>\u00e0 l&rsquo;heure d&rsquo;\u00e9t\u00e9 (UTC+ 2 heures)<\/center><\/td>\n<td><center>31.03.2019<\/center><\/td>\n<\/tr>\n<tr>\n<td><center>\u00e0 l&rsquo;heure d&rsquo;hiver (UTC+ 1 heure)<\/center><\/td>\n<td><center>28.10.2018<\/center><\/td>\n<\/tr>\n<tr>\n<td><center>\u00e0 l&rsquo;heure d&rsquo;\u00e9t\u00e9 (UTC+ 2 heures)<\/center><\/td>\n<td><center>25.03.2018<\/center><\/td>\n<\/tr>\n<tr>\n<td><center>\u00e0 l&rsquo;heure d&rsquo;hiver (UTC+ 1 heure)<\/center><\/td>\n<td><center>29.10.2017<\/center><\/td>\n<\/tr>\n<tr>\n<td><center>\u00e0 l&rsquo;heure d&rsquo;\u00e9t\u00e9 (UTC+ 2 heures)<\/center><\/td>\n<td><center>26.03.2017<\/center><\/td>\n<\/tr>\n<tr>\n<td><center>\u00e0 l&rsquo;heure d&rsquo;hiver (UTC+ 1 heure)<\/center><\/td>\n<td><center>30.10.2016<\/center><\/td>\n<\/tr>\n<tr>\n<td><center>\u00e0 l&rsquo;heure d&rsquo;\u00e9t\u00e9 (UTC+ 2 heures)<\/center><\/td>\n<td><center>27.03.2016<\/center><\/td>\n<\/tr>\n<tr>\n<td><center>\u00e0 l&rsquo;heure d&rsquo;hiver (UTC+ 1 heure)<\/center><\/td>\n<td><center>26.10.2015<\/center><\/td>\n<\/tr>\n<tr>\n<td><center>\u00e0 l&rsquo;heure d&rsquo;\u00e9t\u00e9 (UTC+ 2 heures)<\/center><\/td>\n<td><center>29.03.2015<\/center><\/td>\n<\/tr>\n<tr>\n<td><center>\u00e0 l&rsquo;heure d&rsquo;hiver (UTC+ 1heure)<\/center><\/td>\n<td><center>26.10.2014<\/center><\/td>\n<\/tr>\n<tr>\n<td><center>\u00e0 l&rsquo;heure d&rsquo;\u00e9t\u00e9 (UTC+ 2 heures)<\/center><\/td>\n<td><center>30.03.2014<\/center><\/td>\n<\/tr>\n<tr>\n<td><center>\u00e0 l&rsquo;heure d&rsquo;hiver (UTC+ 1 heure)<\/center><\/td>\n<td><center>27.10.2013<\/center><\/td>\n<\/tr>\n<tr>\n<td><center>\u00e0 l&rsquo;heure d&rsquo;\u00e9t\u00e9 (UTC+ 2 heures)<\/center><\/td>\n<td><center>31.03.2013<\/center><\/td>\n<\/tr>\n<tr>\n<td><center>\u00e0 l&rsquo;heure d&rsquo;hiver (UTC+ 1 heure)<\/center><\/td>\n<td><center>28.10.2012<\/center><\/td>\n<\/tr>\n<tr>\n<td><center>\u00e0 l&rsquo;heure d&rsquo;\u00e9t\u00e9 (UTC+ 2 heures)<\/center><\/td>\n<td><center>25.03.2012<\/center><\/td>\n<\/tr>\n<tr>\n<td><center>\u00e0 l&rsquo;heure d&rsquo;hiver (UTC+ 1 heure)<\/center><\/td>\n<td><center>30.10.2011<\/center><\/td>\n<\/tr>\n<tr>\n<td><center>\u00e0 l&rsquo;heure d&rsquo;\u00e9t\u00e9 (UTC+ 2 heures)<\/center><\/td>\n<td><center>27.03.2011<\/center><\/td>\n<\/tr>\n<tr>\n<td><center>\u00e0 l&rsquo;heure d&rsquo;hiver (UTC+ 1heure)<\/center><\/td>\n<td><center>31.10.2010<\/center><\/td>\n<\/tr>\n<tr>\n<td><center>\u00e0 l&rsquo;heure d&rsquo;\u00e9t\u00e9 (UTC+ 2 heures)<\/center><\/td>\n<td><center>28.03.2010<\/center><\/td>\n<\/tr>\n<tr>\n<td><center>\u00e0 l&rsquo;heure d&rsquo;hiver (UTC+ 1 heure)<\/center><\/td>\n<td><center>25.10.2009<\/center><\/td>\n<\/tr>\n<tr>\n<td><center>\u00e0 l&rsquo;heure d&rsquo;\u00e9t\u00e9 (UTC+ 2 heures)<\/center><\/td>\n<td><center>29.03.2009<\/center><\/td>\n<\/tr>\n<tr>\n<td><center>\u00e0 l&rsquo;heure d&rsquo;hiver (UTC+ 1 heure)<\/center><\/td>\n<td><center>26.10.2008<\/center><\/td>\n<\/tr>\n<tr>\n<td><center>\u00e0 l&rsquo;heure d&rsquo;\u00e9t\u00e9 (UTC+ 2 heures)<\/center><\/td>\n<td><center>30.03.2008<\/center><\/td>\n<\/tr>\n<tr>\n<td><center>\u00e0 l&rsquo;heure d&rsquo;hiver (UTC+ 1 heure)<\/center><\/td>\n<td><center>28.10.2007<\/center><\/td>\n<\/tr>\n<tr>\n<td><center>\u00e0 l&rsquo;heure d&rsquo;\u00e9t\u00e9 (UTC+ 2 heures)<\/center><\/td>\n<td><center>25.03.2007<\/center><\/td>\n<\/tr>\n<\/tbody>\n<\/table>\n<hr \/>\n<p>Les changements d&rsquo;heure ont lieu le dimanche matin, \u00e0 1 h (UTC). Pour les passages \u00e0 l&rsquo;heure d&rsquo;hiver en Belgique (dernier dimanche d&rsquo;octobre), \u00e0 3 h , l&rsquo;heure locale devient 2h, heure locale. Pour le passage \u00e0 l&rsquo;heure d&rsquo;\u00e9t\u00e9 (dernier dimanche de mars), 2h, heure locale, devient 3h, heure locale.<\/p>\n<p>Les passages sont r\u00e9gl\u00e9s par arr\u00eat\u00e9 royal par le ministre des Affaires int\u00e9rieures en accord avec les directives du Parlement europ\u00e9en et de l&rsquo;Union europ\u00e9enne.<br \/>\n(par exemple: pour les ann\u00e9es 1998-2001, elles ont paru dans le Moniteur belge du 19.12.1997, p.34256).<\/p>\n<p>Pour la p\u00e9riode apr\u00e8s 2001, on suit la directive (<a href=\"http:\/\/eur-lex.europa.eu\/LexUriServ\/LexUriServ.do?uri=OJ:L:2001:031:0021:0022:FR:PDF\" target=\"_blank\" rel=\"noopener noreferrer\">PDF<\/a>) du Parlement europ\u00e9en et du Conseil du 19 janvier 2001. Cette directive est transpos\u00e9e en<br \/>\ndroit interne pour la Belgique par l&rsquo;Arr\u00eat\u00e9 royal du 19 d\u00e9cembre 2001 (paru au <a href=\"http:\/\/www.ejustice.just.fgov.be\/cgi\/article_body.pl?numac=2001001327&amp;caller=list&amp;article_lang=F&amp;row_id=1&amp;numero=17&amp;pub_date=2001-12-28&amp;set3=set+character_variant+%27french.ftl%27&amp;language=fr&amp;fr=f&amp;choix1=ET&amp;choix2=ET&amp;text1=heure+d%27%E9t%E9&amp;fromtab=+moftxt&amp;sql=%28+text+contains+proximity+50+characters%28+%27heure%27%26+%27d%27%26+%27%E9t%E9%27%29+++%29++&amp;tri=dd+AS+RANK+&amp;trier=promulgation&amp;set1=set+stopfile+%27MOF.stp%27\" target=\"_blank\" rel=\"noopener noreferrer\">Moniteur belge du 28 d\u00e9cembre 2001<\/a> et <a href=\"http:\/\/www.ejustice.just.fgov.be\/cgi\/article_body.pl?numac=2002000095&amp;caller=list&amp;article_lang=F&amp;row_id=1&amp;numero=18&amp;pub_date=2002-02-01&amp;set3=set+character_variant+%27french.ftl%27&amp;language=fr&amp;fr=f&amp;choix1=ET&amp;choix2=ET&amp;text1=heure+d%27%E9t%E9&amp;fromtab=+moftxt&amp;sql=%28+text+contains+proximity+50+characters%28+%27heure%27%26+%27d%27%26+%27%E9t%E9%27%29+++%29++&amp;tri=dd+AS+RANK+&amp;trier=promulgation&amp;set1=set+stopfile+%27MOF.stp%27\" target=\"_blank\" rel=\"noopener noreferrer\">01.02.2002<\/a>).<\/p>\n<p>Cet Arr\u00eat\u00e9 pr\u00e9cise que, \u00e0 partir de l&rsquo;ann\u00e9e 2002, l&rsquo;avance sur l&rsquo;heure l\u00e9gale, fix\u00e9e \u00e0 soixante minutes, sera port\u00e9e \u00e0 cent vingt minutes le dernier dimanche de mars, \u00e0 1 heure du matin, temps universel (2 heures, heure locale) et qu&rsquo;elle sera ramen\u00e9e \u00e0 soixante minutes le dernier dimanche d&rsquo;octobre, \u00e0 1 heure du matin, temps universel (3 heures, heure locale).<\/p>\n<p>Comme on n&rsquo;a pas pr\u00e9cis\u00e9 de date limite, le passage annuel de l&rsquo;heure d&rsquo;\u00e9t\u00e9 \u00e0 l&rsquo;heure d&rsquo;hiver (et inversement) a \u00e9t\u00e9 \u00e9tabli pour une p\u00e9riode ind\u00e9termin\u00e9e.<\/p>\n<p>L\u2019Europe a r\u00e9cemment d\u00e9cid\u00e9 de supprimer le changement d\u2019heure. La Belgique et ses voisins doivent choisir s\u2019ils resteront en permanence \u00e0 l\u2019heure d\u2019hiver (UTC+1h) ou l\u2019heure d\u2019\u00e9t\u00e9 (UTC+2h). Afin que vous soyez inform\u00e9 des cons\u00e9quences de l&rsquo;un ou l&rsquo;autre choix, le Bureau de l&rsquo;Heure de l&rsquo;Observatoire royal de Belgique a compil\u00e9 un <a href=\"https:\/\/betime.be\/documents\/heure-ete-hiver.pdf\" target=\"_blank\" rel=\"noopener\">dossier<\/a> qui pr\u00e9sente pour la Belgique les donn\u00e9es astronomiques.<\/p>\n","protected":false},"excerpt":{"rendered":"<p>G\u00e9ographiquement, la Belgique s\u2019\u00e9tend en longitude de 2,6 \u00e0 6,4 degr\u00e9s est. Selon la division en 24 fuseaux horaires, la Belgique se situe dans le fuseau de Greenwich. Notre temps correspond donc au temps de Greenwich, le temps universel (TU ou UT), maintenant Temps universel coordonn\u00e9 (UTC). L&rsquo;ancienne d\u00e9nomination GMT (Greenwich Mean Time) est encore [&hellip;]<\/p>\n","protected":false},"author":2,"featured_media":0,"parent":59,"menu_order":0,"comment_status":"closed","ping_status":"closed","template":"","meta":[],"_links":{"self":[{"href":"https:\/\/robinfo.oma.be\/fr\/wp-json\/wp\/v2\/pages\/1878"}],"collection":[{"href":"https:\/\/robinfo.oma.be\/fr\/wp-json\/wp\/v2\/pages"}],"about":[{"href":"https:\/\/robinfo.oma.be\/fr\/wp-json\/wp\/v2\/types\/page"}],"author":[{"embeddable":true,"href":"https:\/\/robinfo.oma.be\/fr\/wp-json\/wp\/v2\/users\/2"}],"replies":[{"embeddable":true,"href":"https:\/\/robinfo.oma.be\/fr\/wp-json\/wp\/v2\/comments?post=1878"}],"version-history":[{"count":17,"href":"https:\/\/robinfo.oma.be\/fr\/wp-json\/wp\/v2\/pages\/1878\/revisions"}],"predecessor-version":[{"id":4651,"href":"https:\/\/robinfo.oma.be\/fr\/wp-json\/wp\/v2\/pages\/1878\/revisions\/4651"}],"up":[{"embeddable":true,"href":"https:\/\/robinfo.oma.be\/fr\/wp-json\/wp\/v2\/pages\/59"}],"wp:attachment":[{"href":"https:\/\/robinfo.oma.be\/fr\/wp-json\/wp\/v2\/media?parent=1878"}],"curies":[{"name":"wp","href":"https:\/\/api.w.org\/{rel}","templated":true}]}}