{"id":190,"date":"2019-02-27T18:18:06","date_gmt":"2019-02-27T18:18:06","guid":{"rendered":"http:\/\/robinfo.oma.be\/?page_id=190"},"modified":"2019-02-27T18:18:06","modified_gmt":"2019-02-27T18:18:06","slug":"mentions-legales","status":"publish","type":"page","link":"https:\/\/robinfo.oma.be\/fr\/mentions-legales\/","title":{"rendered":"Mentions l\u00e9gales"},"content":{"rendered":"<ul>\n<li><a href=\"https:\/\/robinfo.oma.be\/fr\/declaration-de-confidentialite\/\" target=\"_blank\" rel=\"noopener\">D\u00e9claration de confidentialit\u00e9<\/a><\/li>\n<li><a href=\"https:\/\/robinfo.oma.be\/fr\/conditions-dutilisation\/\" target=\"_blank\" rel=\"noopener\">Conditions d&rsquo;utilisation<\/a><\/li>\n<li><a href=\"https:\/\/robinfo.oma.be\/fr\/utilisation-des-cookies\/\" target=\"_blank\" rel=\"noopener\">Utilisation des cookies<\/a><\/li>\n<li><a href=\"https:\/\/robinfo.oma.be\/fr\/politique-de-donnees\/\" target=\"_blank\" rel=\"noopener\">Politique des donn\u00e9es<\/a><\/li>\n<li><a href=\"https:\/\/robinfo.oma.be\/fr\/degagement-de-responsabilites\/\" target=\"_blank\" rel=\"noopener\">D\u00e9gagement de responsabilit\u00e9s<\/a><\/li>\n<\/ul>\n","protected":false},"excerpt":{"rendered":"<p>D\u00e9claration de confidentialit\u00e9 Conditions d&rsquo;utilisation Utilisation des cookies Politique des donn\u00e9es D\u00e9gagement de responsabilit\u00e9s<\/p>\n","protected":false},"author":2,"featured_media":0,"parent":0,"menu_order":0,"comment_status":"closed","ping_status":"closed","template":"","meta":[],"_links":{"self":[{"href":"https:\/\/robinfo.oma.be\/fr\/wp-json\/wp\/v2\/pages\/190"}],"collection":[{"href":"https:\/\/robinfo.oma.be\/fr\/wp-json\/wp\/v2\/pages"}],"about":[{"href":"https:\/\/robinfo.oma.be\/fr\/wp-json\/wp\/v2\/types\/page"}],"author":[{"embeddable":true,"href":"https:\/\/robinfo.oma.be\/fr\/wp-json\/wp\/v2\/users\/2"}],"replies":[{"embeddable":true,"href":"https:\/\/robinfo.oma.be\/fr\/wp-json\/wp\/v2\/comments?post=190"}],"version-history":[{"count":1,"href":"https:\/\/robinfo.oma.be\/fr\/wp-json\/wp\/v2\/pages\/190\/revisions"}],"predecessor-version":[{"id":191,"href":"https:\/\/robinfo.oma.be\/fr\/wp-json\/wp\/v2\/pages\/190\/revisions\/191"}],"wp:attachment":[{"href":"https:\/\/robinfo.oma.be\/fr\/wp-json\/wp\/v2\/media?parent=190"}],"curies":[{"name":"wp","href":"https:\/\/api.w.org\/{rel}","templated":true}]}}