{"id":2379,"date":"2020-01-08T18:24:44","date_gmt":"2020-01-08T18:24:44","guid":{"rendered":"http:\/\/robinfo.oma.be\/?page_id=2379"},"modified":"2021-05-07T19:19:07","modified_gmt":"2021-05-07T17:19:07","slug":"lunaison","status":"publish","type":"page","link":"https:\/\/robinfo.oma.be\/fr\/astro-info\/lune\/lunaison\/","title":{"rendered":"Lunaison et num\u00e9ro de la lunaison"},"content":{"rendered":"<p>Une lunaison, ou mois lunaire, est l&rsquo;intervalle de temps s\u00e9parant deux nouvelles lunes. Le terme astronomique pour une lunaison est un mois synodique, du terme grec <em>synodos<\/em>, qui signifie rencontre ou conjonction. La r\u00e9volution synodique de la Lune commence \u00e0 chaque nouvelle lune, lorsque le Soleil et la Terre sont align\u00e9s sur les c\u00f4t\u00e9s oppos\u00e9s de la Lune, et s&rsquo;arr\u00eate \u00e0 la nouvelle lune suivante. Elle dure environ 29,5 jours. Sa dur\u00e9e exacte varie l\u00e9g\u00e8rement, en raison de la forme elliptique de l&rsquo;orbite de la Lune.<\/p>\n<h3>Num\u00e9ro de lunaison<\/h3>\n<p>En astronomie, il est plus courant d&rsquo;utiliser le <strong>syst\u00e8me de num\u00e9rotation de la lunaison de Brown<\/strong> pour les mois lunaires. Ce syst\u00e8me a \u00e9t\u00e9 invent\u00e9 par le professeur Ernest W. Brown de l&rsquo;Universit\u00e9 de Yale (\u00c9tats-Unis) et pr\u00e9sent\u00e9 dans le livre <em>Planetary Theory<\/em> de 1933, que Brown a co-\u00e9crit avec le professeur adjoint Clarence A. Shook.<\/p>\n<p>Dans le syst\u00e8me de Brown, la <strong>lunaison num\u00e9ro 1<\/strong> d\u00e9bute \u00e0 la premi\u00e8re nouvelle lune de 1923, qui avait eu lieu le <strong>17 janvier 1923<\/strong>. Par cons\u00e9quent, les num\u00e9ros de lunaisons pour les ann\u00e9es ant\u00e9rieures \u00e0 1923 sont n\u00e9gatifs.<\/p>\n","protected":false},"excerpt":{"rendered":"<p>Une lunaison, ou mois lunaire, est l&rsquo;intervalle de temps s\u00e9parant deux nouvelles lunes. Le terme astronomique pour une lunaison est un mois synodique, du terme grec synodos, qui signifie rencontre ou conjonction. La r\u00e9volution synodique de la Lune commence \u00e0 chaque nouvelle lune, lorsque le Soleil et la Terre sont align\u00e9s sur les c\u00f4t\u00e9s oppos\u00e9s [&hellip;]<\/p>\n","protected":false},"author":2,"featured_media":0,"parent":45,"menu_order":0,"comment_status":"closed","ping_status":"closed","template":"","meta":[],"_links":{"self":[{"href":"https:\/\/robinfo.oma.be\/fr\/wp-json\/wp\/v2\/pages\/2379"}],"collection":[{"href":"https:\/\/robinfo.oma.be\/fr\/wp-json\/wp\/v2\/pages"}],"about":[{"href":"https:\/\/robinfo.oma.be\/fr\/wp-json\/wp\/v2\/types\/page"}],"author":[{"embeddable":true,"href":"https:\/\/robinfo.oma.be\/fr\/wp-json\/wp\/v2\/users\/2"}],"replies":[{"embeddable":true,"href":"https:\/\/robinfo.oma.be\/fr\/wp-json\/wp\/v2\/comments?post=2379"}],"version-history":[{"count":4,"href":"https:\/\/robinfo.oma.be\/fr\/wp-json\/wp\/v2\/pages\/2379\/revisions"}],"predecessor-version":[{"id":3563,"href":"https:\/\/robinfo.oma.be\/fr\/wp-json\/wp\/v2\/pages\/2379\/revisions\/3563"}],"up":[{"embeddable":true,"href":"https:\/\/robinfo.oma.be\/fr\/wp-json\/wp\/v2\/pages\/45"}],"wp:attachment":[{"href":"https:\/\/robinfo.oma.be\/fr\/wp-json\/wp\/v2\/media?parent=2379"}],"curies":[{"name":"wp","href":"https:\/\/api.w.org\/{rel}","templated":true}]}}