{"id":287,"date":"2019-03-07T17:19:22","date_gmt":"2019-03-07T17:19:22","guid":{"rendered":"http:\/\/robinfo.oma.be\/?page_id=287"},"modified":"2022-04-12T17:08:08","modified_gmt":"2022-04-12T15:08:08","slug":"le-calendrier-romain-et-le-calendrier-julien","status":"publish","type":"page","link":"https:\/\/robinfo.oma.be\/fr\/astro-info\/calendrier\/le-calendrier-romain-et-le-calendrier-julien\/","title":{"rendered":"Le calendrier romain et le calendrier julien"},"content":{"rendered":"<p>L\u2019expression <strong>\u00ab\u2009calendrier romain<\/strong>\u2009\u00bb d\u00e9signe l\u2019ensemble des calendriers utilis\u00e9s par les Romains jusqu\u2019\u00e0 la cr\u00e9ation du calendrier julien en 45 av. J.-C par Jules C\u00e9sar.<\/p>\n<p>On sait peu de choses sur les calendriers que les Romains utilisaient avant la r\u00e9forme du calendrier julien, et il est possible qu\u2019une grande partie de nos connaissances sur ce sujet ne soient que des conjectures. Mais il est clair que beaucoup des d\u00e9tails donn\u00e9s par certains textes ou r\u00e9cits populaires sur le calendrier romain, qui peuvent contenir une part de v\u00e9rit\u00e9, ne sont pas bas\u00e9s sur des faits historiques.<\/p>\n<h2>Les premiers calendriers romains<\/h2>\n<p>Selon la l\u00e9gende, le premier calendrier romain a \u00e9t\u00e9 introduit par le co-fondateur de Rome, la figure mythique Romulus, en l\u2019an\u00a0753 av. J.-C., l\u2019ann\u00e9e\u00a01 du calendrier romain (AUC\u00a0: <em>ab urbe condita,<\/em> depuis la fondation de la ville).<\/p>\n<p>Ce calendrier aurait eu 10\u00a0mois sur une ann\u00e9e, avec un total de 304\u00a0jours. Il est possible que les peuples qui habitaient l\u2019Italie vers 700 av. J.-C. utilisent des calendriers de 10\u00a0mois, mais ce n\u2019\u00e9tait certainement pas pratique. Le d\u00e9but de l\u2019ann\u00e9e commen\u00e7ait \u00e0 l\u2019\u00e9poque de l\u2019\u00e9quinoxe de printemps, et apr\u00e8s le 10<sup>e<\/sup>\u00a0mois, on introduisait une p\u00e9riode hivernale intercalaire d\u2019une dur\u00e9e \u00ab\u2009suffisante\u2009\u00bb pour \u00e9viter un trop grand d\u00e9calage avec les saisons.<\/p>\n<p>Les noms de ces mois \u00e9taient\u00a0: Martius (li\u00e9 au dieu Mars), Aprilis (li\u00e9 \u00e0 Aperta, le surnom d\u2019Apollon\u2009?), Maius (un autre nom pour Jupiter), June (li\u00e9 \u00e0 la d\u00e9esse Junon), puis Quintilis (5<sup>e<\/sup>\u00a0mois), Sextilis (6<sup> e<\/sup>), September (7<sup> e<\/sup>), October (8<sup> e<\/sup>), November (9<sup> e<\/sup>), December (10<sup>e<\/sup>). Mais ces noms peuvent \u00eatre des \u00ab\u2009inventions\u2009\u00bb ult\u00e9rieures.<\/p>\n<h2>Dix, douze ou treize mois\u2009?<\/h2>\n<p>Toujours d\u2019apr\u00e8s les r\u00e9cits, le deuxi\u00e8me roi de Rome, Numa Pompilius (715-673 av. J.-C., mais c\u2019\u00e9tait peut-\u00eatre un personnage mythique), le successeur de Romulus, a ajout\u00e9 deux mois au calendrier\u00a0: Februarius en Januarius. Ces mois sont plac\u00e9s avant Martius, de sorte que la signification des noms des mois ne correspondait plus au num\u00e9ro de rang. Vers 450 av. J.-C. Februarius et Januarius ont \u00e9t\u00e9 \u00e9chang\u00e9s et le premier mois de l\u2019ann\u00e9e a commenc\u00e9 d\u00e8s lors par Januarius.<\/p>\n<p>Le nombre de jours que comportait chaque mois n\u2019est pas tout \u00e0 fait clair. Selon certains, Martius comprenait 31\u00a0jours, Aprilis\u00a030 et les mois suivants alternativement 31 et 30. Mais September avait 30\u00a0jours, October\u00a031 et November et December\u00a030 chacun. Numa Pompilius a retir\u00e9 1\u00a0jour de chaque mois qui contient 30\u00a0jours et a donn\u00e9 29\u00a0jours au mois Januarius et 28 au mois Februarius. L\u2019ann\u00e9e a donc dur\u00e9 355\u00a0jours.<\/p>\n<p>Pour que les saisons tombent \u00e0 peu pr\u00e8s au m\u00eame moment de l\u2019ann\u00e9e, on ajoute parfois \u00e0 la fin de l\u2019ann\u00e9e, un mois suppl\u00e9mentaire (nomm\u00e9 Intercalaris ou Mercedonius avec 22 ou 23\u00a0jours, bien qu\u2019il y ait quelques d\u00e9saccords parmi les experts sur la dur\u00e9e de ce mois).<\/p>\n<p>En ins\u00e9rant alternativement une ann\u00e9e, avec et sans mois intercalaire, sur une p\u00e9riode de 8\u00a0ans et en laissant le mois intercalaire durer 22 ou 23\u00a0jours, on obtient un total de 2930\u00a0jours ou une moyenne de 366,25\u00a0jours par ann\u00e9e, ce qui \u00e9tait \u00e0 pr\u00e8s d\u2019un jour trop long par rapport \u00e0 la p\u00e9riode r\u00e9elle de r\u00e9volution de la Terre autour du Soleil. Par cons\u00e9quent, on retirait 7\u00a0jours \u00e0 la huiti\u00e8me ann\u00e9e.<\/p>\n<p>Mais tout ceci reste de la th\u00e9orie. Dans la pratique, c\u2019\u00e9tait le devoir des grands pontifes, les pr\u00eatres de l\u2019\u00e9poque, de suivre les calendriers et d\u2019ins\u00e9rer les mois intercalaires. Mais ils \u00e9chouaient lamentablement, en partie \u00e0 cause de l\u2019ignorance, mais aussi pour des raisons politiques (guerres, f\u00eates\u2026), financi\u00e8res (transactions, imp\u00f4ts), juridiques (litiges\u2026) ou religieuses (sacrifices, superstition, peur de tous les nombres pairs\u2026).<\/p>\n<p>\u00c0 l\u2019\u00e9poque de Jules C\u00e9sar, la diff\u00e9rence entre l\u2019ann\u00e9e civile et l\u2019ann\u00e9e solaire s\u2019\u00e9levait \u00e0 pr\u00e8s de deux mois.<\/p>\n<h2>La r\u00e9forme du calendrier julien<\/h2>\n<p>Jules C\u00e9sar a r\u00e9form\u00e9 le calendrier, sur les conseils de plusieurs savants, dont Sosig\u00e8ne, un astronome d\u2019Alexandrie. Jules C\u00e9sar a introduit une ann\u00e9e de 365\u00a0jours, avec, tous les quatre ans, une ann\u00e9e bissextile o\u00f9 l\u2019on ajoute un jour de plus au mois de f\u00e9vrier. \u00c0 partir de 45 av. J.-C., il a fait commencer l\u2019ann\u00e9e en janvier (31\u00a0jours), suivi de f\u00e9vrier (29 ou 30\u00a0jours dans une ann\u00e9e bissextile). Les mois qui suivent f\u00e9vrier comprennent alternativement 30 ou 31\u00a0jours.<\/p>\n<p>Avant que cette r\u00e9forme ait pu \u00eatre mise en place, un certain nombre de corrections devaient encore \u00eatre faites. L\u2019ann\u00e9e\u00a046 avant J.-C. fut probablement l\u2019ann\u00e9e la plus remarquable de l\u2019histoire du calendrier.<\/p>\n<p>Cette ann\u00e9e-l\u00e0, le mois de f\u00e9vrier comptait exceptionnellement 24\u00a0jours suivis d\u2019un mois intercalaire de 27\u00a0jours. Les mois qui suivaient jusqu\u2019en novembre se succ\u00e9daient comme dans l\u2019ancienne ann\u00e9e romaine avec des mois de 29 et 31\u00a0jours. Apr\u00e8s novembre, on a ajout\u00e9 deux mois suppl\u00e9mentaires pour que le 25\u00a0mars de l\u2019ann\u00e9e suivante co\u00efncide avec le d\u00e9but du printemps. Les noms de ces mois entre novembre et d\u00e9cembre ne sont pas connus, mais plusieurs sources sugg\u00e9raient qu\u2019on les avait nomm\u00e9s Undecember (33\u00a0jours) et Duodecember (34\u00a0jours). Enfin, l\u2019ann\u00e9e\u00a046 av. J.-C. se terminait d\u00e9cembre, qui comportait 29\u00a0jours. Au total, il y avait eu 445\u00a0jours en cette \u00ab\u2009ann\u00e9e de confusion\u2009\u00bb.<\/p>\n<p>Apr\u00e8s ces ajustements, l\u2019ann\u00e9e\u00a045 av. J.-C. a pu d\u00e9marrer selon le calendrier julien. Le mois Quintilis a \u00e9t\u00e9 rebaptis\u00e9 Julius. En 8 av. J.-C., le mois Sextilis a \u00e9t\u00e9 rebaptis\u00e9 Augustus, le nom du premier empereur de Rome.<\/p>\n<p>On ne sait pas clairement \u00e0 quel moment on a d\u00e9cid\u00e9 que le mois d\u2019ao\u00fbt a 31\u00a0jours, les mois de septembre et novembre 30\u00a0jours, les mois d\u2019octobre et d\u00e9cembre 31\u00a0jours et le mois de f\u00e9vrier 28 jours (ou 29\u00a0jours lors des ann\u00e9es bissextiles). Certaines sources affirment m\u00eame que ces derniers ajustements n\u2019ont \u00e9t\u00e9 faits qu\u2019au XIVe\u00a0si\u00e8cle.<\/p>\n<h2>Les jours du mois chez les Romains<\/h2>\n<p>Les Romains ne comptaient pas les jours de la m\u00eame mani\u00e8re que dans le calendrier occidental actuel. Alors que nous comptons nos jours apr\u00e8s le premier jour du mois (par exemple, le 22\u00a0juin), les Romains comptaient les jours en se basant sur trois jours de rep\u00e8re dans le mois\u00a0:<\/p>\n<ul>\n<li>les \u00ab\u2009Kalendae\u2009\u00bb\u00a0: le premier jour du mois\u2009;<\/li>\n<li>les \u00ab\u2009Idus\u2009\u00bb\u00a0: le 13<sup>e<\/sup>\u00a0jour de janvier, f\u00e9vrier, avril, juin, juin, ao\u00fbt, septembre, novembre ou d\u00e9cembre, ou le 15<sup>e<\/sup>\u00a0jour de mars, mai, juillet ou octobre. Selon d\u2019autres sources, il s\u2019agit aussi du 15<sup>e<\/sup>\u00a0jour de chaque \u00ab\u2009long mois\u2009\u00bb (de 31\u00a0jours), donc le 15<sup>e<\/sup>\u00a0jour de janvier, ao\u00fbt et d\u00e9cembre dans le calendrier julien\u2009;<\/li>\n<li>les \u00ab\u2009Nonae\u2009\u00bb\u00a0: le 9<sup>e<\/sup>\u00a0jour avant \u00ab\u2009Idus\u2009\u00bb (Idus inclus).<\/li>\n<\/ul>\n<p>Les jours du mois sont alors compt\u00e9s \u00e0 partir de ces trois jours de rep\u00e8re. Par exemple\u00a0: a.d. V Nonae (ante diem) est de 4\u00a0jours avant les Nonae (le 3 du mois). a.d. VI Kalendae est de 7\u00a0jours avant le premier du mois suivant.<\/p>\n<p>Dans un mois ordinaire de f\u00e9vrier, c\u2019est le 24\u00a0f\u00e9vrier. C\u2019est cette journ\u00e9e qui \u00e9tait traditionnellement \u00ab\u2009doubl\u00e9e\u2009\u00bb dans une ann\u00e9e bissextile. D\u2019o\u00f9 le nom \u00ab\u2009bissextile\u2009\u00bb, un sixi\u00e8me jour \u00ab\u2009bis\u2009\u00bb qui a \u00e9t\u00e9 introduit dans une ann\u00e9e bissextile. La journ\u00e9e intercalaire r\u00e9elle lors des ann\u00e9es bissextiles est donc le 24\u00a0f\u00e9vrier (parfois le 25\u00a0f\u00e9vrier).<\/p>\n<p>________________________________________<\/p>\n<p>Des informations d\u00e9taill\u00e9es sur les calendriers (en anglais) peuvent \u00eatre trouv\u00e9es dans <a href=\"https:\/\/www.tondering.dk\/claus\/calendar.html\" target=\"_blank\" rel=\"noopener noreferrer\">The Calender FAQ<\/a>, mais aussi sur des centaines d\u2019autres pages sur Internet. Gardez \u00e0 l\u2019esprit le texte des deux premiers paragraphes de cette page.<\/p>\n<p>&nbsp;<\/p>\n<p>&nbsp;<\/p>\n","protected":false},"excerpt":{"rendered":"<p>L\u2019expression \u00ab\u2009calendrier romain\u2009\u00bb d\u00e9signe l\u2019ensemble des calendriers utilis\u00e9s par les Romains jusqu\u2019\u00e0 la cr\u00e9ation du calendrier julien en 45 av. J.-C par Jules C\u00e9sar. On sait peu de choses sur les calendriers que les Romains utilisaient avant la r\u00e9forme du calendrier julien, et il est possible qu\u2019une grande partie de nos connaissances sur ce sujet [&hellip;]<\/p>\n","protected":false},"author":2,"featured_media":0,"parent":66,"menu_order":0,"comment_status":"closed","ping_status":"closed","template":"","meta":[],"_links":{"self":[{"href":"https:\/\/robinfo.oma.be\/fr\/wp-json\/wp\/v2\/pages\/287"}],"collection":[{"href":"https:\/\/robinfo.oma.be\/fr\/wp-json\/wp\/v2\/pages"}],"about":[{"href":"https:\/\/robinfo.oma.be\/fr\/wp-json\/wp\/v2\/types\/page"}],"author":[{"embeddable":true,"href":"https:\/\/robinfo.oma.be\/fr\/wp-json\/wp\/v2\/users\/2"}],"replies":[{"embeddable":true,"href":"https:\/\/robinfo.oma.be\/fr\/wp-json\/wp\/v2\/comments?post=287"}],"version-history":[{"count":4,"href":"https:\/\/robinfo.oma.be\/fr\/wp-json\/wp\/v2\/pages\/287\/revisions"}],"predecessor-version":[{"id":3894,"href":"https:\/\/robinfo.oma.be\/fr\/wp-json\/wp\/v2\/pages\/287\/revisions\/3894"}],"up":[{"embeddable":true,"href":"https:\/\/robinfo.oma.be\/fr\/wp-json\/wp\/v2\/pages\/66"}],"wp:attachment":[{"href":"https:\/\/robinfo.oma.be\/fr\/wp-json\/wp\/v2\/media?parent=287"}],"curies":[{"name":"wp","href":"https:\/\/api.w.org\/{rel}","templated":true}]}}