{"id":3009,"date":"2020-09-01T20:24:43","date_gmt":"2020-09-01T18:24:43","guid":{"rendered":"http:\/\/robinfo.oma.be\/?page_id=3009"},"modified":"2022-04-12T16:31:01","modified_gmt":"2022-04-12T14:31:01","slug":"jours-feries-belges-2020","status":"publish","type":"page","link":"https:\/\/robinfo.oma.be\/fr\/astro-info\/calendrier\/jours-feries-en-belgique\/jours-feries-belges-2020\/","title":{"rendered":"Jours f\u00e9ri\u00e9s belges 2020"},"content":{"rendered":"\n<table >     <tr >       <td colspan=\"2\"><h3>Jours f\u00e9ri\u00e9s officiels<\/h3><\/td>    <\/tr>        <tr>      <td style=\"text-align: left;\">1er janvier 2020<\/td>      <td style=\"text-align: rt; font-weight:600;\">Nouvel An<\/td>    <\/tr>        <tr>      <td style=\"text-align: left;\">12 avril 2020<\/td>      <td style=\"text-align: rt; font-weight:600;\">P&acirc;ques<\/td>    <\/tr>        <tr>      <td style=\"text-align: left;\">13 avril 2020<\/td>      <td style=\"text-align: rt; font-weight:600;\">Lundi de P&acirc;ques<\/td>    <\/tr>        <tr>      <td style=\"text-align: left;\">1er mai 2020<\/td>      <td style=\"text-align: rt; font-weight:600;\">F&ecirc;te du travail<\/td>    <\/tr>        <tr>      <td style=\"text-align: left;\">21 mai 2020<\/td>      <td style=\"text-align: rt; font-weight:600;\">Ascension<\/td>    <\/tr>        <tr>      <td style=\"text-align: left;\">31 mai 2020<\/td>      <td style=\"text-align: rt; font-weight:600;\">Pentec&ocirc;te<\/td>    <\/tr>        <tr>      <td style=\"text-align: left;\">1er juin 2020<\/td>      <td style=\"text-align: rt; font-weight:600;\">Lundi de Pentec&ocirc;te<\/td>    <\/tr>        <tr>      <td style=\"text-align: left;\">21 juillet 2020<\/td>      <td style=\"text-align: rt; font-weight:600;\">F&ecirc;te Nationale<\/td>    <\/tr>        <tr>      <td style=\"text-align: left;\">15 ao&ucirc;t 2020<\/td>      <td style=\"text-align: rt; font-weight:600;\">Assomption<\/td>    <\/tr>        <tr>      <td style=\"text-align: left;\">1er novembre 2020<\/td>      <td style=\"text-align: rt; font-weight:600;\">Toussaint<\/td>    <\/tr>        <tr>      <td style=\"text-align: left;\">11 novembre 2020<\/td>      <td style=\"text-align: rt; font-weight:600;\">Armistice<\/td>    <\/tr>        <tr>      <td style=\"text-align: left;\">25 d&eacute;cembre 2020<\/td>      <td style=\"text-align: rt; font-weight:600;\">No&euml;l<\/td>    <\/tr>        <tr><td colspan=\"2\"><h3>Jours f\u00e9ri\u00e9s pour les administrations f\u00e9d\u00e9rales<\/h3><\/td><\/tr>        <tr>      <td style=\"text-align: left;\">2 novembre 2020<\/td>      <td style=\"text-align: left; font-weight:600;\">Jour des morts<\/td>    <\/tr>        <tr>      <td style=\"text-align: left;\">15 novembre 2020<\/td>      <td style=\"text-align: left; font-weight:600;\">F&ecirc;te du Roi<\/td>    <\/tr>        <tr>      <td style=\"text-align: left;\">26 d&eacute;cembre 2020<\/td>      <td style=\"text-align: left; font-weight:600;\">Second jour de No&euml;l<\/td>    <\/tr>    <tr><td colspan=\"2\"><h3>Jours f\u00e9ri\u00e9s r\u00e9gionaux<\/h3><\/td><\/tr>        <tr>      <td style=\"text-align: left;\">8 mai 2020<\/td>      <td style=\"text-align: left; font-weight:600;\">F&ecirc;te de la R&eacute;gion de Bruxelles-Capitale<\/td>    <\/tr>        <tr>      <td style=\"text-align: left;\">11 juillet 2020<\/td>      <td style=\"text-align: left; font-weight:600;\">F&ecirc;te de la Communaut&eacute; flamande<\/td>    <\/tr>        <tr>      <td style=\"text-align: left;\">20 septembre 2020<\/td>      <td style=\"text-align: left; font-weight:600;\">F&ecirc;te de la R&eacute;gion wallonne<\/td>    <\/tr>        <tr>      <td style=\"text-align: left;\">27 septembre 2020<\/td>      <td style=\"text-align: left; font-weight:600;\">F&ecirc;te de la F&eacute;d&eacute;ration Wallonie-Bruxelles<\/td>    <\/tr>        <tr>      <td style=\"text-align: left;\">15 novembre 2020<\/td>      <td style=\"text-align: left; font-weight:600;\">F&ecirc;te de la Communaut&eacute; germanophone<\/td>    <\/tr>    <\/table>\n\n\n<h3 id=\"liens-vers-d-autres-sites-web\">Liens vers d&rsquo;autres sites web<\/h3>\n\n\n\n<p><a rel=\"noreferrer noopener\" href=\"http:\/\/www.ond.vlaanderen.be:80\/infolijn\/faq\/schoolvakanties\/default.htm\" target=\"_blank\">Vacances scolaires pour les \u00e9coles n\u00e9erlandophones<\/a><\/p>\n\n\n\n<p><br><\/p>\n","protected":false},"excerpt":{"rendered":"<p>Liens vers d&rsquo;autres sites web Vacances scolaires pour les \u00e9coles n\u00e9erlandophones<\/p>\n","protected":false},"author":2,"featured_media":0,"parent":2988,"menu_order":0,"comment_status":"closed","ping_status":"closed","template":"","meta":[],"_links":{"self":[{"href":"https:\/\/robinfo.oma.be\/fr\/wp-json\/wp\/v2\/pages\/3009"}],"collection":[{"href":"https:\/\/robinfo.oma.be\/fr\/wp-json\/wp\/v2\/pages"}],"about":[{"href":"https:\/\/robinfo.oma.be\/fr\/wp-json\/wp\/v2\/types\/page"}],"author":[{"embeddable":true,"href":"https:\/\/robinfo.oma.be\/fr\/wp-json\/wp\/v2\/users\/2"}],"replies":[{"embeddable":true,"href":"https:\/\/robinfo.oma.be\/fr\/wp-json\/wp\/v2\/comments?post=3009"}],"version-history":[{"count":4,"href":"https:\/\/robinfo.oma.be\/fr\/wp-json\/wp\/v2\/pages\/3009\/revisions"}],"predecessor-version":[{"id":3876,"href":"https:\/\/robinfo.oma.be\/fr\/wp-json\/wp\/v2\/pages\/3009\/revisions\/3876"}],"up":[{"embeddable":true,"href":"https:\/\/robinfo.oma.be\/fr\/wp-json\/wp\/v2\/pages\/2988"}],"wp:attachment":[{"href":"https:\/\/robinfo.oma.be\/fr\/wp-json\/wp\/v2\/media?parent=3009"}],"curies":[{"name":"wp","href":"https:\/\/api.w.org\/{rel}","templated":true}]}}