{"id":302,"date":"2019-03-11T16:05:43","date_gmt":"2019-03-11T16:05:43","guid":{"rendered":"http:\/\/robinfo.oma.be\/?page_id=302"},"modified":"2022-04-12T17:00:00","modified_gmt":"2022-04-12T15:00:00","slug":"le-calendrier-gregorien","status":"publish","type":"page","link":"https:\/\/robinfo.oma.be\/fr\/astro-info\/calendrier\/le-calendrier-gregorien\/","title":{"rendered":"Le calendrier gr\u00e9gorien"},"content":{"rendered":"<p>Le calendrier gr\u00e9gorien, utilis\u00e9 en Europe et dans une tr\u00e8s grande partie du monde tire son nom du pape Gr\u00e9goire\u00a0XIII qui l\u2019a mis en place en 1582. Ce calendrier est une correction apport\u00e9e au calendrier pr\u00e9c\u00e9dent, le <a href=\"https:\/\/robinfo.oma.be\/fr\/astro-info\/calendrier\/le-calendrier-romain-et-le-calendrier-julien\/\" target=\"_blank\" rel=\"noopener noreferrer\">calendrier julien<\/a> introduit par Jules C\u00e9sar en 46 av. J.-C. Le point de d\u00e9part de l\u2019an\u00a01 constitue\u00a0une approximation de la naissance de J\u00e9sus.<\/p>\n<h2>Un d\u00e9calage dans le calendrier julien<\/h2>\n<p>Depuis 45 av. J.-C., on suivait un calendrier de 365\u00a0jours par an avec une ann\u00e9e bissextile tous les 4\u00a0ans.<\/p>\n<p>Cette approximation est faite de telle sorte que la dur\u00e9e d\u2019une ann\u00e9e dans le calendrier corresponde le plus pr\u00e9cis\u00e9ment possible avec celle d\u2019une <strong>ann\u00e9e tropique<\/strong>, c\u2019est-\u00e0-dire le temps n\u00e9cessaire au Soleil pour reprendre la m\u00eame position dans le ciel. <\/p>\n<p>Une ann\u00e9e tropique dure 365,242190\u00a0jours ou 365\u00a0jours 5\u00a0heures 48\u00a0minutes 45,2\u00a0secondes, ce qui n\u2019est donc pas un nombre entier de jours. L\u2019approximation apport\u00e9e par le calendrier julien donne une ann\u00e9e d\u2019une dur\u00e9e moyenne de 365,25\u00a0jours.<\/p>\n<p>Apr\u00e8s plusieurs si\u00e8cles, une petite diff\u00e9rence de 0,0078\u00a0jour par ann\u00e9e a commenc\u00e9 \u00e0 poser probl\u00e8me. Ainsi, \u00e0 cause de l\u2019imperfection du calendrier julien, l\u2019\u00e9quinoxe du printemps au XVIe\u00a0si\u00e8cle a \u00e9t\u00e9 d\u00e9cal\u00e9 aux alentours du 10\u00a0mars.<\/p>\n<h2>La r\u00e9forme du calendrier par Gr\u00e9goire\u00a0XIII<\/h2>\n<p>Afin de tout remettre en ordre, le pape Gr\u00e9goire\u00a0XIII a impos\u00e9 une r\u00e9forme en 1582.<\/p>\n<p>Cette r\u00e9forme a \u00e9t\u00e9 r\u00e9alis\u00e9e au Concile de Trente, sur base de la proposition d&rsquo;Aloisius Lilius. Elle propose deux grandes corrections. La premi\u00e8re est un saut de 11\u00a0jours dans le calendrier\u00a0: le lendemain du 4\u00a0octobre 1582 sera le 15\u00a0octobre 1582, et 10\u00a0jours dans le calendrier sont par cons\u00e9quent supprim\u00e9s. La seconde est un nouveau mode de calcul des ann\u00e9es bissextiles.<\/p>\n<h2>Les ann\u00e9es bissextiles dans le calendrier gr\u00e9gorien<\/h2>\n<p>Dans le calendrier gr\u00e9gorien, l\u2019ann\u00e9e tropique a \u00e9t\u00e9 approxim\u00e9e \u00e0 365,2425\u00a0jours. Pour donner un nombre entier de jours \u00e0 l\u2019ann\u00e9e on rajoute, comme dans le calendrier julien, un jour intercalaire en f\u00e9vrier\u00a0:<\/p>\n<p>\u00c0 toutes les ann\u00e9es qui sont divisibles par 4,<br \/>\nsauf si ces ann\u00e9es sont divisibles par 100. Dans ce cas, elles ne sont pas des ann\u00e9es bissextiles.<br \/>\nCependant, si l\u2019ann\u00e9e est aussi divisible par 400, elle sera une ann\u00e9e bissextile.<\/p>\n<p>Par cons\u00e9quent, les ann\u00e9es\u00a01700, 1800, 1900, 2100, 2200 et 2300 ne sont pas des ann\u00e9es bissextiles, mais les ann\u00e9es\u00a01600, 2000 et 2400 sont bien des ann\u00e9es bissextiles.<\/p>\n<p>En r\u00e9sum\u00e9, il y a <strong>97\u00a0ann\u00e9es bissextiles tous les 400\u00a0ans<\/strong>. La premi\u00e8re r\u00e8gle \u00e0 elle seule permet d\u2019obtenir une ann\u00e9e moyenne de 365,24\u00a0jours tous les 100\u00a0ans. La seconde r\u00e8gle permet de s\u2019approcher tr\u00e8s pr\u00e8s de l\u2019ann\u00e9e tropicale, donnant lieu \u00e0 une ann\u00e9e moyenne de 365,2425\u00a0jours tous les 400\u00a0ans. C\u2019est seulement apr\u00e8s 3000\u00a0ans que le d\u00e9calage entre le calendrier gr\u00e9gorien et l\u2019ann\u00e9e tropique s\u2019\u00e9l\u00e8ve \u00e0 un jour.<\/p>\n<h2>Adoption du calendrier gr\u00e9gorien<\/h2>\n<p>Le 15\u00a0octobre 1582 \u00e9tait la date officielle de l\u2019introduction du calendrier gr\u00e9gorien.<\/p>\n<p>Ce calendrier n\u2019\u00e9tait pourtant pas adopt\u00e9 imm\u00e9diatement par tous les pays. La Russie attendit jusqu\u2019en 1917, c\u2019est pourquoi la r\u00e9volution d\u2019octobre est aujourd\u2019hui comm\u00e9mor\u00e9e en novembre. La Su\u00e8de s\u2019est tellement embrouill\u00e9e au XVIIIe\u00a0si\u00e8cle, qu\u2019elle avait d\u00fb ins\u00e9rer deux jours intercalaires en 1712. Cette ann\u00e9e-l\u00e0, le mois de f\u00e9vrier avait 30\u00a0jours\u2009! La Gr\u00e8ce n\u2019a adopt\u00e9 le calendrier gr\u00e9gorien qu\u2019en 1923. Actuellement, la majorit\u00e9 des pays ont adopt\u00e9 le calendrier gr\u00e9gorien comme calendrier officiel, \u00e0 l\u2019exception de l\u2019Afghanistan, de l\u2019\u00c9thiopie, et de l\u2019Iran.<\/p>\n<p>Concernant la Belgique,\u00a0certaines sources mentionnent que les r\u00e9gions du sud de la Belgique actuelle sont pass\u00e9es au calendrier gr\u00e9gorien de 1582 \u00e0 1583. Dans certaines r\u00e9gions (en Flandre et au Hainaut), on n\u2019a pas f\u00eat\u00e9 le jour de No\u00ebl en 1582 puisque le 21\u00a0d\u00e9cembre 1582 a \u00e9t\u00e9 imm\u00e9diatement suivi par le 1er\u00a0janvier 1583. M\u00eame si le Brabant et la Z\u00e9lande sont pass\u00e9s plus t\u00f4t vers le nouveau calendrier (14-25\u00a0d\u00e9cembre), ce n\u2019\u00e9tait pas sans difficult\u00e9. La Principaut\u00e9 de Li\u00e8ge a introduit la r\u00e9forme gr\u00e9gorienne au mois de f\u00e9vrier 1583.<\/p>\n<p>________________________________________<\/p>\n<p>Vous trouverez plus d\u2019informations (en anglais) \u00e0 propos des calendriers sur, par exemple, <a href=\"http:\/\/www.tondering.dk\/claus\/calendar.html\" target=\"_blank\" rel=\"noopener noreferrer\">The Calendar FAQ<\/a>.<\/p>\n","protected":false},"excerpt":{"rendered":"<p>Le calendrier gr\u00e9gorien, utilis\u00e9 en Europe et dans une tr\u00e8s grande partie du monde tire son nom du pape Gr\u00e9goire\u00a0XIII qui l\u2019a mis en place en 1582. Ce calendrier est une correction apport\u00e9e au calendrier pr\u00e9c\u00e9dent, le calendrier julien introduit par Jules C\u00e9sar en 46 av. J.-C. Le point de d\u00e9part de l\u2019an\u00a01 constitue\u00a0une approximation [&hellip;]<\/p>\n","protected":false},"author":2,"featured_media":0,"parent":66,"menu_order":0,"comment_status":"closed","ping_status":"closed","template":"","meta":[],"_links":{"self":[{"href":"https:\/\/robinfo.oma.be\/fr\/wp-json\/wp\/v2\/pages\/302"}],"collection":[{"href":"https:\/\/robinfo.oma.be\/fr\/wp-json\/wp\/v2\/pages"}],"about":[{"href":"https:\/\/robinfo.oma.be\/fr\/wp-json\/wp\/v2\/types\/page"}],"author":[{"embeddable":true,"href":"https:\/\/robinfo.oma.be\/fr\/wp-json\/wp\/v2\/users\/2"}],"replies":[{"embeddable":true,"href":"https:\/\/robinfo.oma.be\/fr\/wp-json\/wp\/v2\/comments?post=302"}],"version-history":[{"count":8,"href":"https:\/\/robinfo.oma.be\/fr\/wp-json\/wp\/v2\/pages\/302\/revisions"}],"predecessor-version":[{"id":3888,"href":"https:\/\/robinfo.oma.be\/fr\/wp-json\/wp\/v2\/pages\/302\/revisions\/3888"}],"up":[{"embeddable":true,"href":"https:\/\/robinfo.oma.be\/fr\/wp-json\/wp\/v2\/pages\/66"}],"wp:attachment":[{"href":"https:\/\/robinfo.oma.be\/fr\/wp-json\/wp\/v2\/media?parent=302"}],"curies":[{"name":"wp","href":"https:\/\/api.w.org\/{rel}","templated":true}]}}