{"id":3238,"date":"2021-03-24T19:02:16","date_gmt":"2021-03-24T18:02:16","guid":{"rendered":"http:\/\/robinfo.oma.be\/?page_id=3238"},"modified":"2021-03-24T19:09:28","modified_gmt":"2021-03-24T18:09:28","slug":"position-du-soleil-dans-le-ciel-coordonnees-horizontales","status":"publish","type":"page","link":"https:\/\/robinfo.oma.be\/fr\/astro-info\/soleil\/position-du-soleil-dans-le-ciel-coordonnees-horizontales\/","title":{"rendered":"Position du Soleil dans le ciel (coordonn\u00e9es horizontales)"},"content":{"rendered":"<h3>Azimut<\/h3>\n<p>L&rsquo;azimut est l&rsquo;angle dans le plan horizontal entre la direction d&rsquo;un objet et le sud g\u00e9ographique (pour les astronomes). Souvent on prend aussi le nord g\u00e9ographique comme point de r\u00e9f\u00e9rence. Cet angle est exprim\u00e9 en degr\u00e9s. Les astronomes mesurent l&rsquo;azimut dans le sens des aiguilles d&rsquo;une montre.<\/p>\n<ul>\n<li>Un objet dans la direction sud a un azimut de 0\u00b0. <\/li>\n<li>Un objet dans la direction ouest a un azimut de 90\u00b0. <\/li>\n<li>Un objet dans la direction nord a un azimut de 180\u00b0.<\/li>\n<li> Un objet dans la direction est a un azimut de 270\u00b0.<\/li>\n<\/ul>\n<p><img loading=\"lazy\" src=\"https:\/\/robinfo.oma.be\/wp-content\/uploads\/2021\/03\/azimuthNL.jpg\" alt=\"\" width=\"548\" height=\"530\" class=\"aligncenter size-full wp-image-3232\" \/><\/p>\n<h3>Hauteur<\/h3>\n<p>La hauteur est l&rsquo;angle que fait la direction vis\u00e9e (le Soleil) par rapport \u00e0 l&rsquo;horizontale. Cet angle est exprim\u00e9 en degr\u00e9s.<\/p>\n<ul>\n<li>Un object \u00e0 l&rsquo;horizon a une hauteur de 0\u00b0.<\/li>\n<li>Un object au z\u00e9nith a une hauteur de 90\u00b0.<\/li>\n<\/ul>\n<p><img loading=\"lazy\" src=\"https:\/\/robinfo.oma.be\/wp-content\/uploads\/2021\/03\/horizon.jpg\" alt=\"\" width=\"850\" height=\"304\" class=\"aligncenter size-full wp-image-3235\" srcset=\"https:\/\/robinfo.oma.be\/wp-content\/uploads\/2021\/03\/horizon.jpg 850w, https:\/\/robinfo.oma.be\/wp-content\/uploads\/2021\/03\/horizon-768x275.jpg 768w\" sizes=\"(max-width: 850px) 100vw, 850px\" \/><\/p>\n","protected":false},"excerpt":{"rendered":"<p>Azimut L&rsquo;azimut est l&rsquo;angle dans le plan horizontal entre la direction d&rsquo;un objet et le sud g\u00e9ographique (pour les astronomes). Souvent on prend aussi le nord g\u00e9ographique comme point de r\u00e9f\u00e9rence. Cet angle est exprim\u00e9 en degr\u00e9s. Les astronomes mesurent l&rsquo;azimut dans le sens des aiguilles d&rsquo;une montre. Un objet dans la direction sud a [&hellip;]<\/p>\n","protected":false},"author":2,"featured_media":0,"parent":37,"menu_order":0,"comment_status":"closed","ping_status":"closed","template":"","meta":[],"_links":{"self":[{"href":"https:\/\/robinfo.oma.be\/fr\/wp-json\/wp\/v2\/pages\/3238"}],"collection":[{"href":"https:\/\/robinfo.oma.be\/fr\/wp-json\/wp\/v2\/pages"}],"about":[{"href":"https:\/\/robinfo.oma.be\/fr\/wp-json\/wp\/v2\/types\/page"}],"author":[{"embeddable":true,"href":"https:\/\/robinfo.oma.be\/fr\/wp-json\/wp\/v2\/users\/2"}],"replies":[{"embeddable":true,"href":"https:\/\/robinfo.oma.be\/fr\/wp-json\/wp\/v2\/comments?post=3238"}],"version-history":[{"count":4,"href":"https:\/\/robinfo.oma.be\/fr\/wp-json\/wp\/v2\/pages\/3238\/revisions"}],"predecessor-version":[{"id":3245,"href":"https:\/\/robinfo.oma.be\/fr\/wp-json\/wp\/v2\/pages\/3238\/revisions\/3245"}],"up":[{"embeddable":true,"href":"https:\/\/robinfo.oma.be\/fr\/wp-json\/wp\/v2\/pages\/37"}],"wp:attachment":[{"href":"https:\/\/robinfo.oma.be\/fr\/wp-json\/wp\/v2\/media?parent=3238"}],"curies":[{"name":"wp","href":"https:\/\/api.w.org\/{rel}","templated":true}]}}