{"id":3679,"date":"2022-01-18T17:56:07","date_gmt":"2022-01-18T16:56:07","guid":{"rendered":"http:\/\/robinfo.oma.be\/?page_id=3679"},"modified":"2022-01-18T17:56:08","modified_gmt":"2022-01-18T16:56:08","slug":"jours-feries-belges-2024","status":"publish","type":"page","link":"https:\/\/robinfo.oma.be\/fr\/astro-info\/calendrier\/jours-feries-en-belgique\/jours-feries-belges-2024\/","title":{"rendered":"Jours f\u00e9ri\u00e9s belges 2024"},"content":{"rendered":"\n<table >     <tr >       <td colspan=\"2\"><h3>Jours f\u00e9ri\u00e9s officiels<\/h3><\/td>    <\/tr>        <tr>      <td style=\"text-align: left;\">1er janvier 2024<\/td>      <td style=\"text-align: rt; font-weight:600;\">Nouvel An<\/td>    <\/tr>        <tr>      <td style=\"text-align: left;\">31 mars 2024<\/td>      <td style=\"text-align: rt; font-weight:600;\">P&acirc;ques<\/td>    <\/tr>        <tr>      <td style=\"text-align: left;\">1 avril 2024<\/td>      <td style=\"text-align: rt; font-weight:600;\">Lundi de P&acirc;ques<\/td>    <\/tr>        <tr>      <td style=\"text-align: left;\">1er mai 2024<\/td>      <td style=\"text-align: rt; font-weight:600;\">F&ecirc;te du travail<\/td>    <\/tr>        <tr>      <td style=\"text-align: left;\">9 mai 2024<\/td>      <td style=\"text-align: rt; font-weight:600;\">Ascension<\/td>    <\/tr>        <tr>      <td style=\"text-align: left;\">19 mai 2024<\/td>      <td style=\"text-align: rt; font-weight:600;\">Pentec&ocirc;te<\/td>    <\/tr>        <tr>      <td style=\"text-align: left;\">20 mai 2024<\/td>      <td style=\"text-align: rt; font-weight:600;\">Lundi de Pentec&ocirc;te<\/td>    <\/tr>        <tr>      <td style=\"text-align: left;\">21 juillet 2024<\/td>      <td style=\"text-align: rt; font-weight:600;\">F&ecirc;te Nationale<\/td>    <\/tr>        <tr>      <td style=\"text-align: left;\">15 ao&ucirc;t 2024<\/td>      <td style=\"text-align: rt; font-weight:600;\">Assomption<\/td>    <\/tr>        <tr>      <td style=\"text-align: left;\">1er novembre 2024<\/td>      <td style=\"text-align: rt; font-weight:600;\">Toussaint<\/td>    <\/tr>        <tr>      <td style=\"text-align: left;\">11 novembre 2024<\/td>      <td style=\"text-align: rt; font-weight:600;\">Armistice<\/td>    <\/tr>        <tr>      <td style=\"text-align: left;\">25 d&eacute;cembre 2024<\/td>      <td style=\"text-align: rt; font-weight:600;\">No&euml;l<\/td>    <\/tr>        <tr><td colspan=\"2\"><h3>Jours f\u00e9ri\u00e9s pour les administrations f\u00e9d\u00e9rales<\/h3><\/td><\/tr>        <tr>      <td style=\"text-align: left;\">2 novembre 2024<\/td>      <td style=\"text-align: left; font-weight:600;\">Jour des morts<\/td>    <\/tr>        <tr>      <td style=\"text-align: left;\">15 novembre 2024<\/td>      <td style=\"text-align: left; font-weight:600;\">F&ecirc;te du Roi<\/td>    <\/tr>        <tr>      <td style=\"text-align: left;\">26 d&eacute;cembre 2024<\/td>      <td style=\"text-align: left; font-weight:600;\">Second jour de No&euml;l<\/td>    <\/tr>    <tr><td colspan=\"2\"><h3>Jours f\u00e9ri\u00e9s r\u00e9gionaux<\/h3><\/td><\/tr>        <tr>      <td style=\"text-align: left;\">8 mai 2024<\/td>      <td style=\"text-align: left; font-weight:600;\">F&ecirc;te de la R&eacute;gion de Bruxelles-Capitale<\/td>    <\/tr>        <tr>      <td style=\"text-align: left;\">11 juillet 2024<\/td>      <td style=\"text-align: left; font-weight:600;\">F&ecirc;te de la Communaut&eacute; flamande<\/td>    <\/tr>        <tr>      <td style=\"text-align: left;\">15 septembre 2024<\/td>      <td style=\"text-align: left; font-weight:600;\">F&ecirc;te de la R&eacute;gion wallonne<\/td>    <\/tr>        <tr>      <td style=\"text-align: left;\">27 septembre 2024<\/td>      <td style=\"text-align: left; font-weight:600;\">F&ecirc;te de la F&eacute;d&eacute;ration Wallonie-Bruxelles<\/td>    <\/tr>        <tr>      <td style=\"text-align: left;\">15 novembre 2024<\/td>      <td style=\"text-align: left; font-weight:600;\">F&ecirc;te de la Communaut&eacute; germanophone<\/td>    <\/tr>    <\/table>","protected":false},"excerpt":{"rendered":"","protected":false},"author":2,"featured_media":0,"parent":2988,"menu_order":0,"comment_status":"closed","ping_status":"closed","template":"","meta":[],"_links":{"self":[{"href":"https:\/\/robinfo.oma.be\/fr\/wp-json\/wp\/v2\/pages\/3679"}],"collection":[{"href":"https:\/\/robinfo.oma.be\/fr\/wp-json\/wp\/v2\/pages"}],"about":[{"href":"https:\/\/robinfo.oma.be\/fr\/wp-json\/wp\/v2\/types\/page"}],"author":[{"embeddable":true,"href":"https:\/\/robinfo.oma.be\/fr\/wp-json\/wp\/v2\/users\/2"}],"replies":[{"embeddable":true,"href":"https:\/\/robinfo.oma.be\/fr\/wp-json\/wp\/v2\/comments?post=3679"}],"version-history":[{"count":2,"href":"https:\/\/robinfo.oma.be\/fr\/wp-json\/wp\/v2\/pages\/3679\/revisions"}],"predecessor-version":[{"id":3681,"href":"https:\/\/robinfo.oma.be\/fr\/wp-json\/wp\/v2\/pages\/3679\/revisions\/3681"}],"up":[{"embeddable":true,"href":"https:\/\/robinfo.oma.be\/fr\/wp-json\/wp\/v2\/pages\/2988"}],"wp:attachment":[{"href":"https:\/\/robinfo.oma.be\/fr\/wp-json\/wp\/v2\/media?parent=3679"}],"curies":[{"name":"wp","href":"https:\/\/api.w.org\/{rel}","templated":true}]}}