{"id":37,"date":"2018-04-16T14:44:59","date_gmt":"2018-04-16T14:44:59","guid":{"rendered":"http:\/\/robinfo.oma.be\/soleil\/"},"modified":"2024-04-18T18:48:39","modified_gmt":"2024-04-18T16:48:39","slug":"soleil","status":"publish","type":"page","link":"https:\/\/robinfo.oma.be\/fr\/astro-info\/soleil\/","title":{"rendered":"Soleil"},"content":{"rendered":"<section class=\"toggle\"><label>Informations g\u00e9n\u00e9rales<\/label>\r\n<div class=\"toggle-content\" style=\"display: none;\"><!-- <section class=\"toggle\"><label>La position du Soleil durant l'ann\u00e9e \u00e0 Uccle (50\u00b0 47' 52\" Nord)<\/label>\r\n<div class=\"toggle-content\" style=\"display: none;\">[insert page='lunation' display='content']<\/div> \r\n<\/section> -->\r\n<section class=\"toggle\"><label>Position du Soleil dans le ciel (coordonn\u00e9es horizontales)<\/label>\r\n<div class=\"toggle-content\" style=\"display: none;\"><div data-post-id=\"3238\" class=\"insert-page insert-page-3238 \"><h3>Azimut<\/h3>\r\nL&rsquo;azimut est l&rsquo;angle dans le plan horizontal entre la direction d&rsquo;un objet et le sud g\u00e9ographique (pour les astronomes). Souvent on prend aussi le nord g\u00e9ographique comme point de r\u00e9f\u00e9rence. Cet angle est exprim\u00e9 en degr\u00e9s. Les astronomes mesurent l&rsquo;azimut dans le sens des aiguilles d&rsquo;une montre.\r\n<ul>\r\n\t<li>Un objet dans la direction sud a un azimut de 0\u00b0. <\/li>\r\n\t<li>Un objet dans la direction ouest a un azimut de 90\u00b0. <\/li>\r\n\t<li>Un objet dans la direction nord a un azimut de 180\u00b0.<\/li>\r\n\t<li> Un objet dans la direction est a un azimut de 270\u00b0.<\/li>\r\n<\/ul>\r\n\r\n<img loading=\"lazy\" src=\"https:\/\/robinfo.oma.be\/wp-content\/uploads\/2021\/03\/azimuthNL.jpg\" alt=\"\" width=\"548\" height=\"530\" class=\"aligncenter size-full wp-image-3232\" \/>\r\n\r\n\r\n<h3>Hauteur<\/h3>\r\nLa hauteur est l&rsquo;angle que fait la direction vis\u00e9e (le Soleil) par rapport \u00e0 l&rsquo;horizontale. Cet angle est exprim\u00e9 en degr\u00e9s.\r\n<ul>\r\n\t<li>Un object \u00e0 l&rsquo;horizon a une hauteur de 0\u00b0.<\/li>\r\n\t<li>Un object au z\u00e9nith a une hauteur de 90\u00b0.<\/li>\r\n<\/ul>\r\n\r\n<img loading=\"lazy\" src=\"https:\/\/robinfo.oma.be\/wp-content\/uploads\/2021\/03\/horizon.jpg\" alt=\"\" width=\"850\" height=\"304\" class=\"aligncenter size-full wp-image-3235\" srcset=\"https:\/\/robinfo.oma.be\/wp-content\/uploads\/2021\/03\/horizon.jpg 850w, https:\/\/robinfo.oma.be\/wp-content\/uploads\/2021\/03\/horizon-768x275.jpg 768w\" sizes=\"(max-width: 850px) 100vw, 850px\" \/>\r\n<\/div><\/div>\r\n<\/section>\r\n<\/div>\r\n<\/section>\r\n<section class=\"toggle\"><label>Lever et coucher du Soleil<\/label>\r\n<div class=\"toggle-content\" style=\"display: none;\">\r\n<table class=\"wp-block-table\">\r\n<tbody>\r\n<tr>\r\n<td><a href=\"\/fr\/astro-info\/soleil\/lever-coucher-soleil-2019\/\">2019<\/a><\/td>\r\n<td><a href=\"\/fr\/astro-info\/soleil\/lever-coucher-soleil-2020\/\">2020<\/a><\/td>\r\n<td><a href=\"\/fr\/astro-info\/soleil\/lever-coucher-soleil-2021\/\">2021<\/a><\/td>\r\n<\/tr>\r\n<tr>\r\n<td><a href=\"\/fr\/astro-info\/soleil\/lever-coucher-soleil-2022\/\">2022<\/a><\/td>\r\n<td><a href=\"\/fr\/astro-info\/soleil\/lever-coucher-soleil-2023\/\">2023<\/a><\/td>\r\n<td><a href=\"\/fr\/astro-info\/soleil\/lever-coucher-soleil-2024\/\">2024<\/a><\/td>\r\n<\/tr>\r\n<tr>\r\n<td><a href=\"\/fr\/astro-info\/soleil\/lever-coucher-soleil-2025\/\">2025<\/a><\/td>\r\n<td><a href=\"\/fr\/astro-info\/soleil\/lever-et-coucher-de-soleil-en-2026\/\">2026<\/a><\/td>\r\n<td><a href=\"\/fr\/astro-info\/soleil\/lever-et-coucher-de-soleil-en-2027\/\">2027<\/a><\/td>\r\n<\/tr>\r\n<\/tbody>\r\n<\/table>\r\n<\/div>\r\n<\/section>\r\n<section class=\"toggle\"><label>Variation de la dur\u00e9e du jour<\/label>\r\n<div class=\"toggle-content\" style=\"display: none;\">\r\n<table class=\"wp-block-table\">\r\n<tbody>\r\n<tr>\r\n<td><a href=\"\/fr\/astro-info\/soleil\/variation-de-la-duree-du-jour-2019\/\">2019<\/a><\/td>\r\n<td><a href=\"\/fr\/astro-info\/soleil\/variation-de-la-duree-du-jour-2020\/\">2020<\/a><\/td>\r\n<td><a href=\"\/fr\/astro-info\/soleil\/variation-de-la-duree-du-jour-2021\/\">2021<\/a><\/td>\r\n<\/tr>\r\n<tr>\r\n<td><a href=\"\/fr\/astro-info\/soleil\/variation-de-la-duree-du-jour-2022\/\">2022<\/a><\/td>\r\n<td><a href=\"\/fr\/astro-info\/soleil\/variation-de-la-duree-du-jour-2023\/\">2023<\/a><\/td>\r\n<td><a href=\"\/fr\/astro-info\/soleil\/variation-de-la-duree-du-jour-2024\/\">2024<\/a><\/td>\r\n<\/tr>\r\n<tr>\r\n<td><a href=\"\/fr\/astro-info\/soleil\/variation-de-la-duree-du-jour-2025\/\">2025<\/a><\/td>\r\n<td><a href=\"\/fr\/astro-info\/soleil\/variation-de-la-duree-du-jour-2026\/\">2026<\/a><\/td>\r\n<td><a href=\"\/fr\/astro-info\/soleil\/variation-de-la-duree-du-jour-2027\/\">2027<\/a><\/td>\r\n<\/tr>\r\n<\/tbody>\r\n<\/table>\r\n<\/div>\r\n<\/section>\r\n<section class=\"toggle\"><label>Heure d&rsquo;\u00e9t\u00e9 et heure d&rsquo;hiver<\/label>\r\n<div class=\"toggle-content\" style=\"display: none;\">\r\n<table class=\"wp-block-table\">\r\n<tbody>\r\n<tr>\r\n<td><a href=\"\/fr\/astro-info\/heure\/changement-dheure-2019\/\">2019<\/a><\/td>\r\n<td><a href=\"\/fr\/astro-info\/heure\/changement-dheure-2020\/\">2020<\/a><\/td>\r\n<td><a href=\"\/fr\/astro-info\/heure\/changement-dheure-2021\/\">2021<\/a><\/td>\r\n<\/tr>\r\n<tr>\r\n<td><a href=\"\/fr\/astro-info\/heure\/changement-dheure-2022\/\">2022<\/a><\/td>\r\n<td><a href=\"https:\/\/robinfo.oma.be\/fr\/astro-info\/heure\/changement-dheure-en-2023\/\">2023<\/a><\/td>\r\n<td><a href=\"https:\/\/robinfo.oma.be\/fr\/astro-info\/heure\/changement-dheure-en-2024\/\">2024<\/a><\/td>\r\n<\/tr>\r\n<tr>\r\n<td><a href=\"https:\/\/robinfo.oma.be\/fr\/astro-info\/heure\/changement-dheure-en-2025\/\">2025<\/a><\/td>\r\n<td><a href=\"https:\/\/robinfo.oma.be\/fr\/astro-info\/heure\/changement-dheure-en-2026\/\">2026<\/a><\/td>\r\n<td><a href=\"https:\/\/robinfo.oma.be\/fr\/astro-info\/heure\/changement-dheure-en-2027\/\">2027<\/a><\/td>\r\n<\/tr>\r\n<\/tbody>\r\n<\/table>\r\n<\/div>\r\n<\/section>\r\n<section class=\"toggle\"><label>D\u00e9but des saisons astronomiques<\/label>\r\n<div class=\"toggle-content\" style=\"display: none;\">\r\n<table class=\"wp-block-table\">\r\n<tbody>\r\n<tr>\r\n<td><a href=\"\/fr\/astro-info\/soleil\/saisons-2019\/\">2019<\/a><\/td>\r\n<td><a href=\"\/fr\/astro-info\/soleil\/saisons-2020\/\">2020<\/a><\/td>\r\n<td><a href=\"\/fr\/astro-info\/soleil\/saisons-2021\/\">2021<\/a><\/td>\r\n<\/tr>\r\n<tr>\r\n<td><a href=\"\/fr\/astro-info\/soleil\/saisons-2022\/\">2022<\/a><\/td>\r\n<td><a href=\"\/fr\/astro-info\/soleil\/saisons-2023\/\">2023<\/a><\/td>\r\n<td><a href=\"\/fr\/astro-info\/soleil\/saisons-2024\/\">2024<\/a><\/td>\r\n<\/tr>\r\n<tr>\r\n<td><a href=\"\/fr\/astro-info\/soleil\/saisons-2025\/\">2025<\/a><\/td>\r\n<td><a href=\"\/fr\/astro-info\/soleil\/saisons-2026\/\">2026<\/a><\/td>\r\n<td><a href=\"\/fr\/astro-info\/soleil\/saisons-2027\/\">2027<\/a><\/td>\r\n<\/tr>\r\n<\/tbody>\r\n<\/table>\r\n<\/div>\r\n<\/section>\r\n<section class=\"toggle\"><label>Passage du Soleil dans les signes du zodiaque<\/label>\r\n<div class=\"toggle-content\" style=\"display: none;\">\r\n\r\n\r\n<p>Cette page est principalement destin\u00e9e aux imprimeries de calendriers. Le zodiaque utilis\u00e9 pour les calculs ne correspond pas au zodiaque astronomique, mais \u00e0 12 zones de 30 degr\u00e9s situ\u00e9es le long de l\u2019\u00e9cliptique et mesur\u00e9es \u00e0 partir de la position du Soleil lors de l\u2019\u00e9quinoxe du printemps. L\u2019\u00e9cliptique est le plan de l\u2019orbite de la Terre autour du Soleil.<\/p>\r\n\r\n\r\n\r\n<p>En r\u00e9alit\u00e9, treize constellations traversent actuellement l\u2019\u00e9cliptique : le B\u00e9lier, le Taureau, les G\u00e9meaux, le Cancer, le Lion, la Vierge, la Balance, le Scorpion, le Serpentaire (Opiuchus), le Sagittaire, le Capricorne, le Verseau et les Poissons.<\/p>\r\n\r\n\r\n\r\n<p>\u00c0 cause du d\u00e9calage caus\u00e9 par la <a href=\"https:\/\/fr.wikipedia.org\/wiki\/Pr%C3%A9cession_des_%C3%A9quinoxes\" target=\"_blank\" rel=\"noopener\">pr\u00e9cession des \u00e9quinoxes<\/a>, il existe environ un mois de d\u00e9calage entre le passage r\u00e9el du Soleil devant ces constellations et les dates mentionn\u00e9es ci-dessous.<\/p>\r\n\r\n\r\n\r\n<p>Toutes les heures ont \u00e9t\u00e9 adapt\u00e9es en heure locale belge (UTC + 1 h en heure d\u2019hiver et UTC + 2 h en heure d\u2019\u00e9t\u00e9).<\/p>\r\n\r\n<table class=\"wp-block-table\">\r\n<tbody>\r\n<tr>\r\n<td><a href=\"\/fr\/astro-info\/soleil\/zodiaque-2019\/\">2019<\/a><\/td>\r\n<td><a href=\"\/fr\/astro-info\/soleil\/zodiaque-2020\/\">2020<\/a><\/td>\r\n<td><a href=\"\/fr\/astro-info\/soleil\/zodiaque-2021\/\">2021<\/a><\/td>\r\n<\/tr>\r\n<tr>\r\n<td><a href=\"\/fr\/astro-info\/soleil\/zodiaque-2022\/\">2022<\/a><\/td>\r\n<td><a href=\"\/fr\/astro-info\/soleil\/zodiaque-2023\/\">2023<\/a><\/td>\r\n<td><a href=\"\/fr\/astro-info\/soleil\/zodiaque-2024\/\">2024<\/a><\/td>\r\n<\/tr>\r\n<tr>\r\n<td><a href=\"\/fr\/astro-info\/soleil\/zodiaque-2025\/\">2025<\/a><\/td>\r\n<td><a href=\"https:\/\/robinfo.oma.be\/fr\/astro-info\/soleil\/passage-du-soleil-dans-les-signes-du-zodiaque-en-2026\/\">2026<\/a><\/td>\r\n<td><a href=\"https:\/\/robinfo.oma.be\/fr\/astro-info\/soleil\/passage-du-soleil-dans-les-signes-du-zodiaque-en-2027\/\">2027<\/a><\/td>\r\n<\/tr>\r\n<\/tbody>\r\n<\/table>\r\n<\/div>\r\n<\/section>\r\n\r\n<p>&nbsp;<\/p>\r\n","protected":false},"excerpt":{"rendered":"<p>Informations g\u00e9n\u00e9rales Position du Soleil dans le ciel (coordonn\u00e9es horizontales) Lever et coucher du Soleil 2019 2020 2021 2022 2023 2024 2025 2026 2027 Variation de la dur\u00e9e du jour 2019 2020 2021 2022 2023 2024 2025 2026 2027 Heure d&rsquo;\u00e9t\u00e9 et heure d&rsquo;hiver 2019 2020 2021 2022 2023 2024 2025 2026 2027 D\u00e9but des [&hellip;]<\/p>\n","protected":false},"author":1,"featured_media":0,"parent":75,"menu_order":0,"comment_status":"closed","ping_status":"closed","template":"","meta":[],"_links":{"self":[{"href":"https:\/\/robinfo.oma.be\/fr\/wp-json\/wp\/v2\/pages\/37"}],"collection":[{"href":"https:\/\/robinfo.oma.be\/fr\/wp-json\/wp\/v2\/pages"}],"about":[{"href":"https:\/\/robinfo.oma.be\/fr\/wp-json\/wp\/v2\/types\/page"}],"author":[{"embeddable":true,"href":"https:\/\/robinfo.oma.be\/fr\/wp-json\/wp\/v2\/users\/1"}],"replies":[{"embeddable":true,"href":"https:\/\/robinfo.oma.be\/fr\/wp-json\/wp\/v2\/comments?post=37"}],"version-history":[{"count":17,"href":"https:\/\/robinfo.oma.be\/fr\/wp-json\/wp\/v2\/pages\/37\/revisions"}],"predecessor-version":[{"id":4338,"href":"https:\/\/robinfo.oma.be\/fr\/wp-json\/wp\/v2\/pages\/37\/revisions\/4338"}],"up":[{"embeddable":true,"href":"https:\/\/robinfo.oma.be\/fr\/wp-json\/wp\/v2\/pages\/75"}],"wp:attachment":[{"href":"https:\/\/robinfo.oma.be\/fr\/wp-json\/wp\/v2\/media?parent=37"}],"curies":[{"name":"wp","href":"https:\/\/api.w.org\/{rel}","templated":true}]}}