{"id":3906,"date":"2022-04-12T17:37:09","date_gmt":"2022-04-12T15:37:09","guid":{"rendered":"http:\/\/robinfo.oma.be\/?page_id=3906"},"modified":"2022-04-12T17:37:44","modified_gmt":"2022-04-12T15:37:44","slug":"changement-dheure-2022","status":"publish","type":"page","link":"https:\/\/robinfo.oma.be\/fr\/astro-info\/heure\/changement-dheure-2022\/","title":{"rendered":"Changement d&rsquo;heure en 2022"},"content":{"rendered":"<p><span style=\"font-size: small;\"><span style=\"font-size: xx-small;\"><span style=\"font-size: 16px;\">Changement par :<\/span><br \/>\n<span style=\"font-size: 16px;\">L&rsquo;arr\u00eat\u00e9 royal du 19 d\u00e9cembre 2001, paru dans le moniteur belge du 28 d\u00e9cembre 2001.<\/span><br \/>\n<span style=\"font-size: 16px;\">Cet AR suit la directive 2000\/84\/EG du Parlement europ\u00e9en et du Conseil de 19 janvier 2001. <\/span><\/span><\/span><\/p>\n<p><span style=\"font-size: 22px;\">Le dimanche <strong>27<\/strong><b> mars 2022<\/b> on passe de l&rsquo;heure d&rsquo;hiver vers l&rsquo;heure d&rsquo;\u00e9t\u00e9. <\/span><br \/>\n<span style=\"font-size: 22px;\">A 2h du matin nous avan\u00e7ons l&rsquo;horloge d&rsquo;une heure (3h). <\/span><\/p>\n<p><span style=\"font-size: 22px;\">Le dimanche <strong>30<\/strong><b> octobre 2022<\/b> on passe de l&rsquo;heure d&rsquo;\u00e9t\u00e9 vers l&rsquo;heure d&rsquo;hiver.<\/span><br \/>\n<span style=\"font-size: 22px;\">A 3h du matin nous reculons l&rsquo;horloge d&rsquo;une heure (2h).<\/span><\/p>\n","protected":false},"excerpt":{"rendered":"<p>Changement par : L&rsquo;arr\u00eat\u00e9 royal du 19 d\u00e9cembre 2001, paru dans le moniteur belge du 28 d\u00e9cembre 2001. Cet AR suit la directive 2000\/84\/EG du Parlement europ\u00e9en et du Conseil de 19 janvier 2001. Le dimanche 27 mars 2022 on passe de l&rsquo;heure d&rsquo;hiver vers l&rsquo;heure d&rsquo;\u00e9t\u00e9. A 2h du matin nous avan\u00e7ons l&rsquo;horloge d&rsquo;une [&hellip;]<\/p>\n","protected":false},"author":2,"featured_media":0,"parent":59,"menu_order":0,"comment_status":"closed","ping_status":"closed","template":"","meta":[],"_links":{"self":[{"href":"https:\/\/robinfo.oma.be\/fr\/wp-json\/wp\/v2\/pages\/3906"}],"collection":[{"href":"https:\/\/robinfo.oma.be\/fr\/wp-json\/wp\/v2\/pages"}],"about":[{"href":"https:\/\/robinfo.oma.be\/fr\/wp-json\/wp\/v2\/types\/page"}],"author":[{"embeddable":true,"href":"https:\/\/robinfo.oma.be\/fr\/wp-json\/wp\/v2\/users\/2"}],"replies":[{"embeddable":true,"href":"https:\/\/robinfo.oma.be\/fr\/wp-json\/wp\/v2\/comments?post=3906"}],"version-history":[{"count":2,"href":"https:\/\/robinfo.oma.be\/fr\/wp-json\/wp\/v2\/pages\/3906\/revisions"}],"predecessor-version":[{"id":3908,"href":"https:\/\/robinfo.oma.be\/fr\/wp-json\/wp\/v2\/pages\/3906\/revisions\/3908"}],"up":[{"embeddable":true,"href":"https:\/\/robinfo.oma.be\/fr\/wp-json\/wp\/v2\/pages\/59"}],"wp:attachment":[{"href":"https:\/\/robinfo.oma.be\/fr\/wp-json\/wp\/v2\/media?parent=3906"}],"curies":[{"name":"wp","href":"https:\/\/api.w.org\/{rel}","templated":true}]}}