{"id":4025,"date":"2023-05-23T14:43:45","date_gmt":"2023-05-23T12:43:45","guid":{"rendered":"https:\/\/robinfo.oma.be\/?page_id=4025"},"modified":"2023-05-23T14:43:45","modified_gmt":"2023-05-23T12:43:45","slug":"changement-dheure-en-2023","status":"publish","type":"page","link":"https:\/\/robinfo.oma.be\/fr\/astro-info\/heure\/changement-dheure-en-2023\/","title":{"rendered":"Changement d&rsquo;heure en 2023"},"content":{"rendered":"<p><span style=\"font-size: small;\"><span style=\"font-size: xx-small;\"><span style=\"font-size: 16px;\">Changement par :<\/span><br \/>\n<span style=\"font-size: 16px;\">L&rsquo;arr\u00eat\u00e9 royal du 19 d\u00e9cembre 2001, paru dans le moniteur belge du 28 d\u00e9cembre 2001.<\/span><br \/>\n<span style=\"font-size: 16px;\">Cet AR suit la directive 2000\/84\/EG du Parlement europ\u00e9en et du Conseil de 19 janvier 2001. <\/span><\/span><\/span><\/p>\n<p><span style=\"font-size: 22px;\">Le dimanche <strong>26<\/strong><b> mars 2023<\/b> on passe de l&rsquo;heure d&rsquo;hiver vers l&rsquo;heure d&rsquo;\u00e9t\u00e9. <\/span><br \/>\n<span style=\"font-size: 22px;\">A 2h du matin nous avan\u00e7ons l&rsquo;horloge d&rsquo;une heure (3h). <\/span><\/p>\n<p><span style=\"font-size: 22px;\">Le dimanche <strong>29<\/strong><b> octobre 2023<\/b> on passe de l&rsquo;heure d&rsquo;\u00e9t\u00e9 vers l&rsquo;heure d&rsquo;hiver.<\/span><br \/>\n<span style=\"font-size: 22px;\">A 3h du matin nous reculons l&rsquo;horloge d&rsquo;une heure (2h).<\/span><\/p>\n","protected":false},"excerpt":{"rendered":"<p>Changement par : L&rsquo;arr\u00eat\u00e9 royal du 19 d\u00e9cembre 2001, paru dans le moniteur belge du 28 d\u00e9cembre 2001. Cet AR suit la directive 2000\/84\/EG du Parlement europ\u00e9en et du Conseil de 19 janvier 2001. Le dimanche 26 mars 2023 on passe de l&rsquo;heure d&rsquo;hiver vers l&rsquo;heure d&rsquo;\u00e9t\u00e9. A 2h du matin nous avan\u00e7ons l&rsquo;horloge d&rsquo;une [&hellip;]<\/p>\n","protected":false},"author":2,"featured_media":0,"parent":59,"menu_order":0,"comment_status":"closed","ping_status":"closed","template":"","meta":[],"_links":{"self":[{"href":"https:\/\/robinfo.oma.be\/fr\/wp-json\/wp\/v2\/pages\/4025"}],"collection":[{"href":"https:\/\/robinfo.oma.be\/fr\/wp-json\/wp\/v2\/pages"}],"about":[{"href":"https:\/\/robinfo.oma.be\/fr\/wp-json\/wp\/v2\/types\/page"}],"author":[{"embeddable":true,"href":"https:\/\/robinfo.oma.be\/fr\/wp-json\/wp\/v2\/users\/2"}],"replies":[{"embeddable":true,"href":"https:\/\/robinfo.oma.be\/fr\/wp-json\/wp\/v2\/comments?post=4025"}],"version-history":[{"count":1,"href":"https:\/\/robinfo.oma.be\/fr\/wp-json\/wp\/v2\/pages\/4025\/revisions"}],"predecessor-version":[{"id":4026,"href":"https:\/\/robinfo.oma.be\/fr\/wp-json\/wp\/v2\/pages\/4025\/revisions\/4026"}],"up":[{"embeddable":true,"href":"https:\/\/robinfo.oma.be\/fr\/wp-json\/wp\/v2\/pages\/59"}],"wp:attachment":[{"href":"https:\/\/robinfo.oma.be\/fr\/wp-json\/wp\/v2\/media?parent=4025"}],"curies":[{"name":"wp","href":"https:\/\/api.w.org\/{rel}","templated":true}]}}