{"id":4260,"date":"2024-02-27T18:39:29","date_gmt":"2024-02-27T17:39:29","guid":{"rendered":"https:\/\/robinfo.oma.be\/?page_id=4260"},"modified":"2024-02-27T18:43:27","modified_gmt":"2024-02-27T17:43:27","slug":"saisons-2026","status":"publish","type":"page","link":"https:\/\/robinfo.oma.be\/fr\/astro-info\/soleil\/saisons-2026\/","title":{"rendered":"Saisons 2026"},"content":{"rendered":"<p>Toutes les heures ont \u00e9t\u00e9 adapt\u00e9es en heure locale belge (UTC + 1 h en heure d&rsquo;hiver et UTC + 2 h en heure d&rsquo;\u00e9t\u00e9).<\/p>\r\n<p><strong><span style=\"text-decoration: underline;\"><span style=\"font-size: 22px;\">Pour l&rsquo;ann\u00e9e 2026 :<\/span><\/span><\/strong><\/p>\r\n\r\n<table class=\"wp-block-table\">\r\n<tbody>\r\n<tr>\r\n<td>Printemps<\/td>\r\n<td>20 mars<\/td>\r\n<td>15h46<\/td>\r\n<\/tr>\r\n<tr>\r\n<td>\u00c9t\u00e9<\/td>\r\n<td>21 juin<\/td>\r\n<td>10h24<\/td>\r\n<\/tr>\r\n<tr>\r\n<td>Automne<\/td>\r\n<td>23 septembre<\/td>\r\n<td>2h05<\/td>\r\n<\/tr>\r\n<tr>\r\n<td>Hiver<\/td>\r\n<td>21 d\u00e9cembre<\/td>\r\n<td>22h50<\/td>\r\n<\/tr>\r\n<\/tbody>\r\n<\/table>","protected":false},"excerpt":{"rendered":"<p>Toutes les heures ont \u00e9t\u00e9 adapt\u00e9es en heure locale belge (UTC + 1 h en heure d&rsquo;hiver et UTC + 2 h en heure d&rsquo;\u00e9t\u00e9). Pour l&rsquo;ann\u00e9e 2026 : Printemps 20 mars 15h46 \u00c9t\u00e9 21 juin 10h24 Automne 23 septembre 2h05 Hiver 21 d\u00e9cembre 22h50<\/p>\n","protected":false},"author":2,"featured_media":0,"parent":37,"menu_order":0,"comment_status":"closed","ping_status":"closed","template":"","meta":[],"_links":{"self":[{"href":"https:\/\/robinfo.oma.be\/fr\/wp-json\/wp\/v2\/pages\/4260"}],"collection":[{"href":"https:\/\/robinfo.oma.be\/fr\/wp-json\/wp\/v2\/pages"}],"about":[{"href":"https:\/\/robinfo.oma.be\/fr\/wp-json\/wp\/v2\/types\/page"}],"author":[{"embeddable":true,"href":"https:\/\/robinfo.oma.be\/fr\/wp-json\/wp\/v2\/users\/2"}],"replies":[{"embeddable":true,"href":"https:\/\/robinfo.oma.be\/fr\/wp-json\/wp\/v2\/comments?post=4260"}],"version-history":[{"count":3,"href":"https:\/\/robinfo.oma.be\/fr\/wp-json\/wp\/v2\/pages\/4260\/revisions"}],"predecessor-version":[{"id":4268,"href":"https:\/\/robinfo.oma.be\/fr\/wp-json\/wp\/v2\/pages\/4260\/revisions\/4268"}],"up":[{"embeddable":true,"href":"https:\/\/robinfo.oma.be\/fr\/wp-json\/wp\/v2\/pages\/37"}],"wp:attachment":[{"href":"https:\/\/robinfo.oma.be\/fr\/wp-json\/wp\/v2\/media?parent=4260"}],"curies":[{"name":"wp","href":"https:\/\/api.w.org\/{rel}","templated":true}]}}