{"id":4273,"date":"2024-02-27T18:50:28","date_gmt":"2024-02-27T17:50:28","guid":{"rendered":"https:\/\/robinfo.oma.be\/?page_id=4273"},"modified":"2024-02-27T18:50:36","modified_gmt":"2024-02-27T17:50:36","slug":"saisons-2027","status":"publish","type":"page","link":"https:\/\/robinfo.oma.be\/fr\/astro-info\/soleil\/saisons-2027\/","title":{"rendered":"Saisons 2027"},"content":{"rendered":"<p>Toutes les heures ont \u00e9t\u00e9 adapt\u00e9es en heure locale belge (UTC + 1 h en heure d&rsquo;hiver et UTC + 2 h en heure d&rsquo;\u00e9t\u00e9).<\/p>\r\n<p><strong><span style=\"text-decoration: underline;\"><span style=\"font-size: 22px;\">Pour l&rsquo;ann\u00e9e 2027 :<\/span><\/span><\/strong><\/p>\r\n\r\n<table class=\"wp-block-table\">\r\n<tbody>\r\n<tr>\r\n<td>Printemps<\/td>\r\n<td>20 mars<\/td>\r\n<td>21h25<\/td>\r\n<\/tr>\r\n<tr>\r\n<td>\u00c9t\u00e9<\/td>\r\n<td>21 juin<\/td>\r\n<td>16h11<\/td>\r\n<\/tr>\r\n<tr>\r\n<td>Automne<\/td>\r\n<td>22 septembre<\/td>\r\n<td>08h02<\/td>\r\n<\/tr>\r\n<tr>\r\n<td>Hiver<\/td>\r\n<td>22 d\u00e9cembre<\/td>\r\n<td>3h42<\/td>\r\n<\/tr>\r\n<\/tbody>\r\n<\/table>","protected":false},"excerpt":{"rendered":"<p>Toutes les heures ont \u00e9t\u00e9 adapt\u00e9es en heure locale belge (UTC + 1 h en heure d&rsquo;hiver et UTC + 2 h en heure d&rsquo;\u00e9t\u00e9). Pour l&rsquo;ann\u00e9e 2027 : Printemps 20 mars 21h25 \u00c9t\u00e9 21 juin 16h11 Automne 22 septembre 08h02 Hiver 22 d\u00e9cembre 3h42<\/p>\n","protected":false},"author":2,"featured_media":0,"parent":37,"menu_order":0,"comment_status":"closed","ping_status":"closed","template":"","meta":[],"_links":{"self":[{"href":"https:\/\/robinfo.oma.be\/fr\/wp-json\/wp\/v2\/pages\/4273"}],"collection":[{"href":"https:\/\/robinfo.oma.be\/fr\/wp-json\/wp\/v2\/pages"}],"about":[{"href":"https:\/\/robinfo.oma.be\/fr\/wp-json\/wp\/v2\/types\/page"}],"author":[{"embeddable":true,"href":"https:\/\/robinfo.oma.be\/fr\/wp-json\/wp\/v2\/users\/2"}],"replies":[{"embeddable":true,"href":"https:\/\/robinfo.oma.be\/fr\/wp-json\/wp\/v2\/comments?post=4273"}],"version-history":[{"count":2,"href":"https:\/\/robinfo.oma.be\/fr\/wp-json\/wp\/v2\/pages\/4273\/revisions"}],"predecessor-version":[{"id":4275,"href":"https:\/\/robinfo.oma.be\/fr\/wp-json\/wp\/v2\/pages\/4273\/revisions\/4275"}],"up":[{"embeddable":true,"href":"https:\/\/robinfo.oma.be\/fr\/wp-json\/wp\/v2\/pages\/37"}],"wp:attachment":[{"href":"https:\/\/robinfo.oma.be\/fr\/wp-json\/wp\/v2\/media?parent=4273"}],"curies":[{"name":"wp","href":"https:\/\/api.w.org\/{rel}","templated":true}]}}