{"id":4298,"date":"2024-03-25T16:40:55","date_gmt":"2024-03-25T15:40:55","guid":{"rendered":"https:\/\/robinfo.oma.be\/?page_id=4298"},"modified":"2025-02-27T11:38:16","modified_gmt":"2025-02-27T10:38:16","slug":"phases-de-la-lune-2026","status":"publish","type":"page","link":"https:\/\/robinfo.oma.be\/fr\/astro-info\/lune\/phases-de-la-lune-2026\/","title":{"rendered":"Phases de la lune 2026"},"content":{"rendered":"\r\n<p>Toutes les heures ont \u00e9t\u00e9 adapt\u00e9es en heure locale belge (UTC + 1 h en heure d\u2019hiver et UTC + 2 h en heure d\u2019\u00e9t\u00e9).<\/p>\r\n\r\n\r\n\r\n<p class=\"has-medium-font-size\"><strong>Pour l&rsquo;ann\u00e9e 2026:<\/strong><\/p>\r\n\r\n\r\n\n<table><tr><th><a href=\"https:\/\/robinfo.oma.be\/fr\/lunaison\/\" target=\"_blank\">Num\u00e9ro de lunaison <\/a><\/th><th>Nouvelle lune<\/th><th>Premier quartier<\/th><th>Pleine lune<\/th><th>Dernier quartier<\/th><\/tr><tr><th>1274<\/th><th>20 d&eacute;cembre 2025 &agrave; 02h43<\/th><th>27 d&eacute;cembre 2025 &agrave; 20h09<\/th><th>03 janvier &agrave; 11h03<\/th><th>10 janvier &agrave; 16h48<\/th><\/tr><tr><th>1275<\/th><th>18 janvier &agrave; 20h52<\/th><th>26 janvier &agrave; 05h47<\/th><th>01 f&eacute;vrier &agrave; 23h09<\/th><th>09 f&eacute;vrier &agrave; 13h43<\/th><\/tr><tr><th>1276<\/th><th>17 f&eacute;vrier &agrave; 13h01<\/th><th>24 f&eacute;vrier &agrave; 13h28<\/th><th>03 mars &agrave; 12h38<\/th><th>11 mars &agrave; 10h39<\/th><\/tr><tr><th>1277<\/th><th>19 mars &agrave; 02h23<\/th><th>25 mars &agrave; 20h18<\/th><th>02 avril &agrave; 04h12<\/th><th>10 avril &agrave; 06h52<\/th><\/tr><tr><th>1278<\/th><th>17 avril &agrave; 13h52<\/th><th>24 avril &agrave; 04h32<\/th><th>01 mai &agrave; 19h23<\/th><th>09 mai &agrave; 23h10<\/th><\/tr><tr><th>1279<\/th><th>16 mai &agrave; 22h01<\/th><th>23 mai &agrave; 13h11<\/th><th>31 mai &agrave; 10h45<\/th><th>08 juin &agrave; 12h01<\/th><\/tr><tr><th>1280<\/th><th>15 juin &agrave; 04h54<\/th><th>21 juin &agrave; 23h55<\/th><th>30 juin &agrave; 01h57<\/th><th>07 juillet &agrave; 21h29<\/th><\/tr><tr><th>1281<\/th><th>14 juillet &agrave; 11h44<\/th><th>21 juillet &agrave; 13h06<\/th><th>29 juillet &agrave; 16h36<\/th><th>06 ao&ucirc;t &agrave; 04h21<\/th><\/tr><tr><th>1282<\/th><th>12 ao&ucirc;t &agrave; 19h37<\/th><th>20 ao&ucirc;t &agrave; 04h46<\/th><th>28 ao&ucirc;t &agrave; 06h19<\/th><th>04 septembre &agrave; 09h51<\/th><\/tr><tr><th>1283<\/th><th>11 septembre &agrave; 05h27<\/th><th>18 septembre &agrave; 22h44<\/th><th>26 septembre &agrave; 18h49<\/th><th>03 octobre &agrave; 15h25<\/th><\/tr><tr><th>1284<\/th><th>10 octobre &agrave; 17h50<\/th><th>18 octobre &agrave; 18h13<\/th><th>26 octobre &agrave; 05h12<\/th><th>01 novembre &agrave; 21h28<\/th><\/tr><tr><th>1285<\/th><th>09 novembre &agrave; 08h02<\/th><th>17 novembre &agrave; 12h48<\/th><th>24 novembre &agrave; 15h54<\/th><th>01 d&eacute;cembre &agrave; 07h09<\/th><\/tr><tr><th>1286<\/th><th>09 d&eacute;cembre &agrave; 01h52<\/th><th>17 d&eacute;cembre &agrave; 06h43<\/th><th>24 d&eacute;cembre &agrave; 02h28<\/th><th>30 d&eacute;cembre &agrave; 19h59<\/th><\/tr><\/table>","protected":false},"excerpt":{"rendered":"<p>Toutes les heures ont \u00e9t\u00e9 adapt\u00e9es en heure locale belge (UTC + 1 h en heure d\u2019hiver et UTC + 2 h en heure d\u2019\u00e9t\u00e9). Pour l&rsquo;ann\u00e9e 2026:<\/p>\n","protected":false},"author":2,"featured_media":0,"parent":45,"menu_order":0,"comment_status":"closed","ping_status":"closed","template":"","meta":[],"_links":{"self":[{"href":"https:\/\/robinfo.oma.be\/fr\/wp-json\/wp\/v2\/pages\/4298"}],"collection":[{"href":"https:\/\/robinfo.oma.be\/fr\/wp-json\/wp\/v2\/pages"}],"about":[{"href":"https:\/\/robinfo.oma.be\/fr\/wp-json\/wp\/v2\/types\/page"}],"author":[{"embeddable":true,"href":"https:\/\/robinfo.oma.be\/fr\/wp-json\/wp\/v2\/users\/2"}],"replies":[{"embeddable":true,"href":"https:\/\/robinfo.oma.be\/fr\/wp-json\/wp\/v2\/comments?post=4298"}],"version-history":[{"count":5,"href":"https:\/\/robinfo.oma.be\/fr\/wp-json\/wp\/v2\/pages\/4298\/revisions"}],"predecessor-version":[{"id":4525,"href":"https:\/\/robinfo.oma.be\/fr\/wp-json\/wp\/v2\/pages\/4298\/revisions\/4525"}],"up":[{"embeddable":true,"href":"https:\/\/robinfo.oma.be\/fr\/wp-json\/wp\/v2\/pages\/45"}],"wp:attachment":[{"href":"https:\/\/robinfo.oma.be\/fr\/wp-json\/wp\/v2\/media?parent=4298"}],"curies":[{"name":"wp","href":"https:\/\/api.w.org\/{rel}","templated":true}]}}