{"id":4362,"date":"2024-04-19T19:00:19","date_gmt":"2024-04-19T17:00:19","guid":{"rendered":"https:\/\/robinfo.oma.be\/?page_id=4362"},"modified":"2024-04-19T19:00:48","modified_gmt":"2024-04-19T17:00:48","slug":"jours-feries-belges-2027","status":"publish","type":"page","link":"https:\/\/robinfo.oma.be\/fr\/astro-info\/calendrier\/jours-feries-en-belgique\/jours-feries-belges-2027\/","title":{"rendered":"Jours f\u00e9ri\u00e9s belges 2027"},"content":{"rendered":"\n<table >     <tr >       <td colspan=\"2\"><h3>Jours f\u00e9ri\u00e9s officiels<\/h3><\/td>    <\/tr>        <tr>      <td style=\"text-align: left;\">1er janvier 2027<\/td>      <td style=\"text-align: rt; font-weight:600;\">Nouvel An<\/td>    <\/tr>        <tr>      <td style=\"text-align: left;\">28 mars 2027<\/td>      <td style=\"text-align: rt; font-weight:600;\">P&acirc;ques<\/td>    <\/tr>        <tr>      <td style=\"text-align: left;\">29 mars 2027<\/td>      <td style=\"text-align: rt; font-weight:600;\">Lundi de P&acirc;ques<\/td>    <\/tr>        <tr>      <td style=\"text-align: left;\">1er mai 2027<\/td>      <td style=\"text-align: rt; font-weight:600;\">F&ecirc;te du travail<\/td>    <\/tr>        <tr>      <td style=\"text-align: left;\">6 mai 2027<\/td>      <td style=\"text-align: rt; font-weight:600;\">Ascension<\/td>    <\/tr>        <tr>      <td style=\"text-align: left;\">16 mai 2027<\/td>      <td style=\"text-align: rt; font-weight:600;\">Pentec&ocirc;te<\/td>    <\/tr>        <tr>      <td style=\"text-align: left;\">17 mai 2027<\/td>      <td style=\"text-align: rt; font-weight:600;\">Lundi de Pentec&ocirc;te<\/td>    <\/tr>        <tr>      <td style=\"text-align: left;\">21 juillet 2027<\/td>      <td style=\"text-align: rt; font-weight:600;\">F&ecirc;te Nationale<\/td>    <\/tr>        <tr>      <td style=\"text-align: left;\">15 ao&ucirc;t 2027<\/td>      <td style=\"text-align: rt; font-weight:600;\">Assomption<\/td>    <\/tr>        <tr>      <td style=\"text-align: left;\">1er novembre 2027<\/td>      <td style=\"text-align: rt; font-weight:600;\">Toussaint<\/td>    <\/tr>        <tr>      <td style=\"text-align: left;\">11 novembre 2027<\/td>      <td style=\"text-align: rt; font-weight:600;\">Armistice<\/td>    <\/tr>        <tr>      <td style=\"text-align: left;\">25 d&eacute;cembre 2027<\/td>      <td style=\"text-align: rt; font-weight:600;\">No&euml;l<\/td>    <\/tr>        <tr><td colspan=\"2\"><h3>Jours f\u00e9ri\u00e9s pour les administrations f\u00e9d\u00e9rales<\/h3><\/td><\/tr>        <tr>      <td style=\"text-align: left;\">2 novembre 2027<\/td>      <td style=\"text-align: left; font-weight:600;\">Jour des morts<\/td>    <\/tr>        <tr>      <td style=\"text-align: left;\">15 novembre 2027<\/td>      <td style=\"text-align: left; font-weight:600;\">F&ecirc;te du Roi<\/td>    <\/tr>        <tr>      <td style=\"text-align: left;\">26 d&eacute;cembre 2027<\/td>      <td style=\"text-align: left; font-weight:600;\">Second jour de No&euml;l<\/td>    <\/tr>    <tr><td colspan=\"2\"><h3>Jours f\u00e9ri\u00e9s r\u00e9gionaux<\/h3><\/td><\/tr>        <tr>      <td style=\"text-align: left;\">8 mai 2027<\/td>      <td style=\"text-align: left; font-weight:600;\">F&ecirc;te de la R&eacute;gion de Bruxelles-Capitale<\/td>    <\/tr>        <tr>      <td style=\"text-align: left;\">11 juillet 2027<\/td>      <td style=\"text-align: left; font-weight:600;\">F&ecirc;te de la Communaut&eacute; flamande<\/td>    <\/tr>        <tr>      <td style=\"text-align: left;\">19 septembre 2027<\/td>      <td style=\"text-align: left; font-weight:600;\">F&ecirc;te de la R&eacute;gion wallonne<\/td>    <\/tr>        <tr>      <td style=\"text-align: left;\">27 septembre 2027<\/td>      <td style=\"text-align: left; font-weight:600;\">F&ecirc;te de la F&eacute;d&eacute;ration Wallonie-Bruxelles<\/td>    <\/tr>        <tr>      <td style=\"text-align: left;\">15 novembre 2027<\/td>      <td style=\"text-align: left; font-weight:600;\">F&ecirc;te de la Communaut&eacute; germanophone<\/td>    <\/tr>    <\/table>","protected":false},"excerpt":{"rendered":"","protected":false},"author":2,"featured_media":0,"parent":2988,"menu_order":0,"comment_status":"closed","ping_status":"closed","template":"","meta":[],"_links":{"self":[{"href":"https:\/\/robinfo.oma.be\/fr\/wp-json\/wp\/v2\/pages\/4362"}],"collection":[{"href":"https:\/\/robinfo.oma.be\/fr\/wp-json\/wp\/v2\/pages"}],"about":[{"href":"https:\/\/robinfo.oma.be\/fr\/wp-json\/wp\/v2\/types\/page"}],"author":[{"embeddable":true,"href":"https:\/\/robinfo.oma.be\/fr\/wp-json\/wp\/v2\/users\/2"}],"replies":[{"embeddable":true,"href":"https:\/\/robinfo.oma.be\/fr\/wp-json\/wp\/v2\/comments?post=4362"}],"version-history":[{"count":1,"href":"https:\/\/robinfo.oma.be\/fr\/wp-json\/wp\/v2\/pages\/4362\/revisions"}],"predecessor-version":[{"id":4363,"href":"https:\/\/robinfo.oma.be\/fr\/wp-json\/wp\/v2\/pages\/4362\/revisions\/4363"}],"up":[{"embeddable":true,"href":"https:\/\/robinfo.oma.be\/fr\/wp-json\/wp\/v2\/pages\/2988"}],"wp:attachment":[{"href":"https:\/\/robinfo.oma.be\/fr\/wp-json\/wp\/v2\/media?parent=4362"}],"curies":[{"name":"wp","href":"https:\/\/api.w.org\/{rel}","templated":true}]}}