{"id":4386,"date":"2025-01-09T15:09:46","date_gmt":"2025-01-09T14:09:46","guid":{"rendered":"https:\/\/robinfo.oma.be\/?page_id=4386"},"modified":"2025-03-19T11:49:39","modified_gmt":"2025-03-19T10:49:39","slug":"eclipses-2025","status":"publish","type":"page","link":"https:\/\/robinfo.oma.be\/fr\/astro-info\/eclipses\/eclipses-2025\/","title":{"rendered":"\u00c9clipses 2025"},"content":{"rendered":"\r\n<h3>Il y aura en 2025 quatre \u00e9clipses : deux de Soleil et deux de Lune<\/h3>\r\n\r\n\r\n\r\n\r\n\r\n\r\n\r\n<table class=\"wp-block-table\">\r\n<tbody>\r\n<tr>\r\n<td><strong>Date<\/strong><\/td>\r\n<td><strong>Type<\/strong><\/td>\r\n<td><strong>Visibilit\u00e9<\/strong><\/td>\r\n<\/tr>\r\n<tr>\r\n<td><a href=\"#eclipse-14-mars-2025\" data-type=\"internal\" data-id=\"#eclipse-14-mars-2025\">14 mars 2025<\/a><\/td>\r\n<td>\u00c9clipse totale de Lune<\/td>\r\n<td>En partie visible en Belgique<\/td>\r\n<\/tr>\r\n<tr>\r\n<td><a href=\"#eclipse-29-mars-2025\" data-type=\"internal\" data-id=\"#eclipse-29-mars-2025\">29 mars 2025<\/a><\/td>\r\n<td>\u00c9clipse partielle de Soleil<\/td>\r\n<td>En Belgique visible comme \u00e9clipse partielle<\/td>\r\n<\/tr>\r\n<tr>\r\n<td><a href=\"#eclipse-7-septembre-2025\" data-type=\"internal\" data-id=\"#eclipse-7-septembre-2025\">7 septembre 2025<\/a><\/td>\r\n<td>\u00c9clipse totale de Lune<\/td>\r\n<td>En partie visible en Belgique<\/td>\r\n<\/tr>\r\n<tr>\r\n<td><a href=\"#eclipse-21-septembre-2025\" data-type=\"internal\" data-id=\"#eclipse-21-septembre-2025\">21 septembre 2025<\/a><\/td>\r\n<td>\u00c9clipse partielle de Soleil<\/td>\r\n<td>Invisible en Belgique<\/td>\r\n<\/tr>\r\n<\/tbody>\r\n<\/table>\r\n\r\n\r\n\r\n\r\n\r\n\r\n\r\n<p>UT = TT &#8211; 69,0 s<\/p>\r\n\r\n\r\n<h3 id=\"eclipse-14-mars-2025\">I &#8211; 14 mars 2025 &#8211; \u00c9clipse totale de Lune, en partie visible en Belgique<\/h3>\r\n\r\n<figure class=\"wp-block-table\">\r\n<table class=\"wp-block-table\">\r\n<tbody>\r\n<tr>\r\n<td><strong>Phase<\/strong><\/td>\r\n<td><strong>Temps universel<\/strong><\/td>\r\n<td><strong>Longitude<\/strong><\/td>\r\n<td><strong>Latitude<\/strong><\/td>\r\n<td><strong>Angle de position<\/strong><\/td>\r\n<td><strong>Hauteur \u00e0 Uccle<\/strong><\/td>\r\n<\/tr>\r\n<tr>\r\n<td>Entr\u00e9e de la Lune dans la p\u00e9nombre<\/td>\r\n<td>03h55,7<\/td>\r\n<td>057 43 W<\/td>\r\n<td>3 25 N<\/td>\r\n<td>132<\/td>\r\n<td>+19<\/td>\r\n<\/tr>\r\n<tr>\r\n<td>Entr\u00e9e de la Lune dans l&rsquo;ombre<\/td>\r\n<td>05h09,3<\/td>\r\n<td>075 37 W<\/td>\r\n<td>3 07 N<\/td>\r\n<td>140<\/td>\r\n<td>+8<\/td>\r\n<\/tr>\r\n<tr>\r\n<td>Coucher de la Lune \u00e0 Uccle<\/td>\r\n<td>05h59,3<\/td>\r\n<td>087 47 W<\/td>\r\n<td>2 55 N<\/td>\r\n<td>154<\/td>\r\n<td>0<\/td>\r\n<\/tr>\r\n<tr>\r\n<td>Commencement de l&rsquo;\u00e9clipse totale<\/td>\r\n<td>06h25,6<\/td>\r\n<td>094 11 W<\/td>\r\n<td>2 49 N<\/td>\r\n<td>170<\/td>\r\n<td>&#8211;<\/td>\r\n<\/tr>\r\n<tr>\r\n<td>Maximum de l&rsquo;\u00e9clipse<\/td>\r\n<td>06h58,8<\/td>\r\n<td>102 05 W<\/td>\r\n<td>2 41 N<\/td>\r\n<td>209<\/td>\r\n<td>&#8211;<\/td>\r\n<\/tr>\r\n<tr>\r\n<td>Fin de l&rsquo;\u00e9clipse totale<\/td>\r\n<td>07h31,9<\/td>\r\n<td>110 19 W<\/td>\r\n<td>2 33 N<\/td>\r\n<td>248<\/td>\r\n<td>&#8211;<\/td>\r\n<\/tr>\r\n<tr>\r\n<td>Sortie de la Lune de l&rsquo;ombre<\/td>\r\n<td>08h48,2<\/td>\r\n<td>128 52 W<\/td>\r\n<td>2 14 N<\/td>\r\n<td>279<\/td>\r\n<td>&#8211;<\/td>\r\n<\/tr>\r\n<tr>\r\n<td>Sortie de la Lune de la p\u00e9nombre<\/td>\r\n<td>10h01,9<\/td>\r\n<td>146 48 W<\/td>\r\n<td>1 57 N<\/td>\r\n<td>286<\/td>\r\n<td>&#8211;<\/td>\r\n<\/tr>\r\n<\/tbody>\r\n<\/table>\r\n<\/figure>\r\n<p>La longitude et la latitude se rapportent au point de la Terre o\u00f9 la Lune se trouve \u00e0 cet instant au z\u00e9nith. L&rsquo;angle de position est d\u00e9fini \u00e0 partir de la ligne imaginaire qui relie le centre du disque lunaire au centre de l&rsquo;ombre de la Terre. Il est mesur\u00e9 au centre du disque lunaire, \u00e0 partir du Nord, dans le sens inverse du mouvement des aiguilles d&rsquo;une montre. Au d\u00e9but et \u00e0 la fin des phases de p\u00e9nombre et d&rsquo;ombre, c&rsquo;est l&rsquo;angle de position du point de contact. La hauteur et les instants de lever et coucher de la Lune sont calcul\u00e9s pour son centre, sans tenir compte de la r\u00e9fraction.<\/p>\r\n\r\n\r\n\r\n<p>Grandeur de l&rsquo;\u00e9clipse: 1,183, le diam\u00e8tre du disque lunaire \u00e9tant pris pour unit\u00e9.<\/p>\r\n\r\n\r\n\r\n<p>La carte ci-jointe montre la r\u00e9gion o\u00f9 l&rsquo;\u00e9clipse est observable. L&rsquo;explication des codes utilis\u00e9s se trouve en bas de page.<\/p>\r\n\r\n\r\n\r\n<figure class=\"wp-block-image\"><img class=\"wp-image-1164 aligncenter\" src=\"https:\/\/robinfo.oma.be\/wp-content\/uploads\/2024\/12\/EC20250314-e1734719526524.jpg\" alt=\"&quot;\" \/><\/figure>\r\n\r\n\r\n\r\n<h3 id=\"eclipse-29-mars-2025\">II &#8211; 29 mars 2025 &#8211; \u00c9clipse partielle de Soleil, en Belgique visible comme \u00e9clipse partielle<\/h3>\r\n\r\n\r\n\r\n\r\n\r\n\r\n\r\n<figure class=\"wp-block-table\">\r\n<table class=\"wp-block-table\">\r\n<tbody>\r\n<tr>\r\n<td><strong>Phase<\/strong><\/td>\r\n<td><strong>Temps universel<\/strong><\/td>\r\n<td><strong>Longitude<\/strong><\/td>\r\n<td><strong>Latitude<\/strong><\/td>\r\n<\/tr>\r\n<tr>\r\n<td>Commencement de l&rsquo;\u00e9clipse<\/td>\r\n<td>08h50,7<\/td>\r\n<td>042 39 W<\/td>\r\n<td>13 57 N<\/td>\r\n<\/tr>\r\n<tr>\r\n<td>Maximum de l&rsquo;\u00e9clipse<\/td>\r\n<td>10h47,2<\/td>\r\n<td>076 37 E<\/td>\r\n<td>61 08 N<\/td>\r\n<\/tr>\r\n<tr>\r\n<td>Fin de l&rsquo;\u00e9clipse<\/td>\r\n<td>12h43,7<\/td>\r\n<td>091 39 E<\/td>\r\n<td>71 07 N<\/td>\r\n<\/tr>\r\n<\/tbody>\r\n<\/table>\r\n<\/figure>\r\n<p>Grandeur de l&rsquo;\u00e9clipse: 0,938, le diam\u00e8tre du disque solaire \u00e9tant pris pour unit\u00e9.<\/p>\r\n<p>La carte ci-jointe montre la r\u00e9gion o\u00f9 l&rsquo;\u00e9clipse est observable. L&rsquo;explication des codes utilis\u00e9s se trouve en bas de page.<\/p>\r\n<figure class=\"wp-block-image\"><img class=\"wp-image-1164 aligncenter\" src=\"https:\/\/robinfo.oma.be\/wp-content\/uploads\/2024\/12\/EC20250329-e1734719519764.jpg\" alt=\"\" \/><\/figure>\r\n<h4>Phases \u00e0 Uccle &#8211; Bruxelles (Observatoire)<\/h4>\r\n<figure class=\"wp-block-table\">\r\n<table>\r\n<tbody>\r\n<tr>\r\n<td><strong>Phase<\/strong><\/td>\r\n<td><strong>Temps universel<\/strong><\/td>\r\n<td><strong>Angle de position par rapport au p\u00f4le<\/strong><\/td>\r\n<td><strong>Angle de position par rapport au z\u00e9nith<\/strong><\/td>\r\n<td><strong>Hauteur \u00e0 Uccle<\/strong><\/td>\r\n<\/tr>\r\n<tr>\r\n<td>Premier contact<\/td>\r\n<td>10h14min05s<\/td>\r\n<td>273<\/td>\r\n<td>291<\/td>\r\n<td>+39<\/td>\r\n<\/tr>\r\n<tr>\r\n<td>Maximum de l&rsquo;\u00e9clipse<\/td>\r\n<td>11h07min11s<\/td>\r\n<td>321<\/td>\r\n<td>329<\/td>\r\n<td>+42<\/td>\r\n<\/tr>\r\n<tr>\r\n<td>Soleil au m\u00e9ridien<\/td>\r\n<td>11h47min15s<\/td>\r\n<td>001<\/td>\r\n<td>001<\/td>\r\n<td>43<\/td>\r\n<\/tr>\r\n<tr>\r\n<td>Dernier contact<\/td>\r\n<td>12h01min13s<\/td>\r\n<td>010<\/td>\r\n<td>07<\/td>\r\n<td>+43<\/td>\r\n<\/tr>\r\n<\/tbody>\r\n<\/table>\r\n<\/figure>\r\n<p>Grandeur de l&rsquo;\u00e9clipse: 0,348, le diam\u00e8tre du disque solaire \u00e9tant pris pour unit\u00e9.<\/p>\r\n<p>L&rsquo;angle de position par rapport au p\u00f4le, resp. au z\u00e9nith, est l&rsquo;angle form\u00e9 par la direction du centre du disque lunaire avec la direction du p\u00f4le, resp. du z\u00e9nith. Ces deux angles sont mesur\u00e9s au centre du disque solaire dans le sens inverse du mouvement des aiguilles d&rsquo;une montre. Au commencement et \u00e0 la fin de l&rsquo;\u00e9clipse, ils correspondent aux angles de position des points de contact.<\/p>\r\n\r\n\r\n\r\n<p>La hauteur du Soleil est celle d&rsquo;un point de r\u00e9f\u00e9rence, qui se situe pendant l&rsquo;\u00e9clipse dans la partie \u00e9clips\u00e9e du Soleil, et qui co\u00efncide aux instants de contact avec le point de contact du Soleil et de la Lune. On ne tient pas compte de la r\u00e9fraction.<\/p>\r\n<h4>Visibilit\u00e9 en Belgique<\/h4>\r\n\r\n<p>La table ci-apr\u00e8s donne les phases pour quelques sites belges repr\u00e9sentatifs.<\/p>\r\n\r\n<p>\u00c0 Bruxelles et en Wallonie :<\/p>\r\n\r\n<p>&nbsp;<\/p>\r\n<figure class=\"wp-block-table\">\r\n<table class=\"wp-block-table\">\r\n<tbody>\r\n<tr>\r\n<td><strong>Lieu<\/strong><\/td>\r\n<td><strong>D\u00e9but en temps universel<\/strong><\/td>\r\n<td><strong>Maximum en temps universel<\/strong><\/td>\r\n<td><strong>Fin en temps universel<\/strong><\/td>\r\n<td><strong>Grandeur<\/strong><\/td>\r\n<\/tr>\r\n<tr>\r\n<td>Bruxelles<\/td>\r\n<td>10h14min07s<\/td>\r\n<td>11h07min15s<\/td>\r\n<td>12h01min20s<\/td>\r\n<td>0,349<\/td>\r\n<\/tr>\r\n<tr>\r\n<td>Nivelles<\/td>\r\n<td>10h13min51s<\/td>\r\n<td>11h06min51s<\/td>\r\n<td>12h00min47s<\/td>\r\n<td>0,345<\/td>\r\n<\/tr>\r\n<tr>\r\n<td>Jodoigne<\/td>\r\n<td>10h14min56s<\/td>\r\n<td>11h07min38s<\/td>\r\n<td>12h01min14s<\/td>\r\n<td>0,340<\/td>\r\n<\/tr>\r\n<tr>\r\n<td>Tournai<\/td>\r\n<td>10h12min13s<\/td>\r\n<td>11h05min50s<\/td>\r\n<td>12h00min29s<\/td>\r\n<td>0,358<\/td>\r\n<\/tr>\r\n<tr>\r\n<td>Mons<\/td>\r\n<td>10h13min14s<\/td>\r\n<td>11h06min13s<\/td>\r\n<td>12h00min22s<\/td>\r\n<td>0,348<\/td>\r\n<\/tr>\r\n<tr>\r\n<td>Charleroi<\/td>\r\n<td>10h13min55s<\/td>\r\n<td>11h06min42s<\/td>\r\n<td>12h00min26s<\/td>\r\n<td>0,341<\/td>\r\n<\/tr>\r\n<tr>\r\n<td>Chimay<\/td>\r\n<td>10h13min23s<\/td>\r\n<td>11h06min00s<\/td>\r\n<td>11h59min36s<\/td>\r\n<td>0,337<\/td>\r\n<\/tr>\r\n<tr>\r\n<td>Philippeville<\/td>\r\n<td>10h13min56s<\/td>\r\n<td>11h06min29s<\/td>\r\n<td>12h00min00s<\/td>\r\n<td>0,336<\/td>\r\n<\/tr>\r\n<tr>\r\n<td>Namur<\/td>\r\n<td>10h14min42s<\/td>\r\n<td>11h07min13s<\/td>\r\n<td>12h00min39s<\/td>\r\n<td>0,336<\/td>\r\n<\/tr>\r\n<tr>\r\n<td>Dinant<\/td>\r\n<td>10h14min39s<\/td>\r\n<td>11h07min00s<\/td>\r\n<td>12h00min15s<\/td>\r\n<td>0,332<\/td>\r\n<\/tr>\r\n<tr>\r\n<td>Gedinne<\/td>\r\n<td>10h14min29s<\/td>\r\n<td>11h06min36s<\/td>\r\n<td>11h59min39s<\/td>\r\n<td>0,328<\/td>\r\n<\/tr>\r\n<tr>\r\n<td>Huy<\/td>\r\n<td>10h15min27s<\/td>\r\n<td>11h07min45s<\/td>\r\n<td>12h00min55s<\/td>\r\n<td>0,332<\/td>\r\n<\/tr>\r\n<tr>\r\n<td>Li\u00e8ge<\/td>\r\n<td>10h16min09s<\/td>\r\n<td>11h08min18s<\/td>\r\n<td>12h01min17s<\/td>\r\n<td>0,329<\/td>\r\n<\/tr>\r\n<tr>\r\n<td>Werbomont<\/td>\r\n<td>10h16min11s<\/td>\r\n<td>11h08min03s<\/td>\r\n<td>12h00min44s<\/td>\r\n<td>0,324<\/td>\r\n<\/tr>\r\n<tr>\r\n<td>Eupen<\/td>\r\n<td>10h17min01s<\/td>\r\n<td>11h08min48s<\/td>\r\n<td>12h01min23s<\/td>\r\n<td>0,323<\/td>\r\n<\/tr>\r\n<tr>\r\n<td>Saint Vith<\/td>\r\n<td>10h16min57s<\/td>\r\n<td>11h08min24s<\/td>\r\n<td>12h00min39s<\/td>\r\n<td>0,316<\/td>\r\n<\/tr>\r\n<tr>\r\n<td>Marche-en-Famenne<\/td>\r\n<td>10h15min26s<\/td>\r\n<td>11h07min26s<\/td>\r\n<td>12h00min19s<\/td>\r\n<td>0,326<\/td>\r\n<\/tr>\r\n<tr>\r\n<td>Bastogne<\/td>\r\n<td>10h15min59s<\/td>\r\n<td>11h07min32s<\/td>\r\n<td>11h59min55s<\/td>\r\n<td>0,317<\/td>\r\n<\/tr>\r\n<tr>\r\n<td>Libramont<\/td>\r\n<td>10h15min16s<\/td>\r\n<td>11h07min00s<\/td>\r\n<td>11h59min38s<\/td>\r\n<td>0,321<\/td>\r\n<\/tr>\r\n<tr>\r\n<td>Bouillon<\/td>\r\n<td>10h14min35s<\/td>\r\n<td>11h06min29s<\/td>\r\n<td>11h59min16s<\/td>\r\n<td>0,323<\/td>\r\n<\/tr>\r\n<tr>\r\n<td>Virton<\/td>\r\n<td>10h15min19s<\/td>\r\n<td>11h06min40s<\/td>\r\n<td>11h58min53s<\/td>\r\n<td>0,313<\/td>\r\n<\/tr>\r\n<tr>\r\n<td>Arlon<\/td>\r\n<td>10h15min56s<\/td>\r\n<td>11h07min09s<\/td>\r\n<td>11h59min13s<\/td>\r\n<td>0,311<\/td>\r\n<\/tr>\r\n<\/tbody>\r\n<\/table>\r\n<\/figure>\r\n<p>&nbsp;<\/p>\r\n\r\n<p>En Flandre :<\/p>\r\n<figure class=\"wp-block-table\">\r\n<table>\r\n<tbody>\r\n<tr>\r\n<td><strong>Lieu<\/strong><\/td>\r\n<td><strong>D\u00e9but en temps universel<\/strong><\/td>\r\n<td><strong>Maximum en temps universel<\/strong><\/td>\r\n<td><strong>Fin en temps universel<\/strong><\/td>\r\n<td><strong>Grandeur<\/strong><\/td>\r\n<\/tr>\r\n<tr>\r\n<td>Veurne<\/td>\r\n<td>10h11min24s<\/td>\r\n<td>11h05min44s<\/td>\r\n<td>12h01min10s<\/td>\r\n<td>0,374<\/td>\r\n<\/tr>\r\n<tr>\r\n<td>Ostende<\/td>\r\n<td>10h11min57s<\/td>\r\n<td>11h06min13s<\/td>\r\n<td>12h01min34s<\/td>\r\n<td>0,373<\/td>\r\n<\/tr>\r\n<tr>\r\n<td>Bruges<\/td>\r\n<td>10h12min29s<\/td>\r\n<td>11h06min33s<\/td>\r\n<td>12h01min40s<\/td>\r\n<td>0,369<\/td>\r\n<\/tr>\r\n<tr>\r\n<td>Poperinge<\/td>\r\n<td>10h11min18s<\/td>\r\n<td>11h05min29s<\/td>\r\n<td>12h00min45s<\/td>\r\n<td>0,371<\/td>\r\n<\/tr>\r\n<tr>\r\n<td>Courtrai<\/td>\r\n<td>10h12min12s<\/td>\r\n<td>11h06min02s<\/td>\r\n<td>12h00min54s<\/td>\r\n<td>0,363<\/td>\r\n<\/tr>\r\n<tr>\r\n<td>Gand<\/td>\r\n<td>10h13min12s<\/td>\r\n<td>11h06min52s<\/td>\r\n<td>12h01min32s<\/td>\r\n<td>0,360<\/td>\r\n<\/tr>\r\n<tr>\r\n<td>Audenarde<\/td>\r\n<td>10h12min48s<\/td>\r\n<td>11h06min25s<\/td>\r\n<td>12h01min03s<\/td>\r\n<td>0,359<\/td>\r\n<\/tr>\r\n<tr>\r\n<td>Grammont<\/td>\r\n<td>10h13min14s<\/td>\r\n<td>11h06min38s<\/td>\r\n<td>12h01min01s<\/td>\r\n<td>0,354<\/td>\r\n<\/tr>\r\n<tr>\r\n<td>Alost<\/td>\r\n<td>10h13min38s<\/td>\r\n<td>11h07min02s<\/td>\r\n<td>12h01min25s<\/td>\r\n<td>0,354<\/td>\r\n<\/tr>\r\n<tr>\r\n<td>Saint-Nicolas<\/td>\r\n<td>10h10min00s<\/td>\r\n<td>11h07min29s<\/td>\r\n<td>12h01min55s<\/td>\r\n<td>0,356<\/td>\r\n<\/tr>\r\n<tr>\r\n<td>Malines<\/td>\r\n<td>10h14min29s<\/td>\r\n<td>11h07min39s<\/td>\r\n<td>12h01min45s<\/td>\r\n<td>0,350<\/td>\r\n<\/tr>\r\n<tr>\r\n<td>Anvers<\/td>\r\n<td>10h14min31s<\/td>\r\n<td>11h07min51s<\/td>\r\n<td>12h02min07s<\/td>\r\n<td>0,354<\/td>\r\n<\/tr>\r\n<tr>\r\n<td>Essen<\/td>\r\n<td>10h14min49s<\/td>\r\n<td>11h08min16s<\/td>\r\n<td>12h02min39s<\/td>\r\n<td>0,356<\/td>\r\n<\/tr>\r\n<tr>\r\n<td>Turnhout<\/td>\r\n<td>10h15min33s<\/td>\r\n<td>11h08min36s<\/td>\r\n<td>12h02min31s<\/td>\r\n<td>0,348<\/td>\r\n<\/tr>\r\n<tr>\r\n<td>Geel<\/td>\r\n<td>10h15min30s<\/td>\r\n<td>11h08min25s<\/td>\r\n<td>12h02min12s<\/td>\r\n<td>0,345<\/td>\r\n<\/tr>\r\n<tr>\r\n<td>Neerpelt<\/td>\r\n<td>10h16min21s<\/td>\r\n<td>11h09min00s<\/td>\r\n<td>12h02min29s<\/td>\r\n<td>0,340<\/td>\r\n<\/tr>\r\n<tr>\r\n<td>Hasselt<\/td>\r\n<td>10h15min57s<\/td>\r\n<td>11h08min28s<\/td>\r\n<td>12h01min50s<\/td>\r\n<td>0,337<\/td>\r\n<\/tr>\r\n<tr>\r\n<td>Tongres<\/td>\r\n<td>10h16min04s<\/td>\r\n<td>11h08min23s<\/td>\r\n<td>12h01min33s<\/td>\r\n<td>0,333<\/td>\r\n<\/tr>\r\n<tr>\r\n<td>Maaseik<\/td>\r\n<td>10h16min54s<\/td>\r\n<td>11h09min12s<\/td>\r\n<td>12h02min19s<\/td>\r\n<td>0,333<\/td>\r\n<\/tr>\r\n<tr>\r\n<td>Louvain<\/td>\r\n<td>10h14min46s<\/td>\r\n<td>11h07min41s<\/td>\r\n<td>12h01min31s<\/td>\r\n<td>0,344<\/td>\r\n<\/tr>\r\n<tr>\r\n<td>Diest<\/td>\r\n<td>10h15min28s<\/td>\r\n<td>11h08min13s<\/td>\r\n<td>12h01min51s<\/td>\r\n<td>0,341<\/td>\r\n<\/tr>\r\n<\/tbody>\r\n<\/table>\r\n<\/figure>\r\n\r\n<h3 id=\"eclipse-7-septembre-2025\">III &#8211; 7 septembre 2025 &#8211; \u00c9clipse totale de Lune, en partie visible en Belgique<\/h3>\r\n\r\n<figure class=\"wp-block-table\">\r\n<table class=\"wp-block-table\">\r\n<tbody>\r\n<tr>\r\n<td><strong>Phase<\/strong><\/td>\r\n<td><strong>Temps universel<\/strong><\/td>\r\n<td><strong>Longitude<\/strong><\/td>\r\n<td><strong>Latitude<\/strong><\/td>\r\n<td><strong>Angle de position<\/strong><\/td>\r\n<td><strong>Hauteur \u00e0 Uccle<\/strong><\/td>\r\n<\/tr>\r\n<tr>\r\n<td>Entr\u00e9e de la Lune dans la p\u00e9nombre<\/td>\r\n<td>15h26,9<\/td>\r\n<td>126 32 E<\/td>\r\n<td>06 46 S<\/td>\r\n<td>51<\/td>\r\n<td>&#8211;<\/td>\r\n<\/tr>\r\n<tr>\r\n<td>Entr\u00e9e de la Lune dans l&rsquo;ombre<\/td>\r\n<td>16h26,8<\/td>\r\n<td>112 03 E<\/td>\r\n<td>06 29 S<\/td>\r\n<td>46<\/td>\r\n<td>&#8211;<\/td>\r\n<\/tr>\r\n<tr>\r\n<td>Commencement de l&rsquo;\u00e9clipse totale<\/td>\r\n<td>17h30,4<\/td>\r\n<td>096 40 E<\/td>\r\n<td>06 12 S<\/td>\r\n<td>26<\/td>\r\n<td>&#8211;<\/td>\r\n<\/tr>\r\n<tr>\r\n<td>Maximum de l&rsquo;\u00e9clipse<\/td>\r\n<td>18h11,8<\/td>\r\n<td>086 38 E<\/td>\r\n<td>06 00 S<\/td>\r\n<td>332<\/td>\r\n<td>&#8211;<\/td>\r\n<\/tr>\r\n<tr>\r\n<td>Lever de la Lune \u00e0 Uccle<\/td>\r\n<td>18h17,0<\/td>\r\n<td>085 24 E<\/td>\r\n<td>05 59 S<\/td>\r\n<td>322<\/td>\r\n<td>0<\/td>\r\n<\/tr>\r\n<tr>\r\n<td>Fin de l&rsquo;\u00e9clipse totale<\/td>\r\n<td>18h53,2<\/td>\r\n<td>076 37 E<\/td>\r\n<td>05 49 S<\/td>\r\n<td>277<\/td>\r\n<td>+6<\/td>\r\n<\/tr>\r\n<tr>\r\n<td>Sortie de la Lune de l&rsquo;ombre<\/td>\r\n<td>19h56,9<\/td>\r\n<td>061 14 E<\/td>\r\n<td>05 31 S<\/td>\r\n<td>257<\/td>\r\n<td>+15<\/td>\r\n<\/tr>\r\n<tr>\r\n<td>Sortie de la Lune de la p\u00e9nombre<\/td>\r\n<td>20h56,6<\/td>\r\n<td>046 47 E<\/td>\r\n<td>05 14 S<\/td>\r\n<td>252<\/td>\r\n<td>+22<\/td>\r\n<\/tr>\r\n<\/tbody>\r\n<\/table>\r\n<\/figure>\r\n<p>La longitude et la latitude se rapportent au point de la Terre o\u00f9 la Lune se trouve \u00e0 cet instant au z\u00e9nith. L&rsquo;angle de position est d\u00e9fini \u00e0 partir de la ligne imaginaire qui relie le centre du disque lunaire au centre de l&rsquo;ombre de la Terre. Il est mesur\u00e9 au centre du disque lunaire, \u00e0 partir du Nord, dans le sens inverse du mouvement des aiguilles d&rsquo;une montre. Au d\u00e9but et \u00e0 la fin des phases de p\u00e9nombre et d&rsquo;ombre, c&rsquo;est l&rsquo;angle de position du point de contact. La hauteur et les instants de lever et coucher de la Lune sont calcul\u00e9s pour son centre, sans tenir compte de la r\u00e9fraction.<\/p>\r\n\r\n\r\n\r\n<p>Grandeur de l&rsquo;\u00e9clipse: 1,367, le diam\u00e8tre du disque lunaire \u00e9tant pris pour unit\u00e9.<\/p>\r\n\r\n\r\n\r\n<p>La carte ci-jointe montre la r\u00e9gion o\u00f9 l&rsquo;\u00e9clipse est observable. L&rsquo;explication des codes utilis\u00e9s se trouve en bas de page.<\/p>\r\n\r\n\r\n\r\n<figure class=\"wp-block-image\"><img class=\"wp-image-1170 aligncenter\" src=\"https:\/\/robinfo.oma.be\/wp-content\/uploads\/2024\/12\/EC20250907-e1734719487347.jpg\" alt=\"\" \/><\/figure>\r\n\r\n\r\n\r\n<h3 id=\"eclipse-21-septembre-2025\">IV &#8211; 21 septembre 2025 &#8211; \u00c9clipse partielle de Soleil, invisible en Belgique<\/h3>\r\n\r\n\r\n\r\n\r\n\r\n\r\n\r\n<p>&nbsp;<\/p>\r\n<figure class=\"wp-block-table\">\r\n<table class=\"wp-block-table\">\r\n<tbody>\r\n<tr>\r\n<td><strong>Phase<\/strong><\/td>\r\n<td><strong>Temps universel<\/strong><\/td>\r\n<td><strong>Longitude<\/strong><\/td>\r\n<td><strong>Latitude<\/strong><\/td>\r\n<\/tr>\r\n<tr>\r\n<td>Commencement de l&rsquo;\u00e9clipse<\/td>\r\n<td>17h29,7<\/td>\r\n<td>174 22 W<\/td>\r\n<td>13 57 N<\/td>\r\n<\/tr>\r\n<tr>\r\n<td>Maximum de l&rsquo;\u00e9clipse<\/td>\r\n<td>19h41,6<\/td>\r\n<td>153 53 E<\/td>\r\n<td>60 53 N<\/td>\r\n<\/tr>\r\n<tr>\r\n<td>Fin de l&rsquo;\u00e9clipse<\/td>\r\n<td>21h53,7<\/td>\r\n<td>060 24 W<\/td>\r\n<td>72 14 N<\/td>\r\n<\/tr>\r\n<\/tbody>\r\n<\/table>\r\n<\/figure>\r\n<p>Grandeur maximale de l&rsquo;\u00e9clipse : 0,855, le diam\u00e8tre du disque solaire \u00e9tant pris pour l&rsquo;unit\u00e9. La carte ci-jointe montre la r\u00e9gion o\u00f9 l&rsquo;\u00e9clipse est observable. L&rsquo;explication des codes utilis\u00e9s se trouve en bas de page.<\/p>\r\n\r\n\r\n\r\n<figure class=\"wp-block-image\"><img class=\"wp-image-1173 aligncenter\" src=\"https:\/\/robinfo.oma.be\/wp-content\/uploads\/2024\/12\/EC20250921-e1734719512484.jpg\" alt=\"\" \/><\/figure>\r\n\r\n\r\n\r\n\r\n\r\n<h3>Explications :<\/h3>\r\n\r\n\r\n\r\n<p>Les codes utilis\u00e9s sur les cartes pour indiquer la visibilit\u00e9 des \u00e9clipses de Lune sont: l&rsquo;entr\u00e9e dans la p\u00e9nombre est visible dans les r\u00e9gions 1 \u00e0 6, l&rsquo;entr\u00e9e dans l&rsquo;ombre dans les r\u00e9gions 2 \u00e0 7, le d\u00e9but de la totalit\u00e9 dans les r\u00e9gions 3 \u00e0 8. Les sorties de la totalit\u00e9, de l&rsquo;ombre et de la p\u00e9nombre sont respectivement observables dans les r\u00e9gions 4 \u00e0 9, 5 \u00e0 10, et 6 \u00e0 11. Dans la r\u00e9gion 6, on peut observer l&rsquo;\u00e9clipse enti\u00e8re, dans les r\u00e9gions 5 \u00e0 7 les phases ombrales sont observables; dans les r\u00e9gions 4 \u00e0 8 la totalit\u00e9 est enti\u00e8rement visible.<\/p>\r\n\r\n\r\n\r\n<p>Sur les cartes de visibilit\u00e9 d&rsquo;\u00e9clipses de Soleil, les codes suivants sont utilis\u00e9s:<\/p>\r\n\r\n\r\n\r\n<p>\u00ab\u00a0P\u00a0\u00bb: Eclipse partielle de Soleil, visible. \u00ab\u00a0p\u00a0\u00bb: Eclipse partielle de Soleil, en partie visible. \u00ab\u00a0R\u00a0\u00bb: Eclipse annulaire, dont la phase annulaire est enti\u00e8rement observable. \u00ab\u00a0r\u00a0\u00bb: Eclipse annulaire, dont la phase annulaire est partiellement observable. \u00ab\u00a0T\u00a0\u00bb: Eclipse totale, dont la phase de totalit\u00e9 est enti\u00e8rement observable. \u00ab\u00a0t\u00a0\u00bb: Eclipse totale, dont la phase de totalit\u00e9 est partiellement observable.<\/p>\r\n\r\n\r\n\r\n<p>Les donn\u00e9es de base ayant servi \u00e0 la r\u00e9daction du chapitre des \u00e9clipses ont \u00e9t\u00e9 emprunt\u00e9es \u00e0 l&rsquo;int\u00e9gration num\u00e9rique DE405, aimablement mise \u00e0 notre disposition par le Jet Propulsion Laboratory. Pour passer du Temps Terrestre (TT) au Temps universel (UT), la relation provisoire suivante a \u00e9t\u00e9 utilis\u00e9e:<\/p>\r\n\r\n\r\n<!-- wp:paragraph -->\r\n<p>UT = TT &#8211; 69,0 s<\/p>","protected":false},"excerpt":{"rendered":"<p>Il y aura en 2025 quatre \u00e9clipses : deux de Soleil et deux de Lune Date Type Visibilit\u00e9 14 mars 2025 \u00c9clipse totale de Lune En partie visible en Belgique 29 mars 2025 \u00c9clipse partielle de Soleil En Belgique visible comme \u00e9clipse partielle 7 septembre 2025 \u00c9clipse totale de Lune En partie visible en Belgique [&hellip;]<\/p>\n","protected":false},"author":2,"featured_media":0,"parent":52,"menu_order":0,"comment_status":"closed","ping_status":"closed","template":"","meta":[],"_links":{"self":[{"href":"https:\/\/robinfo.oma.be\/fr\/wp-json\/wp\/v2\/pages\/4386"}],"collection":[{"href":"https:\/\/robinfo.oma.be\/fr\/wp-json\/wp\/v2\/pages"}],"about":[{"href":"https:\/\/robinfo.oma.be\/fr\/wp-json\/wp\/v2\/types\/page"}],"author":[{"embeddable":true,"href":"https:\/\/robinfo.oma.be\/fr\/wp-json\/wp\/v2\/users\/2"}],"replies":[{"embeddable":true,"href":"https:\/\/robinfo.oma.be\/fr\/wp-json\/wp\/v2\/comments?post=4386"}],"version-history":[{"count":13,"href":"https:\/\/robinfo.oma.be\/fr\/wp-json\/wp\/v2\/pages\/4386\/revisions"}],"predecessor-version":[{"id":4515,"href":"https:\/\/robinfo.oma.be\/fr\/wp-json\/wp\/v2\/pages\/4386\/revisions\/4515"}],"up":[{"embeddable":true,"href":"https:\/\/robinfo.oma.be\/fr\/wp-json\/wp\/v2\/pages\/52"}],"wp:attachment":[{"href":"https:\/\/robinfo.oma.be\/fr\/wp-json\/wp\/v2\/media?parent=4386"}],"curies":[{"name":"wp","href":"https:\/\/api.w.org\/{rel}","templated":true}]}}