{"id":4492,"date":"2025-03-05T11:57:40","date_gmt":"2025-03-05T10:57:40","guid":{"rendered":"https:\/\/robinfo.oma.be\/?page_id=4492"},"modified":"2025-03-05T11:57:40","modified_gmt":"2025-03-05T10:57:40","slug":"frequence-des-eclipses","status":"publish","type":"page","link":"https:\/\/robinfo.oma.be\/fr\/astro-info\/eclipses\/frequence-des-eclipses\/","title":{"rendered":"Fr\u00e9quence des \u00e9clipses"},"content":{"rendered":"<p>L&rsquo;orbite de la Terre autour du Soleil et l&rsquo;orbite de la Lune autour de la Terre ne se situant pas dans le m\u00eame plan, les \u00e9clipses n&rsquo;ont lieu que pendant la saison des \u00e9clipses, environ tous les six mois. Pendant la saison des \u00e9clipses, le n\u0153ud lunaire &#8211; la ligne o\u00f9 le plan orbital de la Lune croise le plan orbital de la Terre &#8211; s&rsquo;aligne ou se rapproche du plan orbital du Soleil et de la Terre, de sorte qu&rsquo;une \u00e9clipse solaire se forme pendant la phase de la nouvelle lune et une \u00e9clipse lunaire durant la phase de la pleine lune. Deux ou trois \u00e9clipses se produisent \u00e0 chaque saison des \u00e9clipses, qui dure environ 31 \u00e0 37 jours.<\/p>\n","protected":false},"excerpt":{"rendered":"<p>L&rsquo;orbite de la Terre autour du Soleil et l&rsquo;orbite de la Lune autour de la Terre ne se situant pas dans le m\u00eame plan, les \u00e9clipses n&rsquo;ont lieu que pendant la saison des \u00e9clipses, environ tous les six mois. Pendant la saison des \u00e9clipses, le n\u0153ud lunaire &#8211; la ligne o\u00f9 le plan orbital de [&hellip;]<\/p>\n","protected":false},"author":7,"featured_media":0,"parent":52,"menu_order":0,"comment_status":"closed","ping_status":"closed","template":"","meta":[],"_links":{"self":[{"href":"https:\/\/robinfo.oma.be\/fr\/wp-json\/wp\/v2\/pages\/4492"}],"collection":[{"href":"https:\/\/robinfo.oma.be\/fr\/wp-json\/wp\/v2\/pages"}],"about":[{"href":"https:\/\/robinfo.oma.be\/fr\/wp-json\/wp\/v2\/types\/page"}],"author":[{"embeddable":true,"href":"https:\/\/robinfo.oma.be\/fr\/wp-json\/wp\/v2\/users\/7"}],"replies":[{"embeddable":true,"href":"https:\/\/robinfo.oma.be\/fr\/wp-json\/wp\/v2\/comments?post=4492"}],"version-history":[{"count":1,"href":"https:\/\/robinfo.oma.be\/fr\/wp-json\/wp\/v2\/pages\/4492\/revisions"}],"predecessor-version":[{"id":4494,"href":"https:\/\/robinfo.oma.be\/fr\/wp-json\/wp\/v2\/pages\/4492\/revisions\/4494"}],"up":[{"embeddable":true,"href":"https:\/\/robinfo.oma.be\/fr\/wp-json\/wp\/v2\/pages\/52"}],"wp:attachment":[{"href":"https:\/\/robinfo.oma.be\/fr\/wp-json\/wp\/v2\/media?parent=4492"}],"curies":[{"name":"wp","href":"https:\/\/api.w.org\/{rel}","templated":true}]}}