{"id":4495,"date":"2025-03-05T11:59:26","date_gmt":"2025-03-05T10:59:26","guid":{"rendered":"https:\/\/robinfo.oma.be\/?page_id=4495"},"modified":"2025-03-05T11:59:26","modified_gmt":"2025-03-05T10:59:26","slug":"eclipses-de-soleil","status":"publish","type":"page","link":"https:\/\/robinfo.oma.be\/fr\/astro-info\/eclipses\/eclipses-de-soleil\/","title":{"rendered":"\u00c9clipses de soleil"},"content":{"rendered":"<p>En fonction de la zone occult\u00e9e du soleil, les \u00e9clipses solaires sont class\u00e9es en diff\u00e9rentes cat\u00e9gories:<\/p>\n<ul>\n<li>Lors d&rsquo;<strong>une \u00e9clipse solaire partielle<\/strong>, la Lune n&rsquo;occulte qu&rsquo;une partie du Soleil. Toutes les \u00e9clipses solaires commencent et se terminent par une p\u00e9riode d&rsquo;\u00e9clipse partielle.<\/li>\n<li><strong>Les \u00e9clipses solaires totales<\/strong> ont lieu lorsque la Lune recouvre compl\u00e8tement le Soleil, permettant ainsi \u00e0 la couronne solaire d&rsquo;\u00eatre visible. Les \u00e9clipses solaires totales ne peuvent \u00eatre observ\u00e9es que le long d&rsquo;une trajectoire \u00e9troite \u00e0 la surface de la Terre, appel\u00e9e trajectoire de totalit\u00e9.<\/li>\n<li>Comme une \u00e9clipse totale, <strong>les \u00e9clipses solaires annulaires<\/strong> se produisent lorsque le Soleil et la Lune sont align\u00e9s avec la Terre. Cependant, lors d&rsquo;une \u00e9clipse annulaire, la taille relative de la lune n&rsquo;est pas suffisante pour bloquer compl\u00e8tement le soleil, ce qui se traduit par un anneau tr\u00e8s lumineux entourant le disque lunaire.<\/li>\n<\/ul>\n<p>La taille d&rsquo;une \u00e9clipse solaire est mesur\u00e9e par la fraction du diam\u00e8tre du disque solaire qui est occult\u00e9e par la lune, ce qui n&rsquo;est pas la m\u00eame chose que la surface du disque solaire couverte par la lune.<\/p>\n<p>ATTENTION : ne jamais regarder directement le soleil. M\u00eame durant les \u00e9clipses solaires, vous devez utiliser des lunettes sp\u00e9ciales pour \u00e9clipses.<\/p>\n","protected":false},"excerpt":{"rendered":"<p>En fonction de la zone occult\u00e9e du soleil, les \u00e9clipses solaires sont class\u00e9es en diff\u00e9rentes cat\u00e9gories: Lors d&rsquo;une \u00e9clipse solaire partielle, la Lune n&rsquo;occulte qu&rsquo;une partie du Soleil. Toutes les \u00e9clipses solaires commencent et se terminent par une p\u00e9riode d&rsquo;\u00e9clipse partielle. Les \u00e9clipses solaires totales ont lieu lorsque la Lune recouvre compl\u00e8tement le Soleil, permettant [&hellip;]<\/p>\n","protected":false},"author":7,"featured_media":0,"parent":52,"menu_order":0,"comment_status":"closed","ping_status":"closed","template":"","meta":[],"_links":{"self":[{"href":"https:\/\/robinfo.oma.be\/fr\/wp-json\/wp\/v2\/pages\/4495"}],"collection":[{"href":"https:\/\/robinfo.oma.be\/fr\/wp-json\/wp\/v2\/pages"}],"about":[{"href":"https:\/\/robinfo.oma.be\/fr\/wp-json\/wp\/v2\/types\/page"}],"author":[{"embeddable":true,"href":"https:\/\/robinfo.oma.be\/fr\/wp-json\/wp\/v2\/users\/7"}],"replies":[{"embeddable":true,"href":"https:\/\/robinfo.oma.be\/fr\/wp-json\/wp\/v2\/comments?post=4495"}],"version-history":[{"count":1,"href":"https:\/\/robinfo.oma.be\/fr\/wp-json\/wp\/v2\/pages\/4495\/revisions"}],"predecessor-version":[{"id":4496,"href":"https:\/\/robinfo.oma.be\/fr\/wp-json\/wp\/v2\/pages\/4495\/revisions\/4496"}],"up":[{"embeddable":true,"href":"https:\/\/robinfo.oma.be\/fr\/wp-json\/wp\/v2\/pages\/52"}],"wp:attachment":[{"href":"https:\/\/robinfo.oma.be\/fr\/wp-json\/wp\/v2\/media?parent=4495"}],"curies":[{"name":"wp","href":"https:\/\/api.w.org\/{rel}","templated":true}]}}