{"id":4497,"date":"2025-03-05T12:03:22","date_gmt":"2025-03-05T11:03:22","guid":{"rendered":"https:\/\/robinfo.oma.be\/?page_id=4497"},"modified":"2025-03-05T12:03:22","modified_gmt":"2025-03-05T11:03:22","slug":"eclipses-de-lune","status":"publish","type":"page","link":"https:\/\/robinfo.oma.be\/fr\/astro-info\/eclipses\/eclipses-de-lune\/","title":{"rendered":"\u00e9clipses de lune"},"content":{"rendered":"<p>Selon la partie de la Lune situ\u00e9e dans la p\u00e9nombre ou l&rsquo;ombre de la Terre, les \u00e9clipses de Lune peuvent \u00eatre class\u00e9es en diff\u00e9rentes cat\u00e9gories:<\/p>\n<ul>\n<li><strong>Les \u00e9clipses de Lune par la p\u00e9nombre<\/strong> ou p\u00e9nombrales se produisent lorsque la Lune passe partiellement ou compl\u00e8tement dans la p\u00e9nombre de la Terre, mais qu&rsquo;aucune partie de la Lune ne se trouve dans l&rsquo;ombre. Chaque \u00e9clipse de lune commence et se termine par une p\u00e9riode d&rsquo;\u00e9clipse par la p\u00e9nombre.<\/li>\n<li><strong>Les \u00e9clipses lunaires partielles<\/strong> se produisent lorsque la Lune p\u00e9n\u00e8tre partiellement dans l&rsquo;ombre de la Terre.<\/li>\n<li><strong>Les \u00e9clipses lunaires totales<\/strong> se produisent lorsque la Lune traverse enti\u00e8rement l&rsquo;ombre de la Terre.<\/li>\n<\/ul>\n<p>La Lune ne s&rsquo;obscurcit pas compl\u00e8tement lorsqu&rsquo;elle traverse l&rsquo;ombre en raison de la r\u00e9fraction de la lumi\u00e8re solaire par l&rsquo;atmosph\u00e8re terrestre dans le c\u00f4ne d&rsquo;ombre. Par cons\u00e9quent, lors d&rsquo;une \u00e9clipse lunaire totale, la Lune prend une couleur rouge\u00e2tre au lieu d&rsquo;\u00eatre compl\u00e8tement sombre.<\/p>\n<p>La taille d&rsquo;une \u00e9clipse de Lune est mesur\u00e9e par la fraction du diam\u00e8tre du disque lunaire couverte par l&rsquo;ombre ou la p\u00e9nombre, qui n&rsquo;est pas la m\u00eame chose que la surface du disque lunaire couverte par l&rsquo;ombre de la Terre.<\/p>\n","protected":false},"excerpt":{"rendered":"<p>Selon la partie de la Lune situ\u00e9e dans la p\u00e9nombre ou l&rsquo;ombre de la Terre, les \u00e9clipses de Lune peuvent \u00eatre class\u00e9es en diff\u00e9rentes cat\u00e9gories: Les \u00e9clipses de Lune par la p\u00e9nombre ou p\u00e9nombrales se produisent lorsque la Lune passe partiellement ou compl\u00e8tement dans la p\u00e9nombre de la Terre, mais qu&rsquo;aucune partie de la Lune [&hellip;]<\/p>\n","protected":false},"author":7,"featured_media":0,"parent":52,"menu_order":0,"comment_status":"closed","ping_status":"closed","template":"","meta":[],"_links":{"self":[{"href":"https:\/\/robinfo.oma.be\/fr\/wp-json\/wp\/v2\/pages\/4497"}],"collection":[{"href":"https:\/\/robinfo.oma.be\/fr\/wp-json\/wp\/v2\/pages"}],"about":[{"href":"https:\/\/robinfo.oma.be\/fr\/wp-json\/wp\/v2\/types\/page"}],"author":[{"embeddable":true,"href":"https:\/\/robinfo.oma.be\/fr\/wp-json\/wp\/v2\/users\/7"}],"replies":[{"embeddable":true,"href":"https:\/\/robinfo.oma.be\/fr\/wp-json\/wp\/v2\/comments?post=4497"}],"version-history":[{"count":2,"href":"https:\/\/robinfo.oma.be\/fr\/wp-json\/wp\/v2\/pages\/4497\/revisions"}],"predecessor-version":[{"id":4499,"href":"https:\/\/robinfo.oma.be\/fr\/wp-json\/wp\/v2\/pages\/4497\/revisions\/4499"}],"up":[{"embeddable":true,"href":"https:\/\/robinfo.oma.be\/fr\/wp-json\/wp\/v2\/pages\/52"}],"wp:attachment":[{"href":"https:\/\/robinfo.oma.be\/fr\/wp-json\/wp\/v2\/media?parent=4497"}],"curies":[{"name":"wp","href":"https:\/\/api.w.org\/{rel}","templated":true}]}}