{"id":45,"date":"2018-04-18T10:52:54","date_gmt":"2018-04-18T10:52:54","guid":{"rendered":"http:\/\/robinfo.oma.be\/ephemeris\/lune\/"},"modified":"2025-03-19T19:04:08","modified_gmt":"2025-03-19T18:04:08","slug":"lune","status":"publish","type":"page","link":"https:\/\/robinfo.oma.be\/fr\/astro-info\/lune\/","title":{"rendered":"Lune"},"content":{"rendered":"<section class=\"toggle\"><label>Informations g\u00e9n\u00e9rales<\/label><\/p>\n<div class=\"toggle-content\" style=\"display: none;\">\n<section class=\"toggle\"><label>Lunaison et num\u00e9ro de lunaison<\/label><\/p>\n<div class=\"toggle-content\" style=\"display: none;\"><\/div>\n<\/section>\n<\/div>\n<\/section>\n<section class=\"toggle\"><label>Phases de la Lune<\/label><\/p>\n<div class=\"toggle-content\" style=\"display: none;\">\n<table class=\"wp-block-table\">\n<tbody>\n<tr>\n<td><a href=\"\/fr\/astro-info\/lune\/phases-de-la-lune-2019\/\">2019<\/a><\/td>\n<td><a href=\"\/fr\/astro-info\/lune\/phases-de-la-lune-2020\/\">2020<\/a><\/td>\n<td><a href=\"\/fr\/astro-info\/lune\/phases-de-la-lune-2021\/\">2021<\/a><\/td>\n<\/tr>\n<tr>\n<td><a href=\"\/fr\/astro-info\/lune\/phases-de-la-lune-2022\/\">2022<\/a><\/td>\n<td><a href=\"\/fr\/astro-info\/lune\/phases-de-la-lune-2023\/\">2023<\/a><\/td>\n<td><a href=\"\/fr\/astro-info\/lune\/phases-de-la-lune-2024\/\">2024<\/a><\/td>\n<\/tr>\n<tr>\n<td><a href=\"\/fr\/astro-info\/lune\/phases-de-la-lune-2025\/\">2025<\/a><\/td>\n<td><a href=\"\/fr\/astro-info\/lune\/phases-de-la-lune-2026\/\">2026<\/a><\/td>\n<td><a href=\"https:\/\/robinfo.oma.be\/fr\/astro-info\/lune\/phases-de-la-lune-2027\/\" data-type=\"page\" data-id=\"4524\">2027<\/a><\/td>\n<\/tr>\n<\/tbody>\n<\/table>\n<\/div>\n<\/section>\n<p><!-- \n\n\n<p><a href=\"https:\/\/www.astro.oma.be\/GENERAL\/INFO\/nli008a.html\" target=\"_blank\" rel=\"noopener\">Phases de la Lune de 1900 \u00e0 l'an 2000<\/a> (en <a href=\"https:\/\/robinfo.oma.be\/fr\/astro-info\/heure\/le-temps-universel-et-lheure-legale-en-belgique\/\" target=\"_blank\" rel=\"noopener\">Temps Universel<\/a> UTC)<\/p>\n\n\n\n\n<p><a href=\"https:\/\/www.astro.oma.be\/GENERAL\/INFO\/nli008b.html\" target=\"_blank\" rel=\"noopener\">Phases de la Lune de 2001 \u00e0 2030<\/a> (en <a href=\"https:\/\/robinfo.oma.be\/fr\/astro-info\/heure\/le-temps-universel-et-lheure-legale-en-belgique\/\" target=\"_blank\" rel=\"noopener\">Temps Universel<\/a> UTC)<\/p>\n\n\n-->\n<\/p>\n<section class=\"toggle\"><label>Lever et coucher de la Lune<\/label><\/p>\n<div class=\"toggle-content\" style=\"display: none;\">\n<table class=\"wp-block-table border: 2px;\">\n<tbody>\n<tr>\n<td><a href=\"\/fr\/astro-info\/lune\/lever-et-coucher-de-lune-2019\/\">2019<\/a><\/td>\n<td><a href=\"\/fr\/astro-info\/lune\/lever-et-coucher-de-lune-2020\/\">2020<\/a><\/td>\n<td><a href=\"\/fr\/astro-info\/lune\/lever-et-coucher-de-lune-2021\/\">2021<\/a><\/td>\n<\/tr>\n<tr>\n<td><a href=\"\/fr\/astro-info\/lune\/lever-et-coucher-de-lune-2022\/\">2022<\/a><\/td>\n<td><a href=\"\/fr\/astro-info\/lune\/lever-et-coucher-de-lune-2023\/\">2023<\/a><\/td>\n<td><a href=\"\/fr\/astro-info\/lune\/lever-et-coucher-de-lune-2024\/\">2024<\/a><\/td>\n<\/tr>\n<tr>\n<td><a href=\"\/fr\/astro-info\/lune\/lever-et-coucher-de-lune-2025\/\">2025<\/a><\/td>\n<td><a href=\"\/fr\/astro-info\/lune\/lever-et-coucher-de-lune-2026\/\">2026<\/a><\/td>\n<td><a href=\"\/fr\/astro-info\/lune\/lever-et-coucher-de-lune-2027\/\">2027<\/a><\/td>\n<\/tr>\n<\/tbody>\n<\/table>\n<\/div>\n<\/section>\n<p><!-- \/wp:table --><\/p>\n","protected":false},"excerpt":{"rendered":"<p>Informations g\u00e9n\u00e9rales Lunaison et num\u00e9ro de lunaison Phases de la Lune 2019 2020 2021 2022 2023 2024 2025 2026 2027 Lever et coucher de la Lune 2019 2020 2021 2022 2023 2024 2025 2026 2027<\/p>\n","protected":false},"author":1,"featured_media":0,"parent":75,"menu_order":0,"comment_status":"closed","ping_status":"closed","template":"","meta":[],"_links":{"self":[{"href":"https:\/\/robinfo.oma.be\/fr\/wp-json\/wp\/v2\/pages\/45"}],"collection":[{"href":"https:\/\/robinfo.oma.be\/fr\/wp-json\/wp\/v2\/pages"}],"about":[{"href":"https:\/\/robinfo.oma.be\/fr\/wp-json\/wp\/v2\/types\/page"}],"author":[{"embeddable":true,"href":"https:\/\/robinfo.oma.be\/fr\/wp-json\/wp\/v2\/users\/1"}],"replies":[{"embeddable":true,"href":"https:\/\/robinfo.oma.be\/fr\/wp-json\/wp\/v2\/comments?post=45"}],"version-history":[{"count":13,"href":"https:\/\/robinfo.oma.be\/fr\/wp-json\/wp\/v2\/pages\/45\/revisions"}],"predecessor-version":[{"id":4553,"href":"https:\/\/robinfo.oma.be\/fr\/wp-json\/wp\/v2\/pages\/45\/revisions\/4553"}],"up":[{"embeddable":true,"href":"https:\/\/robinfo.oma.be\/fr\/wp-json\/wp\/v2\/pages\/75"}],"wp:attachment":[{"href":"https:\/\/robinfo.oma.be\/fr\/wp-json\/wp\/v2\/media?parent=45"}],"curies":[{"name":"wp","href":"https:\/\/api.w.org\/{rel}","templated":true}]}}