{"id":4524,"date":"2025-03-19T17:52:13","date_gmt":"2025-03-19T16:52:13","guid":{"rendered":"https:\/\/robinfo.oma.be\/?page_id=4524"},"modified":"2025-03-19T17:52:13","modified_gmt":"2025-03-19T16:52:13","slug":"phases-de-la-lune-2027","status":"publish","type":"page","link":"https:\/\/robinfo.oma.be\/fr\/astro-info\/lune\/phases-de-la-lune-2027\/","title":{"rendered":"Phases de la lune 2027"},"content":{"rendered":"\n<p>Toutes les heures ont \u00e9t\u00e9 adapt\u00e9es en heure locale belge (UTC + 1 h en heure d\u2019hiver et UTC + 2 h en heure d\u2019\u00e9t\u00e9).<\/p>\n\n\n\n<p class=\"has-medium-font-size\"><strong>Pour l&rsquo;ann\u00e9e 2027:<\/strong><\/p>\n\n\n\n<table><tr><th><a href=\"https:\/\/robinfo.oma.be\/fr\/lunaison\/\" target=\"_blank\">Num\u00e9ro de lunaison <\/a><\/th><th>Nouvelle lune<\/th><th>Premier quartier<\/th><th>Pleine lune<\/th><th>Dernier quartier<\/th><\/tr><tr><th>1287<\/th><th>7 janvier &agrave; 21:24<\/th><th>15 janvier 2025 &agrave; 21:34<\/th><th>22 janvier &agrave; 13:17<\/th><th>29 janvier &agrave; 11:55<\/th><\/tr><tr><th>1288<\/th><th>6 f&eacute;vrier &agrave; 16:56<\/th><th>14 f&eacute;vrier &agrave; 08:58<\/th><th>21 f&eacute;vrier &agrave; 00:23<\/th><th>28 f&eacute;vrier &agrave; 06:16<\/th><\/tr><tr><th>1289<\/th><th>8 mars &agrave; 10:29<\/th><th>15 mars &agrave; 17:25<\/th><th>22 mars &agrave; 11:43<\/th><th>30 mars &agrave; 02:53<\/th><\/tr><tr><th>1290<\/th><th>7 avril &agrave; 01:51<\/th><th>14 avril &agrave; 00:56<\/th><th>21 avril &agrave; 00:27<\/th><th>28 avril &agrave; 22:17<\/th><\/tr><tr><th>1291<\/th><th>6 mai &agrave; 12:58<\/th><th>13 mai &agrave; 06:43<\/th><th>20 mai &agrave; 12:59<\/th><th>28 mai &agrave; 15:57<\/th><\/tr><tr><th>1292<\/th><th>4 juin &agrave; 21:40<\/th><th>11 juin &agrave; 12:56<\/th><th>19 juin &agrave; 02:44<\/th><th>27 juin &agrave; 06:54<\/th><\/tr><tr><th>1293<\/th><th>4 juillet &agrave; 05:02<\/th><th>10 juillet &agrave; 20:39<\/th><th>18 juillet &agrave; 17:44<\/th><th>26 juillet &agrave; 18:54<\/th><\/tr><tr><th>1294<\/th><th>2 ao&ucirc;t &agrave; 12:05<\/th><th>9 ao&ucirc;t &agrave; 06:54<\/th><th>17 ao&ucirc;t &agrave; 09:28<\/th><th>25 ao&ucirc;t &agrave; 04:27<\/th><\/tr><tr><th>1295<\/th><th>31 ao&ucirc;t &agrave; 19:41<\/th><th>7 septembre &agrave; 20:31<\/th><th>16 septembre &agrave; 01:03<\/th><th>23 septembre &agrave; 12:20<\/th><\/tr><tr><th>1296<\/th><th>30 septembre &agrave; 04:36<\/th><th>7 octobre &agrave; 13:47<\/th><th>15 octobre &agrave; 15:47<\/th><th>22 octobre &agrave; 19:29<\/th><\/tr><tr><th>1297<\/th><th>29 octobre &agrave; 15:36<\/th><th>6 novembre &agrave; 08:59<\/th><th>14 novembre &agrave; 04:25<\/th><th>21 novembre &agrave; 01:48<\/th><\/tr><tr><th>1298<\/th><th>28 novembre &agrave; 04:24<\/th><th>6 d&eacute;cembre &agrave; 06:22<\/th><th>13 d&eacute;cembre &agrave; 17:08<\/th><th>20 d&eacute;cembre &agrave; 10:10<\/th><\/tr><tr><th>1286<\/th><th>27 d&eacute;cembre &agrave; 21:12<\/th><th>5 janvier 2028 &agrave; 02:40<\/th><th>12 janvier 2028 &agrave; 05:03<\/th><th>18 janvier 2028 &agrave; 20:26<\/th><\/tr><\/table>","protected":false},"excerpt":{"rendered":"<p>Toutes les heures ont \u00e9t\u00e9 adapt\u00e9es en heure locale belge (UTC + 1 h en heure d\u2019hiver et UTC + 2 h en heure d\u2019\u00e9t\u00e9). Pour l&rsquo;ann\u00e9e 2027:<\/p>\n","protected":false},"author":2,"featured_media":0,"parent":45,"menu_order":0,"comment_status":"closed","ping_status":"closed","template":"","meta":[],"_links":{"self":[{"href":"https:\/\/robinfo.oma.be\/fr\/wp-json\/wp\/v2\/pages\/4524"}],"collection":[{"href":"https:\/\/robinfo.oma.be\/fr\/wp-json\/wp\/v2\/pages"}],"about":[{"href":"https:\/\/robinfo.oma.be\/fr\/wp-json\/wp\/v2\/types\/page"}],"author":[{"embeddable":true,"href":"https:\/\/robinfo.oma.be\/fr\/wp-json\/wp\/v2\/users\/2"}],"replies":[{"embeddable":true,"href":"https:\/\/robinfo.oma.be\/fr\/wp-json\/wp\/v2\/comments?post=4524"}],"version-history":[{"count":1,"href":"https:\/\/robinfo.oma.be\/fr\/wp-json\/wp\/v2\/pages\/4524\/revisions"}],"predecessor-version":[{"id":4526,"href":"https:\/\/robinfo.oma.be\/fr\/wp-json\/wp\/v2\/pages\/4524\/revisions\/4526"}],"up":[{"embeddable":true,"href":"https:\/\/robinfo.oma.be\/fr\/wp-json\/wp\/v2\/pages\/45"}],"wp:attachment":[{"href":"https:\/\/robinfo.oma.be\/fr\/wp-json\/wp\/v2\/media?parent=4524"}],"curies":[{"name":"wp","href":"https:\/\/api.w.org\/{rel}","templated":true}]}}