{"id":52,"date":"2018-04-18T10:55:59","date_gmt":"2018-04-18T10:55:59","guid":{"rendered":"http:\/\/robinfo.oma.be\/ephemeris\/eclipses\/"},"modified":"2025-03-05T12:03:53","modified_gmt":"2025-03-05T11:03:53","slug":"eclipses","status":"publish","type":"page","link":"https:\/\/robinfo.oma.be\/fr\/astro-info\/eclipses\/","title":{"rendered":"\u00c9clipses"},"content":{"rendered":"<section class=\"toggle\"><label>Informations g\u00e9n\u00e9rales<\/label>\r\n<div class=\"toggle-content\" style=\"display: none;\">\r\n<section class=\"toggle\">\r\n<p>Une \u00e9clipse est un ph\u00e9nom\u00e8ne astronomique au cours duquel un objet astronomique, comme le Soleil ou la Lune, est partiellement ou totalement obscurci pendant une courte dur\u00e9e, en passant dans l&rsquo;ombre d&rsquo;un autre corps ou en ayant un autre corps qui passe entre lui et l&rsquo;observateur.<\/p>\r\n<p>Les \u00e9clipses solaires et lunaires se produisent lorsque la Terre, le Soleil et la Lune sont exactement ou quasiment align\u00e9s. Lors d&rsquo;une \u00e9clipse solaire, la Lune passe entre le Soleil et la Terre, bloquant totalement ou partiellement les rayons du Soleil et projetant une ombre sur certaines parties de la Terre. De tels \u00e9v\u00e9nements ne peuvent se produire que lors d&rsquo;une nouvelle lune. Une \u00e9clipse lunaire se produit lorsque la Lune se trouve \u00e0 l&rsquo;extr\u00e9mit\u00e9 de la Terre par rapport au Soleil et traverse l&rsquo;ombre de la Terre. Ce ph\u00e9nom\u00e8ne ne peut se produire que lors d&rsquo;une pleine lune. \r\nLes \u00e9clipses lunaires peuvent \u00eatre observ\u00e9es depuis toute la moiti\u00e9 nocturne de la surface de la Terre, tandis que les \u00e9clipses solaires, en particulier les \u00e9clipses solaires totales, ne sont visibles que depuis une zone relativement petite de la surface de la Terre.<\/p>\r\n<p>Une ombre, par exemple lors d&rsquo;une \u00e9clipse, est divis\u00e9e en trois parties, l&rsquo;ombre, la p\u00e9nombre et l\u2019anti-ombre, cr\u00e9\u00e9es par une source lumineuse apr\u00e8s avoir occult\u00e9 un objet opaque. L&rsquo;ombre est la r\u00e9gion centrale de l&rsquo;ombre et la partie la plus sombre, o\u00f9 la lumi\u00e8re est compl\u00e8tement bloqu\u00e9e. Dans la p\u00e9nombre, la lumi\u00e8re n&rsquo;est que partiellement bloqu\u00e9e. L\u2019anti-ombre est la partie o\u00f9 le corps occultant appara\u00eet enti\u00e8rement \u00e0 l&rsquo;int\u00e9rieur du disque de la source lumineuse.<\/p>\r\n<\/section>\r\n<section class=\"toggle\"><label>Les \u00e9clipses de soleil<\/label>\r\n<div class=\"toggle-content\" style=\"display: none;\"><\/div>\r\n<\/section>\r\n<section class=\"toggle\"><label>Les \u00e9clipses de lune<\/label>\r\n<div class=\"toggle-content\" style=\"display: none;\"><\/div>\r\n<\/section>\r\n<section class=\"toggle\"><label>Fr\u00e9quence des \u00e9clipses<\/label>\r\n<div class=\"toggle-content\" style=\"display: none;\"><\/div>\r\n<\/section>\r\n<\/div>\r\n<\/section>\r\n<section class=\"toggle\"><label>\u00c9clipses par ann\u00e9e<\/label>\r\n<div class=\"toggle-content\" style=\"display: none;\">\r\n\r\n<table class=\"wp-block-table\">\r\n<tbody>\r\n<tr>\r\n<td><a href=\"https:\/\/robinfo.oma.be\/fr\/eclipses-2019\/\">2019<\/a><\/td>\r\n<td><a href=\"https:\/\/robinfo.oma.be\/fr\/eclipses-2020\/\">2020<\/a><\/td>\r\n<td><a href=\"https:\/\/robinfo.oma.be\/fr\/eclipses-2021\/\">2021<\/a><\/td>\r\n<\/tr>\r\n<tr>\r\n<td><a href=\"https:\/\/robinfo.oma.be\/fr\/eclipses-2022\/\">2022<\/a><\/td>\r\n<td><a href=\"https:\/\/robinfo.oma.be\/fr\/eclipses-2023\/\">2023<\/a><\/td>\r\n<td><a href=\"https:\/\/robinfo.oma.be\/fr\/eclipses-2024\/\">2024<\/a><\/td>\r\n<\/tr>\r\n<tr>\r\n<td><a href=\"https:\/\/robinfo.oma.be\/fr\/eclipses-2025\/\">2025<\/a><\/td>\r\n<td><a href=\"https:\/\/robinfo.oma.be\/fr\/eclipses-2026\/\">2026<\/a><\/td>\r\n<td>2027<\/td>\r\n<\/tr>\r\n<\/tbody>\r\n<\/table>\r\n\r\n<\/div>\r\n<\/section>","protected":false},"excerpt":{"rendered":"<p>Informations g\u00e9n\u00e9rales Une \u00e9clipse est un ph\u00e9nom\u00e8ne astronomique au cours duquel un objet astronomique, comme le Soleil ou la Lune, est partiellement ou totalement obscurci pendant une courte dur\u00e9e, en passant dans l&rsquo;ombre d&rsquo;un autre corps ou en ayant un autre corps qui passe entre lui et l&rsquo;observateur. Les \u00e9clipses solaires et lunaires se produisent [&hellip;]<\/p>\n","protected":false},"author":1,"featured_media":0,"parent":75,"menu_order":0,"comment_status":"closed","ping_status":"closed","template":"","meta":[],"_links":{"self":[{"href":"https:\/\/robinfo.oma.be\/fr\/wp-json\/wp\/v2\/pages\/52"}],"collection":[{"href":"https:\/\/robinfo.oma.be\/fr\/wp-json\/wp\/v2\/pages"}],"about":[{"href":"https:\/\/robinfo.oma.be\/fr\/wp-json\/wp\/v2\/types\/page"}],"author":[{"embeddable":true,"href":"https:\/\/robinfo.oma.be\/fr\/wp-json\/wp\/v2\/users\/1"}],"replies":[{"embeddable":true,"href":"https:\/\/robinfo.oma.be\/fr\/wp-json\/wp\/v2\/comments?post=52"}],"version-history":[{"count":10,"href":"https:\/\/robinfo.oma.be\/fr\/wp-json\/wp\/v2\/pages\/52\/revisions"}],"predecessor-version":[{"id":4500,"href":"https:\/\/robinfo.oma.be\/fr\/wp-json\/wp\/v2\/pages\/52\/revisions\/4500"}],"up":[{"embeddable":true,"href":"https:\/\/robinfo.oma.be\/fr\/wp-json\/wp\/v2\/pages\/75"}],"wp:attachment":[{"href":"https:\/\/robinfo.oma.be\/fr\/wp-json\/wp\/v2\/media?parent=52"}],"curies":[{"name":"wp","href":"https:\/\/api.w.org\/{rel}","templated":true}]}}