{"id":725,"date":"2019-07-10T14:48:57","date_gmt":"2019-07-10T14:48:57","guid":{"rendered":"http:\/\/robinfo.oma.be\/?page_id=725"},"modified":"2020-01-06T15:34:11","modified_gmt":"2020-01-06T15:34:11","slug":"saisons-2020","status":"publish","type":"page","link":"https:\/\/robinfo.oma.be\/fr\/astro-info\/soleil\/saisons-2020\/","title":{"rendered":"Saisons 2020"},"content":{"rendered":"Toutes les heures ont \u00e9t\u00e9 adapt\u00e9es en heure locale belge (UTC + 1 h en heure d\u2019hiver et UTC + 2 h en heure d\u2019\u00e9t\u00e9). \r\n\r\n<p><span style=\"text-decoration: underline;\"><span style=\"font-size: 22px;\"><strong>Pour l&rsquo;ann\u00e9e 2020:<\/strong><\/span><\/span><\/p>\r\n\r\n<figure class=\"wp-block-table\">\r\n<table>\r\n<tbody>\r\n<tr>\r\n<td>Printemps<\/td>\r\n<td>20 mars<\/td>\r\n<td>4h50<\/td>\r\n<\/tr>\r\n<tr>\r\n<td>\u00c9t\u00e9<\/td>\r\n<td>20 juin<\/td>\r\n<td>23h44<\/td>\r\n<\/tr>\r\n<tr>\r\n<td>Automne<\/td>\r\n<td>22 septembre<\/td>\r\n<td>15h31<\/td>\r\n<\/tr>\r\n<tr>\r\n<td>Hiver<\/td>\r\n<td>21 d\u00e9cembre<\/td>\r\n<td>11h02<\/td>\r\n<\/tr>\r\n<\/tbody>\r\n<\/table>\r\n<\/figure>\r\n","protected":false},"excerpt":{"rendered":"<p>Toutes les heures ont \u00e9t\u00e9 adapt\u00e9es en heure locale belge (UTC + 1 h en heure d\u2019hiver et UTC + 2 h en heure d\u2019\u00e9t\u00e9). Pour l&rsquo;ann\u00e9e 2020: Printemps 20 mars 4h50 \u00c9t\u00e9 20 juin 23h44 Automne 22 septembre 15h31 Hiver 21 d\u00e9cembre 11h02<\/p>\n","protected":false},"author":2,"featured_media":0,"parent":37,"menu_order":0,"comment_status":"closed","ping_status":"closed","template":"","meta":[],"_links":{"self":[{"href":"https:\/\/robinfo.oma.be\/fr\/wp-json\/wp\/v2\/pages\/725"}],"collection":[{"href":"https:\/\/robinfo.oma.be\/fr\/wp-json\/wp\/v2\/pages"}],"about":[{"href":"https:\/\/robinfo.oma.be\/fr\/wp-json\/wp\/v2\/types\/page"}],"author":[{"embeddable":true,"href":"https:\/\/robinfo.oma.be\/fr\/wp-json\/wp\/v2\/users\/2"}],"replies":[{"embeddable":true,"href":"https:\/\/robinfo.oma.be\/fr\/wp-json\/wp\/v2\/comments?post=725"}],"version-history":[{"count":11,"href":"https:\/\/robinfo.oma.be\/fr\/wp-json\/wp\/v2\/pages\/725\/revisions"}],"predecessor-version":[{"id":2291,"href":"https:\/\/robinfo.oma.be\/fr\/wp-json\/wp\/v2\/pages\/725\/revisions\/2291"}],"up":[{"embeddable":true,"href":"https:\/\/robinfo.oma.be\/fr\/wp-json\/wp\/v2\/pages\/37"}],"wp:attachment":[{"href":"https:\/\/robinfo.oma.be\/fr\/wp-json\/wp\/v2\/media?parent=725"}],"curies":[{"name":"wp","href":"https:\/\/api.w.org\/{rel}","templated":true}]}}