{"id":734,"date":"2019-07-10T14:58:02","date_gmt":"2019-07-10T14:58:02","guid":{"rendered":"http:\/\/robinfo.oma.be\/?page_id=734"},"modified":"2020-01-06T15:53:05","modified_gmt":"2020-01-06T15:53:05","slug":"saisons-2021","status":"publish","type":"page","link":"https:\/\/robinfo.oma.be\/fr\/astro-info\/soleil\/saisons-2021\/","title":{"rendered":"Saisons 2021"},"content":{"rendered":"<p>Toutes les heures ont \u00e9t\u00e9 adapt\u00e9es en heure locale belge (UTC + 1 h en heure d&rsquo;hiver et UTC + 2 h en heure d&rsquo;\u00e9t\u00e9). <\/p>\r\n\r\n<p><span style=\"text-decoration: underline;\"><strong><span style=\"font-size: 22px;\">Pour l&rsquo;ann\u00e9e 2021:<\/span><\/strong><\/span><\/p>\r\n\r\n<figure class=\"wp-block-table\">\r\n<table>\r\n<tbody>\r\n<tr>\r\n<td>Printemps<\/td>\r\n<td>20 mars<\/td>\r\n<td>10h37<\/td>\r\n<\/tr>\r\n<tr>\r\n<td>\u00c9t\u00e9<\/td>\r\n<td>21 juin<\/td>\r\n<td>5h32<\/td>\r\n<\/tr>\r\n<tr>\r\n<td>Automne<\/td>\r\n<td>22 septembre<\/td>\r\n<td>21h21<\/td>\r\n<\/tr>\r\n<tr>\r\n<td>Hiver<\/td>\r\n<td>21 d\u00e9cembre<\/td>\r\n<td>16h59<\/td>\r\n<\/tr>\r\n<\/tbody>\r\n<\/table>\r\n<\/figure>\r\n\r\n","protected":false},"excerpt":{"rendered":"<p>Toutes les heures ont \u00e9t\u00e9 adapt\u00e9es en heure locale belge (UTC + 1 h en heure d&rsquo;hiver et UTC + 2 h en heure d&rsquo;\u00e9t\u00e9). Pour l&rsquo;ann\u00e9e 2021: Printemps 20 mars 10h37 \u00c9t\u00e9 21 juin 5h32 Automne 22 septembre 21h21 Hiver 21 d\u00e9cembre 16h59<\/p>\n","protected":false},"author":2,"featured_media":0,"parent":37,"menu_order":0,"comment_status":"closed","ping_status":"closed","template":"","meta":[],"_links":{"self":[{"href":"https:\/\/robinfo.oma.be\/fr\/wp-json\/wp\/v2\/pages\/734"}],"collection":[{"href":"https:\/\/robinfo.oma.be\/fr\/wp-json\/wp\/v2\/pages"}],"about":[{"href":"https:\/\/robinfo.oma.be\/fr\/wp-json\/wp\/v2\/types\/page"}],"author":[{"embeddable":true,"href":"https:\/\/robinfo.oma.be\/fr\/wp-json\/wp\/v2\/users\/2"}],"replies":[{"embeddable":true,"href":"https:\/\/robinfo.oma.be\/fr\/wp-json\/wp\/v2\/comments?post=734"}],"version-history":[{"count":9,"href":"https:\/\/robinfo.oma.be\/fr\/wp-json\/wp\/v2\/pages\/734\/revisions"}],"predecessor-version":[{"id":2315,"href":"https:\/\/robinfo.oma.be\/fr\/wp-json\/wp\/v2\/pages\/734\/revisions\/2315"}],"up":[{"embeddable":true,"href":"https:\/\/robinfo.oma.be\/fr\/wp-json\/wp\/v2\/pages\/37"}],"wp:attachment":[{"href":"https:\/\/robinfo.oma.be\/fr\/wp-json\/wp\/v2\/media?parent=734"}],"curies":[{"name":"wp","href":"https:\/\/api.w.org\/{rel}","templated":true}]}}