{"id":741,"date":"2019-07-10T15:01:39","date_gmt":"2019-07-10T15:01:39","guid":{"rendered":"http:\/\/robinfo.oma.be\/?page_id=741"},"modified":"2020-01-06T15:54:07","modified_gmt":"2020-01-06T15:54:07","slug":"saisons-2023","status":"publish","type":"page","link":"https:\/\/robinfo.oma.be\/fr\/astro-info\/soleil\/saisons-2023\/","title":{"rendered":"Saisons 2023"},"content":{"rendered":"<p>Toutes les heures ont \u00e9t\u00e9 adapt\u00e9es en heure locale belge (UTC + 1 h en heure d&rsquo;hiver et UTC + 2 h en heure d&rsquo;\u00e9t\u00e9). <\/p>\r\n\r\n<p><span style=\"text-decoration: underline;\"><strong><span style=\"font-size: 22px;\">Pour l&rsquo;ann\u00e9e 2023 :<\/span><\/strong><\/span><\/p>\r\n\r\n<table class=\"wp-block-table\">\r\n<tbody>\r\n<tr>\r\n<td>Printemps<\/td>\r\n<td>20 mars<\/td>\r\n<td>22h24<\/td>\r\n<\/tr>\r\n<tr>\r\n<td>\u00c9t\u00e9<\/td>\r\n<td>21 juin<\/td>\r\n<td>16h58<\/td>\r\n<\/tr>\r\n<tr>\r\n<td>Automne<\/td>\r\n<td>23 septembre<\/td>\r\n<td>8h50<\/td>\r\n<\/tr>\r\n<tr>\r\n<td>Hiver<\/td>\r\n<td>22 d\u00e9cembre<\/td>\r\n<td>4h27<\/td>\r\n<\/tr>\r\n<\/tbody>\r\n<\/table>\r\n","protected":false},"excerpt":{"rendered":"<p>Toutes les heures ont \u00e9t\u00e9 adapt\u00e9es en heure locale belge (UTC + 1 h en heure d&rsquo;hiver et UTC + 2 h en heure d&rsquo;\u00e9t\u00e9). Pour l&rsquo;ann\u00e9e 2023 : Printemps 20 mars 22h24 \u00c9t\u00e9 21 juin 16h58 Automne 23 septembre 8h50 Hiver 22 d\u00e9cembre 4h27<\/p>\n","protected":false},"author":2,"featured_media":0,"parent":37,"menu_order":0,"comment_status":"closed","ping_status":"closed","template":"","meta":[],"_links":{"self":[{"href":"https:\/\/robinfo.oma.be\/fr\/wp-json\/wp\/v2\/pages\/741"}],"collection":[{"href":"https:\/\/robinfo.oma.be\/fr\/wp-json\/wp\/v2\/pages"}],"about":[{"href":"https:\/\/robinfo.oma.be\/fr\/wp-json\/wp\/v2\/types\/page"}],"author":[{"embeddable":true,"href":"https:\/\/robinfo.oma.be\/fr\/wp-json\/wp\/v2\/users\/2"}],"replies":[{"embeddable":true,"href":"https:\/\/robinfo.oma.be\/fr\/wp-json\/wp\/v2\/comments?post=741"}],"version-history":[{"count":6,"href":"https:\/\/robinfo.oma.be\/fr\/wp-json\/wp\/v2\/pages\/741\/revisions"}],"predecessor-version":[{"id":2319,"href":"https:\/\/robinfo.oma.be\/fr\/wp-json\/wp\/v2\/pages\/741\/revisions\/2319"}],"up":[{"embeddable":true,"href":"https:\/\/robinfo.oma.be\/fr\/wp-json\/wp\/v2\/pages\/37"}],"wp:attachment":[{"href":"https:\/\/robinfo.oma.be\/fr\/wp-json\/wp\/v2\/media?parent=741"}],"curies":[{"name":"wp","href":"https:\/\/api.w.org\/{rel}","templated":true}]}}