{"id":743,"date":"2019-07-10T15:03:10","date_gmt":"2019-07-10T15:03:10","guid":{"rendered":"http:\/\/robinfo.oma.be\/?page_id=743"},"modified":"2020-01-06T15:48:01","modified_gmt":"2020-01-06T15:48:01","slug":"saisons-2024","status":"publish","type":"page","link":"https:\/\/robinfo.oma.be\/fr\/astro-info\/soleil\/saisons-2024\/","title":{"rendered":"Saisons 2024"},"content":{"rendered":"<p>Toutes les heures ont \u00e9t\u00e9 adapt\u00e9es en heure locale belge (UTC + 1 h en heure d&rsquo;hiver et UTC + 2 h en heure d&rsquo;\u00e9t\u00e9).<\/p>\r\n\r\n<p><span style=\"text-decoration: underline;\"><strong><span style=\"font-size: 22px;\">Pour l&rsquo;ann\u00e9e 2024 :<\/span><\/strong><\/span><\/p>\r\n\r\n<table class=\"wp-block-table\">\r\n<tbody>\r\n<tr>\r\n<td>Printemps<\/td>\r\n<td>20 mars<\/td>\r\n<td>4h06<\/td>\r\n<\/tr>\r\n<tr>\r\n<td>\u00c9t\u00e9<\/td>\r\n<td>20 juin<\/td>\r\n<td>22h51<\/td>\r\n<\/tr>\r\n<tr>\r\n<td>Automne<\/td>\r\n<td>22 septembre<\/td>\r\n<td>14h44<\/td>\r\n<\/tr>\r\n<tr>\r\n<td>Hiver<\/td>\r\n<td>21 d\u00e9cembre<\/td>\r\n<td>10h21<\/td>\r\n<\/tr>\r\n<\/tbody>\r\n<\/table>\r\n","protected":false},"excerpt":{"rendered":"<p>Toutes les heures ont \u00e9t\u00e9 adapt\u00e9es en heure locale belge (UTC + 1 h en heure d&rsquo;hiver et UTC + 2 h en heure d&rsquo;\u00e9t\u00e9). Pour l&rsquo;ann\u00e9e 2024 : Printemps 20 mars 4h06 \u00c9t\u00e9 20 juin 22h51 Automne 22 septembre 14h44 Hiver 21 d\u00e9cembre 10h21<\/p>\n","protected":false},"author":2,"featured_media":0,"parent":37,"menu_order":0,"comment_status":"closed","ping_status":"closed","template":"","meta":[],"_links":{"self":[{"href":"https:\/\/robinfo.oma.be\/fr\/wp-json\/wp\/v2\/pages\/743"}],"collection":[{"href":"https:\/\/robinfo.oma.be\/fr\/wp-json\/wp\/v2\/pages"}],"about":[{"href":"https:\/\/robinfo.oma.be\/fr\/wp-json\/wp\/v2\/types\/page"}],"author":[{"embeddable":true,"href":"https:\/\/robinfo.oma.be\/fr\/wp-json\/wp\/v2\/users\/2"}],"replies":[{"embeddable":true,"href":"https:\/\/robinfo.oma.be\/fr\/wp-json\/wp\/v2\/comments?post=743"}],"version-history":[{"count":5,"href":"https:\/\/robinfo.oma.be\/fr\/wp-json\/wp\/v2\/pages\/743\/revisions"}],"predecessor-version":[{"id":2306,"href":"https:\/\/robinfo.oma.be\/fr\/wp-json\/wp\/v2\/pages\/743\/revisions\/2306"}],"up":[{"embeddable":true,"href":"https:\/\/robinfo.oma.be\/fr\/wp-json\/wp\/v2\/pages\/37"}],"wp:attachment":[{"href":"https:\/\/robinfo.oma.be\/fr\/wp-json\/wp\/v2\/media?parent=743"}],"curies":[{"name":"wp","href":"https:\/\/api.w.org\/{rel}","templated":true}]}}