{"id":75,"date":"2018-04-18T11:32:38","date_gmt":"2018-04-18T11:32:38","guid":{"rendered":"http:\/\/robinfo.oma.be\/astro-info\/"},"modified":"2023-05-25T15:02:55","modified_gmt":"2023-05-25T13:02:55","slug":"astro-info","status":"publish","type":"page","link":"https:\/\/robinfo.oma.be\/fr\/astro-info\/","title":{"rendered":"Informations astronomiques"},"content":{"rendered":"<ul>\n<li><a href=\"https:\/\/robinfo.oma.be\/fr\/astro-info\/coordonnees-geographiques-de-nos-sites\/\" target=\"_blank\" rel=\"noopener\">Coordonn\u00e9es g\u00e9ographiques de nos sites<\/a><\/li>\n<li><a href=\"https:\/\/robinfo.oma.be\/fr\/astro-info\/soleil\/\" target=\"_blank\" rel=\"noopener\">Soleil<\/a><\/li>\n<li><a href=\"https:\/\/robinfo.oma.be\/fr\/astro-info\/lune\/\" target=\"_blank\" rel=\"noopener\">Lune<\/a><\/li>\n<li><a href=\"https:\/\/robinfo.oma.be\/fr\/astro-info\/eclipses\/\" target=\"_blank\" rel=\"noopener\">\u00c9clipses<\/a><\/li>\n<li><a href=\"https:\/\/robinfo.oma.be\/fr\/astro-info\/heure\/\" target=\"_blank\" rel=\"noopener\">Heure et changement d\u2019heure<\/a><\/li>\n<li><a href=\"https:\/\/robinfo.oma.be\/fr\/astro-info\/calendrier\/\" target=\"_blank\" rel=\"noopener\">Calendrier<\/a><\/li>\n<\/ul>\n","protected":false},"excerpt":{"rendered":"<p>Coordonn\u00e9es g\u00e9ographiques de nos sites Soleil Lune \u00c9clipses Heure et changement d\u2019heure Calendrier<\/p>\n","protected":false},"author":1,"featured_media":0,"parent":0,"menu_order":0,"comment_status":"closed","ping_status":"closed","template":"","meta":[],"_links":{"self":[{"href":"https:\/\/robinfo.oma.be\/fr\/wp-json\/wp\/v2\/pages\/75"}],"collection":[{"href":"https:\/\/robinfo.oma.be\/fr\/wp-json\/wp\/v2\/pages"}],"about":[{"href":"https:\/\/robinfo.oma.be\/fr\/wp-json\/wp\/v2\/types\/page"}],"author":[{"embeddable":true,"href":"https:\/\/robinfo.oma.be\/fr\/wp-json\/wp\/v2\/users\/1"}],"replies":[{"embeddable":true,"href":"https:\/\/robinfo.oma.be\/fr\/wp-json\/wp\/v2\/comments?post=75"}],"version-history":[{"count":4,"href":"https:\/\/robinfo.oma.be\/fr\/wp-json\/wp\/v2\/pages\/75\/revisions"}],"predecessor-version":[{"id":4088,"href":"https:\/\/robinfo.oma.be\/fr\/wp-json\/wp\/v2\/pages\/75\/revisions\/4088"}],"wp:attachment":[{"href":"https:\/\/robinfo.oma.be\/fr\/wp-json\/wp\/v2\/media?parent=75"}],"curies":[{"name":"wp","href":"https:\/\/api.w.org\/{rel}","templated":true}]}}