{"id":827,"date":"2019-07-12T13:49:29","date_gmt":"2019-07-12T13:49:29","guid":{"rendered":"http:\/\/robinfo.oma.be\/?page_id=827"},"modified":"2023-05-24T10:41:31","modified_gmt":"2023-05-24T08:41:31","slug":"phases-de-la-lune-2021","status":"publish","type":"page","link":"https:\/\/robinfo.oma.be\/fr\/astro-info\/lune\/phases-de-la-lune-2021\/","title":{"rendered":"Phases de la Lune 2021"},"content":{"rendered":"\n<p>Toutes les heures ont \u00e9t\u00e9 adapt\u00e9es en heure locale belge (UTC + 1 h en heure d\u2019hiver et UTC + 2 h en heure d\u2019\u00e9t\u00e9).<\/p>\n\n\n<p><span style=\"text-decoration: underline;\"><span style=\"font-size: 22px;\"><strong>Pour l&rsquo;ann\u00e9e 2021:<\/strong><\/span><\/span><\/p>\n\n\n<table><tr><th><a href=\"https:\/\/robinfo.oma.be\/fr\/lunaison\/\" target=\"_blank\">Num\u00e9ro de lunaison <\/a><\/th><th>Nouvelle lune<\/th><th>Premier quartier<\/th><th>Pleine lune<\/th><th>Dernier quartier<\/th><\/tr><tr><th>1212<\/th><th>14 d&eacute;cembre 2020 &agrave; 17h16<\/th><th>22 d&eacute;cembre 2020 &agrave; 00h41<\/th><th>30 d&eacute;cembre 2020 &agrave; 04h28<\/th><th>06 janvier &agrave; 10h37<\/th><\/tr><tr><th>1213<\/th><th>13 janvier &agrave; 06h00<\/th><th>20 janvier &agrave; 22h02<\/th><th>28 janvier &agrave; 20h16<\/th><th>04 f&eacute;vrier &agrave; 18h37<\/th><\/tr><tr><th>1214<\/th><th>11 f&eacute;vrier &agrave; 20h06<\/th><th>19 f&eacute;vrier &agrave; 19h47<\/th><th>27 f&eacute;vrier &agrave; 09h17<\/th><th>06 mars &agrave; 02h30<\/th><\/tr><tr><th>1215<\/th><th>13 mars &agrave; 11h21<\/th><th>21 mars &agrave; 15h40<\/th><th>28 mars &agrave; 20h48<\/th><th>04 avril &agrave; 12h02<\/th><\/tr><tr><th>1216<\/th><th>12 avril &agrave; 04h30<\/th><th>20 avril &agrave; 08h59<\/th><th>27 avril &agrave; 05h32<\/th><th>03 mai &agrave; 21h50<\/th><\/tr><tr><th>1217<\/th><th>11 mai &agrave; 21h00<\/th><th>19 mai &agrave; 21h13<\/th><th>26 mai &agrave; 13h14<\/th><th>02 juin &agrave; 09h24<\/th><\/tr><tr><th>1218<\/th><th>10 juin &agrave; 12h53<\/th><th>18 juin &agrave; 05h54<\/th><th>24 juin &agrave; 20h40<\/th><th>01 juillet &agrave; 23h11<\/th><\/tr><tr><th>1219<\/th><th>10 juillet &agrave; 03h17<\/th><th>17 juillet &agrave; 12h11<\/th><th>24 juillet &agrave; 04h37<\/th><th>31 juillet &agrave; 15h16<\/th><\/tr><tr><th>1220<\/th><th>08 ao&ucirc;t &agrave; 15h50<\/th><th>15 ao&ucirc;t &agrave; 17h20<\/th><th>22 ao&ucirc;t &agrave; 14h02<\/th><th>30 ao&ucirc;t &agrave; 09h13<\/th><\/tr><tr><th>1221<\/th><th>07 septembre &agrave; 02h52<\/th><th>13 septembre &agrave; 22h39<\/th><th>21 septembre &agrave; 01h55<\/th><th>29 septembre &agrave; 03h57<\/th><\/tr><tr><th>1222<\/th><th>06 octobre &agrave; 13h05<\/th><th>13 octobre &agrave; 05h25<\/th><th>20 octobre &agrave; 16h57<\/th><th>28 octobre &agrave; 22h05<\/th><\/tr><tr><th>1223<\/th><th>04 novembre &agrave; 22h15<\/th><th>11 novembre &agrave; 13h46<\/th><th>19 novembre &agrave; 09h57<\/th><th>27 novembre &agrave; 13h28<\/th><\/tr><tr><th>1224<\/th><th>04 d&eacute;cembre &agrave; 08h43<\/th><th>11 d&eacute;cembre &agrave; 02h36<\/th><th>19 d&eacute;cembre &agrave; 05h35<\/th><th>27 d&eacute;cembre &agrave; 03h24<\/th><\/tr><\/table>","protected":false},"excerpt":{"rendered":"<p>Toutes les heures ont \u00e9t\u00e9 adapt\u00e9es en heure locale belge (UTC + 1 h en heure d\u2019hiver et UTC + 2 h en heure d\u2019\u00e9t\u00e9). Pour l&rsquo;ann\u00e9e 2021:<\/p>\n","protected":false},"author":2,"featured_media":0,"parent":45,"menu_order":0,"comment_status":"closed","ping_status":"closed","template":"","meta":[],"_links":{"self":[{"href":"https:\/\/robinfo.oma.be\/fr\/wp-json\/wp\/v2\/pages\/827"}],"collection":[{"href":"https:\/\/robinfo.oma.be\/fr\/wp-json\/wp\/v2\/pages"}],"about":[{"href":"https:\/\/robinfo.oma.be\/fr\/wp-json\/wp\/v2\/types\/page"}],"author":[{"embeddable":true,"href":"https:\/\/robinfo.oma.be\/fr\/wp-json\/wp\/v2\/users\/2"}],"replies":[{"embeddable":true,"href":"https:\/\/robinfo.oma.be\/fr\/wp-json\/wp\/v2\/comments?post=827"}],"version-history":[{"count":8,"href":"https:\/\/robinfo.oma.be\/fr\/wp-json\/wp\/v2\/pages\/827\/revisions"}],"predecessor-version":[{"id":4073,"href":"https:\/\/robinfo.oma.be\/fr\/wp-json\/wp\/v2\/pages\/827\/revisions\/4073"}],"up":[{"embeddable":true,"href":"https:\/\/robinfo.oma.be\/fr\/wp-json\/wp\/v2\/pages\/45"}],"wp:attachment":[{"href":"https:\/\/robinfo.oma.be\/fr\/wp-json\/wp\/v2\/media?parent=827"}],"curies":[{"name":"wp","href":"https:\/\/api.w.org\/{rel}","templated":true}]}}