{"id":828,"date":"2019-07-12T13:49:45","date_gmt":"2019-07-12T13:49:45","guid":{"rendered":"http:\/\/robinfo.oma.be\/?page_id=828"},"modified":"2023-05-24T10:40:54","modified_gmt":"2023-05-24T08:40:54","slug":"phases-de-la-lune-2022","status":"publish","type":"page","link":"https:\/\/robinfo.oma.be\/fr\/astro-info\/lune\/phases-de-la-lune-2022\/","title":{"rendered":"Phases de la Lune 2022"},"content":{"rendered":"\n<p>Toutes les heures ont \u00e9t\u00e9 adapt\u00e9es en heure locale belge (UTC + 1 h en heure d\u2019hiver et UTC + 2 h en heure d\u2019\u00e9t\u00e9).<\/p>\n\n\n<p><span style=\"text-decoration: underline;\"><strong><span style=\"font-size: 22px;\">Pour l&rsquo;ann\u00e9e 2022:<\/span><\/strong><\/span><\/p>\n\n\n<table><tr><th><a href=\"https:\/\/robinfo.oma.be\/fr\/lunaison\/\" target=\"_blank\">Num\u00e9ro de lunaison <\/a><\/th><th>Nouvelle lune<\/th><th>Premier quartier<\/th><th>Pleine lune<\/th><th>Dernier quartier<\/th><\/tr><tr><th>1225<\/th><th>02 janvier &agrave; 19h33<\/th><th>09 janvier &agrave; 19h11<\/th><th>18 janvier &agrave; 00h48<\/th><th>25 janvier &agrave; 14h40<\/th><\/tr><tr><th>1226<\/th><th>01 f&eacute;vrier &agrave; 06h45<\/th><th>08 f&eacute;vrier &agrave; 14h50<\/th><th>16 f&eacute;vrier &agrave; 17h56<\/th><th>23 f&eacute;vrier &agrave; 23h32<\/th><\/tr><tr><th>1227<\/th><th>02 mars &agrave; 18h34<\/th><th>10 mars &agrave; 11h45<\/th><th>18 mars &agrave; 08h17<\/th><th>25 mars &agrave; 06h37<\/th><\/tr><tr><th>1228<\/th><th>01 avril &agrave; 08h24<\/th><th>09 avril &agrave; 08h47<\/th><th>16 avril &agrave; 20h55<\/th><th>23 avril &agrave; 13h56<\/th><\/tr><tr><th>1229<\/th><th>30 avril &agrave; 22h28<\/th><th>09 mai &agrave; 02h21<\/th><th>16 mai &agrave; 06h14<\/th><th>22 mai &agrave; 20h43<\/th><\/tr><tr><th>1230<\/th><th>30 mai &agrave; 13h30<\/th><th>07 juin &agrave; 16h48<\/th><th>14 juin &agrave; 13h51<\/th><th>21 juin &agrave; 05h10<\/th><\/tr><tr><th>1231<\/th><th>29 juin &agrave; 04h52<\/th><th>07 juillet &agrave; 04h14<\/th><th>13 juillet &agrave; 20h37<\/th><th>20 juillet &agrave; 16h18<\/th><\/tr><tr><th>1232<\/th><th>28 juillet &agrave; 19h54<\/th><th>05 ao&ucirc;t &agrave; 13h06<\/th><th>12 ao&ucirc;t &agrave; 03h35<\/th><th>19 ao&ucirc;t &agrave; 06h36<\/th><\/tr><tr><th>1233<\/th><th>27 ao&ucirc;t &agrave; 10h17<\/th><th>03 septembre &agrave; 20h07<\/th><th>10 septembre &agrave; 11h59<\/th><th>17 septembre &agrave; 23h51<\/th><\/tr><tr><th>1234<\/th><th>25 septembre &agrave; 23h54<\/th><th>03 octobre &agrave; 02h14<\/th><th>09 octobre &agrave; 22h54<\/th><th>17 octobre &agrave; 19h15<\/th><\/tr><tr><th>1235<\/th><th>25 octobre &agrave; 12h48<\/th><th>01 novembre &agrave; 07h37<\/th><th>08 novembre &agrave; 12h02<\/th><th>16 novembre &agrave; 14h27<\/th><\/tr><tr><th>1236<\/th><th>23 novembre &agrave; 23h57<\/th><th>30 novembre &agrave; 15h36<\/th><th>08 d&eacute;cembre &agrave; 05h08<\/th><th>16 d&eacute;cembre &agrave; 09h56<\/th><\/tr><tr><th>1237<\/th><th>23 d&eacute;cembre &agrave; 11h16<\/th><th>30 d&eacute;cembre &agrave; 02h20<\/th><th>07 janvier 2023 &agrave; 00h07<\/th><th>15 janvier 2023 &agrave; 03h10<\/th><\/tr><\/table>","protected":false},"excerpt":{"rendered":"<p>Toutes les heures ont \u00e9t\u00e9 adapt\u00e9es en heure locale belge (UTC + 1 h en heure d\u2019hiver et UTC + 2 h en heure d\u2019\u00e9t\u00e9). Pour l&rsquo;ann\u00e9e 2022:<\/p>\n","protected":false},"author":2,"featured_media":0,"parent":45,"menu_order":0,"comment_status":"closed","ping_status":"closed","template":"","meta":[],"_links":{"self":[{"href":"https:\/\/robinfo.oma.be\/fr\/wp-json\/wp\/v2\/pages\/828"}],"collection":[{"href":"https:\/\/robinfo.oma.be\/fr\/wp-json\/wp\/v2\/pages"}],"about":[{"href":"https:\/\/robinfo.oma.be\/fr\/wp-json\/wp\/v2\/types\/page"}],"author":[{"embeddable":true,"href":"https:\/\/robinfo.oma.be\/fr\/wp-json\/wp\/v2\/users\/2"}],"replies":[{"embeddable":true,"href":"https:\/\/robinfo.oma.be\/fr\/wp-json\/wp\/v2\/comments?post=828"}],"version-history":[{"count":6,"href":"https:\/\/robinfo.oma.be\/fr\/wp-json\/wp\/v2\/pages\/828\/revisions"}],"predecessor-version":[{"id":4072,"href":"https:\/\/robinfo.oma.be\/fr\/wp-json\/wp\/v2\/pages\/828\/revisions\/4072"}],"up":[{"embeddable":true,"href":"https:\/\/robinfo.oma.be\/fr\/wp-json\/wp\/v2\/pages\/45"}],"wp:attachment":[{"href":"https:\/\/robinfo.oma.be\/fr\/wp-json\/wp\/v2\/media?parent=828"}],"curies":[{"name":"wp","href":"https:\/\/api.w.org\/{rel}","templated":true}]}}