{"id":829,"date":"2019-07-12T13:50:00","date_gmt":"2019-07-12T13:50:00","guid":{"rendered":"http:\/\/robinfo.oma.be\/?page_id=829"},"modified":"2023-05-24T10:37:06","modified_gmt":"2023-05-24T08:37:06","slug":"phases-de-la-lune-2023","status":"publish","type":"page","link":"https:\/\/robinfo.oma.be\/fr\/astro-info\/lune\/phases-de-la-lune-2023\/","title":{"rendered":"Phases de la Lune 2023"},"content":{"rendered":"\n<p>Toutes les heures ont \u00e9t\u00e9 adapt\u00e9es en heure locale belge (UTC + 1 h en heure d\u2019hiver et UTC + 2 h en heure d\u2019\u00e9t\u00e9).<\/p>\n\n\n<p><span style=\"text-decoration: underline;\"><span style=\"font-size: 22px;\"><strong>Pour l&rsquo;ann\u00e9e 2023:<\/strong><\/span><\/span><\/p>\n\n\n<table><tr><th><a href=\"https:\/\/robinfo.oma.be\/fr\/lunaison\/\" target=\"_blank\">Num\u00e9ro de lunaison <\/a><\/th><th>Nouvelle lune<\/th><th>Premier quartier<\/th><th>Pleine lune<\/th><th>Dernier quartier<\/th><\/tr><tr><th>1237<\/th><th>23 d&eacute;cembre 2022 &agrave; 11h16<\/th><th>30 d&eacute;cembre 2022 &agrave; 02h20<\/th><th>07 janvier &agrave; 00h07<\/th><th>15 janvier &agrave; 03h10<\/th><\/tr><tr><th>1238<\/th><th>21 janvier &agrave; 21h53<\/th><th>28 janvier &agrave; 16h18<\/th><th>05 f&eacute;vrier &agrave; 19h28<\/th><th>13 f&eacute;vrier &agrave; 17h00<\/th><\/tr><tr><th>1239<\/th><th>20 f&eacute;vrier &agrave; 08h05<\/th><th>27 f&eacute;vrier &agrave; 09h05<\/th><th>07 mars &agrave; 13h40<\/th><th>15 mars &agrave; 03h08<\/th><\/tr><tr><th>1240<\/th><th>21 mars &agrave; 18h23<\/th><th>29 mars &agrave; 04h32<\/th><th>06 avril &agrave; 06h34<\/th><th>13 avril &agrave; 11h11<\/th><\/tr><tr><th>1241<\/th><th>20 avril &agrave; 06h12<\/th><th>27 avril &agrave; 23h19<\/th><th>05 mai &agrave; 19h34<\/th><th>12 mai &agrave; 16h28<\/th><\/tr><tr><th>1242<\/th><th>19 mai &agrave; 17h53<\/th><th>27 mai &agrave; 17h22<\/th><th>04 juin &agrave; 05h41<\/th><th>10 juin &agrave; 21h31<\/th><\/tr><tr><th>1243<\/th><th>18 juin &agrave; 06h37<\/th><th>26 juin &agrave; 09h49<\/th><th>03 juillet &agrave; 13h38<\/th><th>10 juillet &agrave; 03h47<\/th><\/tr><tr><th>1244<\/th><th>17 juillet &agrave; 20h31<\/th><th>26 juillet &agrave; 00h06<\/th><th>01 ao&ucirc;t &agrave; 20h31<\/th><th>08 ao&ucirc;t &agrave; 12h28<\/th><\/tr><tr><th>1245<\/th><th>16 ao&ucirc;t &agrave; 11h38<\/th><th>24 ao&ucirc;t &agrave; 11h57<\/th><th>31 ao&ucirc;t &agrave; 03h35<\/th><th>07 septembre &agrave; 00h21<\/th><\/tr><tr><th>1246<\/th><th>15 septembre &agrave; 03h39<\/th><th>22 septembre &agrave; 21h31<\/th><th>29 septembre &agrave; 11h57<\/th><th>06 octobre &agrave; 15h47<\/th><\/tr><tr><th>1247<\/th><th>14 octobre &agrave; 19h55<\/th><th>22 octobre &agrave; 05h29<\/th><th>28 octobre &agrave; 22h23<\/th><th>05 novembre &agrave; 09h36<\/th><\/tr><tr><th>1248<\/th><th>13 novembre &agrave; 10h27<\/th><th>20 novembre &agrave; 11h49<\/th><th>27 novembre &agrave; 10h16<\/th><th>05 d&eacute;cembre &agrave; 06h49<\/th><\/tr><tr><th>1249<\/th><th>13 d&eacute;cembre &agrave; 00h31<\/th><th>19 d&eacute;cembre &agrave; 19h39<\/th><th>27 d&eacute;cembre &agrave; 01h33<\/th><th>04 janvier 2024 &agrave; 04h30<\/th><\/tr><\/table>","protected":false},"excerpt":{"rendered":"<p>Toutes les heures ont \u00e9t\u00e9 adapt\u00e9es en heure locale belge (UTC + 1 h en heure d\u2019hiver et UTC + 2 h en heure d\u2019\u00e9t\u00e9). Pour l&rsquo;ann\u00e9e 2023:<\/p>\n","protected":false},"author":2,"featured_media":0,"parent":45,"menu_order":0,"comment_status":"closed","ping_status":"closed","template":"","meta":[],"_links":{"self":[{"href":"https:\/\/robinfo.oma.be\/fr\/wp-json\/wp\/v2\/pages\/829"}],"collection":[{"href":"https:\/\/robinfo.oma.be\/fr\/wp-json\/wp\/v2\/pages"}],"about":[{"href":"https:\/\/robinfo.oma.be\/fr\/wp-json\/wp\/v2\/types\/page"}],"author":[{"embeddable":true,"href":"https:\/\/robinfo.oma.be\/fr\/wp-json\/wp\/v2\/users\/2"}],"replies":[{"embeddable":true,"href":"https:\/\/robinfo.oma.be\/fr\/wp-json\/wp\/v2\/comments?post=829"}],"version-history":[{"count":6,"href":"https:\/\/robinfo.oma.be\/fr\/wp-json\/wp\/v2\/pages\/829\/revisions"}],"predecessor-version":[{"id":4065,"href":"https:\/\/robinfo.oma.be\/fr\/wp-json\/wp\/v2\/pages\/829\/revisions\/4065"}],"up":[{"embeddable":true,"href":"https:\/\/robinfo.oma.be\/fr\/wp-json\/wp\/v2\/pages\/45"}],"wp:attachment":[{"href":"https:\/\/robinfo.oma.be\/fr\/wp-json\/wp\/v2\/media?parent=829"}],"curies":[{"name":"wp","href":"https:\/\/api.w.org\/{rel}","templated":true}]}}