{"id":830,"date":"2019-07-12T13:50:14","date_gmt":"2019-07-12T13:50:14","guid":{"rendered":"http:\/\/robinfo.oma.be\/?page_id=830"},"modified":"2023-05-24T09:44:45","modified_gmt":"2023-05-24T07:44:45","slug":"phases-de-la-lune-2024","status":"publish","type":"page","link":"https:\/\/robinfo.oma.be\/fr\/astro-info\/lune\/phases-de-la-lune-2024\/","title":{"rendered":"Phases de la Lune 2024"},"content":{"rendered":"\n<p>Toutes les heures ont \u00e9t\u00e9 adapt\u00e9es en heure locale belge (UTC + 1 h en heure d\u2019hiver et UTC + 2 h en heure d\u2019\u00e9t\u00e9).<\/p>\n\n\n<p><span style=\"text-decoration: underline; font-size: 22px;\"><strong>Pour l&rsquo;ann\u00e9e 2024:<\/strong><\/span><\/p>\n\n\n<table><tr><th><a href=\"https:\/\/robinfo.oma.be\/fr\/lunaison\/\" target=\"_blank\">Num\u00e9ro de lunaison <\/a><\/th><th>Nouvelle lune<\/th><th>Premier quartier<\/th><th>Pleine lune<\/th><th>Dernier quartier<\/th><\/tr><tr><th>1249<\/th><th>13 d&eacute;cembre 2023 &agrave; 00h31<\/th><th>19 d&eacute;cembre 2023 &agrave; 19h39<\/th><th>27 d&eacute;cembre 2023 &agrave; 01h33<\/th><th>04 janvier &agrave; 04h30<\/th><\/tr><tr><th>1250<\/th><th>11 janvier &agrave; 12h57<\/th><th>18 janvier &agrave; 04h52<\/th><th>25 janvier &agrave; 18h53<\/th><th>03 f&eacute;vrier &agrave; 00h17<\/th><\/tr><tr><th>1251<\/th><th>09 f&eacute;vrier &agrave; 23h59<\/th><th>16 f&eacute;vrier &agrave; 16h00<\/th><th>24 f&eacute;vrier &agrave; 13h30<\/th><th>03 mars &agrave; 16h23<\/th><\/tr><tr><th>1252<\/th><th>10 mars &agrave; 10h00<\/th><th>17 mars &agrave; 05h10<\/th><th>25 mars &agrave; 08h00<\/th><th>02 avril &agrave; 05h14<\/th><\/tr><tr><th>1253<\/th><th>08 avril &agrave; 20h20<\/th><th>15 avril &agrave; 21h13<\/th><th>24 avril &agrave; 01h48<\/th><th>01 mai &agrave; 13h27<\/th><\/tr><tr><th>1254<\/th><th>08 mai &agrave; 05h21<\/th><th>15 mai &agrave; 13h47<\/th><th>23 mai &agrave; 15h53<\/th><th>30 mai &agrave; 19h12<\/th><\/tr><tr><th>1255<\/th><th>06 juin &agrave; 14h37<\/th><th>14 juin &agrave; 07h18<\/th><th>22 juin &agrave; 03h07<\/th><th>28 juin &agrave; 23h53<\/th><\/tr><tr><th>1256<\/th><th>06 juillet &agrave; 00h57<\/th><th>14 juillet &agrave; 00h48<\/th><th>21 juillet &agrave; 12h17<\/th><th>28 juillet &agrave; 04h51<\/th><\/tr><tr><th>1257<\/th><th>04 ao&ucirc;t &agrave; 13h13<\/th><th>12 ao&ucirc;t &agrave; 17h18<\/th><th>19 ao&ucirc;t &agrave; 20h25<\/th><th>26 ao&ucirc;t &agrave; 11h25<\/th><\/tr><tr><th>1258<\/th><th>03 septembre &agrave; 03h55<\/th><th>11 septembre &agrave; 08h05<\/th><th>18 septembre &agrave; 04h34<\/th><th>24 septembre &agrave; 20h49<\/th><\/tr><tr><th>1259<\/th><th>02 octobre &agrave; 20h49<\/th><th>10 octobre &agrave; 20h55<\/th><th>17 octobre &agrave; 13h26<\/th><th>24 octobre &agrave; 10h03<\/th><\/tr><tr><th>1260<\/th><th>01 novembre &agrave; 13h47<\/th><th>09 novembre &agrave; 06h55<\/th><th>15 novembre &agrave; 22h28<\/th><th>23 novembre &agrave; 02h27<\/th><\/tr><tr><th>1261<\/th><th>01 d&eacute;cembre &agrave; 07h21<\/th><th>08 d&eacute;cembre &agrave; 16h26<\/th><th>15 d&eacute;cembre &agrave; 10h01<\/th><th>22 d&eacute;cembre &agrave; 23h18<\/th><\/tr><tr><th>1262<\/th><th>30 d&eacute;cembre &agrave; 23h26<\/th><th>07 janvier 2025 &agrave; 00h56<\/th><th>13 janvier 2025 &agrave; 23h26<\/th><th>21 janvier 2025 &agrave; 21h30<\/th><\/tr><\/table>","protected":false},"excerpt":{"rendered":"<p>Toutes les heures ont \u00e9t\u00e9 adapt\u00e9es en heure locale belge (UTC + 1 h en heure d\u2019hiver et UTC + 2 h en heure d\u2019\u00e9t\u00e9). Pour l&rsquo;ann\u00e9e 2024:<\/p>\n","protected":false},"author":2,"featured_media":0,"parent":45,"menu_order":0,"comment_status":"closed","ping_status":"closed","template":"","meta":[],"_links":{"self":[{"href":"https:\/\/robinfo.oma.be\/fr\/wp-json\/wp\/v2\/pages\/830"}],"collection":[{"href":"https:\/\/robinfo.oma.be\/fr\/wp-json\/wp\/v2\/pages"}],"about":[{"href":"https:\/\/robinfo.oma.be\/fr\/wp-json\/wp\/v2\/types\/page"}],"author":[{"embeddable":true,"href":"https:\/\/robinfo.oma.be\/fr\/wp-json\/wp\/v2\/users\/2"}],"replies":[{"embeddable":true,"href":"https:\/\/robinfo.oma.be\/fr\/wp-json\/wp\/v2\/comments?post=830"}],"version-history":[{"count":6,"href":"https:\/\/robinfo.oma.be\/fr\/wp-json\/wp\/v2\/pages\/830\/revisions"}],"predecessor-version":[{"id":4063,"href":"https:\/\/robinfo.oma.be\/fr\/wp-json\/wp\/v2\/pages\/830\/revisions\/4063"}],"up":[{"embeddable":true,"href":"https:\/\/robinfo.oma.be\/fr\/wp-json\/wp\/v2\/pages\/45"}],"wp:attachment":[{"href":"https:\/\/robinfo.oma.be\/fr\/wp-json\/wp\/v2\/media?parent=830"}],"curies":[{"name":"wp","href":"https:\/\/api.w.org\/{rel}","templated":true}]}}