{"id":831,"date":"2019-07-12T13:50:30","date_gmt":"2019-07-12T13:50:30","guid":{"rendered":"http:\/\/robinfo.oma.be\/?page_id=831"},"modified":"2023-05-24T10:37:52","modified_gmt":"2023-05-24T08:37:52","slug":"phases-de-la-lune-2025","status":"publish","type":"page","link":"https:\/\/robinfo.oma.be\/fr\/astro-info\/lune\/phases-de-la-lune-2025\/","title":{"rendered":"Phases de la Lune 2025"},"content":{"rendered":"\n<p>Toutes les heures ont \u00e9t\u00e9 adapt\u00e9es en heure locale belge (UTC + 1 h en heure d\u2019hiver et UTC + 2 h en heure d\u2019\u00e9t\u00e9).<\/p>\n\n\n<p><span style=\"text-decoration: underline;\"><span style=\"font-size: 22px;\"><strong>Pour l&rsquo;ann\u00e9e 2025:<\/strong><\/span><\/span><\/p>\n\n\n<table><tr><th><a href=\"https:\/\/robinfo.oma.be\/fr\/lunaison\/\" target=\"_blank\">Num\u00e9ro de lunaison <\/a><\/th><th>Nouvelle lune<\/th><th>Premier quartier<\/th><th>Pleine lune<\/th><th>Dernier quartier<\/th><\/tr><tr><th>1262<\/th><th>30 d&eacute;cembre 2024 &agrave; 23h26<\/th><th>07 janvier &agrave; 00h56<\/th><th>13 janvier &agrave; 23h26<\/th><th>21 janvier &agrave; 21h30<\/th><\/tr><tr><th>1263<\/th><th>29 janvier &agrave; 13h35<\/th><th>05 f&eacute;vrier &agrave; 09h02<\/th><th>12 f&eacute;vrier &agrave; 14h53<\/th><th>20 f&eacute;vrier &agrave; 18h32<\/th><\/tr><tr><th>1264<\/th><th>28 f&eacute;vrier &agrave; 01h44<\/th><th>06 mars &agrave; 17h31<\/th><th>14 mars &agrave; 07h54<\/th><th>22 mars &agrave; 12h29<\/th><\/tr><tr><th>1265<\/th><th>29 mars &agrave; 11h57<\/th><th>05 avril &agrave; 04h14<\/th><th>13 avril &agrave; 02h22<\/th><th>21 avril &agrave; 03h35<\/th><\/tr><tr><th>1266<\/th><th>27 avril &agrave; 21h31<\/th><th>04 mai &agrave; 15h51<\/th><th>12 mai &agrave; 18h55<\/th><th>20 mai &agrave; 13h58<\/th><\/tr><tr><th>1267<\/th><th>27 mai &agrave; 05h02<\/th><th>03 juin &agrave; 05h40<\/th><th>11 juin &agrave; 09h43<\/th><th>18 juin &agrave; 21h19<\/th><\/tr><tr><th>1268<\/th><th>25 juin &agrave; 12h31<\/th><th>02 juillet &agrave; 21h30<\/th><th>10 juillet &agrave; 22h36<\/th><th>18 juillet &agrave; 02h37<\/th><\/tr><tr><th>1269<\/th><th>24 juillet &agrave; 21h11<\/th><th>01 ao&ucirc;t &agrave; 14h41<\/th><th>09 ao&ucirc;t &agrave; 09h55<\/th><th>16 ao&ucirc;t &agrave; 07h12<\/th><\/tr><tr><th>1270<\/th><th>23 ao&ucirc;t &agrave; 08h06<\/th><th>31 ao&ucirc;t &agrave; 08h25<\/th><th>07 septembre &agrave; 20h08<\/th><th>14 septembre &agrave; 12h32<\/th><\/tr><tr><th>1271<\/th><th>21 septembre &agrave; 21h54<\/th><th>30 septembre &agrave; 01h53<\/th><th>07 octobre &agrave; 05h47<\/th><th>13 octobre &agrave; 20h12<\/th><\/tr><tr><th>1272<\/th><th>21 octobre &agrave; 14h25<\/th><th>29 octobre &agrave; 17h20<\/th><th>05 novembre &agrave; 14h19<\/th><th>12 novembre &agrave; 06h28<\/th><\/tr><tr><th>1273<\/th><th>20 novembre &agrave; 07h47<\/th><th>28 novembre &agrave; 07h58<\/th><th>05 d&eacute;cembre &agrave; 00h14<\/th><th>11 d&eacute;cembre &agrave; 21h51<\/th><\/tr><tr><th>1274<\/th><th>20 d&eacute;cembre &agrave; 02h43<\/th><th>27 d&eacute;cembre &agrave; 20h09<\/th><th>03 janvier 2026 &agrave; 11h02<\/th><th>10 janvier 2026 &agrave; 16h48<\/th><\/tr><\/table>","protected":false},"excerpt":{"rendered":"<p>Toutes les heures ont \u00e9t\u00e9 adapt\u00e9es en heure locale belge (UTC + 1 h en heure d\u2019hiver et UTC + 2 h en heure d\u2019\u00e9t\u00e9). Pour l&rsquo;ann\u00e9e 2025:<\/p>\n","protected":false},"author":2,"featured_media":0,"parent":45,"menu_order":0,"comment_status":"closed","ping_status":"closed","template":"","meta":[],"_links":{"self":[{"href":"https:\/\/robinfo.oma.be\/fr\/wp-json\/wp\/v2\/pages\/831"}],"collection":[{"href":"https:\/\/robinfo.oma.be\/fr\/wp-json\/wp\/v2\/pages"}],"about":[{"href":"https:\/\/robinfo.oma.be\/fr\/wp-json\/wp\/v2\/types\/page"}],"author":[{"embeddable":true,"href":"https:\/\/robinfo.oma.be\/fr\/wp-json\/wp\/v2\/users\/2"}],"replies":[{"embeddable":true,"href":"https:\/\/robinfo.oma.be\/fr\/wp-json\/wp\/v2\/comments?post=831"}],"version-history":[{"count":8,"href":"https:\/\/robinfo.oma.be\/fr\/wp-json\/wp\/v2\/pages\/831\/revisions"}],"predecessor-version":[{"id":4067,"href":"https:\/\/robinfo.oma.be\/fr\/wp-json\/wp\/v2\/pages\/831\/revisions\/4067"}],"up":[{"embeddable":true,"href":"https:\/\/robinfo.oma.be\/fr\/wp-json\/wp\/v2\/pages\/45"}],"wp:attachment":[{"href":"https:\/\/robinfo.oma.be\/fr\/wp-json\/wp\/v2\/media?parent=831"}],"curies":[{"name":"wp","href":"https:\/\/api.w.org\/{rel}","templated":true}]}}