{"id":855,"date":"2019-07-15T13:24:56","date_gmt":"2019-07-15T13:24:56","guid":{"rendered":"http:\/\/robinfo.oma.be\/?page_id=855"},"modified":"2020-01-07T11:30:28","modified_gmt":"2020-01-07T11:30:28","slug":"changement-dheure-2019","status":"publish","type":"page","link":"https:\/\/robinfo.oma.be\/fr\/astro-info\/heure\/changement-dheure-2019\/","title":{"rendered":"Changement d&rsquo;heure en 2019"},"content":{"rendered":"<p><span style=\"font-size: small;\"><span style=\"font-size: xx-small;\"><span style=\"font-size: 16px;\">Changement par :<\/span><br \/>\n<span style=\"font-size: 16px;\">L&rsquo;arr\u00eat\u00e9 royal du 19 d\u00e9cembre 2001, paru dans le moniteur belge du 28 d\u00e9cembre 2001.<\/span><br \/>\n<span style=\"font-size: 16px;\">Cet AR suit la directive 2000\/84\/EG du Parlement europ\u00e9en et du Conseil de 19 janvier 2001. <\/span><\/p>\n<p><span style=\"font-size: 22px;\"> Le dimanche <strong>31<\/strong><b> mars 2019<\/b> on passe de l&rsquo;heure d&rsquo;hiver vers l&rsquo;heure d&rsquo;\u00e9t\u00e9. <\/span><br \/>\n<span style=\"font-size: 22px;\">A 2h du matin nous avan\u00e7ons l&rsquo;horloge d&rsquo;une heure (3h). <\/span><\/p>\n<p><span style=\"font-size: 22px;\">Le dimanche <b>27 octobre 2019<\/b> on passe de l&rsquo;heure d&rsquo;\u00e9t\u00e9 vers l&rsquo;heure d&rsquo;hiver.<\/span><br \/>\n<span style=\"font-size: 22px;\">A 3h du matin nous reculons l&rsquo;horloge d&rsquo;une heure (2h).<\/span> <\/span><\/span><\/p>\n","protected":false},"excerpt":{"rendered":"<p>Changement par : L&rsquo;arr\u00eat\u00e9 royal du 19 d\u00e9cembre 2001, paru dans le moniteur belge du 28 d\u00e9cembre 2001. Cet AR suit la directive 2000\/84\/EG du Parlement europ\u00e9en et du Conseil de 19 janvier 2001. Le dimanche 31 mars 2019 on passe de l&rsquo;heure d&rsquo;hiver vers l&rsquo;heure d&rsquo;\u00e9t\u00e9. A 2h du matin nous avan\u00e7ons l&rsquo;horloge d&rsquo;une [&hellip;]<\/p>\n","protected":false},"author":2,"featured_media":0,"parent":59,"menu_order":0,"comment_status":"closed","ping_status":"closed","template":"","meta":[],"_links":{"self":[{"href":"https:\/\/robinfo.oma.be\/fr\/wp-json\/wp\/v2\/pages\/855"}],"collection":[{"href":"https:\/\/robinfo.oma.be\/fr\/wp-json\/wp\/v2\/pages"}],"about":[{"href":"https:\/\/robinfo.oma.be\/fr\/wp-json\/wp\/v2\/types\/page"}],"author":[{"embeddable":true,"href":"https:\/\/robinfo.oma.be\/fr\/wp-json\/wp\/v2\/users\/2"}],"replies":[{"embeddable":true,"href":"https:\/\/robinfo.oma.be\/fr\/wp-json\/wp\/v2\/comments?post=855"}],"version-history":[{"count":3,"href":"https:\/\/robinfo.oma.be\/fr\/wp-json\/wp\/v2\/pages\/855\/revisions"}],"predecessor-version":[{"id":2348,"href":"https:\/\/robinfo.oma.be\/fr\/wp-json\/wp\/v2\/pages\/855\/revisions\/2348"}],"up":[{"embeddable":true,"href":"https:\/\/robinfo.oma.be\/fr\/wp-json\/wp\/v2\/pages\/59"}],"wp:attachment":[{"href":"https:\/\/robinfo.oma.be\/fr\/wp-json\/wp\/v2\/media?parent=855"}],"curies":[{"name":"wp","href":"https:\/\/api.w.org\/{rel}","templated":true}]}}