{"id":871,"date":"2019-07-15T13:46:22","date_gmt":"2019-07-15T13:46:22","guid":{"rendered":"http:\/\/robinfo.oma.be\/?page_id=871"},"modified":"2020-01-07T11:49:30","modified_gmt":"2020-01-07T11:49:30","slug":"variation-de-la-duree-du-jour-2021","status":"publish","type":"page","link":"https:\/\/robinfo.oma.be\/fr\/astro-info\/soleil\/variation-de-la-duree-du-jour-2021\/","title":{"rendered":"Variation de la dur\u00e9e du jour en 2021"},"content":{"rendered":"<p>Toutes les heures ont \u00e9t\u00e9 adapt\u00e9es en heure locale belge (UTC + 1 h en heure d\u2019hiver et UTC + 2 h en heure d\u2019\u00e9t\u00e9). <\/p>\n<h3>Les jours s&rsquo;allongent<\/h3>\n<ul>\n<li>en janvier de 1 h 4 min<\/li>\n<li>en f\u00e9vrier de 1 h 35 min<\/li>\n<li>en mars de 2 h<\/li>\n<li>en avril de 1 h 59 min<\/li>\n<li>en mai de 1 h 40 min<\/li>\n<li>en juin (1-21) de 25 min<\/li>\n<\/ul>\n<h3>Les jours raccourcissent<\/h3>\n<ul>\n<li>en juin (21-30) de 5 min<\/li>\n<li>en juillet de 1 h 17 min<\/li>\n<li>en ao\u00fbt de 1 h 58 min<\/li>\n<li>en septembre de 1 h 57 min<\/li>\n<li>en octobre de 1 h 51 min<\/li>\n<li>en novembre de 1h 20 min<\/li>\n<li>en d\u00e9cembre (1-21) de 20 min<\/li>\n<\/ul>\n<h3>Les jours s&rsquo;allongent \u00e0 nouveau<\/h3>\n<ul>\n<li>en d\u00e9cembre (21-31) de 4 min<\/li>\n<\/ul>\n","protected":false},"excerpt":{"rendered":"<p>Toutes les heures ont \u00e9t\u00e9 adapt\u00e9es en heure locale belge (UTC + 1 h en heure d\u2019hiver et UTC + 2 h en heure d\u2019\u00e9t\u00e9). Les jours s&rsquo;allongent en janvier de 1 h 4 min en f\u00e9vrier de 1 h 35 min en mars de 2 h en avril de 1 h 59 min en [&hellip;]<\/p>\n","protected":false},"author":1,"featured_media":0,"parent":37,"menu_order":0,"comment_status":"closed","ping_status":"closed","template":"","meta":[],"_links":{"self":[{"href":"https:\/\/robinfo.oma.be\/fr\/wp-json\/wp\/v2\/pages\/871"}],"collection":[{"href":"https:\/\/robinfo.oma.be\/fr\/wp-json\/wp\/v2\/pages"}],"about":[{"href":"https:\/\/robinfo.oma.be\/fr\/wp-json\/wp\/v2\/types\/page"}],"author":[{"embeddable":true,"href":"https:\/\/robinfo.oma.be\/fr\/wp-json\/wp\/v2\/users\/1"}],"replies":[{"embeddable":true,"href":"https:\/\/robinfo.oma.be\/fr\/wp-json\/wp\/v2\/comments?post=871"}],"version-history":[{"count":6,"href":"https:\/\/robinfo.oma.be\/fr\/wp-json\/wp\/v2\/pages\/871\/revisions"}],"predecessor-version":[{"id":2279,"href":"https:\/\/robinfo.oma.be\/fr\/wp-json\/wp\/v2\/pages\/871\/revisions\/2279"}],"up":[{"embeddable":true,"href":"https:\/\/robinfo.oma.be\/fr\/wp-json\/wp\/v2\/pages\/37"}],"wp:attachment":[{"href":"https:\/\/robinfo.oma.be\/fr\/wp-json\/wp\/v2\/media?parent=871"}],"curies":[{"name":"wp","href":"https:\/\/api.w.org\/{rel}","templated":true}]}}