{"id":873,"date":"2019-07-15T13:46:17","date_gmt":"2019-07-15T13:46:17","guid":{"rendered":"http:\/\/robinfo.oma.be\/?page_id=873"},"modified":"2020-01-07T11:52:06","modified_gmt":"2020-01-07T11:52:06","slug":"variation-de-la-duree-du-jour-2023","status":"publish","type":"page","link":"https:\/\/robinfo.oma.be\/fr\/astro-info\/soleil\/variation-de-la-duree-du-jour-2023\/","title":{"rendered":"Variation de la dur\u00e9e du jour en 2023"},"content":{"rendered":"<p>Toutes les heures ont \u00e9t\u00e9 adapt\u00e9es en heure locale belge (UTC + 1 h en heure d\u2019hiver et UTC + 2 h en heure d\u2019\u00e9t\u00e9). <\/p>\n<h3>Les jours s&rsquo;allongent<\/h3>\n<ul>\n<li>en janvier de 1 h 3 min<\/li>\n<li>en f\u00e9vrier de 1 h 35 min<\/li>\n<li>en mars de 2 h<\/li>\n<li>en avril de 1 h 59 min<\/li>\n<li>en mai de 1 h 41 min<\/li>\n<li>en juin (1-21) de 26 min<\/li>\n<\/ul>\n<h3>Les jours raccourcissent<\/h3>\n<ul>\n<li>en juin (21-30) de 5 min<\/li>\n<li>en juillet de 1 h 16 min<\/li>\n<li>en ao\u00fbt de 1 h 57 min<\/li>\n<li>en septembre de 1 h 57 min<\/li>\n<li>en octobre de 1h 52 min<\/li>\n<li>en novembre de 1 h 20 min<\/li>\n<li>en d\u00e9cembre (1-22) de 21 min<\/li>\n<\/ul>\n<h3>Les jours s&rsquo;allongent \u00e0 nouveau<\/h3>\n<ul>\n<li>en d\u00e9cembre (22-31) de 4 min<\/li>\n<\/ul>\n","protected":false},"excerpt":{"rendered":"<p>Toutes les heures ont \u00e9t\u00e9 adapt\u00e9es en heure locale belge (UTC + 1 h en heure d\u2019hiver et UTC + 2 h en heure d\u2019\u00e9t\u00e9). Les jours s&rsquo;allongent en janvier de 1 h 3 min en f\u00e9vrier de 1 h 35 min en mars de 2 h en avril de 1 h 59 min en [&hellip;]<\/p>\n","protected":false},"author":2,"featured_media":0,"parent":37,"menu_order":0,"comment_status":"closed","ping_status":"closed","template":"","meta":[],"_links":{"self":[{"href":"https:\/\/robinfo.oma.be\/fr\/wp-json\/wp\/v2\/pages\/873"}],"collection":[{"href":"https:\/\/robinfo.oma.be\/fr\/wp-json\/wp\/v2\/pages"}],"about":[{"href":"https:\/\/robinfo.oma.be\/fr\/wp-json\/wp\/v2\/types\/page"}],"author":[{"embeddable":true,"href":"https:\/\/robinfo.oma.be\/fr\/wp-json\/wp\/v2\/users\/2"}],"replies":[{"embeddable":true,"href":"https:\/\/robinfo.oma.be\/fr\/wp-json\/wp\/v2\/comments?post=873"}],"version-history":[{"count":7,"href":"https:\/\/robinfo.oma.be\/fr\/wp-json\/wp\/v2\/pages\/873\/revisions"}],"predecessor-version":[{"id":2281,"href":"https:\/\/robinfo.oma.be\/fr\/wp-json\/wp\/v2\/pages\/873\/revisions\/2281"}],"up":[{"embeddable":true,"href":"https:\/\/robinfo.oma.be\/fr\/wp-json\/wp\/v2\/pages\/37"}],"wp:attachment":[{"href":"https:\/\/robinfo.oma.be\/fr\/wp-json\/wp\/v2\/media?parent=873"}],"curies":[{"name":"wp","href":"https:\/\/api.w.org\/{rel}","templated":true}]}}