{"id":918,"date":"2019-07-16T13:49:20","date_gmt":"2019-07-16T13:49:20","guid":{"rendered":"http:\/\/robinfo.oma.be\/?page_id=918"},"modified":"2020-07-07T11:54:33","modified_gmt":"2020-07-07T11:54:33","slug":"eclipses-2020","status":"publish","type":"page","link":"https:\/\/robinfo.oma.be\/fr\/astro-info\/eclipses\/eclipses-2020\/","title":{"rendered":"\u00c9clipses 2020"},"content":{"rendered":"\r\n<h3>Il y aura en 2020 six \u00e9clipses : deux de Soleil et quatre de Lune<\/h3>\r\n\r\n\r\n\r\n\r\n\r\n<figure class=\"wp-block-table\">\r\n<table>\r\n<tbody>\r\n<tr>\r\n<td><strong>Date<\/strong><\/td>\r\n<td><strong>Type<\/strong><\/td>\r\n<td><strong>Visibilit\u00e9<\/strong><\/td>\r\n<\/tr>\r\n<tr>\r\n<td>10 janvier 2020<\/td>\r\n<td>\u00c9clipse de Lune par la p\u00e9nombre<\/td>\r\n<td>Visible en Belgique<\/td>\r\n<\/tr>\r\n<tr>\r\n<td>5 juin 2020<\/td>\r\n<td>\u00c9clipse de Lune par la p\u00e9nombre<\/td>\r\n<td>En partie visible en Belgique<\/td>\r\n<\/tr>\r\n<tr>\r\n<td>21 juin 2020<\/td>\r\n<td>\u00c9clipse annulaire de Soleil<\/td>\r\n<td>Invisible en Belgique<\/td>\r\n<\/tr>\r\n<tr>\r\n<td>5 juillet 2020<\/td>\r\n<td>\u00c9clipse de Lune par la p\u00e9nombre<\/td>\r\n<td>En partie visible en Belgique<\/td>\r\n<\/tr>\r\n<tr>\r\n<td>30 novembre 2020<\/td>\r\n<td>\u00c9clipse de Lune par la p\u00e9nombre<\/td>\r\n<td>Invisible en Belgique<\/td>\r\n<\/tr>\r\n<tr>\r\n<td>14 d\u00e9cembre 2020<\/td>\r\n<td>\u00c9clipse totale de Soleil<\/td>\r\n<td>Invisible en Belgique<\/td>\r\n<\/tr>\r\n<\/tbody>\r\n<\/table>\r\n<\/figure>\r\n\r\n\r\n\r\n\r\n\r\n<h3>I &#8211; 10 janvier 2020 &#8211; \u00c9clipse de Lune par la p\u00e9nombre, visible en Belgique<\/h3>\r\n\r\n\r\n\r\n\r\n\r\n<figure class=\"wp-block-table\">\r\n<table>\r\n<tbody>\r\n<tr>\r\n<td><strong>Phase<\/strong><\/td>\r\n<td><strong>Temps universel<\/strong><\/td>\r\n<td><strong>Longitude<\/strong><\/td>\r\n<td><strong>Latitude<\/strong><\/td>\r\n<td><strong>Angle de position<\/strong><\/td>\r\n<td><strong>Hauteur \u00e0 Uccle<\/strong><\/td>\r\n<\/tr>\r\n<tr>\r\n<td>Entr\u00e9e de la Lune dans la p\u00e9nombre<\/td>\r\n<td>17h05,7<\/td>\r\n<td>104 15 E<\/td>\r\n<td>23 04 N<\/td>\r\n<td>136 E<\/td>\r\n<td>+11<\/td>\r\n<\/tr>\r\n<tr>\r\n<td>Maximum de l&rsquo;\u00e9clipse<\/td>\r\n<td>19h10,1<\/td>\r\n<td>074 23 E<\/td>\r\n<td>23 00 N<\/td>\r\n<td>183 E<\/td>\r\n<td>+29<\/td>\r\n<\/tr>\r\n<tr>\r\n<td>Sortie de la Lune de la p\u00e9nombre<\/td>\r\n<td>21h14,4<\/td>\r\n<td>044 33 E<\/td>\r\n<td>22 56 N<\/td>\r\n<td>230 E<\/td>\r\n<td>+48<\/td>\r\n<\/tr>\r\n<\/tbody>\r\n<\/table>\r\n<\/figure>\r\n\r\n\r\n\r\n\r\n\r\n<p>La longitude et la latitude se rapportent au point de la Terre o\u00f9 la Lune se trouve \u00e0 cet instant au z\u00e9nith. L&rsquo;angle de position est d\u00e9fini \u00e0 partir de la ligne imaginaire qui relie le centre du disque lunaire au centre de l&rsquo;ombre de la Terre. Il est mesur\u00e9 au centre du disque lunaire, \u00e0 partir du Nord, dans le sens inverse du mouvement des aiguilles d&rsquo;une montre. Au d\u00e9but et \u00e0 la fin des phases de p\u00e9nombre et d&rsquo;ombre, c&rsquo;est l&rsquo;angle de position du point de contact. La hauteur et les instants de lever et coucher de la Lune sont calcul\u00e9s pour son centre, sans tenir compte de la r\u00e9fraction.<\/p>\r\n\r\n\r\n\r\n<p>Grandeur de l&rsquo;\u00e9clipse: 0,921, le diam\u00e8tre du disque lunaire \u00e9tant pris pour unit\u00e9.<\/p>\r\n\r\n\r\n\r\n<p>La carte ci-jointe montre la r\u00e9gion o\u00f9 l&rsquo;\u00e9clipse est observable. L&rsquo;explication des codes utilis\u00e9s se trouve en bas de page.<\/p>\r\n\r\n\r\n\r\n<figure class=\"wp-block-image\"><img loading=\"lazy\" width=\"625\" height=\"454\" class=\"wp-image-1110\" src=\"https:\/\/robinfo.oma.be\/wp-content\/uploads\/2019\/07\/EC20200110-1.jpg\" alt=\"\" \/><\/figure>\r\n\r\n\r\n\r\n<h3>II &#8211; 5 juin 2020 &#8211; \u00c9clipse de Lune par la p\u00e9nombre, en partie visible en Belgique<\/h3>\r\n\r\n\r\n\r\n\r\n\r\n<figure class=\"wp-block-table\">\r\n<table>\r\n<tbody>\r\n<tr>\r\n<td><strong>Phase<\/strong><\/td>\r\n<td><strong>Temps universel<\/strong><\/td>\r\n<td><strong>Longitude<\/strong><\/td>\r\n<td><strong>Latitude<\/strong><\/td>\r\n<td><strong>Angle de position<\/strong><\/td>\r\n<td><strong>Hauteur \u00e0 Uccle<\/strong><\/td>\r\n<\/tr>\r\n<tr>\r\n<td>Entr\u00e9e de la Lune dans la p\u00e9nombre<\/td>\r\n<td>17h43,4<\/td>\r\n<td>093 05 E<\/td>\r\n<td>21 15 S<\/td>\r\n<td>154 E<\/td>\r\n<td>&#8211;<\/td>\r\n<\/tr>\r\n<tr>\r\n<td>Maximum de l&rsquo;\u00e9clipse<\/td>\r\n<td>19h24,9<\/td>\r\n<td>068 42 E<\/td>\r\n<td>21 27 S<\/td>\r\n<td>192 E<\/td>\r\n<td>&#8211;<\/td>\r\n<\/tr>\r\n<tr>\r\n<td>Lever de la Lune \u00e0 Uccle<\/td>\r\n<td>19h46,3<\/td>\r\n<td>063 33 E<\/td>\r\n<td>21 30 S<\/td>\r\n<td>201 E<\/td>\r\n<td>0<\/td>\r\n<\/tr>\r\n<tr>\r\n<td>Sortie de la Lune de la p\u00e9nombre<\/td>\r\n<td>21h06,5<\/td>\r\n<td>044 18 E<\/td>\r\n<td>21 39 S<\/td>\r\n<td>229 E<\/td>\r\n<td>+08<\/td>\r\n<\/tr>\r\n<\/tbody>\r\n<\/table>\r\n<\/figure>\r\n\r\n\r\n\r\n\r\n\r\n<p>La longitude et la latitude se rapportent au point de la Terre o\u00f9 la Lune se trouve \u00e0 cet instant au z\u00e9nith. L&rsquo;angle de position est d\u00e9fini \u00e0 partir de la ligne imaginaire qui relie le centre du disque lunaire au centre de l&rsquo;ombre de la Terre. Il est mesur\u00e9 au centre du disque lunaire, \u00e0 partir du Nord, dans le sens inverse du mouvement des aiguilles d&rsquo;une montre. Au d\u00e9but et \u00e0 la fin des phases de p\u00e9nombre et d&rsquo;ombre, c&rsquo;est l&rsquo;angle de position du point de contact. La hauteur et les instants de lever et coucher de la Lune sont calcul\u00e9s pour son centre, sans tenir compte de la r\u00e9fraction.<\/p>\r\n\r\n\r\n\r\n<p>Grandeur de l&rsquo;\u00e9clipse: 0,593, le diam\u00e8tre du disque lunaire \u00e9tant pris pour unit\u00e9.<\/p>\r\n\r\n\r\n\r\n<p>La carte ci-jointe montre la r\u00e9gion o\u00f9 l&rsquo;\u00e9clipse est observable. L&rsquo;explication des codes utilis\u00e9s se trouve en bas de page.<\/p>\r\n\r\n\r\n\r\n<figure class=\"wp-block-image\"><img loading=\"lazy\" width=\"625\" height=\"454\" class=\"wp-image-1113\" src=\"https:\/\/robinfo.oma.be\/wp-content\/uploads\/2019\/07\/EC20200605-1.jpg\" alt=\"\" \/><\/figure>\r\n\r\n\r\n\r\n<h3>III &#8211; 21 juin 2020 &#8211; \u00c9clipse annulaire de Soleil, invisible en Belgique<\/h3>\r\n\r\n\r\n\r\n\r\n\r\n\r\n\r\n<figure class=\"wp-block-table\">\r\n<table>\r\n<tbody>\r\n<tr>\r\n<td><strong>Phase<\/strong><\/td>\r\n<td><strong>Temps universel<\/strong><\/td>\r\n<td><strong>Longitude<\/strong><\/td>\r\n<td><strong>Latitude<\/strong><\/td>\r\n<\/tr>\r\n<tr>\r\n<td>Commencement de l&rsquo;\u00e9clipse<\/td>\r\n<td>03h46,0<\/td>\r\n<td>034 10 E<\/td>\r\n<td>01 08 S<\/td>\r\n<\/tr>\r\n<tr>\r\n<td>Commencement de l&rsquo;\u00e9clipse annulaire<\/td>\r\n<td>04 47,7<\/td>\r\n<td>017 45 E<\/td>\r\n<td>01 07 N<\/td>\r\n<\/tr>\r\n<tr>\r\n<td>Commencement de l&rsquo;\u00e9clipse centrale<\/td>\r\n<td>04h48,4<\/td>\r\n<td>017 48 E<\/td>\r\n<td>01 16 N<\/td>\r\n<\/tr>\r\n<tr>\r\n<td>Eclipse centrale au midi apparent local<\/td>\r\n<td>06h41,4<\/td>\r\n<td>080 07 E<\/td>\r\n<td>30 35 N<\/td>\r\n<\/tr>\r\n<tr>\r\n<td>Maximum de l&rsquo;\u00e9clipse<\/td>\r\n<td>06h45,4<\/td>\r\n<td>081 28 E<\/td>\r\n<td>30 46 N<\/td>\r\n<\/tr>\r\n<tr>\r\n<td>Fin de l&rsquo;\u00e9clipse centrale<\/td>\r\n<td>08h31,7<\/td>\r\n<td>147 35 E<\/td>\r\n<td>11 28 N<\/td>\r\n<\/tr>\r\n<tr>\r\n<td>Fin de l&rsquo;\u00e9clipse annulaire<\/td>\r\n<td>08h32,3<\/td>\r\n<td>147 39 E<\/td>\r\n<td>11 19 N<\/td>\r\n<\/tr>\r\n<tr>\r\n<td>Fin de l&rsquo;\u00e9clipse<\/td>\r\n<td>09h34,1<\/td>\r\n<td>131 12 E<\/td>\r\n<td>09 03 N<\/td>\r\n<\/tr>\r\n<\/tbody>\r\n<\/table>\r\n<\/figure>\r\n\r\n\r\n\r\n\r\n\r\n<p>Grandeur maximale de l&rsquo;\u00e9clipse:\u00a0 0,995, le diam\u00e8tre du disque solaire \u00e9tant pris pour unit\u00e9.<\/p>\r\n<p>La carte ci-jointe montre la r\u00e9gion o\u00f9 l&rsquo;\u00e9clipse est observable. L&rsquo;explication des codes utilis\u00e9s se trouve en bas de page.<\/p>\r\n\r\n\r\n\r\n<p>La dur\u00e9e de la phase annulaire le long de la ligne de centralit\u00e9 sera maximale au commencement de l&rsquo;\u00e9clipse (1m 20s) et atteindra un minimum de 33s en un point situ\u00e9 par 82\u00b0 de longitude est et 31\u00b0 de latitude nord.<\/p>\r\n\r\n\r\n\r\n<figure class=\"wp-block-image\"><img loading=\"lazy\" width=\"625\" height=\"454\" class=\"wp-image-1116\" src=\"https:\/\/robinfo.oma.be\/wp-content\/uploads\/2019\/07\/EC20200621-2.jpg\" alt=\"\" \/><\/figure>\r\n\r\n\r\n\r\n<h3>IV &#8211; 5 juillet 2020 &#8211; \u00c9clipse de Lune par la p\u00e9nombre, en partie visible en Belgique<\/h3>\r\n\r\n\r\n\r\n\r\n\r\n\r\n\r\n<figure class=\"wp-block-table\">\r\n<table>\r\n<tbody>\r\n<tr>\r\n<td><strong>Phase<\/strong><\/td>\r\n<td><strong>Temps universel<\/strong><\/td>\r\n<td><strong>Longitude<\/strong><\/td>\r\n<td><strong>Latitude<\/strong><\/td>\r\n<td><strong>Angle de position<\/strong><\/td>\r\n<td><strong>Hauteur \u00e0 Uccle<\/strong><\/td>\r\n<\/tr>\r\n<tr>\r\n<td>Entr\u00e9e de la Lune dans la p\u00e9nombre<\/td>\r\n<td>03h04,3<\/td>\r\n<td>045 44 W<\/td>\r\n<td>24 04 S<\/td>\r\n<td>029 E<\/td>\r\n<td>+02<\/td>\r\n<\/tr>\r\n<tr>\r\n<td>Coucher de la Lune \u00e0 Uccle<\/td>\r\n<td>03h23,9<\/td>\r\n<td>050 26 W<\/td>\r\n<td>24 04 S<\/td>\r\n<td>024 E<\/td>\r\n<td>0<\/td>\r\n<\/tr>\r\n<tr>\r\n<td>Maximum de l&rsquo;\u00e9clipse<\/td>\r\n<td>04h29,8<\/td>\r\n<td>066 17 W<\/td>\r\n<td>24 03 S<\/td>\r\n<td>360 E<\/td>\r\n<td>&#8211;<\/td>\r\n<\/tr>\r\n<tr>\r\n<td>Sortie de la Lune de la p\u00e9nombre<\/td>\r\n<td>05h55,5<\/td>\r\n<td>086 53 W<\/td>\r\n<td>24 02 S<\/td>\r\n<td>330 E<\/td>\r\n<td>&#8211;<\/td>\r\n<\/tr>\r\n<\/tbody>\r\n<\/table>\r\n<\/figure>\r\n\r\n\r\n\r\n\r\n\r\n<p>La longitude et la latitude se rapportent au point de la Terre o\u00f9 la Lune se trouve \u00e0 cet instant au z\u00e9nith. L&rsquo;angle de position est d\u00e9fini \u00e0 partir de la ligne imaginaire qui relie le centre du disque lunaire au centre de l&rsquo;ombre de la Terre. Il est mesur\u00e9 au centre du disque lunaire, \u00e0 partir du Nord, dans le sens inverse du mouvement des aiguilles d&rsquo;une montre. Au d\u00e9but et \u00e0 la fin des phases de p\u00e9nombre et d&rsquo;ombre, c&rsquo;est l&rsquo;angle de position du point de contact. La hauteur et les instants de lever et coucher de la Lune sont calcul\u00e9s pour son centre, sans tenir compte de la r\u00e9fraction.<\/p>\r\n\r\n\r\n\r\n<p>Grandeur de l&rsquo;\u00e9clipse: 0,380, le diam\u00e8tre du disque lunaire \u00e9tant pris pour unit\u00e9.<\/p>\r\n\r\n\r\n\r\n<p>La carte ci-jointe montre la r\u00e9gion o\u00f9 l&rsquo;\u00e9clipse est observable. L&rsquo;explication des codes utilis\u00e9s se trouve en bas de page.<\/p>\r\n\r\n\r\n\r\n<figure class=\"wp-block-image\"><img loading=\"lazy\" width=\"625\" height=\"454\" class=\"wp-image-1119\" src=\"https:\/\/robinfo.oma.be\/wp-content\/uploads\/2019\/07\/EC20200705-1.jpg\" alt=\"\" \/><\/figure>\r\n\r\n\r\n\r\n<h3>V. &#8211; 30 novembre 2020 &#8211; \u00c9clipse de Lune par la p\u00e9nombre, invisible en Belgique<\/h3>\r\n\r\n\r\n\r\n\r\n\r\n<figure class=\"wp-block-table\">\r\n<table>\r\n<tbody>\r\n<tr>\r\n<td><strong>Phase<\/strong><\/td>\r\n<td><strong>Temps universel<\/strong><\/td>\r\n<td><strong>Longitude<\/strong><\/td>\r\n<td><strong>Latitude<\/strong><\/td>\r\n<td><strong>Angle de position<\/strong><\/td>\r\n<td><strong>Hauteur \u00e0 Uccle<\/strong><\/td>\r\n<\/tr>\r\n<tr>\r\n<td>Entr\u00e9e de la Lune dans la p\u00e9nombre<\/td>\r\n<td>07h30,0<\/td>\r\n<td>116 05 W<\/td>\r\n<td>20 28 N<\/td>\r\n<td>030 E<\/td>\r\n<td>&#8211;<\/td>\r\n<\/tr>\r\n<tr>\r\n<td>Maximum de l&rsquo;\u00e9clipse<\/td>\r\n<td>09h42,9<\/td>\r\n<td>148 16 W<\/td>\r\n<td>20 45 N<\/td>\r\n<td>345 E<\/td>\r\n<td>&#8211;<\/td>\r\n<\/tr>\r\n<tr>\r\n<td>Sortie de la Lune de la p\u00e9nombre<\/td>\r\n<td>11h55,8<\/td>\r\n<td>179 36 E<\/td>\r\n<td>21 01 N<\/td>\r\n<td>300 E<\/td>\r\n<td>&#8211;<\/td>\r\n<\/tr>\r\n<\/tbody>\r\n<\/table>\r\n<\/figure>\r\n\r\n\r\n\r\n\r\n\r\n<p>La longitude et la latitude se rapportent au point de la Terre o\u00f9 la Lune se trouve \u00e0 cet instant au z\u00e9nith. L&rsquo;angle de position est d\u00e9fini \u00e0 partir de la ligne imaginaire qui relie le centre du disque lunaire au centre de l&rsquo;ombre de la Terre. Il est mesur\u00e9 au centre du disque lunaire, \u00e0 partir du Nord, dans le sens inverse du mouvement des aiguilles d&rsquo;une montre. Au d\u00e9but et \u00e0 la fin des phases de p\u00e9nombre et d&rsquo;ombre, c&rsquo;est l&rsquo;angle de position du point de contact. La hauteur et les instants de lever et coucher de la Lune sont calcul\u00e9s pour son centre, sans tenir compte de la r\u00e9fraction.<\/p>\r\n\r\n\r\n\r\n<p>Grandeur de l&rsquo;\u00e9clipse: 0,854, le diam\u00e8tre du disque lunaire \u00e9tant pris pour unit\u00e9.<\/p>\r\n\r\n\r\n\r\n<p>La carte ci-jointe montre la r\u00e9gion o\u00f9 l&rsquo;\u00e9clipse est observable. L&rsquo;explication des codes utilis\u00e9s se trouve en bas de page.<\/p>\r\n\r\n\r\n\r\n<figure class=\"wp-block-image\"><img loading=\"lazy\" width=\"625\" height=\"454\" class=\"wp-image-1122\" src=\"https:\/\/robinfo.oma.be\/wp-content\/uploads\/2019\/07\/EC20201130-1.jpg\" alt=\"\" \/><\/figure>\r\n\r\n\r\n\r\n<h3>VI &#8211; 14 d\u00e9cembre 2020 &#8211; \u00c9clipse totale de Soleil, invisible en Belgique<\/h3>\r\n\r\n\r\n\r\n\r\n\r\n<figure class=\"wp-block-table\">\r\n<table>\r\n<tbody>\r\n<tr>\r\n<td><strong>Phase<\/strong><\/td>\r\n<td><strong>Temps universel par rapport \u00e0 Greenwich<\/strong><\/td>\r\n<td><strong>Longitude<\/strong><\/td>\r\n<td><strong>Latitude<\/strong><\/td>\r\n<\/tr>\r\n<tr>\r\n<td>Commencement de l&rsquo;\u00e9clipse<\/td>\r\n<td>13h33,9<\/td>\r\n<td>115 54 W<\/td>\r\n<td>02 00 S<\/td>\r\n<\/tr>\r\n<tr>\r\n<td>Commencement de l&rsquo;\u00e9clipse totale<\/td>\r\n<td>14h32,5<\/td>\r\n<td>132 30 W<\/td>\r\n<td>07 50 S<\/td>\r\n<\/tr>\r\n<tr>\r\n<td>Commencement de l&rsquo;\u00e9clipse centrale<\/td>\r\n<td>14h32,8<\/td>\r\n<td>132 50 W<\/td>\r\n<td>07 46 S<\/td>\r\n<\/tr>\r\n<tr>\r\n<td>Maximum de l&rsquo;\u00e9clipse<\/td>\r\n<td>16h10,1<\/td>\r\n<td>069 29 W<\/td>\r\n<td>39 59 S<\/td>\r\n<\/tr>\r\n<tr>\r\n<td>Eclipse centrale au midi apparent local<\/td>\r\n<td>16h18,2<\/td>\r\n<td>065 49 W<\/td>\r\n<td>40 46 S<\/td>\r\n<\/tr>\r\n<tr>\r\n<td>Fin de l&rsquo;\u00e9clipse centrale<\/td>\r\n<td>17h54,1<\/td>\r\n<td>011 03 E<\/td>\r\n<td>23 37 S<\/td>\r\n<\/tr>\r\n<tr>\r\n<td>Fin de l&rsquo;\u00e9clipse totale<\/td>\r\n<td>17h54,3<\/td>\r\n<td>010 42 E<\/td>\r\n<td>23 42 S<\/td>\r\n<\/tr>\r\n<tr>\r\n<td>Fin de l&rsquo;\u00e9clipse<\/td>\r\n<td>18h53,1<\/td>\r\n<td>006 15 W<\/td>\r\n<td>17 53 S<\/td>\r\n<\/tr>\r\n<\/tbody>\r\n<\/table>\r\n<\/figure>\r\n\r\n\r\n\r\n\r\n\r\n<p>La carte ci-jointe montre la r\u00e9gion o\u00f9 l&rsquo;\u00e9clipse est observable. L&rsquo;explication des codes utilis\u00e9s se trouve en bas de page.<\/p>\r\n<figure class=\"wp-block-image\"><\/figure>\r\n<p>\r\n\r\n<\/p>\r\n<p>La dur\u00e9e de la phase de totalit\u00e9 le long de la ligne de centralit\u00e9 atteindra un maximum de 2m 14s en un point situ\u00e9 par 68\u00b0 de longitude ouest et 40\u00b0 de latitude sud.<\/p>\r\n\r\n\r\n\r\n<figure class=\"wp-block-image\"><img loading=\"lazy\" width=\"625\" height=\"454\" class=\"wp-image-1125\" src=\"https:\/\/robinfo.oma.be\/wp-content\/uploads\/2019\/07\/EC20201214-1.jpg\" alt=\"\" \/><\/figure>\r\n\r\n\r\n\r\n<h3>Explications :<\/h3>\r\n\r\n\r\n\r\n<p>Les codes utilis\u00e9s sur les cartes pour indiquer la visibilit\u00e9 des \u00e9clipses de Lune sont: l&rsquo;entr\u00e9e dans la p\u00e9nombre est visible dans les r\u00e9gions 1 \u00e0 6, l&rsquo;entr\u00e9e dans l&rsquo;ombre dans les r\u00e9gions 2 \u00e0 7, le d\u00e9but de la totalit\u00e9 dans les r\u00e9gions 3 \u00e0 8. Les sorties de la totalit\u00e9, de l&rsquo;ombre et de la p\u00e9nombre sont respectivement observables dans les r\u00e9gions 4 \u00e0 9, 5 \u00e0 10, et 6 \u00e0 11. Dans la r\u00e9gion 6, on peut observer l&rsquo;\u00e9clipse enti\u00e8re, dans les r\u00e9gions 5 \u00e0 7 les phases ombrales sont observables; dans les r\u00e9gions 4 \u00e0 8 la totalit\u00e9 est enti\u00e8rement visible.<\/p>\r\n\r\n\r\n\r\n<p>Sur les cartes de visibilit\u00e9 d&rsquo;\u00e9clipses de Soleil, les codes suivants sont utilis\u00e9s:<\/p>\r\n\r\n\r\n\r\n<p>\u00ab\u00a0P\u00a0\u00bb: Eclipse partielle de Soleil, visible.<br \/>\u00ab\u00a0p\u00a0\u00bb: Eclipse partielle de Soleil, en partie visible.<br \/>\u00ab\u00a0R\u00a0\u00bb: Eclipse annulaire, dont la phase annulaire est enti\u00e8rement observable.<br \/>\u00ab\u00a0r\u00a0\u00bb: Eclipse annulaire, dont la phase annulaire est partiellement observable.<br \/>\u00ab\u00a0T\u00a0\u00bb: Eclipse totale, dont la phase de totalit\u00e9 est enti\u00e8rement observable.<br \/>\u00ab\u00a0t\u00a0\u00bb: Eclipse totale, dont la phase de totalit\u00e9 est partiellement observable.<\/p>\r\n\r\n\r\n\r\n<p>Les donn\u00e9es de base ayant servi \u00e0 la r\u00e9daction du chapitre des \u00e9clipses ont \u00e9t\u00e9 emprunt\u00e9es \u00e0 l&rsquo;int\u00e9gration num\u00e9rique DE405, aimablement mise \u00e0 notre disposition par le Jet Propulsion Laboratory. Pour passer du Temps Terrestre (TT) au Temps universel (UT), la relation provisoire suivante a \u00e9t\u00e9 utilis\u00e9e:<\/p>\r\n\r\n\r\n\r\n<p>UT = TT &#8211; 70,0 s<\/p>\r\n","protected":false},"excerpt":{"rendered":"<p>Il y aura en 2020 six \u00e9clipses : deux de Soleil et quatre de Lune Date Type Visibilit\u00e9 10 janvier 2020 \u00c9clipse de Lune par la p\u00e9nombre Visible en Belgique 5 juin 2020 \u00c9clipse de Lune par la p\u00e9nombre En partie visible en Belgique 21 juin 2020 \u00c9clipse annulaire de Soleil Invisible en Belgique 5 [&hellip;]<\/p>\n","protected":false},"author":2,"featured_media":0,"parent":52,"menu_order":0,"comment_status":"closed","ping_status":"closed","template":"","meta":[],"_links":{"self":[{"href":"https:\/\/robinfo.oma.be\/fr\/wp-json\/wp\/v2\/pages\/918"}],"collection":[{"href":"https:\/\/robinfo.oma.be\/fr\/wp-json\/wp\/v2\/pages"}],"about":[{"href":"https:\/\/robinfo.oma.be\/fr\/wp-json\/wp\/v2\/types\/page"}],"author":[{"embeddable":true,"href":"https:\/\/robinfo.oma.be\/fr\/wp-json\/wp\/v2\/users\/2"}],"replies":[{"embeddable":true,"href":"https:\/\/robinfo.oma.be\/fr\/wp-json\/wp\/v2\/comments?post=918"}],"version-history":[{"count":60,"href":"https:\/\/robinfo.oma.be\/fr\/wp-json\/wp\/v2\/pages\/918\/revisions"}],"predecessor-version":[{"id":2745,"href":"https:\/\/robinfo.oma.be\/fr\/wp-json\/wp\/v2\/pages\/918\/revisions\/2745"}],"up":[{"embeddable":true,"href":"https:\/\/robinfo.oma.be\/fr\/wp-json\/wp\/v2\/pages\/52"}],"wp:attachment":[{"href":"https:\/\/robinfo.oma.be\/fr\/wp-json\/wp\/v2\/media?parent=918"}],"curies":[{"name":"wp","href":"https:\/\/api.w.org\/{rel}","templated":true}]}}