{"id":942,"date":"2019-07-17T12:37:39","date_gmt":"2019-07-17T12:37:39","guid":{"rendered":"http:\/\/robinfo.oma.be\/?page_id=942"},"modified":"2021-06-08T18:25:30","modified_gmt":"2021-06-08T16:25:30","slug":"eclipses-2021","status":"publish","type":"page","link":"https:\/\/robinfo.oma.be\/fr\/astro-info\/eclipses\/eclipses-2021\/","title":{"rendered":"\u00c9clipses 2021"},"content":{"rendered":"\n<h3>Il y aura en 2021 quatre \u00e9clipses: deux de Soleil et deux de Lune<\/h3>\n\n\n\n<figure class=\"wp-block-table\"><table><tbody><tr><td><strong>Date<\/strong><\/td><td><strong>Type<\/strong><\/td><td><strong>Visibilit\u00e9<\/strong><\/td><\/tr><tr><td><a href=\"#eclipse-26-mai-2021\" data-type=\"internal\" data-id=\"#eclipse-26-mai-2021\">26 mai 2021<\/a><\/td><td>\u00c9clipse totale de Lune<\/td><td>Invisible en Belgique<\/td><\/tr><tr><td><a href=\"#eclipse-10-juin-2021\" data-type=\"internal\" data-id=\"#eclipse-10-juin-2021\">10 juin 2021<\/a><\/td><td>\u00c9clipse annulaire de Soleil<\/td><td>En Belgique visible comme \u00e9clipse partielle<\/td><\/tr><tr><td><a href=\"#eclipse-19-novembre-2021\" data-type=\"internal\" data-id=\"#eclipse-19-novembre-2021\">19 novembre 2021<\/a><\/td><td>\u00c9clipse partielle de Lune<\/td><td>En partie visible en Belgique<\/td><\/tr><tr><td><a href=\"#eclipse-4-decembre-2021\" data-type=\"internal\" data-id=\"#eclipse-4-decembre-2021\">4 d\u00e9cembre 2021<\/td><td>\u00c9clipse totale de Soleil<\/td><td>Invisible en Belgique<\/td><\/tr><\/tbody><\/table><\/figure>\n\n\n\n<h3 id=\"eclipse-26-mai-2021\">I &#8211; 26 mai 2021 &#8211; \u00c9clipse totale de Lune, invisible en Belgique<\/h3>\n\n\n\n<p><\/p>\n\n\n\n<p><\/p>\n\n\n\n<figure class=\"wp-block-table\"><table><tbody><tr><td><strong>Phase<\/strong><\/td><td><strong>Temps universel<\/strong><\/td><td><strong>Longitude<\/strong><\/td><td><strong>Latitude<\/strong><\/td><td><strong>Angle de position<\/strong><\/td><td><strong>Hauteur \u00e0 Uccle<\/strong><\/td><\/tr><tr><td>Entr\u00e9e de la Lune dans la p\u00e9nombre<\/td><td>08h46,2<\/td><td>133 41 W<\/td><td>20 18 S<\/td><td>124 E<\/td><td>&#8211;<\/td><\/tr><tr><td>Entr\u00e9e de la Lune dans l&rsquo;ombre<\/td><td>09h44,6<\/td><td>147 42 W<\/td><td>20 28 S<\/td><td>133 E<\/td><td>&#8211;<\/td><\/tr><tr><td>Commencement de l&rsquo;\u00e9clipse totale<\/td><td>11h09,4<\/td><td>168 03 W<\/td><td>20 43 S<\/td><td>185 E<\/td><td>&#8211;<\/td><\/tr><tr><td>Maximum de l&rsquo;\u00e9clipse<\/td><td>11h18,7<\/td><td>170 16 W<\/td><td>20 44 S<\/td><td>196 E<\/td><td>&#8211;<\/td><\/tr><tr><td>Fin de l&rsquo;\u00e9clipse totale<\/td><td>11h27,9<\/td><td>172 29 W<\/td><td>20 46 S<\/td><td>206 E<\/td><td>&#8211;<\/td><\/tr><tr><td>Sortie de la Lune de l&rsquo;ombre<\/td><td>12h52,8<\/td><td>167 11 E<\/td><td>21 00 S<\/td><td>258 E<\/td><td>&#8211;<\/td><\/tr><tr><td>Sortie de la Lune de la p\u00e9nombre<\/td><td>13h51,2<\/td><td>153 10 E<\/td><td>21 10 S<\/td><td>268 E<\/td><td>&#8211;<\/td><\/tr><\/tbody><\/table><\/figure>\n\n\n\n<p>La longitude et la latitude se rapportent au point de la Terre o\u00f9 la Lune se trouve \u00e0 cet instant au z\u00e9nith. L&rsquo;angle de position est d\u00e9fini \u00e0 partir de la ligne imaginaire qui relie le centre du disque lunaire au centre de l&rsquo;ombre de la Terre. Il est mesur\u00e9 au centre du disque lunaire, \u00e0 partir du Nord, dans le sens inverse du mouvement des aiguilles d&rsquo;une montre. Au d\u00e9but et \u00e0 la fin des phases de p\u00e9nombre et d&rsquo;ombre, c&rsquo;est l&rsquo;angle de position du point de contact. La hauteur et les instants de lever et coucher de la Lune sont calcul\u00e9s pour son centre, sans tenir compte de la r\u00e9fraction.<\/p>\n\n\n\n<p>Grandeur de l&rsquo;\u00e9clipse: 1,015, le diam\u00e8tre du disque lunaire \u00e9tant pris pour unit\u00e9.<\/p>\n\n\n\n<p>La carte ci-jointe montre la r\u00e9gion o\u00f9 l&rsquo;\u00e9clipse est observable. L&rsquo;explication des codes utilis\u00e9s se trouve en bas de page.<\/p>\n\n\n\n<figure class=\"wp-block-image\"><img loading=\"lazy\" width=\"625\" height=\"454\" src=\"https:\/\/robinfo.oma.be\/wp-content\/uploads\/2019\/07\/EC20210526-1.jpg\" alt=\"\" class=\"wp-image-1128\"\/><\/figure>\n\n\n\n<h3 id=\"eclipse-10-juin-2021\">II &#8211; 10 juin 2021 &#8211; \u00c9clipse annulaire de Soleil, en Belgique visible comme \u00e9clipse partielle<\/h3>\n\n\n\n<figure class=\"wp-block-table\"><table><tbody><tr><td><strong>Phase<\/strong><\/td><td><strong>Temps universel<\/strong><\/td><td><strong>Longitude<\/strong><\/td><td><strong>Latitude<\/strong><\/td><\/tr><tr><td>Commencement de l&rsquo;\u00e9clipse<\/td><td>08h12,3<\/td><td>044 10 W<\/td><td>23 29 N<\/td><\/tr><tr><td>Commencement de l&rsquo;\u00e9clipse annulaire<\/td><td>09h49,8<\/td><td>086 29 W<\/td><td>48 13 N<\/td><\/tr><tr><td>Commencement de l&rsquo;\u00e9clipse centrale<\/td><td>09h54,9<\/td><td>089 30 W<\/td><td>50 10 N<\/td><\/tr><tr><td>Maximum de l&rsquo;\u00e9clipse<\/td><td>10h42,8<\/td><td>066 57 W<\/td><td>81 16 N<\/td><\/tr><tr><td>Eclipse centrale au midi apparent local<\/td><td>11h01,1<\/td><td>165 23 W<\/td><td>88 09 N<\/td><\/tr><tr><td>Fin de l&rsquo;\u00e9clipse centrale<\/td><td>11h28,7<\/td><td>156 32 E<\/td><td>63 34 N<\/td><\/tr><tr><td>Fin de l&rsquo;\u00e9clipse annulaire<\/td><td>11h33,8<\/td><td>151 19 E<\/td><td>62 13 N<\/td><\/tr><tr><td>Fin de l&rsquo;\u00e9clipse<\/td><td>13h11,4<\/td><td>094 22 E<\/td><td>41 16 N<\/td><\/tr><\/tbody><\/table><\/figure>\n\n\n\n<p><p>Grandeur maximale de l\u2019\u00e9clipse: 0,944, le diam\u00e8tre du disque solaire \u00e9tant pris pour unit\u00e9.<\/p>\n<p>La carte ci-jointe montre la r\u00e9gion o\u00f9 l&rsquo;\u00e9clipse est observable. L&rsquo;explication des codes utilis\u00e9s se trouve en bas de page.<\/p><\/p>\n\n\n\n<figure class=\"wp-block-image\"><img loading=\"lazy\" width=\"625\" height=\"454\" src=\"https:\/\/robinfo.oma.be\/wp-content\/uploads\/2019\/07\/EC20210610-1.jpg\" alt=\"\" class=\"wp-image-1131\"\/><\/figure>\n\n\n\n<p>La dur\u00e9e de la phase annulaire le long de la ligne de centralit\u00e9 atteindra un maximum de 3m 48s en un point situ\u00e9 par 67\u00b0 de longitude ouest et 81\u00b0 de latitude nord.<\/p>\n\n\n\n<p><h4>Phases \u00e0 Uccle &#8211; Bruxelles (Observatoire)<\/h4><\/p>\n\n\n\n<figure class=\"wp-block-table\"><table><tbody><tr><td><strong>Phase<\/strong><\/td><td><strong>Temps universel<\/strong><\/td><td><strong>Angle de position par rapport au p\u00f4le<br><\/strong><\/td><td><strong>Angle de position par rapport au z\u00e9nith<br><\/strong><\/td><td><strong>Hauteur \u00e0 Uccle<br><\/strong><\/td><\/tr><tr><td>Premier contact<\/td><td>09h17min01s<\/td><td>298<\/td><td>334<\/td><td>+51<\/td><\/tr><tr><td>Maximum de l&rsquo;\u00e9clipse<\/td><td>10h19min06s<\/td><td>342<\/td><td>007<\/td><td>+58<\/td><\/tr><tr><td>Dernier contact<\/td><td>11h25min09s<\/td><td>026<\/td><td>032<\/td><td>+62<\/td><\/tr><\/tbody><\/table><\/figure>\n\n\n\n<p>Grandeur de l&rsquo;\u00e9clipse: 0,263, le diam\u00e8tre du disque solaire \u00e9tant pris pour unit\u00e9.<\/p>\n\n\n\n<p>L&rsquo;angle de position par rapport au p\u00f4le, resp. au z\u00e9nith, est l&rsquo;angle form\u00e9 par la direction du centre du disque lunaire avec la direction du p\u00f4le, resp. du z\u00e9nith. Ces deux angles sont mesur\u00e9s au centre du disque solaire dans le sens inverse du mouvement des aiguilles d&rsquo;une montre. Au commencement et \u00e0 la fin de l&rsquo;\u00e9clipse, ils correspondent aux angles de position des points de contact.<\/p>\n\n\n\n<p><p>La hauteur du Soleil est celle d&rsquo;un point de r\u00e9f\u00e9rence, qui se situe pendant l&rsquo;\u00e9clipse dans la partie \u00e9clips\u00e9e du Soleil, et qui co\u00efncide aux instants de contact avec le point de contact du Soleil et de la Lune. On ne tient pas compte de la r\u00e9fraction.<\/p>\n<h4>Visibilit\u00e9 en Belgique<\/h4><\/p>\n\n\n\n<p><p>La table ci-apr\u00e8s donne les phases pour quelques sites belges repr\u00e9sentatifs.<\/p> <p>\u00c0 Bruxelles et en Wallonie <\/p><\/p>\n\n\n\n<figure class=\"wp-block-table\"><table><tbody><tr><td><strong>Lieu<\/strong><\/td><td><strong>D\u00e9but en temps universel<\/strong><\/td><td><strong>Maximum en temps universel<\/strong><\/td><td><strong>Fin en temps universel<\/strong><\/td><td><strong>Grandeur<\/strong><\/td><\/tr><tr><td>Bruxelles<\/td><td>09h17min01s<\/td><td>10h19min11s<\/td><td>11h25min20s<\/td><td>0,265<\/td><\/tr><tr><td>Nivelles<\/td><td>09h16min56s<\/td><td>10h18min40s<\/td><td>11h24min22s<\/td><td>0,259<\/td><\/tr><tr><td>Jodoigne<\/td><td>09h18min05s<\/td><td>10h19min51s<\/td><td>11h25min28s<\/td><td>0,258<\/td><\/tr><tr><td>Tournai<\/td><td>09h15min01s<\/td><td>10h17min05s<\/td><td>11h23min18s<\/td><td>0,267<\/td><\/tr><tr><td>Mons<\/td><td>09h16min09s<\/td><td>10h17min45s<\/td><td>11h23min49s<\/td><td>0,259<\/td><\/tr><tr><td>Charleroi<\/td><td>09h17min12s<\/td><td>10h18min32s<\/td><td>11h23min49s<\/td><td>0,254<\/td><\/tr><tr><td>Chimay<\/td><td>09h16min56s<\/td><td>10h17min37s<\/td><td>11h22min16s<\/td><td>0,247<\/td><\/tr><tr><td>Philippeville<\/td><td>09h17min25s<\/td><td>10h18min19s<\/td><td>11h23min06s<\/td><td>0,248<\/td><\/tr><tr><td>Namur<\/td><td>09h18min04s<\/td><td>10h19min20s<\/td><td>11h24min27s<\/td><td>0,252<\/td><\/tr><tr><td>Dinant<\/td><td>09h18min12s<\/td><td>10h19min05s<\/td><td>11h24min47s<\/td><td>0,247<\/td><\/tr><tr><td>Gedinne<\/td><td>09h18min18s<\/td><td>10h18min36s<\/td><td>11h22min42s<\/td><td>0,240<\/td><\/tr><tr><td>Huy<\/td><td>09h18min53s<\/td><td>10h20min08s<\/td><td>11h25min09s<\/td><td>0,250<\/td><\/tr><tr><td>Li\u00e8ge<\/td><td>09h19min36s<\/td><td>10h20min57s<\/td><td>11h26min01s<\/td><td>0,250<\/td><\/tr><tr><td>Werbomont<\/td><td>09h19min53s<\/td><td>10h20min41s<\/td><td>11h25min09s<\/td><td>0,243<\/td><\/tr><tr><td>Eupen<\/td><td>09h20min36s<\/td><td>10h21min46s<\/td><td>11h26min32s<\/td><td>0,246<\/td><\/tr><tr><td>Saint Vith<\/td><td>09h20min54s<\/td><td>10h21min19s<\/td><td>11h25min18s<\/td><td>0,237<\/td><\/tr><tr><td>Marche-en-Famenne<\/td><td>09h19min10s<\/td><td>10h19min47s<\/td><td>11h24min10s<\/td><td>0,243<\/td><\/tr><tr><td>Bastogne<\/td><td>09h20min03s<\/td><td>10h20min04s<\/td><td>11h23min43<\/td><td>0,234<\/td><\/tr><tr><td>Libramont<\/td><td>09h19min08s<\/td><td>10h19min16s<\/td><td>11h22min58s<\/td><td>0,235<\/td><\/tr><tr><td>Bouillon<\/td><td>09h18min38s<\/td><td>10h18min29s<\/td><td>11h22min07s<\/td><td>0,235<\/td><\/tr><tr><td>Virton<\/td><td>09h19min45s<\/td><td>10h18min54s<\/td><td>11h21min44s<\/td><td>0,226<\/td><\/tr><tr><td>Arlon<\/td><td>09h20min21s<\/td><td>10h19min38s<\/td><td>11h22min31s<\/td><td>0,226<\/td><\/tr><\/tbody><\/table><\/figure>\n\n\n<p>En Flandre :<\/p>\n<figure class=\"wp-block-table\">\n<table>\n<tbody>\n<tr>\n<td><strong>Lieu<\/strong><\/td>\n<td><strong>D\u00e9but en temps universel<\/strong><\/td>\n<td><strong>Maximum en temps universel<\/strong><\/td>\n<td><strong>Fin en temps universel<\/strong><\/td>\n<td><strong>Grandeur<\/strong><\/td>\n<\/tr>\n<tr>\n<td>Veurne<\/td>\n<td>9h13min40s<\/td>\n<td>10h16min46s<\/td>\n<td>11h24min10s<\/td>\n<td>0,283<\/td>\n<\/tr>\n<tr>\n<td>Ostende<\/td>\n<td>9h14min10s<\/td>\n<td>10h17min27s<\/td>\n<td>11h24min58s<\/td>\n<td>0,285<\/td>\n<\/tr>\n<tr>\n<td>Bruges<\/td>\n<td>9h14min48s<\/td>\n<td>10h17min57s<\/td>\n<td>11h25min18s<\/td>\n<td>0,282<\/td>\n<\/tr>\n<tr>\n<td>Poperinge<\/td>\n<td>9h13min44s<\/td>\n<td>10h16min27s<\/td>\n<td>11h23min27s<\/td>\n<td>0,278<\/td>\n<\/tr>\n<tr>\n<td>Courtrai<\/td>\n<td>9h14min48s<\/td>\n<td>10h17min18s<\/td>\n<td>11h23min59s<\/td>\n<td>0,273<\/td>\n<\/tr>\n<tr>\n<td>Gand<\/td>\n<td>9h15min45s<\/td>\n<td>10h18min30s<\/td>\n<td>11h25min20s<\/td>\n<td>0,274<\/td>\n<\/tr>\n<tr>\n<td>Audenarde<\/td>\n<td>9h15min29s<\/td>\n<td>10h17min54s<\/td>\n<td>11h24min26s<\/td>\n<td>0,271<\/td>\n<\/tr>\n<tr>\n<td>Grammont<\/td>\n<td>9h16min03s<\/td>\n<td>10h18min15s<\/td>\n<td>11h24min31s<\/td>\n<td>0,267<\/td>\n<\/tr>\n<tr>\n<td>Alost<\/td>\n<td>9h16min22s<\/td>\n<td>10h18min49s<\/td>\n<td>11h25min18s<\/td>\n<td>0,269<\/td>\n<\/tr>\n<tr>\n<td>Saint-Nicolas<\/td>\n<td>9h16min36s<\/td>\n<td>10h19min25s<\/td>\n<td>11h26min14s<\/td>\n<td>0,273<\/td>\n<\/tr>\n<tr>\n<td>Malines<\/td>\n<td>9h17min17s<\/td>\n<td>10h19min45s<\/td>\n<td>11h26min09s<\/td>\n<td>0,268<\/td>\n<\/tr>\n<tr>\n<td>Anvers<\/td>\n<td>9h17min08s<\/td>\n<td>10h19min58s<\/td>\n<td>11h26min45s<\/td>\n<td>0,273<\/td>\n<\/tr>\n<tr>\n<td>Essen<\/td>\n<td>9h17min18s<\/td>\n<td>10h20min31s<\/td>\n<td>11h27min41s<\/td>\n<td>0,278<\/td>\n<\/tr>\n<tr>\n<td>Turnhout<\/td>\n<td>9h18min16s<\/td>\n<td>10h21min06s<\/td>\n<td>11h27min46s<\/td>\n<td>0,271<\/td>\n<\/tr>\n<tr>\n<td>Geel<\/td>\n<td>9h18min21s<\/td>\n<td>10h20min52s<\/td>\n<td>11h27min15s<\/td>\n<td>0,267<\/td>\n<\/tr>\n<tr>\n<td>Neerpelt<\/td>\n<td>9h19min16s<\/td>\n<td>10h21min46s<\/td>\n<td>11h28min01s<\/td>\n<td>0,265<\/td>\n<\/tr>\n<tr>\n<td>Hasselt<\/td>\n<td>9h19min04s<\/td>\n<td>10h21min04s<\/td>\n<td>11h26min49s<\/td>\n<td>0,259<\/td>\n<\/tr>\n<tr>\n<td>Tongres<\/td>\n<td>9h19min21s<\/td>\n<td>10h21min01s<\/td>\n<td>11h26min25s<\/td>\n<td>0,254<\/td>\n<\/tr>\n<tr>\n<td>Maaseik<\/td>\n<td>9h20min02s<\/td>\n<td>10h22min10s<\/td>\n<td>11h27min59s<\/td>\n<td>0,259<\/td>\n<\/tr>\n<tr>\n<td>Louvain<\/td>\n<td>9h17min44s<\/td>\n<td>10h19min51s<\/td>\n<td>11h25min52s<\/td>\n<td>0,263<\/td>\n<\/tr>\n<tr>\n<td>Diest<\/td>\n<td>9h18min28s<\/td>\n<td>10h20min40s<\/td>\n<td>11h26min40s<\/td>\n<td>0,262<\/td>\n<\/tr>\n<\/tbody>\n<\/table>\n<\/figure>\n<p><!-- \/wp:table --><\/p>\n<p><!-- wp:paragraph --><!-- \/wp:paragraph --><\/p>\n<p><!-- wp:heading {\"level\":3} --><\/p>\n<h3 id=\"eclipse-19-novembre-2021\">III &#8211; 19 novembre 2021 &#8211; \u00c9clipse partielle de Lune, en partie visible en Belgique<\/h3>\n<p><!-- \/wp:heading --><\/p>\n<p><!-- wp:paragraph --><!-- \/wp:paragraph --><\/p>\n<p><!-- wp:paragraph --><!-- \/wp:paragraph --><\/p>\n<p><!-- wp:table --><\/p>\n<figure class=\"wp-block-table\">\n<table>\n<tbody>\n<tr>\n<td><strong>Phase<\/strong><\/td>\n<td><strong>Temps universel <br><\/strong><\/td>\n<td><strong>Longitude<\/strong><\/td>\n<td><strong>Latitude<\/strong><\/td>\n<td><strong>Angle de position<\/strong><\/td>\n<td><strong>Hauteur \u00e0 Uccle<\/strong><\/td>\n<\/tr>\n<tr>\n<td>Entr\u00e9e de la Lune dans la p\u00e9nombre<\/td>\n<td>06h00,4<\/td>\n<td>094 59 W<\/td>\n<td>18 40 N<\/td>\n<td>054 E<\/td>\n<td>+08<\/td>\n<\/tr>\n<tr>\n<td>Coucher de la Lune \u00e0 Uccle<\/td>\n<td>06h56,9<\/td>\n<td>108 42 W<\/td>\n<td>18 49 N<\/td>\n<td>048 E<\/td>\n<td>0<\/td>\n<\/tr>\n<tr>\n<td>Entr\u00e9e de la Lune dans l&rsquo;ombre<\/td>\n<td>07h18,4<\/td>\n<td>113 54 W<\/td>\n<td>18 53 N<\/td>\n<td>044 E<\/td>\n<td>&#8211;<\/td>\n<\/tr>\n<tr>\n<td>Maximum de l&rsquo;\u00e9clipse<\/td>\n<td>09h02,9<\/td>\n<td>139 14 W<\/td>\n<td>19 09 N<\/td>\n<td>341 E<\/td>\n<td>&#8211;<\/td>\n<\/tr>\n<tr>\n<td>Sortie de la Lune de l&rsquo;ombre<\/td>\n<td>10h47,4<\/td>\n<td>164 34 W<\/td>\n<td>19 26 N<\/td>\n<td>278 E<\/td>\n<td>&#8211;<\/td>\n<\/tr>\n<tr>\n<td>Sortie de la Lune de la p\u00e9nombre<\/td>\n<td>12h05,5<\/td>\n<td>176 31 E<\/td>\n<td>19 38 N<\/td>\n<td>268 E<\/td>\n<td>&#8211;<\/td>\n<\/tr>\n<\/tbody>\n<\/table>\n<\/figure>\n<p><!-- \/wp:table --><\/p>\n<p><!-- wp:paragraph --><!-- \/wp:paragraph --><\/p>\n<p><!-- wp:paragraph --><!-- \/wp:paragraph --><\/p>\n<p><!-- wp:paragraph --><\/p>\n<p>La longitude et la latitude se rapportent au point de la Terre o\u00f9 la Lune se trouve \u00e0 cet instant au z\u00e9nith. L&rsquo;angle de position est d\u00e9fini \u00e0 partir de la ligne imaginaire qui relie le centre du disque lunaire au centre de l&rsquo;ombre de la Terre. Il est mesur\u00e9 au centre du disque lunaire, \u00e0 partir du Nord, dans le sens inverse du mouvement des aiguilles d&rsquo;une montre. Au d\u00e9but et \u00e0 la fin des phases de p\u00e9nombre et d&rsquo;ombre, c&rsquo;est l&rsquo;angle de position du point de contact. La hauteur et les instants de lever et coucher de la Lune sont calcul\u00e9s pour son centre, sans tenir compte de la r\u00e9fraction.<\/p>\n<p>Grandeur de l&rsquo;\u00e9clipse: 0,978, le diam\u00e8tre du disque lunaire \u00e9tant pris pour unit\u00e9.<\/p>\n<p><!-- \/wp:paragraph --><\/p>\n<p><!-- wp:paragraph --><\/p>\n<p>La carte ci-jointe montre la r\u00e9gion o\u00f9 l&rsquo;\u00e9clipse est observable. L&rsquo;explication des codes utilis\u00e9s se trouve en bas de page.<\/p>\n<p><!-- \/wp:paragraph --><\/p>\n<p><!-- wp:image {\"id\":1134} --><\/p>\n<figure class=\"wp-block-image\"><img loading=\"lazy\" width=\"625\" height=\"454\" class=\"wp-image-1134 aligncenter\" src=\"https:\/\/robinfo.oma.be\/wp-content\/uploads\/2019\/07\/EC20211119-1.jpg\" alt=\"\"><\/figure>\n<p><!-- \/wp:image --><\/p>\n<p><!-- wp:heading {\"level\":3} --><\/p>\n<h3 id=\"eclipse-4-decembre-2021\">IV &#8211; 4 d\u00e9cembre 2021 &#8211;&nbsp;\u00c9clipse totale de Soleil, invisible en Belgique<\/h3>\n<p><!-- \/wp:heading --><\/p>\n<p><!-- wp:paragraph --><!-- \/wp:paragraph --><\/p>\n<p><!-- wp:paragraph --><!-- \/wp:paragraph --><\/p>\n<p><!-- wp:table --><\/p>\n<figure class=\"wp-block-table\">\n<table>\n<tbody>\n<tr>\n<td><strong>Phase<\/strong><\/td>\n<td><strong>Temps universel <br><\/strong><\/td>\n<td><strong>Longitude<\/strong><\/td>\n<td><strong>Latitude<\/strong><\/td>\n<\/tr>\n<tr>\n<td>Commencement de l&rsquo;\u00e9clipse<\/td>\n<td>05h29,3<\/td>\n<td>005 11 W<\/td>\n<td>23 10 S<\/td>\n<\/tr>\n<tr>\n<td>Commencement de l&rsquo;\u00e9clipse totale<\/td>\n<td>07h00,0<\/td>\n<td>048 37 W<\/td>\n<td>52 05 S<\/td>\n<\/tr>\n<tr>\n<td>Commencement de l&rsquo;\u00e9clipse centrale<\/td>\n<td>07h02,9<\/td>\n<td>051 13 W<\/td>\n<td>53 05 S<\/td>\n<\/tr>\n<tr>\n<td>Maximum de l&rsquo;\u00e9clipse<\/td>\n<td>07h33,3<\/td>\n<td>046 03 W<\/td>\n<td>76 41 S<\/td>\n<\/tr>\n<tr>\n<td>Eclipse centrale au midi apparent local<\/td>\n<td>07h56,2<\/td>\n<td>121 29 W<\/td>\n<td>78 58 S<\/td>\n<\/tr>\n<tr>\n<td>Fin de l&rsquo;\u00e9clipse centrale<\/td>\n<td>08h03,8<\/td>\n<td>134 09 W<\/td>\n<td>67 22 S<\/td>\n<\/tr>\n<tr>\n<td>Fin de l&rsquo;\u00e9clipse totale<\/td>\n<td>08h06,6<\/td>\n<td>138 49 W<\/td>\n<td>67 20 S<\/td>\n<\/tr>\n<tr>\n<td>Fin de l&rsquo;\u00e9clipse<\/td>\n<td>09h37,5<\/td>\n<td>148 57 E<\/td>\n<td>46 12 S<\/td>\n<\/tr>\n<\/tbody>\n<\/table>\n<\/figure>\n<p><!-- \/wp:table --><\/p>\n<p><!-- wp:paragraph --><!-- \/wp:paragraph --><\/p>\n<p><!-- wp:paragraph --><!-- \/wp:paragraph --><\/p>\n<p><!-- wp:paragraph --><\/p>\n<p>La carte ci-jointe montre la r\u00e9gion o\u00f9 l&rsquo;\u00e9clipse est observable. L&rsquo;explication des codes utilis\u00e9s se trouve en bas de page.<\/p>\n<p><!-- \/wp:paragraph --><\/p>\n<p><!-- wp:paragraph --><\/p>\n<p>La dur\u00e9e de la phase de totalit\u00e9 le long de la ligne de centralit\u00e9 atteindra un maximum de 1m 57s en un point situ\u00e9 par 46\u00b0 de longitude ouest et 77\u00b0 de latitude sud.<\/p>\n<p><!-- \/wp:paragraph --><\/p>\n<p><!-- wp:heading {\"level\":3} --><\/p>\n<h3><img loading=\"lazy\" class=\"aligncenter size-full wp-image-1137\" src=\"https:\/\/robinfo.oma.be\/wp-content\/uploads\/2019\/07\/EC20211204-1.jpg\" alt=\"\" width=\"625\" height=\"454\">Explications :<\/h3>\n<p><!-- \/wp:heading --><\/p>\n<p><!-- wp:paragraph --><\/p>\n<p>Les codes utilis\u00e9s sur les cartes pour indiquer la visibilit\u00e9 des \u00e9clipses de Lune sont: l&rsquo;entr\u00e9e dans la p\u00e9nombre est visible dans les r\u00e9gions 1 \u00e0 6, l&rsquo;entr\u00e9e dans l&rsquo;ombre dans les r\u00e9gions 2 \u00e0 7, le d\u00e9but de la totalit\u00e9 dans les r\u00e9gions 3 \u00e0 8. Les sorties de la totalit\u00e9, de l&rsquo;ombre et de la p\u00e9nombre sont respectivement observables dans les r\u00e9gions 4 \u00e0 9, 5 \u00e0 10, et 6 \u00e0 11. Dans la r\u00e9gion 6, on peut observer l&rsquo;\u00e9clipse enti\u00e8re, dans les r\u00e9gions 5 \u00e0 7 les phases ombrales sont observables; dans les r\u00e9gions 4 \u00e0 8 la totalit\u00e9 est enti\u00e8rement visible.<\/p>\n<p><!-- \/wp:paragraph --><\/p>\n<p><!-- wp:paragraph --><\/p>\n<p>Sur les cartes de visibilit\u00e9 d&rsquo;\u00e9clipses de Soleil, les codes suivants sont utilis\u00e9s:<\/p>\n<p><!-- \/wp:paragraph --><\/p>\n<p><!-- wp:paragraph --><\/p>\n<p>\u00ab\u00a0P\u00a0\u00bb: Eclipse partielle de Soleil, visible.<br>\u00ab\u00a0p\u00a0\u00bb: Eclipse partielle de Soleil, en partie visible.<br>\u00ab\u00a0R\u00a0\u00bb: Eclipse annulaire, dont la phase annulaire est enti\u00e8rement observable.<br>\u00ab\u00a0r\u00a0\u00bb: Eclipse annulaire, dont la phase annulaire est partiellement observable.<br>\u00ab\u00a0T\u00a0\u00bb: Eclipse totale, dont la phase de totalit\u00e9 est enti\u00e8rement observable.<br>\u00ab\u00a0t\u00a0\u00bb: Eclipse totale, dont la phase de totalit\u00e9 est partiellement observable.<\/p>\n<p><!-- \/wp:paragraph --><\/p>\n<p><!-- wp:paragraph --><\/p>\n<p>Les donn\u00e9es de base ayant servi \u00e0 la r\u00e9daction du chapitre des \u00e9clipses ont \u00e9t\u00e9 emprunt\u00e9es \u00e0 l&rsquo;int\u00e9gration num\u00e9rique DE405, aimablement mise \u00e0 notre disposition par le Jet Propulsion Laboratory. Pour passer du Temps Terrestre (TT) au Temps universel (UT), la relation provisoire suivante a \u00e9t\u00e9 utilis\u00e9e:<\/p>\n<p><!-- \/wp:paragraph --><\/p>\n<p><!-- wp:paragraph --><\/p>\n<p>UT = TT &#8211; 70,0 s<\/p>\n<p><!-- \/wp:paragraph --><\/p>","protected":false},"excerpt":{"rendered":"<p>Il y aura en 2021 quatre \u00e9clipses: deux de Soleil et deux de Lune DateTypeVisibilit\u00e926 mai 2021\u00c9clipse totale de LuneInvisible en Belgique10 juin 2021\u00c9clipse annulaire de SoleilEn Belgique visible comme \u00e9clipse partielle19 novembre 2021\u00c9clipse partielle de LuneEn partie visible en Belgique4 d\u00e9cembre 2021\u00c9clipse totale de SoleilInvisible en Belgique I &#8211; 26 mai 2021 &#8211; \u00c9clipse [&hellip;]<\/p>\n","protected":false},"author":2,"featured_media":0,"parent":52,"menu_order":0,"comment_status":"closed","ping_status":"closed","template":"","meta":[],"_links":{"self":[{"href":"https:\/\/robinfo.oma.be\/fr\/wp-json\/wp\/v2\/pages\/942"}],"collection":[{"href":"https:\/\/robinfo.oma.be\/fr\/wp-json\/wp\/v2\/pages"}],"about":[{"href":"https:\/\/robinfo.oma.be\/fr\/wp-json\/wp\/v2\/types\/page"}],"author":[{"embeddable":true,"href":"https:\/\/robinfo.oma.be\/fr\/wp-json\/wp\/v2\/users\/2"}],"replies":[{"embeddable":true,"href":"https:\/\/robinfo.oma.be\/fr\/wp-json\/wp\/v2\/comments?post=942"}],"version-history":[{"count":56,"href":"https:\/\/robinfo.oma.be\/fr\/wp-json\/wp\/v2\/pages\/942\/revisions"}],"predecessor-version":[{"id":3589,"href":"https:\/\/robinfo.oma.be\/fr\/wp-json\/wp\/v2\/pages\/942\/revisions\/3589"}],"up":[{"embeddable":true,"href":"https:\/\/robinfo.oma.be\/fr\/wp-json\/wp\/v2\/pages\/52"}],"wp:attachment":[{"href":"https:\/\/robinfo.oma.be\/fr\/wp-json\/wp\/v2\/media?parent=942"}],"curies":[{"name":"wp","href":"https:\/\/api.w.org\/{rel}","templated":true}]}}