{"id":956,"date":"2019-07-17T12:37:43","date_gmt":"2019-07-17T12:37:43","guid":{"rendered":"http:\/\/robinfo.oma.be\/?page_id=956"},"modified":"2022-01-26T19:36:44","modified_gmt":"2022-01-26T18:36:44","slug":"eclipses-2022","status":"publish","type":"page","link":"https:\/\/robinfo.oma.be\/fr\/astro-info\/eclipses\/eclipses-2022\/","title":{"rendered":"\u00c9clipses 2022"},"content":{"rendered":"\r\n<h3>Il y aura en 2022 quatre \u00e9clipses : deux de Soleil et deux de Lune<\/h3>\r\n\r\n\r\n\r\n\r\n\r\n\r\n\r\n<figure class=\"wp-block-table\">\r\n<table class=\"wp-block-table\">\r\n<tbody>\r\n<tr>\r\n<td><strong>Date<\/strong><\/td>\r\n<td><strong>Type<\/strong><\/td>\r\n<td><strong>Visibilit\u00e9<\/strong><\/td>\r\n<\/tr>\r\n<tr>\r\n<td><a href=\"#eclipse-30-avril-2022\" data-type=\"internal\" data-id=\"#eclipse-30-avril-2022\">30 avril 2022<\/a><\/td>\r\n<td>\u00c9clipse partielle de Soleil<\/td>\r\n<td>Invisible en Belgique<\/td>\r\n<\/tr>\r\n<tr>\r\n<td><a href=\"#eclipse-16-mai-2022\" data-type=\"internal\" data-id=\"#eclipse-16-mai-2022\">16 mai 2022<\/a><\/td>\r\n<td>\u00c9clipse totale de Lune<\/td>\r\n<td>En partie visible en Belgique<\/td>\r\n<\/tr>\r\n<tr>\r\n<td><a href=\"#eclipse-25-octobre-2022\" data-type=\"internal\" data-id=\"#eclipse-25-octobre-2022\">25 octobre 2022<\/a><\/td>\r\n<td>\u00c9clipse partielle de Soleil<\/td>\r\n<td>Visible comme \u00e9clipse partielle<\/td>\r\n<\/tr>\r\n<tr>\r\n<td><a href=\"#eclipse-8-novembre-2022\" data-type=\"internal\" data-id=\"#eclipse-8-novembre-2022\">8 novembre 2022<\/a><\/td>\r\n<td>\u00c9clipse totale de Lune<\/td>\r\n<td>Invisible en Belgique<\/td>\r\n<\/tr>\r\n<\/tbody>\r\n<\/table>\r\n<\/figure>\r\n\r\n\r\n\r\n\r\n\r\n\r\n\r\n<h3 id=\"eclipse-30-avril-2022\">I &#8211; 30 avril 2022 &#8211; \u00c9clipse partielle de Soleil, invisible en Belgique<\/h3>\r\n\r\n\r\n\r\n\r\n\r\n\r\n\r\n<figure class=\"wp-block-table\">\r\n<table class=\"wp-block-table\">\r\n<tbody>\r\n<tr>\r\n<td><strong>Phase<\/strong><\/td>\r\n<td><strong>Temps universel<\/strong><\/td>\r\n<td><strong>Longitude<\/strong><\/td>\r\n<td><strong>Latitude<\/strong><\/td>\r\n<\/tr>\r\n<tr>\r\n<td>Commencement de l&rsquo;\u00e9clipse<\/td>\r\n<td>18h45,3<\/td>\r\n<td>151 10 W<\/td>\r\n<td>68 12 S<\/td>\r\n<\/tr>\r\n<tr>\r\n<td>Maximum de l&rsquo;\u00e9clipse<\/td>\r\n<td>20h41,7<\/td>\r\n<td>071 37 W<\/td>\r\n<td>62 05 S<\/td>\r\n<\/tr>\r\n<tr>\r\n<td>Fin de l&rsquo;\u00e9clipse<\/td>\r\n<td>22h38,0<\/td>\r\n<td>077 07 W<\/td>\r\n<td>25 07 S<\/td>\r\n<\/tr>\r\n<\/tbody>\r\n<\/table>\r\n<\/figure>\r\n\r\n\r\n\r\n\r\n\r\n\r\n\r\n<p>Grandeur maximale de l&rsquo;\u00e9clipse: 0,640, le diam\u00e8tre du disque solaire \u00e9tant pris pour unit\u00e9.<\/p>\r\n\r\n\r\n\r\n<p>La carte ci-jointe montre la r\u00e9gion o\u00f9 l&rsquo;\u00e9clipse est observable. L&rsquo;explication des codes utilis\u00e9s se trouve en bas de page.<\/p>\r\n\r\n\r\n\r\n<figure class=\"wp-block-image\"><img loading=\"lazy\" width=\"625\" height=\"454\" class=\"wp-image-1140 aligncenter\" src=\"https:\/\/robinfo.oma.be\/wp-content\/uploads\/2019\/07\/EC20220430-1.jpg\" alt=\"\" \/><\/figure>\r\n\r\n<p>&nbsp;<\/p>\r\n\r\n<h3 id=\"eclipse-16-mai-2022\">II &#8211; 16 mai 2022 &#8211; \u00c9clipse totale de Lune, en partie visible en Belgique<\/h3>\r\n\r\n\r\n\r\n\r\n\r\n\r\n\r\n<figure class=\"wp-block-table\">\r\n<table class=\"wp-block-table\">\r\n<tbody>\r\n<tr>\r\n<td><strong>Phase<\/strong><\/td>\r\n<td><strong>Temps universel<\/strong><\/td>\r\n<td><strong>Longitude<\/strong><\/td>\r\n<td><strong>Latitude<\/strong><\/td>\r\n<td><strong>Angle de position<\/strong><\/td>\r\n<td><strong>Hauteur \u00e0 Uccle<\/strong><\/td>\r\n<\/tr>\r\n<tr>\r\n<td>Entr\u00e9e de la Lune dans la p\u00e9nombre<\/td>\r\n<td>01h30,7<\/td>\r\n<td>025 13 W<\/td>\r\n<td>18 47 S<\/td>\r\n<td>100<\/td>\r\n<td>+10<\/td>\r\n<\/tr>\r\n<tr>\r\n<td>Entr\u00e9e de la Lune dans l&rsquo;ombre<\/td>\r\n<td>02h27,6<\/td>\r\n<td>038 53 W<\/td>\r\n<td>18 58 S<\/td>\r\n<td>95<\/td>\r\n<td>+10<\/td>\r\n<\/tr>\r\n<tr>\r\n<td>Commencement de l&rsquo;\u00e9clipse totale<\/td>\r\n<td>03h28,7<\/td>\r\n<td>053 35 W<\/td>\r\n<td>19 11 S<\/td>\r\n<td>78<\/td>\r\n<td>+3<\/td>\r\n<\/tr>\r\n<tr>\r\n<td>Coucher de la Lune \u00e0 Uccle<\/td>\r\n<td>03h48,8<\/td>\r\n<td>058 24 W<\/td>\r\n<td>19 15 S<\/td>\r\n<td>60<\/td>\r\n<td>0<\/td>\r\n<\/tr>\r\n<tr>\r\n<td>Maximum de l&rsquo;\u00e9clipse<\/td>\r\n<td>04h11,5<\/td>\r\n<td>063 52 W<\/td>\r\n<td>19 20 S<\/td>\r\n<td>19<\/td>\r\n<td>&#8211;<\/td>\r\n<\/tr>\r\n<tr>\r\n<td>Fin de l&rsquo;\u00e9clipse totale<\/td>\r\n<td>04h54,3<\/td>\r\n<td>074 10 W<\/td>\r\n<td>19 28 S<\/td>\r\n<td>321<\/td>\r\n<td>&#8211;<\/td>\r\n<\/tr>\r\n<tr>\r\n<td>Sortie de la Lune de l&rsquo;ombre<\/td>\r\n<td>05h55,5<\/td>\r\n<td>088 52 W<\/td>\r\n<td>19 41 S<\/td>\r\n<td>304<\/td>\r\n<td>&#8211;<\/td>\r\n<\/tr>\r\n<tr>\r\n<td>Sortie de la Lune de la p\u00e9nombre<\/td>\r\n<td>06h52,3<\/td>\r\n<td>102 31 W<\/td>\r\n<td>19 52 S<\/td>\r\n<td>299<\/td>\r\n<td>&#8211;<\/td>\r\n<\/tr>\r\n<\/tbody>\r\n<\/table>\r\n<\/figure>\r\n\r\n\r\n\r\n\r\n\r\n\r\n\r\n<p>La longitude et la latitude se rapportent au point de la Terre o\u00f9 la Lune se trouve \u00e0 cet instant au z\u00e9nith. L&rsquo;angle de position est d\u00e9fini \u00e0 partir de la ligne imaginaire qui relie le centre du disque lunaire au centre de l&rsquo;ombre de la Terre. Il est mesur\u00e9 au centre du disque lunaire, \u00e0 partir du Nord, dans le sens inverse du mouvement des aiguilles d&rsquo;une montre. Au d\u00e9but et \u00e0 la fin des phases de p\u00e9nombre et d&rsquo;ombre, c&rsquo;est l&rsquo;angle de position du point de contact. La hauteur et les instants de lever et coucher de la Lune sont calcul\u00e9s pour son centre, sans tenir compte de la r\u00e9fraction.<\/p>\r\n\r\n\r\n\r\n<p>Grandeur de l&rsquo;\u00e9clipse: 1,419, le diam\u00e8tre du disque lunaire \u00e9tant pris pour unit\u00e9.<\/p>\r\n\r\n\r\n\r\n<p>La carte ci-jointe montre la r\u00e9gion o\u00f9 l&rsquo;\u00e9clipse est observable. L&rsquo;explication des codes utilis\u00e9s se trouve en bas de page.<\/p>\r\n\r\n\r\n\r\n<figure class=\"wp-block-image\"><img loading=\"lazy\" width=\"625\" height=\"454\" class=\"wp-image-1143 aligncenter\" src=\"https:\/\/robinfo.oma.be\/wp-content\/uploads\/2019\/07\/EC20220516-1.jpg\" alt=\"\" \/><\/figure>\r\n\r\n\r\n\r\n<h3 id=\"eclipse-25-octobre-2022\">III &#8211; 25 octobre 2022 &#8211; \u00c9clipse partielle de Soleil, en Belgique visible comme \u00e9clipse partielle<\/h3>\r\n\r\n\r\n\r\n\r\n\r\n\r\n\r\n<figure class=\"wp-block-table\">\r\n<table class=\"wp-block-table\">\r\n<tbody>\r\n<tr>\r\n<td><strong>Phase<\/strong><\/td>\r\n<td><strong>Temps universel<\/strong><\/td>\r\n<td><strong>Longitude<\/strong><\/td>\r\n<td><strong>Latitude<\/strong><\/td>\r\n<\/tr>\r\n<tr>\r\n<td>Commencement de l&rsquo;\u00e9clipse<\/td>\r\n<td>08h58,3<\/td>\r\n<td>019 35 W<\/td>\r\n<td>66 34 N<\/td>\r\n<\/tr>\r\n<tr>\r\n<td>Maximum de l&rsquo;\u00e9clipse<\/td>\r\n<td>11h00,4<\/td>\r\n<td>076 59 E<\/td>\r\n<td>61 33 N<\/td>\r\n<\/tr>\r\n<tr>\r\n<td>Fin de l&rsquo;\u00e9clipse<\/td>\r\n<td>13h02,3<\/td>\r\n<td>066 48 E<\/td>\r\n<td>17 36 N<\/td>\r\n<\/tr>\r\n<\/tbody>\r\n<\/table>\r\n<\/figure>\r\n\r\n\r\n\r\n\r\n\r\n\r\n\r\n<p>Grandeur maximale de l&rsquo;\u00e9clipse: 0,862, le diam\u00e8tre du disque solaire \u00e9tant pris pour unit\u00e9.<\/p>\r\n\r\n\r\n\r\n<p>La carte ci-jointe montre la r\u00e9gion o\u00f9 l&rsquo;\u00e9clipse est observable. L&rsquo;explication des codes utilis\u00e9s se trouve en bas de page.<\/p>\r\n\r\n\r\n\r\n<figure class=\"wp-block-image\"><img loading=\"lazy\" width=\"625\" height=\"454\" class=\"wp-image-1146 aligncenter\" src=\"https:\/\/robinfo.oma.be\/wp-content\/uploads\/2019\/07\/EC20221025-1.jpg\" alt=\"\" \/><\/figure>\r\n\r\n\r\n\r\n<h4>Phases \u00e0 Uccle &#8211; Bruxelles (Observatoire)<\/h4>\r\n\r\n\r\n\r\n\r\n\r\n\r\n\r\n<figure class=\"wp-block-table\">\r\n<table>\r\n<tbody>\r\n<tr>\r\n<td><strong>Phase<\/strong><\/td>\r\n<td><strong>Temps universel<\/strong><\/td>\r\n<td><strong>Angle de position par rapport au p\u00f4le<\/strong><\/td>\r\n<td><strong>Angle de position par rapport au z\u00e9nith<\/strong><\/td>\r\n<td><strong>Hauteur \u00e0 Uccle<\/strong><\/td>\r\n<\/tr>\r\n<tr>\r\n<td>Premier contact<\/td>\r\n<td>09h09min34s<\/td>\r\n<td>350<\/td>\r\n<td>13<\/td>\r\n<td>+21<\/td>\r\n<\/tr>\r\n<tr>\r\n<td>Maximum de l&rsquo;\u00e9clipse<\/td>\r\n<td>10h04min21s<\/td>\r\n<td>037<\/td>\r\n<td>51<\/td>\r\n<td>+25<\/td>\r\n<\/tr>\r\n<tr>\r\n<td>Dernier contact<\/td>\r\n<td>11h00min52s<\/td>\r\n<td>082<\/td>\r\n<td>87<\/td>\r\n<td>+27<\/td>\r\n<\/tr>\r\n<\/tbody>\r\n<\/table>\r\n<\/figure>\r\n<p>Grandeur de l&rsquo;\u00e9clipse: 0,301, le diam\u00e8tre du disque solaire \u00e9tant pris pour unit\u00e9.<\/p>\r\n\r\n\r\n\r\n<p>L&rsquo;angle de position par rapport au p\u00f4le, resp. au z\u00e9nith, est l&rsquo;angle form\u00e9 par la direction du centre du disque lunaire avec la direction du p\u00f4le, resp. du z\u00e9nith. Ces deux angles sont mesur\u00e9s au centre du disque solaire dans le sens inverse du mouvement des aiguilles d&rsquo;une montre. Au commencement et \u00e0 la fin de l&rsquo;\u00e9clipse, ils correspondent aux angles de position des points de contact.<\/p>\r\n\r\n\r\n\r\n<p>La hauteur du Soleil est celle d&rsquo;un point de r\u00e9f\u00e9rence, qui se situe pendant l&rsquo;\u00e9clipse dans la partie \u00e9clips\u00e9e du Soleil, et qui co\u00efncide aux instants de contact avec le point de contact du Soleil et de la Lune. On ne tient pas compte de la r\u00e9fraction.<\/p>\r\n<h4>Visibilit\u00e9 en Belgique<\/h4>\r\n\r\n<p>La table ci-apr\u00e8s donne les phases pour quelques sites belges repr\u00e9sentatifs.<\/p>\r\n\r\n<p>\u00c0 Bruxelles et en Wallonie :<\/p>\r\n\r\n<figure class=\"wp-block-table\">\r\n<table class=\"wp-block-table\">\r\n<tbody>\r\n<tr>\r\n<td><strong>Lieu<\/strong><\/td>\r\n<td><strong>D\u00e9but en temps universel<\/strong><\/td>\r\n<td><strong>Maximum en temps universel<\/strong><\/td>\r\n<td><strong>Fin en temps universel<\/strong><\/td>\r\n<td><strong>Grandeur<\/strong><\/td>\r\n<\/tr>\r\n<tr>\r\n<td>Bruxelles<\/td>\r\n<td>09h09min30s<\/td>\r\n<td>10h04min19s<\/td>\r\n<td>11h00min53s<\/td>\r\n<td>0,302<\/td>\r\n<\/tr>\r\n<tr>\r\n<td>Nivelles<\/td>\r\n<td>09h09min50s<\/td>\r\n<td>10h04min23s<\/td>\r\n<td>11h00min41s<\/td>\r\n<td>0,298<\/td>\r\n<\/tr>\r\n<tr>\r\n<td>Jodoigne<\/td>\r\n<td>09h09min42s<\/td>\r\n<td>10h04min57s<\/td>\r\n<td>11h01min57s<\/td>\r\n<td>0,306<\/td>\r\n<\/tr>\r\n<tr>\r\n<td>Tournai<\/td>\r\n<td>09h09min48s<\/td>\r\n<td>10h03min20s<\/td>\r\n<td>10h58min35s<\/td>\r\n<td>0,286<\/td>\r\n<\/tr>\r\n<tr>\r\n<td>Mons<\/td>\r\n<td>09h10min02s<\/td>\r\n<td>10h04min02s<\/td>\r\n<td>10h59min45s<\/td>\r\n<td>0,290<\/td>\r\n<\/tr>\r\n<tr>\r\n<td>Charleroi<\/td>\r\n<td>09h10min06s<\/td>\r\n<td>10h04min37s<\/td>\r\n<td>11h00min51s<\/td>\r\n<td>0,296<\/td>\r\n<\/tr>\r\n<tr>\r\n<td>Chimay<\/td>\r\n<td>09h10min37s<\/td>\r\n<td>10h04min37s<\/td>\r\n<td>11h00min21s<\/td>\r\n<td>0,288<\/td>\r\n<\/tr>\r\n<tr>\r\n<td>Philippeville<\/td>\r\n<td>09h10min25s<\/td>\r\n<td>10h04min49s<\/td>\r\n<td>11h00min58s<\/td>\r\n<td>0,293<\/td>\r\n<\/tr>\r\n<tr>\r\n<td>Namur<\/td>\r\n<td>09h10min03s<\/td>\r\n<td>10h05min04s<\/td>\r\n<td>11h01min48s<\/td>\r\n<td>0,302<\/td>\r\n<\/tr>\r\n<tr>\r\n<td>Dinant<\/td>\r\n<td>09h10min20s<\/td>\r\n<td>10h05min13s<\/td>\r\n<td>11h01min49s<\/td>\r\n<td>0,299<\/td>\r\n<\/tr>\r\n<tr>\r\n<td>Gedinne<\/td>\r\n<td>09h10min44s<\/td>\r\n<td>10h05min23s<\/td>\r\n<td>11h01min44s<\/td>\r\n<td>0,295<\/td>\r\n<\/tr>\r\n<tr>\r\n<td>Huy<\/td>\r\n<td>09h10min00s<\/td>\r\n<td>10h05min29s<\/td>\r\n<td>11h02min41s<\/td>\r\n<td>0,308<\/td>\r\n<\/tr>\r\n<tr>\r\n<td>Li\u00e8ge<\/td>\r\n<td>09h09min51s<\/td>\r\n<td>10h05min48s<\/td>\r\n<td>11h03min28s<\/td>\r\n<td>0,314<\/td>\r\n<\/tr>\r\n<tr>\r\n<td>Werbomont<\/td>\r\n<td>09h10min13s<\/td>\r\n<td>10h06min04s<\/td>\r\n<td>11h03min37s<\/td>\r\n<td>0,311<\/td>\r\n<\/tr>\r\n<tr>\r\n<td>Eupen<\/td>\r\n<td>09h09min55s<\/td>\r\n<td>10h06min20s<\/td>\r\n<td>11h04min29s<\/td>\r\n<td>0,319<\/td>\r\n<\/tr>\r\n<tr>\r\n<td>Saint Vith<\/td>\r\n<td>09h10min23s<\/td>\r\n<td>10h06min37s<\/td>\r\n<td>11h04min34s<\/td>\r\n<td>0,315<\/td>\r\n<\/tr>\r\n<tr>\r\n<td>Marche-en-Famenne<\/td>\r\n<td>09h10min24s<\/td>\r\n<td>10h05min44s<\/td>\r\n<td>11h02min47s<\/td>\r\n<td>0,304<\/td>\r\n<\/tr>\r\n<tr>\r\n<td>Bastogne<\/td>\r\n<td>09h10min44s<\/td>\r\n<td>10h06min17s<\/td>\r\n<td>11h03min33s<\/td>\r\n<td>0,305<\/td>\r\n<\/tr>\r\n<tr>\r\n<td>Libramont<\/td>\r\n<td>09h10min51s<\/td>\r\n<td>10h05min56s<\/td>\r\n<td>11h02min43s<\/td>\r\n<td>0,299<\/td>\r\n<\/tr>\r\n<tr>\r\n<td>Bouillon<\/td>\r\n<td>09h11min00<\/td>\r\n<td>10h05min37s<\/td>\r\n<td>11h01min57s<\/td>\r\n<td>0,293<\/td>\r\n<\/tr>\r\n<tr>\r\n<td>Virton<\/td>\r\n<td>09h11min21s<\/td>\r\n<td>10h06min17s<\/td>\r\n<td>11h02min55s<\/td>\r\n<td>0,295<\/td>\r\n<\/tr>\r\n<tr>\r\n<td>Arlon<\/td>\r\n<td>09h11min12s<\/td>\r\n<td>10h06min33s<\/td>\r\n<td>11h03min36s<\/td>\r\n<td>0,301<\/td>\r\n<\/tr>\r\n<\/tbody>\r\n<\/table>\r\n<\/figure>\r\n\r\n<p>En Flandre :<\/p>\r\n<figure class=\"wp-block-table\">\r\n<table>\r\n<tbody>\r\n<tr>\r\n<td><strong>Lieu<\/strong><\/td>\r\n<td><strong>D\u00e9but en temps universel<\/strong><\/td>\r\n<td><strong>Maximum en temps universel<\/strong><\/td>\r\n<td><strong>Fin en temps universel<\/strong><\/td>\r\n<td><strong>Grandeur<\/strong><\/td>\r\n<\/tr>\r\n<tr>\r\n<td>Veurne<\/td>\r\n<td>09h09min09s<\/td>\r\n<td>10h02min20s<\/td>\r\n<td>10h57min16s<\/td>\r\n<td>0,285<\/td>\r\n<\/tr>\r\n<tr>\r\n<td>Ostende<\/td>\r\n<td>09h08min57s<\/td>\r\n<td>10h02min33s<\/td>\r\n<td>10h57min54s<\/td>\r\n<td>0,291<\/td>\r\n<\/tr>\r\n<tr>\r\n<td>Bruges<\/td>\r\n<td>09h08min58s<\/td>\r\n<td>10h02min55s<\/td>\r\n<td>10h58min36s<\/td>\r\n<td>0,294<\/td>\r\n<\/tr>\r\n<tr>\r\n<td>Poperinge<\/td>\r\n<td>09h09min27s<\/td>\r\n<td>10h02min29s<\/td>\r\n<td>10h57min15s<\/td>\r\n<td>0,282<\/td>\r\n<\/tr>\r\n<tr>\r\n<td>Courtrai<\/td>\r\n<td>09h09min30s<\/td>\r\n<td>10h03min06s<\/td>\r\n<td>10h58min27s<\/td>\r\n<td>0,288<\/td>\r\n<\/tr>\r\n<tr>\r\n<td>Gand<\/td>\r\n<td>09h09min12s<\/td>\r\n<td>10h03min32s<\/td>\r\n<td>10h59min37s<\/td>\r\n<td>0,298<\/td>\r\n<\/tr>\r\n<tr>\r\n<td>Audenarde<\/td>\r\n<td>09h09min29s<\/td>\r\n<td>10h03min28s<\/td>\r\n<td>10h59min13s<\/td>\r\n<td>0,293<\/td>\r\n<\/tr>\r\n<tr>\r\n<td>Grammont<\/td>\r\n<td>09h09min35s<\/td>\r\n<td>10h03min50s<\/td>\r\n<td>10h59min49s<\/td>\r\n<td>0,295<\/td>\r\n<\/tr>\r\n<tr>\r\n<td>Alost<\/td>\r\n<td>09h09min21s<\/td>\r\n<td>10h03min56s<\/td>\r\n<td>11h00min14s<\/td>\r\n<td>0,300<\/td>\r\n<\/tr>\r\n<tr>\r\n<td>Saint-Nicolas<\/td>\r\n<td>09h09min04s<\/td>\r\n<td>10h03min57s<\/td>\r\n<td>11h00min35s<\/td>\r\n<td>0,305<\/td>\r\n<\/tr>\r\n<tr>\r\n<td>Malines<\/td>\r\n<td>09h09min16s<\/td>\r\n<td>10h04min23s<\/td>\r\n<td>11h01min15s<\/td>\r\n<td>0,307<\/td>\r\n<\/tr>\r\n<tr>\r\n<td>Anvers<\/td>\r\n<td>09h09min00s<\/td>\r\n<td>10h04min13s<\/td>\r\n<td>11h01min11s<\/td>\r\n<td>0,309<\/td>\r\n<\/tr>\r\n<tr>\r\n<td>Essen<\/td>\r\n<td>09h08min42s<\/td>\r\n<td>10h04min11s<\/td>\r\n<td>11h01min26s<\/td>\r\n<td>0,314<\/td>\r\n<\/tr>\r\n<tr>\r\n<td>Turnhout<\/td>\r\n<td>09h08min55s<\/td>\r\n<td>10h04min48s<\/td>\r\n<td>11h02min25s<\/td>\r\n<td>0,317<\/td>\r\n<\/tr>\r\n<tr>\r\n<td>Geel<\/td>\r\n<td>09h09min08s<\/td>\r\n<td>10h04min55s<\/td>\r\n<td>11h02min26s<\/td>\r\n<td>0,315<\/td>\r\n<\/tr>\r\n<tr>\r\n<td>Neerpelt<\/td>\r\n<td>09h09min05s<\/td>\r\n<td>10h05min23s<\/td>\r\n<td>11h03min25s<\/td>\r\n<td>0,322<\/td>\r\n<\/tr>\r\n<tr>\r\n<td>Hasselt<\/td>\r\n<td>09h09min27s<\/td>\r\n<td>10h05min24s<\/td>\r\n<td>11h03min05s<\/td>\r\n<td>0,316<\/td>\r\n<\/tr>\r\n<tr>\r\n<td>Tongres<\/td>\r\n<td>09h09min40s<\/td>\r\n<td>10h05min37s<\/td>\r\n<td>11h03min18s<\/td>\r\n<td>0,315<\/td>\r\n<\/tr>\r\n<tr>\r\n<td>Maaseik<\/td>\r\n<td>09h09min17s<\/td>\r\n<td>10h05min51s<\/td>\r\n<td>11h04min09s<\/td>\r\n<td>0,324<\/td>\r\n<\/tr>\r\n<tr>\r\n<td>Louvain<\/td>\r\n<td>09h09min28s<\/td>\r\n<td>10h04min42s<\/td>\r\n<td>11h01min40s<\/td>\r\n<td>0,307<\/td>\r\n<\/tr>\r\n<tr>\r\n<td>Diest<\/td>\r\n<td>09h09min22s<\/td>\r\n<td>10h05min03s<\/td>\r\n<td>11h02min29s<\/td>\r\n<td>0,313<\/td>\r\n<\/tr>\r\n<\/tbody>\r\n<\/table>\r\n<\/figure>\r\n\r\n\r\n\r\n\r\n\r\n<h3 id=\"eclipse-8-novembre-2022\">IV &#8211; 8 novembre 2022 &#8211; Eclipse totale de Lune, invisible en Belgique<\/h3>\r\n\r\n\r\n\r\n\r\n\r\n\r\n\r\n<figure class=\"wp-block-table\">Entr\u00e9e de la Lune dans la p\u00e9ombre08h00,6125 44 W16 15 N77-\r\n<table class=\"wp-block-table\">\r\n<tbody>\r\n<tr>\r\n<td><strong>Phase<\/strong><\/td>\r\n<td><strong>Temps universel<\/strong><\/td>\r\n<td><strong>Longitude<\/strong><\/td>\r\n<td><strong>Latitude<\/strong><\/td>\r\n<td><strong>Angle de position<\/strong><\/td>\r\n<td><strong>Hauteur \u00e0 Uccle<\/strong><\/td>\r\n<\/tr>\r\n<tr>\r\n<td>Entr\u00e9e de la Lune dans l&rsquo;ombre<\/td>\r\n<td>09h08,9<\/td>\r\n<td>142 16 W<\/td>\r\n<td>16 29 N<\/td>\r\n<td>82<\/td>\r\n<td>&#8211;<\/td>\r\n<\/tr>\r\n<tr>\r\n<td>Commencement de l&rsquo;\u00e9clipse totale<\/td>\r\n<td>10h16,3<\/td>\r\n<td>158 35 W<\/td>\r\n<td>16 42 N<\/td>\r\n<td>102<\/td>\r\n<td>&#8211;<\/td>\r\n<\/tr>\r\n<tr>\r\n<td>Maximum de l&rsquo;\u00e9clipse<\/td>\r\n<td>10h59,2<\/td>\r\n<td>168 57 W<\/td>\r\n<td>16 51 N<\/td>\r\n<td>157<\/td>\r\n<td>&#8211;<\/td>\r\n<\/tr>\r\n<tr>\r\n<td>Fin de l&rsquo;\u00e9clipse totale<\/td>\r\n<td>11h42,0<\/td>\r\n<td>179 20 W<\/td>\r\n<td>17 00 N<\/td>\r\n<td>213<\/td>\r\n<td>&#8211;<\/td>\r\n<\/tr>\r\n<tr>\r\n<td>Sortie de la Lune de l&rsquo;ombre<\/td>\r\n<td>12h49,4<\/td>\r\n<td>164 22 E<\/td>\r\n<td>17 13 N<\/td>\r\n<td>233<\/td>\r\n<td>\u00a0<\/td>\r\n<\/tr>\r\n<tr>\r\n<td>Sortie de la Lune de la p\u00e9nombre<\/td>\r\n<td>13h57,8<\/td>\r\n<td>147 48 E<\/td>\r\n<td>17 27 N<\/td>\r\n<td>238<\/td>\r\n<td>&#8211;<\/td>\r\n<\/tr>\r\n<\/tbody>\r\n<\/table>\r\n<\/figure>\r\n\r\n\r\n\r\n\r\n\r\n\r\n\r\n<p>La longitude et la latitude se rapportent au point de la Terre o\u00f9 la Lune se trouve \u00e0 cet instant au z\u00e9nith. L&rsquo;angle de position est d\u00e9fini \u00e0 partir de la ligne imaginaire qui relie le centre du disque lunaire au centre de l&rsquo;ombre de la Terre. Il est mesur\u00e9 au centre du disque lunaire, \u00e0 partir du Nord, dans le sens inverse du mouvement des aiguilles d&rsquo;une montre. Au d\u00e9but et \u00e0 la fin des phases de p\u00e9nombre et d&rsquo;ombre, c&rsquo;est l&rsquo;angle de position du point de contact. La hauteur et les instants de lever et coucher de la Lune sont calcul\u00e9s pour son centre, sans tenir compte de la r\u00e9fraction.<\/p>\r\n\r\n\r\n\r\n<p>Grandeur de l&rsquo;\u00e9clipse: 1,364, le diam\u00e8tre du disque lunaire \u00e9tant pris pour unit\u00e9.<\/p>\r\n\r\n\r\n\r\n<p>La carte ci-jointe montre la r\u00e9gion o\u00f9 l&rsquo;\u00e9clipse est observable. L&rsquo;explication des codes utilis\u00e9s se trouve en bas de page.<\/p>\r\n\r\n\r\n\r\n<figure class=\"wp-block-image\"><img loading=\"lazy\" width=\"625\" height=\"454\" class=\"wp-image-1149 aligncenter\" src=\"https:\/\/robinfo.oma.be\/wp-content\/uploads\/2019\/07\/EC20221108-1.jpg\" alt=\"\" \/><\/figure>\r\n\r\n\r\n\r\n<h3>Explications :<\/h3>\r\n\r\n\r\n\r\n<p>Les codes utilis\u00e9s sur les cartes pour indiquer la visibilit\u00e9 des \u00e9clipses de Lune sont: l&rsquo;entr\u00e9e dans la p\u00e9nombre est visible dans les r\u00e9gions 1 \u00e0 6, l&rsquo;entr\u00e9e dans l&rsquo;ombre dans les r\u00e9gions 2 \u00e0 7, le d\u00e9but de la totalit\u00e9 dans les r\u00e9gions 3 \u00e0 8. Les sorties de la totalit\u00e9, de l&rsquo;ombre et de la p\u00e9nombre sont respectivement observables dans les r\u00e9gions 4 \u00e0 9, 5 \u00e0 10, et 6 \u00e0 11. Dans la r\u00e9gion 6, on peut observer l&rsquo;\u00e9clipse enti\u00e8re, dans les r\u00e9gions 5 \u00e0 7 les phases ombrales sont observables; dans les r\u00e9gions 4 \u00e0 8 la totalit\u00e9 est enti\u00e8rement visible.<\/p>\r\n\r\n\r\n\r\n<p>Sur les cartes de visibilit\u00e9 d&rsquo;\u00e9clipses de Soleil, les codes suivants sont utilis\u00e9s:<\/p>\r\n\r\n\r\n\r\n<p>\u00ab\u00a0P\u00a0\u00bb: Eclipse partielle de Soleil, visible.<br \/>\u00ab\u00a0p\u00a0\u00bb: Eclipse partielle de Soleil, en partie visible.<br \/>\u00ab\u00a0R\u00a0\u00bb: Eclipse annulaire, dont la phase annulaire est enti\u00e8rement observable.<br \/>\u00ab\u00a0r\u00a0\u00bb: Eclipse annulaire, dont la phase annulaire est partiellement observable.<br \/>\u00ab\u00a0T\u00a0\u00bb: Eclipse totale, dont la phase de totalit\u00e9 est enti\u00e8rement observable.<br \/>\u00ab\u00a0t\u00a0\u00bb: Eclipse totale, dont la phase de totalit\u00e9 est partiellement observable.<\/p>\r\n\r\n\r\n\r\n<p>Les donn\u00e9es de base ayant servi \u00e0 la r\u00e9daction du chapitre des \u00e9clipses ont \u00e9t\u00e9 emprunt\u00e9es \u00e0 l&rsquo;int\u00e9gration num\u00e9rique DE405, aimablement mise \u00e0 notre disposition par le Jet Propulsion Laboratory. Pour passer du Temps Terrestre (TT) au Temps universel (UT), la relation provisoire suivante a \u00e9t\u00e9 utilis\u00e9e:<\/p>\r\n\r\n\r\n\r\n<p>UT = TT &#8211; 70,0 s<\/p>\r\n","protected":false},"excerpt":{"rendered":"<p>Il y aura en 2022 quatre \u00e9clipses : deux de Soleil et deux de Lune Date Type Visibilit\u00e9 30 avril 2022 \u00c9clipse partielle de Soleil Invisible en Belgique 16 mai 2022 \u00c9clipse totale de Lune En partie visible en Belgique 25 octobre 2022 \u00c9clipse partielle de Soleil Visible comme \u00e9clipse partielle 8 novembre 2022 \u00c9clipse [&hellip;]<\/p>\n","protected":false},"author":2,"featured_media":0,"parent":52,"menu_order":0,"comment_status":"closed","ping_status":"closed","template":"","meta":[],"_links":{"self":[{"href":"https:\/\/robinfo.oma.be\/fr\/wp-json\/wp\/v2\/pages\/956"}],"collection":[{"href":"https:\/\/robinfo.oma.be\/fr\/wp-json\/wp\/v2\/pages"}],"about":[{"href":"https:\/\/robinfo.oma.be\/fr\/wp-json\/wp\/v2\/types\/page"}],"author":[{"embeddable":true,"href":"https:\/\/robinfo.oma.be\/fr\/wp-json\/wp\/v2\/users\/2"}],"replies":[{"embeddable":true,"href":"https:\/\/robinfo.oma.be\/fr\/wp-json\/wp\/v2\/comments?post=956"}],"version-history":[{"count":54,"href":"https:\/\/robinfo.oma.be\/fr\/wp-json\/wp\/v2\/pages\/956\/revisions"}],"predecessor-version":[{"id":3730,"href":"https:\/\/robinfo.oma.be\/fr\/wp-json\/wp\/v2\/pages\/956\/revisions\/3730"}],"up":[{"embeddable":true,"href":"https:\/\/robinfo.oma.be\/fr\/wp-json\/wp\/v2\/pages\/52"}],"wp:attachment":[{"href":"https:\/\/robinfo.oma.be\/fr\/wp-json\/wp\/v2\/media?parent=956"}],"curies":[{"name":"wp","href":"https:\/\/api.w.org\/{rel}","templated":true}]}}